{"id":15,"date":"2015-06-23T00:04:43","date_gmt":"2015-06-23T03:04:43","guid":{"rendered":"http:\/\/sites.unicentro.br\/fuca\/?page_id=15"},"modified":"2024-09-20T22:23:57","modified_gmt":"2024-09-21T01:23:57","slug":"regulamento","status":"publish","type":"page","link":"https:\/\/sites.unicentro.br\/fuca\/regulamento\/","title":{"rendered":"Regulamento"},"content":{"rendered":"<div class=\"wpb-content-wrapper\"><p>[vc_row][vc_column][vc_column_text css=&#8221;&#8221;]<strong>1 \u2013 DO FESTIVAL<\/strong><\/p>\n<p style=\"padding-left: 40px;\">Art. 1\u00b0 \u2013 A Universidade Estadual do Centro-Oeste, Unicentro, promove o Festival Unicentro da Can\u00e7\u00e3o (Fuca), edi\u00e7\u00e3o 2024, a realizar-se no C\u00e2mpus Santa Cruz, em Guarapuava. O Festival contar\u00e1 com uma fase classificat\u00f3ria, a ser realizada nos dias <strong>18 e 19 de novembro de 2024<\/strong>, no Audit\u00f3rio Francisco Contini, C\u00e2mpus Santa Cruz, em Guarapuava, e fase final, que ocorrer\u00e1 no dia <strong>21 de novembro de 2024<\/strong>, em Guarapuava, no mesmo local da eliminat\u00f3ria.<\/p>\n<p style=\"padding-left: 40px;\">Art. 2\u00b0 \u2013 O Festival tem por objetivo promover um espa\u00e7o de valoriza\u00e7\u00e3o da cultura musical, integrando a comunidade universit\u00e1ria e a comunidade em geral.<\/p>\n<p style=\"padding-left: 40px;\">Art. 3\u00b0 \u2013 Os participantes poder\u00e3o inscrever-se nas categorias Interpreta\u00e7\u00e3o ou Composi\u00e7\u00e3o.<\/p>\n<p style=\"padding-left: 40px;\">Art. 4\u00b0 \u2013 Na categoria Interpreta\u00e7\u00e3o, somente poder\u00e3o participar professores, acad\u00eamicos, funcion\u00e1rios e estagi\u00e1rios vinculados a Institui\u00e7\u00f5es de Ensino Superior.<\/p>\n<p style=\"padding-left: 80px;\">Par\u00e1grafo I \u2013 Os participantes dever\u00e3o cantar uma m\u00fasica j\u00e1 gravada por cantor(a) profissional, e ter\u00e3o o direito de ser acompanhados por m\u00fasicos contratados pela organiza\u00e7\u00e3o do evento para este fim.<\/p>\n<p style=\"padding-left: 80px;\">Par\u00e1grafo II \u2013 Os participantes dessa categoria dever\u00e3o inscrever apenas uma m\u00fasica para ser cantada na etapa classificat\u00f3ria e repetida na etapa final, caso o participante se classifique para a etapa final.<\/p>\n<p style=\"padding-left: 80px;\">Par\u00e1grafo III \u2013 Os participantes ter\u00e3o direito a acompanhamento de m\u00fasicos contratados para o evento, entretanto, poder\u00e3o trazer m\u00fasicos instrumentistas convidados para que os acompanhem, desde que estes tragam seus pr\u00f3prios instrumentos e arquem com eventuais custos.<\/p>\n<p style=\"padding-left: 40px;\">Art. 5\u00b0 \u2013 Na categoria Composi\u00e7\u00e3o, podem participar quaisquer indiv\u00edduos da sociedade em geral, inclusive da comunidade universit\u00e1ria.<\/p>\n<p style=\"padding-left: 80px;\">Par\u00e1grafo I \u2013 Os participantes dever\u00e3o executar uma m\u00fasica in\u00e9dita e de sua autoria, ou seja, que <strong>n\u00e3o<\/strong> tenha sido gravada ou apresentada em p\u00fablico, nem exibida na internet.<\/p>\n<p style=\"padding-left: 80px;\">Par\u00e1grafo II \u2013 As m\u00fasicas poder\u00e3o ser interpretadas pelos pr\u00f3prios compositores ou por um int\u00e9rprete indicado por estes.<\/p>\n<p style=\"padding-left: 80px;\">Par\u00e1grafo III \u2013 Os participantes que se inscreverem nesta categoria n\u00e3o ter\u00e3o direito a acompanhamento de m\u00fasicos contratados para o evento. Os participantes dever\u00e3o providenciar os instrumentistas e os instrumentos necess\u00e1rios para a execu\u00e7\u00e3o da m\u00fasica e arcar com eventuais custos.<\/p>\n<p style=\"padding-left: 40px;\">Art. 6\u00b0 \u2013 As estruturas de som e ilumina\u00e7\u00e3o ser\u00e3o disponibilizadas pela Institui\u00e7\u00e3o Organizadora do Evento.<\/p>\n<p><strong>2 \u2013 DAS INSCRI\u00c7\u00d5ES<\/strong><\/p>\n<p style=\"padding-left: 40px;\">Art. 7\u00b0 \u2013 Poder\u00e3o inscrever-se no Festival Unicentro da Can\u00e7\u00e3o, na categoria Interpreta\u00e7\u00e3o, acad\u00eamicos de gradua\u00e7\u00e3o e p\u00f3s-gradua\u00e7\u00e3o, professores, funcion\u00e1rios e estagi\u00e1rios das universidades e faculdades de todo o territ\u00f3rio nacional, conforme Art. 4\u00b0.<\/p>\n<p style=\"padding-left: 40px;\">Art. 8\u00b0 \u2013 Na categoria Composi\u00e7\u00e3o, podem inscrever-se quaisquer indiv\u00edduos da comunidade em geral, inclusive da comunidade universit\u00e1ria, conforme Art. 5\u00b0.<\/p>\n<p style=\"padding-left: 40px;\">Art. 9\u00b0 \u2013 As inscri\u00e7\u00f5es s\u00e3o gratuitas e devem ser realizadas pela internet, no site da Unicentro, cujo endere\u00e7o \u00e9 <strong>unicentro.br\/fuca<\/strong>, sendo o per\u00edodo para as inscri\u00e7\u00f5es de <strong>20 de setembro a 11 de outubro de 2024<\/strong>.<\/p>\n<p style=\"padding-left: 40px;\">Art. 10\u00b0 \u2013 Cada participante poder\u00e1 efetivar apenas uma inscri\u00e7\u00e3o em uma ou outra categoria, Interpreta\u00e7\u00e3o ou Composi\u00e7\u00e3o. Para a efetiva\u00e7\u00e3o da inscri\u00e7\u00e3o, o candidato dever\u00e1:<\/p>\n<p style=\"padding-left: 80px;\">10.1 \u2013 Categoria Interpreta\u00e7\u00e3o:<\/p>\n<ol>\n<li style=\"list-style-type: none;\">\n<ol>\n<li style=\"list-style-type: none;\">\n<ol>\n<li>Preencher o formul\u00e1rio dispon\u00edvel no site;<\/li>\n<li>Anexar um comprovante de resid\u00eancia;<\/li>\n<li>Anexar um documento que comprove o v\u00ednculo com a universidade ou faculdade;<\/li>\n<li>Anexar a letra da m\u00fasica (na \u00edntegra) redigida em tamanho 12 e cifrada no tom da interpreta\u00e7\u00e3o;<\/li>\n<li>Anexar a m\u00fasica gravada (na \u00edntegra) na voz do candidato\/int\u00e9rprete, acompanhada de instrumento harm\u00f4nico (viol\u00e3o, teclado, piano, etc.);<\/li>\n<li>Anexar grava\u00e7\u00e3o original da vers\u00e3o do artista que ser\u00e1 interpretado para ser executada pela banda;<\/li>\n<li>Estar de acordo que, ao inscrever-se, o participante e aqueles que ir\u00e3o acompanh\u00e1-lo concordam com o termo de Autoriza\u00e7\u00e3o de grava\u00e7\u00e3o e uso de audiovisual e\/ou de imagem.<\/li>\n<li>Informar formas de contato (n\u00famero de celular, redes sociais, dentre outros).<\/li>\n<\/ol>\n<\/li>\n<\/ol>\n<\/li>\n<\/ol>\n<p style=\"padding-left: 80px;\">Par\u00e1grafo I \u2013 A inscri\u00e7\u00e3o na categoria interpreta\u00e7\u00e3o dever\u00e1 ser feita pelo vocalista. Em caso de banda ou dupla, o vocalista ter\u00e1 que, obrigatoriamente, ser vinculado a uma institui\u00e7\u00e3o de ensino superior.<\/p>\n<p style=\"padding-left: 80px;\">10.2 \u2013 Categoria Composi\u00e7\u00e3o:<\/p>\n<ol>\n<li style=\"list-style-type: none;\">\n<ol>\n<li style=\"list-style-type: none;\">\n<ol>\n<li>Preencher o formul\u00e1rio dispon\u00edvel no site;<\/li>\n<li>Anexar um comprovante de resid\u00eancia;<\/li>\n<li>Estar de acordo com a Declara\u00e7\u00e3o de Autoria\/Ineditismo da m\u00fasica;<\/li>\n<li>Estar de acordo com as declara\u00e7\u00f5es de Autoriza\u00e7\u00e3o e Declara\u00e7\u00e3o do Autor e Autoriza\u00e7\u00e3o e Declara\u00e7\u00e3o do Int\u00e9rprete;<\/li>\n<li>Estar de acordo que, ao inscrever-se, o participante e seus acompanhadores concordam com o termo de Autoriza\u00e7\u00e3o de grava\u00e7\u00e3o e uso de audiovisual e\/ou de imagem;<\/li>\n<li>Anexar letra da m\u00fasica (na \u00edntegra) redigida em tamanho 12 e cifrada;<\/li>\n<li>Anexar m\u00fasica gravada (na \u00edntegra) na voz do int\u00e9rprete da composi\u00e7\u00e3o, acompanhada de instrumento harm\u00f4nico (viol\u00e3o, teclado, piano, etc.);<\/li>\n<li>Ser\u00e1 oferecida a estrutura b\u00e1sica da bateria para que os candidatos montem com as demais partes de seu interesse, sendo este o \u00fanico instrumento \u00e0 disposi\u00e7\u00e3o de todos os candidatos nesta categoria.<\/li>\n<li>Informar formas de contato (n\u00famero de celular, redes sociais, dentre outros).<\/li>\n<\/ol>\n<\/li>\n<\/ol>\n<\/li>\n<\/ol>\n<p style=\"padding-left: 80px;\">Par\u00e1grafo II \u2013 Ao m\u00fasico, inscrito em uma das categorias do Fuca, \u00e9 permitido o acompanhamento em apresenta\u00e7\u00f5es de outros concorrentes.<\/p>\n<p style=\"padding-left: 40px;\">Art. 11\u00b0 \u2013 Em ambas as categorias, para efetiva\u00e7\u00e3o da inscri\u00e7\u00e3o o candidato dever\u00e1:<\/p>\n<ol>\n<li style=\"list-style-type: none;\">\n<ol>\n<li>incluir os arquivos de \u00e1udio, contendo as m\u00fasicas, que devem ser anexados, preferencialmente, em formato mp3, com taxa de bits de 128 kbps e tamanho m\u00e1ximo de 8MB cada;<\/li>\n<li>relacionar todos os integrantes quando da participa\u00e7\u00e3o de outros cantores ou instrumentistas com a finalidade de formar duplas, trios ou conjuntos e\/ou bandas musicais;<\/li>\n<li>fazer o arquivamento do e-mail autom\u00e1tico de confirma\u00e7\u00e3o da inscri\u00e7\u00e3o realizada para eventuais comprova\u00e7\u00f5es que se fa\u00e7am necess\u00e1rias;<\/li>\n<li>estar de acordo que, ao inscrever-se, o participante e seus acompanhadores concordam com o termo de Autoriza\u00e7\u00e3o de grava\u00e7\u00e3o e uso de audiovisual e\/ou de imagem;<\/li>\n<li>estar ciente de que as inscri\u00e7\u00f5es que n\u00e3o atenderem ao disposto no Art. 10\u00b0 ser\u00e3o automaticamente desconsideradas.<\/li>\n<\/ol>\n<\/li>\n<\/ol>\n<p style=\"padding-left: 80px;\">Par\u00e1grafo \u00fanico \u2013 Ao candidato menor de idade \u00e9 necess\u00e1ria a autoriza\u00e7\u00e3o de pai, m\u00e3e ou respons\u00e1vel legal para a realiza\u00e7\u00e3o da inscri\u00e7\u00e3o e\/ou participa\u00e7\u00e3o.<\/p>\n<p><strong>3 \u2013 DAS FASES DO FESTIVAL<\/strong><\/p>\n<p style=\"padding-left: 40px;\"><em><strong>3.1 \u2013 Da pr\u00e9-sele\u00e7\u00e3o para a participa\u00e7\u00e3o<\/strong><\/em><\/p>\n<p style=\"padding-left: 40px;\">Art. 12\u00b0 \u2013 A pr\u00e9-sele\u00e7\u00e3o dos candidatos para a participa\u00e7\u00e3o no Festival ser\u00e1 feita por profissionais da \u00e1rea da m\u00fasica, designados pela organiza\u00e7\u00e3o do evento, com base nos materiais postados pelo participante no site de inscri\u00e7\u00e3o.<\/p>\n<p style=\"padding-left: 40px;\">Art. 13\u00b0 \u2013 Para a pr\u00e9-sele\u00e7\u00e3o dos candidatos na categoria Interpreta\u00e7\u00e3o a avalia\u00e7\u00e3o ser\u00e1 feita tendo por base: qualidade vocal, percep\u00e7\u00e3o r\u00edtmica, concep\u00e7\u00e3o da obra e n\u00edvel de dificuldade da can\u00e7\u00e3o interpretada.<\/p>\n<p style=\"padding-left: 40px;\">Art. 14\u00b0 \u2013 Para a pr\u00e9-sele\u00e7\u00e3o dos candidatos na categoria Composi\u00e7\u00e3o, a avalia\u00e7\u00e3o ser\u00e1 feita tendo por base a letra (texto\/poesia), arranjo, instrumenta\u00e7\u00e3o, interpreta\u00e7\u00e3o e melodia.<\/p>\n<p style=\"padding-left: 40px;\"><em><strong>3.2 \u2013 Da sele\u00e7\u00e3o<\/strong><\/em><\/p>\n<p style=\"padding-left: 40px;\">Art. 15\u00b0 \u2013 A rela\u00e7\u00e3o dos 16 (dezesseis) selecionados, de cada categoria, para a participa\u00e7\u00e3o na Fase Classificat\u00f3ria do Festival, ser\u00e1 publicada at\u00e9 <strong>24 de outubro de 2024<\/strong>, no site <strong>unicentro.br\/fuca<\/strong>.<\/p>\n<p style=\"padding-left: 40px;\">Art. 16\u00b0 \u2013 Ser\u00e3o feitos dois dias de classificat\u00f3rias: <strong>18 e 19 de novembro de 2024<\/strong>, ambos no Audit\u00f3rio Francisco Contini do C\u00e2mpus Santa Cruz.<\/p>\n<p style=\"padding-left: 80px;\">Par\u00e1grafo \u00fanico \u2013 O sorteio p\u00fablico para ordem de apresenta\u00e7\u00f5es dos participantes no Fuca ser\u00e1 realizado no dia <strong>29 de outubro de 2024<\/strong>, \u00e0s 15 horas, no hall de entrada do C\u00e2mpus Santa Cruz da Unicentro, em Guarapuava.<\/p>\n<p style=\"padding-left: 40px;\"><em><strong>3.3 \u2013 Dos Ensaios<\/strong><\/em><\/p>\n<p style=\"padding-left: 40px;\">Art. 17\u00b0 \u2013 Os ensaios acontecer\u00e3o nos dias das classificat\u00f3rias e da final, no local do evento, das 12h30 \u00e0s 16h30. Ser\u00e3o destinados a cada participante at\u00e9 10 minutos para ensaio, conforme cronograma previamente determinado pela organiza\u00e7\u00e3o.<\/p>\n<p style=\"padding-left: 80px;\">Par\u00e1grafo \u00fanico \u2013 Todos os participantes selecionados dever\u00e3o, obrigatoriamente, comparecer ao local do evento para o ensaio, em hor\u00e1rios determinados pela organiza\u00e7\u00e3o, sob pena de desclassifica\u00e7\u00e3o.<\/p>\n<p style=\"padding-left: 40px;\"><em><strong>3.4 \u2013 Do Credenciamento:<\/strong><\/em><\/p>\n<p style=\"padding-left: 80px;\">Art. 18\u00ba \u2013 Os candidatos dever\u00e3o estar no local de apresenta\u00e7\u00e3o, no m\u00e1ximo, at\u00e9 \u00e0s 18h30 na data de sua apresenta\u00e7\u00e3o, para identifica\u00e7\u00e3o e credenciamento, que dar\u00e1 direito a ficar no camarim e subir ao palco.<\/p>\n<p style=\"padding-left: 40px;\"><em><strong>3.5 \u2013 Das Apresenta\u00e7\u00f5es<\/strong><\/em><\/p>\n<p style=\"padding-left: 80px;\">Art. 19\u00b0 \u2013 As apresenta\u00e7\u00f5es classificat\u00f3rias ocorrer\u00e3o nos dias <strong>18 e 19 de novembro<\/strong> <strong>de 2024<\/strong> e, para a fase final, ser\u00e3o classificados os 8 (oito) candidatos com maior pontua\u00e7\u00e3o em cada categoria. As apresenta\u00e7\u00f5es dos finalistas, bem como as premia\u00e7\u00f5es acontecer\u00e3o no dia <strong>21 de novembro de 2024<\/strong>.<\/p>\n<p style=\"padding-left: 80px;\">Par\u00e1grafo \u00fanico \u2013 A rela\u00e7\u00e3o dos classificados para a fase final ser\u00e1 publicada no site do evento, ap\u00f3s a contabiliza\u00e7\u00e3o das notas dos dois dias da fase classificat\u00f3ria. A ordem das apresenta\u00e7\u00f5es para a fase final ser\u00e1 definida por sorteio p\u00fablico, no Audit\u00f3rio Francisco Contini, do C\u00e2mpus Santa Cruz da Unicentro, ap\u00f3s a divulga\u00e7\u00e3o dos classificados.<\/p>\n<p style=\"padding-left: 40px;\">Art. 20\u00b0 \u2013 As apresenta\u00e7\u00f5es ter\u00e3o in\u00edcio \u00e0s 19h nas referidas datas, seguindo cronograma previamente divulgado. Os participantes dever\u00e3o estar impreterivelmente 30 minutos antes de sua apresenta\u00e7\u00e3o, posicionados no camarim, aguardando a chamada para subir ao palco. Quem n\u00e3o estiver presente no dia, hor\u00e1rio e local estabelecido no edital publicado no site n\u00e3o ter\u00e1 direito a outra oportunidade e ser\u00e1 desclassificado.<\/p>\n<p><strong>4 \u2013 DA COMISS\u00c3O JULGADORA<\/strong><\/p>\n<p style=\"padding-left: 40px;\">Art. 21 \u2013 A Comiss\u00e3o Julgadora ser\u00e1 composta por, no m\u00ednimo, cinco jurados, que ir\u00e3o compor o j\u00fari t\u00e9cnico, formado por profissionais da \u00e1rea da m\u00fasica, especialistas, cr\u00edticos de arte, literatos, produtores culturais e\/ou pessoas ligadas \u00e0 arte musical e \u00e0 cultura musical em geral, a serem designados pela organiza\u00e7\u00e3o do evento.<\/p>\n<p style=\"padding-left: 40px;\">Art. 22 \u2013 A Comiss\u00e3o Julgadora ser\u00e1 divulgada at\u00e9 o dia <strong>8 de novembro de 2024<\/strong>, sendo que a sua decis\u00e3o ser\u00e1 soberana e isenta de qualquer interfer\u00eancia, n\u00e3o cabendo recurso.<\/p>\n<p style=\"padding-left: 40px;\">Art. 23 \u2013 Cada candidato ser\u00e1 avaliado conforme a categoria de inscri\u00e7\u00e3o e ter\u00e1 notas atribu\u00eddas pela Comiss\u00e3o Julgadora que variam de 0 (zero) a 10 (dez), de acordo com os seguintes quesitos:<\/p>\n<ol>\n<li style=\"list-style-type: none;\">\n<ol>\n<li>Categoria Interpreta\u00e7\u00e3o: qualidade vocal, performance, percep\u00e7\u00e3o r\u00edtmica (intera\u00e7\u00e3o com acompanhadores), concep\u00e7\u00e3o da obra e n\u00edvel de dificuldade da can\u00e7\u00e3o interpretada.<\/li>\n<li>Categoria Composi\u00e7\u00e3o: letra (texto\/poesia), melodia, arranjo, instrumenta\u00e7\u00e3o e interpreta\u00e7\u00e3o.<\/li>\n<\/ol>\n<\/li>\n<\/ol>\n<p style=\"padding-left: 40px;\">Art. 24 \u2013 A Comiss\u00e3o Organizadora se responsabiliza por disponibilizar aos membros da Comiss\u00e3o Julgadora as condi\u00e7\u00f5es adequadas para a realiza\u00e7\u00e3o do processo avaliativo das apresenta\u00e7\u00f5es dos candidatos, acomoda\u00e7\u00f5es nos audit\u00f3rios em espa\u00e7os espec\u00edficos, material de escrit\u00f3rio, letras das m\u00fasicas, s\u00famulas e programa\u00e7\u00e3o das apresenta\u00e7\u00f5es.<\/p>\n<p><strong>5 \u2013 DOS RESULTADOS E DA PREMIA\u00c7\u00c3O<\/strong><\/p>\n<p style=\"padding-left: 40px;\">Art. 25 \u2013 A pontua\u00e7\u00e3o final de cada candidato ser\u00e1 o somat\u00f3rio da pontua\u00e7\u00e3o obtida em cada quesito da respectiva categoria.<\/p>\n<p style=\"padding-left: 80px;\">Par\u00e1grafo \u00fanico \u2013 Das notas atribu\u00eddas pelos jurados, ser\u00e3o computadas as notas intermedi\u00e1rias, excluindo-se a maior e a menor.<\/p>\n<p style=\"padding-left: 40px;\">Art. 26 \u2013 Ser\u00e3o premiadas em cada uma das categorias as apresenta\u00e7\u00f5es que, na soma das notas, obtiverem maior pontua\u00e7\u00e3o, da seguinte forma:<\/p>\n<p style=\"padding-left: 80px;\">1\u00ba lugar: R$ 2.000,00 e Trof\u00e9u<\/p>\n<p style=\"padding-left: 80px;\">2\u00ba lugar: R$ 1.000,00 e Trof\u00e9u<\/p>\n<p style=\"padding-left: 80px;\">3\u00ba lugar: R$ 500,00 e Trof\u00e9u<\/p>\n<p style=\"padding-left: 80px;\">4\u00ba lugar: Trof\u00e9u<\/p>\n<p style=\"padding-left: 80px;\">5\u00ba lugar: Trof\u00e9u<\/p>\n<p style=\"padding-left: 80px;\">Par\u00e1grafo \u00fanico: Haver\u00e1 o pr\u00eamio concedido pelo \u201cvoto da plateia\u201d no valor de R$ 500,00 (quinhentos reais) para cada uma das categorias, Interpreta\u00e7\u00e3o e Composi\u00e7\u00e3o, sendo que este pr\u00eamio n\u00e3o est\u00e1 vinculado \u00e0s notas e decis\u00e3o dos jurados, mas sim \u00e0s manifesta\u00e7\u00f5es do p\u00fablico na Final.<\/p>\n<p style=\"padding-left: 40px;\">Art. 27 \u2013 Se a apresenta\u00e7\u00e3o premiada tiver a participa\u00e7\u00e3o de mais de um integrante, o pr\u00eamio ser\u00e1 dividido a crit\u00e9rio dos integrantes.<\/p>\n<p><strong>6 \u2013 CONSIDERA\u00c7\u00d5ES GERAIS<\/strong><\/p>\n<p style=\"padding-left: 40px;\">Art. 28 \u2013 A inscri\u00e7\u00e3o no Festival Unicentro da Can\u00e7\u00e3o 2024 implica na plena aceita\u00e7\u00e3o de todos os itens deste regulamento.<\/p>\n<p style=\"padding-left: 40px;\">Art. 29 \u2013 Ser\u00e3o desconsideradas as inscri\u00e7\u00f5es realizadas fora do prazo e aquelas cujo material estiver incompleto ou com problemas no arquivo anexo, n\u00e3o cabendo \u00e0 Comiss\u00e3o Organizadora a responsabilidade por defeitos nos materiais postados.<\/p>\n<p style=\"padding-left: 40px;\">Art. 30 \u2013 A organiza\u00e7\u00e3o do evento tem resguardado o direito de escolha das comiss\u00f5es de sele\u00e7\u00e3o e julgamento, bem como dos crit\u00e9rios de sele\u00e7\u00e3o e premia\u00e7\u00e3o, n\u00e3o cabendo recurso aos participantes ou envolvidos.<\/p>\n<p style=\"padding-left: 40px;\">Art. 31 \u2013 Os encargos referentes a direitos autorais (Ecad, Abramus e outros) s\u00e3o de responsabilidade dos participantes.<\/p>\n<p style=\"padding-left: 40px;\">Art. 32 \u2013 \u00c9 da Unicentro o direito de registro de imagem dos participantes para arquivo e divulga\u00e7\u00e3o do evento, sem exclusividade.<\/p>\n<p style=\"padding-left: 40px;\">Art. 33 \u2013 Os casos omissos ser\u00e3o decididos por uma comiss\u00e3o nomeada pela organiza\u00e7\u00e3o do evento.<\/p>\n<p>&nbsp;<\/p>\n<p style=\"text-align: center;\">Guarapuava, 20 de novembro de 2024.<\/p>\n<p style=\"text-align: center;\"><strong>\u00a0<\/strong>Organiza\u00e7\u00e3o do evento.<\/p>\n<p>[\/vc_column_text][\/vc_column][\/vc_row]<\/p>\n<\/div>","protected":false},"excerpt":{"rendered":"<p>[vc_row][vc_column][vc_column_text css=&#8221;&#8221;]1 \u2013 DO FESTIVAL Art. 1\u00b0 \u2013 A Universidade Estadual do Centro-Oeste, Unicentro, promove o Festival Unicentro da Can\u00e7\u00e3o (Fuca), edi\u00e7\u00e3o 2024, a realizar-se no C\u00e2mpus Santa Cruz, em Guarapuava. O Festival contar\u00e1 com uma fase classificat\u00f3ria, a ser realizada nos dias 18 e 19 de novembro de 2024, no Audit\u00f3rio Francisco Contini, C\u00e2mpus [&hellip;]<\/p>\n","protected":false},"author":1,"featured_media":0,"parent":0,"menu_order":0,"comment_status":"closed","ping_status":"closed","template":"","meta":{"_uf_show_specific_survey":0,"_uf_disable_surveys":false,"footnotes":"","_links_to":"","_links_to_target":""},"class_list":["post-15","page","type-page","status-publish","hentry"],"_links":{"self":[{"href":"https:\/\/sites.unicentro.br\/fuca\/wp-json\/wp\/v2\/pages\/15","targetHints":{"allow":["GET"]}}],"collection":[{"href":"https:\/\/sites.unicentro.br\/fuca\/wp-json\/wp\/v2\/pages"}],"about":[{"href":"https:\/\/sites.unicentro.br\/fuca\/wp-json\/wp\/v2\/types\/page"}],"author":[{"embeddable":true,"href":"https:\/\/sites.unicentro.br\/fuca\/wp-json\/wp\/v2\/users\/1"}],"replies":[{"embeddable":true,"href":"https:\/\/sites.unicentro.br\/fuca\/wp-json\/wp\/v2\/comments?post=15"}],"version-history":[{"count":26,"href":"https:\/\/sites.unicentro.br\/fuca\/wp-json\/wp\/v2\/pages\/15\/revisions"}],"predecessor-version":[{"id":3426,"href":"https:\/\/sites.unicentro.br\/fuca\/wp-json\/wp\/v2\/pages\/15\/revisions\/3426"}],"wp:attachment":[{"href":"https:\/\/sites.unicentro.br\/fuca\/wp-json\/wp\/v2\/media?parent=15"}],"curies":[{"name":"wp","href":"https:\/\/api.w.org\/{rel}","templated":true}]}}