{"id":2678,"date":"2016-09-22T22:27:52","date_gmt":"2016-09-23T01:27:52","guid":{"rendered":"http:\/\/sites.unicentro.br\/fuca\/?page_id=2678"},"modified":"2024-11-20T17:32:39","modified_gmt":"2024-11-20T20:32:39","slug":"finalistas","status":"publish","type":"page","link":"https:\/\/sites.unicentro.br\/fuca\/etapas\/finalistas\/","title":{"rendered":"Finalistas"},"content":{"rendered":"<table cellspacing=\"0\" cellpadding=\"0\">\n<thead>\n<tr>\n<td valign=\"middle\">PARTICIPANTE (NOME ART\u00cdSTICO)<\/td>\n<td valign=\"middle\">CATEGORIA<\/td>\n<\/tr>\n<\/thead>\n<\/table>\n<table cellspacing=\"0\" cellpadding=\"0\">\n<tbody>\n<tr>\n<td valign=\"middle\">MARIA PAIX\u00c3O<\/td>\n<td valign=\"middle\">INTERPRETA\u00c7\u00c3O<\/td>\n<\/tr>\n<tr>\n<td valign=\"middle\">FELIPE BORGES E BANDA<\/td>\n<td valign=\"middle\">COMPOSI\u00c7\u00c3O<\/td>\n<\/tr>\n<tr>\n<td valign=\"middle\">JAMILLI VAZ<\/td>\n<td valign=\"middle\">INTERPRETA\u00c7\u00c3O<\/td>\n<\/tr>\n<tr>\n<td valign=\"middle\">FL\u00c1VIA PILATI<\/td>\n<td valign=\"middle\">COMPOSI\u00c7\u00c3O<\/td>\n<\/tr>\n<tr>\n<td valign=\"middle\">MR Z<\/td>\n<td valign=\"middle\">INTERPRETA\u00c7\u00c3O<\/td>\n<\/tr>\n<tr>\n<td valign=\"middle\">DELOUN<\/td>\n<td valign=\"middle\">COMPOSI\u00c7\u00c3O<\/td>\n<\/tr>\n<tr>\n<td valign=\"middle\">GABRIELA MEDEIROS<\/td>\n<td valign=\"middle\">INTERPRETA\u00c7\u00c3O<\/td>\n<\/tr>\n<tr>\n<td valign=\"middle\">LUCAS SEQUINEL<\/td>\n<td valign=\"middle\">COMPOSI\u00c7\u00c3O<\/td>\n<\/tr>\n<tr>\n<td valign=\"middle\">JOAO SOUZA<\/td>\n<td valign=\"middle\">INTERPRETA\u00c7\u00c3O<\/td>\n<\/tr>\n<tr>\n<td valign=\"middle\">LIS MAIA<\/td>\n<td valign=\"middle\">COMPOSI\u00c7\u00c3O<\/td>\n<\/tr>\n<tr>\n<td valign=\"middle\">NATALINE<\/td>\n<td valign=\"middle\">INTERPRETA\u00c7\u00c3O<\/td>\n<\/tr>\n<tr>\n<td valign=\"middle\">TRIO RAPOSITAS<\/td>\n<td valign=\"middle\">COMPOSI\u00c7\u00c3O<\/td>\n<\/tr>\n<tr>\n<td valign=\"middle\">ODI RAMOS<\/td>\n<td valign=\"middle\">INTERPRETA\u00c7\u00c3O<\/td>\n<\/tr>\n<tr>\n<td valign=\"middle\">LIKE A TEAR<\/td>\n<td valign=\"middle\">COMPOSI\u00c7\u00c3O<\/td>\n<\/tr>\n<tr>\n<td valign=\"middle\">BEATRIZ BARBOSA<\/td>\n<td valign=\"middle\">INTERPRETA\u00c7\u00c3O<\/td>\n<\/tr>\n<tr>\n<td valign=\"middle\">GRUPO DAZANTYGA<\/td>\n<td valign=\"middle\">COMPOSI\u00c7\u00c3O<\/td>\n<\/tr>\n<\/tbody>\n<\/table>\n","protected":false},"excerpt":{"rendered":"<p>PARTICIPANTE (NOME ART\u00cdSTICO) CATEGORIA MARIA PAIX\u00c3O INTERPRETA\u00c7\u00c3O FELIPE BORGES E BANDA COMPOSI\u00c7\u00c3O JAMILLI VAZ INTERPRETA\u00c7\u00c3O FL\u00c1VIA PILATI COMPOSI\u00c7\u00c3O MR Z INTERPRETA\u00c7\u00c3O DELOUN COMPOSI\u00c7\u00c3O GABRIELA MEDEIROS INTERPRETA\u00c7\u00c3O LUCAS SEQUINEL COMPOSI\u00c7\u00c3O JOAO SOUZA INTERPRETA\u00c7\u00c3O LIS MAIA COMPOSI\u00c7\u00c3O NATALINE INTERPRETA\u00c7\u00c3O TRIO RAPOSITAS COMPOSI\u00c7\u00c3O ODI RAMOS INTERPRETA\u00c7\u00c3O LIKE A TEAR COMPOSI\u00c7\u00c3O BEATRIZ BARBOSA INTERPRETA\u00c7\u00c3O GRUPO DAZANTYGA COMPOSI\u00c7\u00c3O<\/p>\n","protected":false},"author":1,"featured_media":0,"parent":2758,"menu_order":0,"comment_status":"closed","ping_status":"closed","template":"","meta":{"_uf_show_specific_survey":0,"_uf_disable_surveys":false,"footnotes":"","_links_to":"","_links_to_target":""},"class_list":["post-2678","page","type-page","status-publish","hentry"],"_links":{"self":[{"href":"https:\/\/sites.unicentro.br\/fuca\/wp-json\/wp\/v2\/pages\/2678","targetHints":{"allow":["GET"]}}],"collection":[{"href":"https:\/\/sites.unicentro.br\/fuca\/wp-json\/wp\/v2\/pages"}],"about":[{"href":"https:\/\/sites.unicentro.br\/fuca\/wp-json\/wp\/v2\/types\/page"}],"author":[{"embeddable":true,"href":"https:\/\/sites.unicentro.br\/fuca\/wp-json\/wp\/v2\/users\/1"}],"replies":[{"embeddable":true,"href":"https:\/\/sites.unicentro.br\/fuca\/wp-json\/wp\/v2\/comments?post=2678"}],"version-history":[{"count":4,"href":"https:\/\/sites.unicentro.br\/fuca\/wp-json\/wp\/v2\/pages\/2678\/revisions"}],"predecessor-version":[{"id":3462,"href":"https:\/\/sites.unicentro.br\/fuca\/wp-json\/wp\/v2\/pages\/2678\/revisions\/3462"}],"up":[{"embeddable":true,"href":"https:\/\/sites.unicentro.br\/fuca\/wp-json\/wp\/v2\/pages\/2758"}],"wp:attachment":[{"href":"https:\/\/sites.unicentro.br\/fuca\/wp-json\/wp\/v2\/media?parent=2678"}],"curies":[{"name":"wp","href":"https:\/\/api.w.org\/{rel}","templated":true}]}}