{"id":2688,"date":"2016-09-23T13:55:03","date_gmt":"2016-09-23T16:55:03","guid":{"rendered":"http:\/\/sites.unicentro.br\/fuca\/?page_id=2688"},"modified":"2019-09-27T09:14:25","modified_gmt":"2019-09-27T12:14:25","slug":"cronograma-final","status":"publish","type":"page","link":"https:\/\/sites.unicentro.br\/fuca\/etapas\/cronograma-final\/","title":{"rendered":"Cronograma Final"},"content":{"rendered":"<h2 style=\"text-align: center;\">Hor\u00e1rios e ordem de apresenta\u00e7\u00f5es da etapa final do Fuca &#8211; 27\/09<\/h2>\n<table style=\"width: 98.4834%; height: 608px;\" width=\"100%\">\n<thead>\n<tr style=\"height: 56px;\">\n<td style=\"width: 99.2388%; height: 56px; background-color: #30a67f;\" colspan=\"2\">\n<p style=\"text-align: center;\"><span style=\"color: #ffffff;\"><strong>ORDEM APRESENTA\u00c7\u00d5ES FINAL<\/strong><\/span><\/p>\n<\/td>\n<\/tr>\n<\/thead>\n<tbody>\n<tr style=\"height: 24px; background-color: #086310;\">\n<td style=\"width: 55.8516%; text-align: center; height: 24px;\"><span style=\"color: #ffffff;\"><strong>PARTICIPANTE<\/strong><\/span><\/td>\n<td style=\"width: 43.3873%; text-align: center; height: 24px;\"><span style=\"color: #ffffff;\"><strong>HOR\u00c1RIO DA APRESENTA\u00c7\u00c3O<\/strong><\/span><\/td>\n<\/tr>\n<tr style=\"height: 24px;\">\n<td style=\"width: 55.8516%; text-align: center; height: 24px;\">Antoniele Moreira dos Santos<\/td>\n<td style=\"width: 43.3873%; text-align: center; height: 24px;\">19H<\/td>\n<\/tr>\n<tr style=\"height: 24px; background-color: #f0f0f0;\">\n<td style=\"width: 55.8516%; text-align: center; height: 24px;\">Bruna Thimoteo Freitas<\/td>\n<td style=\"width: 43.3873%; text-align: center; height: 24px;\">19H10<\/td>\n<\/tr>\n<tr style=\"height: 24px;\">\n<td style=\"width: 55.8516%; text-align: center; height: 24px;\">Angelo Homen (Behind House)<\/td>\n<td style=\"width: 43.3873%; text-align: center; height: 24px;\">19H20<\/td>\n<\/tr>\n<tr style=\"height: 24px; background-color: #f0f0f0;\">\n<td style=\"width: 55.8516%; text-align: center; height: 24px;\">Nilson Jorge (Desdasseis)<\/td>\n<td style=\"width: 43.3873%; text-align: center; height: 24px;\">19H30<\/td>\n<\/tr>\n<tr style=\"height: 24px;\">\n<td style=\"width: 55.8516%; text-align: center; height: 24px;\">Leonardo Stefaniak<\/td>\n<td style=\"width: 43.3873%; text-align: center; height: 24px;\">19H40<\/td>\n<\/tr>\n<tr style=\"height: 24px; background-color: #f0f0f0;\">\n<td style=\"width: 55.8516%; text-align: center; height: 24px;\">Lucas Macedo (T\u00e3o Jo\u00e3o)<\/td>\n<td style=\"width: 43.3873%; text-align: center; height: 24px;\">19H50<\/td>\n<\/tr>\n<tr style=\"height: 24px;\">\n<td style=\"width: 55.8516%; text-align: center; height: 24px;\">Dioni Eric Oliveira de Lima<\/td>\n<td style=\"width: 43.3873%; text-align: center; height: 24px;\">20H<\/td>\n<\/tr>\n<tr style=\"height: 24px; background-color: #f0f0f0;\">\n<td style=\"width: 55.8516%; text-align: center; height: 24px;\">Keissy Guariento Carvelli<\/td>\n<td style=\"width: 43.3873%; text-align: center; height: 24px;\">20H10<\/td>\n<\/tr>\n<tr style=\"height: 24px;\">\n<td style=\"width: 55.8516%; text-align: center; height: 24px;\">Edson Souza Junior<\/td>\n<td style=\"width: 43.3873%; text-align: center; height: 24px;\">20H20<\/td>\n<\/tr>\n<tr style=\"height: 24px; background-color: #f0f0f0;\">\n<td style=\"width: 55.8516%; text-align: center; height: 24px;\">Josianne Rosa Moura (Josi Moura e Luis Carlos)<\/td>\n<td style=\"width: 43.3873%; text-align: center; height: 24px;\">20H30<\/td>\n<\/tr>\n<tr style=\"height: 24px;\">\n<td style=\"width: 55.8516%; text-align: center; height: 24px;\">Jordana Barbosa de Aguiar<\/td>\n<td style=\"width: 43.3873%; text-align: center; height: 24px;\">20H40<\/td>\n<\/tr>\n<tr style=\"height: 24px; background-color: #f0f0f0;\">\n<td style=\"width: 55.8516%; text-align: center; height: 24px;\">Jos\u00e9 Augusto Felipe Borges (Palhetas Perdidas)<\/td>\n<td style=\"width: 43.3873%; text-align: center; height: 24px;\">20H50<\/td>\n<\/tr>\n<tr style=\"height: 24px;\">\n<td style=\"width: 55.8516%; text-align: center; height: 24px;\">Lucas Borges dos Santos<\/td>\n<td style=\"width: 43.3873%; text-align: center; height: 24px;\">21H<\/td>\n<\/tr>\n<tr style=\"height: 24px; background-color: #f0f0f0;\">\n<td style=\"width: 55.8516%; text-align: center; height: 24px;\">Nara Jorge<\/td>\n<td style=\"width: 43.3873%; text-align: center; height: 24px;\">21H10<\/td>\n<\/tr>\n<tr style=\"height: 24px;\">\n<td style=\"width: 55.8516%; text-align: center; height: 24px;\">Gilson Santos<\/td>\n<td style=\"width: 43.3873%; text-align: center; height: 24px;\">21H20<\/td>\n<\/tr>\n<tr style=\"height: 24px; background-color: #f0f0f0;\">\n<td style=\"width: 55.8516%; text-align: center; height: 24px;\">Alline Marcondes (Trio Ac\u00fastico A.L.A)<\/td>\n<td style=\"width: 43.3873%; text-align: center; height: 24px;\">21H30<\/td>\n<\/tr>\n<tr style=\"height: 24px;\">\n<td style=\"width: 55.8516%; text-align: center; height: 24px;\">Vit\u00f3ria da Silva Ner\u00ed<\/td>\n<td style=\"width: 43.3873%; text-align: center; height: 24px;\">21H40<\/td>\n<\/tr>\n<tr style=\"height: 24px; background-color: #f0f0f0;\">\n<td style=\"width: 55.8516%; text-align: center; height: 24px;\">Lucas Cabral<\/td>\n<td style=\"width: 43.3873%; text-align: center; height: 24px;\">21H50<\/td>\n<\/tr>\n<tr style=\"height: 24px;\">\n<td style=\"width: 55.8516%; text-align: center; height: 24px;\">Odinei Fabiano Ramos<\/td>\n<td style=\"width: 43.3873%; text-align: center; height: 24px;\">22H<\/td>\n<\/tr>\n<tr style=\"height: 24px; background-color: #f0f0f0;\">\n<td style=\"width: 55.8516%; text-align: center; height: 24px;\">Tassiane Galhart<\/td>\n<td style=\"width: 43.3873%; text-align: center; height: 24px;\">22H10<\/td>\n<\/tr>\n<tr style=\"height: 24px;\">\n<td style=\"width: 55.8516%; text-align: center; height: 24px;\">Wyllian Neves Miranda<\/td>\n<td style=\"width: 43.3873%; text-align: center; height: 24px;\">22H20<\/td>\n<\/tr>\n<tr style=\"height: 24px; background-color: #f0f0f0;\">\n<td style=\"width: 55.8516%; text-align: center; height: 24px;\">Renan Martins (Preto)<\/td>\n<td style=\"width: 43.3873%; text-align: center; height: 24px;\">22H30<\/td>\n<\/tr>\n<\/tbody>\n<\/table>\n","protected":false},"excerpt":{"rendered":"<p>Hor\u00e1rios e ordem de apresenta\u00e7\u00f5es da etapa final do Fuca &#8211; 27\/09 ORDEM APRESENTA\u00c7\u00d5ES FINAL PARTICIPANTE HOR\u00c1RIO DA APRESENTA\u00c7\u00c3O Antoniele Moreira dos Santos 19H Bruna Thimoteo Freitas 19H10 Angelo Homen (Behind House) 19H20 Nilson Jorge (Desdasseis) 19H30 Leonardo Stefaniak 19H40 Lucas Macedo (T\u00e3o Jo\u00e3o) 19H50 Dioni Eric Oliveira de Lima 20H Keissy Guariento Carvelli 20H10 [&hellip;]<\/p>\n","protected":false},"author":1,"featured_media":0,"parent":2758,"menu_order":0,"comment_status":"closed","ping_status":"closed","template":"","meta":{"_uf_show_specific_survey":0,"_uf_disable_surveys":false,"footnotes":"","_links_to":"","_links_to_target":""},"class_list":["post-2688","page","type-page","status-publish","hentry"],"_links":{"self":[{"href":"https:\/\/sites.unicentro.br\/fuca\/wp-json\/wp\/v2\/pages\/2688","targetHints":{"allow":["GET"]}}],"collection":[{"href":"https:\/\/sites.unicentro.br\/fuca\/wp-json\/wp\/v2\/pages"}],"about":[{"href":"https:\/\/sites.unicentro.br\/fuca\/wp-json\/wp\/v2\/types\/page"}],"author":[{"embeddable":true,"href":"https:\/\/sites.unicentro.br\/fuca\/wp-json\/wp\/v2\/users\/1"}],"replies":[{"embeddable":true,"href":"https:\/\/sites.unicentro.br\/fuca\/wp-json\/wp\/v2\/comments?post=2688"}],"version-history":[{"count":10,"href":"https:\/\/sites.unicentro.br\/fuca\/wp-json\/wp\/v2\/pages\/2688\/revisions"}],"predecessor-version":[{"id":3263,"href":"https:\/\/sites.unicentro.br\/fuca\/wp-json\/wp\/v2\/pages\/2688\/revisions\/3263"}],"up":[{"embeddable":true,"href":"https:\/\/sites.unicentro.br\/fuca\/wp-json\/wp\/v2\/pages\/2758"}],"wp:attachment":[{"href":"https:\/\/sites.unicentro.br\/fuca\/wp-json\/wp\/v2\/media?parent=2688"}],"curies":[{"name":"wp","href":"https:\/\/api.w.org\/{rel}","templated":true}]}}