{"id":2739,"date":"2017-07-23T19:21:32","date_gmt":"2017-07-23T22:21:32","guid":{"rendered":"http:\/\/sites.unicentro.br\/fuca\/?page_id=2739"},"modified":"2024-11-21T14:25:16","modified_gmt":"2024-11-21T17:25:16","slug":"home","status":"publish","type":"page","link":"https:\/\/sites.unicentro.br\/fuca\/","title":{"rendered":"Home"},"content":{"rendered":"<div class=\"wpb-content-wrapper\"><p>[vc_row css=&#8221;.vc_custom_1564064968622{margin-top: -40px !important;}&#8221;][vc_column][rev_slider_vc alias=&#8221;home-fuca-2019&#8243;][\/vc_column][\/vc_row][vc_section css=&#8221;.vc_custom_1501262374540{margin-top: 45px !important;}&#8221;][vc_row disable_element=&#8221;yes&#8221;][vc_column][vc_text_separator title=&#8221;Premiados no Fuca 2019&#8243; color=&#8221;sky&#8221; border_width=&#8221;3&#8243; css_animation=&#8221;fadeIn&#8221; el_class=&#8221;titulo-anteriores&#8221;][vc_row_inner][vc_column_inner width=&#8221;1\/4&#8243;][\/vc_column_inner][vc_column_inner width=&#8221;1\/4&#8243;][vc_text_separator title=&#8221;Composi\u00e7\u00e3o&#8221; color=&#8221;blue&#8221; border_width=&#8221;2&#8243; css_animation=&#8221;fadeIn&#8221;][vc_column_text]1\u00ba &#8211; Nilson Jorge (Desdasseis)<br \/>\n2\u00ba &#8211; Lucas Cabral<br \/>\n3\u00ba &#8211; Nara Jorge<br \/>\n4\u00ba &#8211; Jos\u00e9 Augusto Felipe Borges (Palhetas Perdidas)<br \/>\n5\u00ba &#8211; Lucas Macedo ( T\u00e3o Jo\u00e3o)<\/p>\n<p>Voto da plateia &#8211; Nilson Jorge (Desdasseis)[\/vc_column_text][\/vc_column_inner][vc_column_inner width=&#8221;1\/4&#8243;][vc_text_separator title=&#8221;Interpreta\u00e7\u00e3o&#8221; color=&#8221;blue&#8221; border_width=&#8221;2&#8243; css_animation=&#8221;fadeIn&#8221;][vc_column_text]1\u00ba &#8211; Vit\u00f3ria da Silva Ner\u00ed<br \/>\n2\u00ba &#8211; Odinei Fabiano Ramos<br \/>\n3\u00ba &#8211; Dioni Eric Oliveira de Lima<br \/>\n4\u00ba &#8211; Leonardo Stefaniak<br \/>\n5\u00ba &#8211; Angelo Homen (Behind House)<\/p>\n<p>Voto da plateia &#8211; Odinei Fabiano Ramos[\/vc_column_text][\/vc_column_inner][vc_column_inner width=&#8221;1\/4&#8243;][\/vc_column_inner][\/vc_row_inner][\/vc_column][\/vc_row][vc_row][vc_column][vc_text_separator title=&#8221;Edi\u00e7\u00e3o 2024&#8243; color=&#8221;peacoc&#8221; border_width=&#8221;3&#8243; css_animation=&#8221;fadeIn&#8221; css=&#8221;&#8221; el_class=&#8221;titulo-anteriores&#8221;][vc_row_inner][vc_column_inner width=&#8221;1\/3&#8243;][\/vc_column_inner][vc_column_inner el_class=&#8221;atual&#8221; width=&#8221;1\/3&#8243;][vc_single_image image=&#8221;3424&#8243; img_size=&#8221;full&#8221; alignment=&#8221;center&#8221; onclick=&#8221;custom_link&#8221; img_link_target=&#8221;_blank&#8221; css=&#8221;&#8221; link=&#8221;https:\/\/sites.unicentro.br\/fuca\/edicoes\/edicao-2024&#8243;][\/vc_column_inner][vc_column_inner width=&#8221;1\/3&#8243;][\/vc_column_inner][\/vc_row_inner][\/vc_column][\/vc_row][vc_row][vc_column][vc_text_separator title=&#8221;Edi\u00e7\u00f5es anteriores&#8221; color=&#8221;peacoc&#8221; border_width=&#8221;3&#8243; css_animation=&#8221;fadeIn&#8221; el_class=&#8221;titulo-anteriores&#8221;][\/vc_column][\/vc_row][vc_row css_animation=&#8221;fadeIn&#8221;][vc_column width=&#8221;1\/5&#8243;]<a href=\"http:\/\/sites.unicentro.br\/fuca\/edicao-2019\/\"  class=\"ult_price_action_button\" style=\"background:#d14500;color:#ffffff;\"><div class=\"ult_pricing_table_wrap ult_info_table ult_design_2  ult-cs-custom titulo-anteriores\">\n\t\t\t\t\t<div class=\"ult_pricing_table info_min_ht\" style=\"background:#cc5800;color:#ffffff; min-height:200px;\"><div id=\"Info-table-wrap-9862\" class=\"ult_pricing_heading\" style=\"background:#d14500;color:#ffffff;\">\n\t\t\t\t\t\t\t<h3 class=\"ult-responsive\"  data-ultimate-target='#Info-table-wrap-9862 h3'  data-responsive-json-new='{\"font-size\":\"\",\"line-height\":\"\"}'  style=\"font-weight:bold;\">2019<\/h3><\/div><!--ult_pricing_heading--><div class=\"ult_price_body_block\">\n\t\t\t\t\t\t\t<div class=\"ult_price_body\">\n\t\t\t\t\t\t\t\t<div class=\"ult_price\">\n\t\t\t\t\t\t\t\t\t<div class=\"ult-just-icon-wrapper  \"><div class=\"align-icon\" style=\"text-align:center;\">\n<div class=\"aio-icon-img \" style=\"font-size:80px;display:inline-block;\" >\n\t<img decoding=\"async\" class=\"img-icon\" alt=\"\" src=\"https:\/\/sites.unicentro.br\/fuca\/wp-content\/uploads\/2019\/09\/cartaz-Fuca-2019-mail.jpg\"\/>\n<\/div><\/div><\/div>\n\t\t\t\t\t\t\t\t<\/div>\n\t\t\t\t\t\t\t<\/div>\n\t\t\t\t\t\t<\/div><!--ult_price_body_block--><div id=\"info_table_features_wrap-4543\"  data-ultimate-target='#info_table_features_wrap-4543.ult_price_features'  data-responsive-json-new='{\"font-size\":\"\",\"line-height\":\"\"}'  class=\"ult-responsive ult_price_features\" style=\"font-weight:normal;\">\n\t\t\t\t\t\t\t\n\t\t\t\t\t\t<\/div><!--ult_price_features--><div class=\"ult_clr\"><\/div>\n\t\t\t<\/div><!--pricing_table-->\n\t\t<\/div><!--pricing_table_wrap--><\/a>[\/vc_column][vc_column width=&#8221;1\/5&#8243;]<a href=\"https:\/\/sites.unicentro.br\/fuca\/edicoes\/edicao-2018\/\"  class=\"ult_price_action_button\" style=\"background:#b56101;color:#ffffff;\"><div class=\"ult_pricing_table_wrap ult_info_table ult_design_2  ult-cs-custom titulo-anteriores\">\n\t\t\t\t\t<div class=\"ult_pricing_table info_min_ht\" style=\"background:#b56101;color:#5e5e5e; min-height:200px;\"><div id=\"Info-table-wrap-4527\" class=\"ult_pricing_heading\" style=\"background:#b56101;color:#ffffff;\">\n\t\t\t\t\t\t\t<h3 class=\"ult-responsive\"  data-ultimate-target='#Info-table-wrap-4527 h3'  data-responsive-json-new='{\"font-size\":\"\",\"line-height\":\"\"}'  style=\"font-weight:bold;\">2018<\/h3><\/div><!--ult_pricing_heading--><div class=\"ult_price_body_block\">\n\t\t\t\t\t\t\t<div class=\"ult_price_body\">\n\t\t\t\t\t\t\t\t<div class=\"ult_price\">\n\t\t\t\t\t\t\t\t\t<div class=\"ult-just-icon-wrapper  \"><div class=\"align-icon\" style=\"text-align:center;\">\n<div class=\"aio-icon-img \" style=\"font-size:80px;display:inline-block;\" >\n\t<img decoding=\"async\" class=\"img-icon\" alt=\"\" src=\"https:\/\/sites.unicentro.br\/fuca\/wp-content\/uploads\/2018\/09\/cartaz-2018-edicao.jpg\"\/>\n<\/div><\/div><\/div>\n\t\t\t\t\t\t\t\t<\/div>\n\t\t\t\t\t\t\t<\/div>\n\t\t\t\t\t\t<\/div><!--ult_price_body_block--><div id=\"info_table_features_wrap-1604\"  data-ultimate-target='#info_table_features_wrap-1604.ult_price_features'  data-responsive-json-new='{\"font-size\":\"\",\"line-height\":\"\"}'  class=\"ult-responsive ult_price_features\" style=\"font-weight:normal;\">\n\t\t\t\t\t\t\t\n\t\t\t\t\t\t<\/div><!--ult_price_features--><div class=\"ult_clr\"><\/div>\n\t\t\t<\/div><!--pricing_table-->\n\t\t<\/div><!--pricing_table_wrap--><\/a>[\/vc_column][vc_column width=&#8221;1\/5&#8243;]<a href=\"http:\/\/sites.unicentro.br\/fuca\/edicoes-anteriores\/edicao-2017\/\"  class=\"ult_price_action_button\" style=\"background:#bc0133;color:#ffffff;\"><div class=\"ult_pricing_table_wrap ult_info_table ult_design_2  ult-cs-custom titulo-anteriores\">\n\t\t\t\t\t<div class=\"ult_pricing_table info_min_ht\" style=\"background:#bc0133;color:#5e5e5e; min-height:200px;\"><div id=\"Info-table-wrap-4419\" class=\"ult_pricing_heading\" style=\"background:#bc0133;color:#ffffff;\">\n\t\t\t\t\t\t\t<h3 class=\"ult-responsive\"  data-ultimate-target='#Info-table-wrap-4419 h3'  data-responsive-json-new='{\"font-size\":\"\",\"line-height\":\"\"}'  style=\"font-weight:bold;\">2017<\/h3><\/div><!--ult_pricing_heading--><div class=\"ult_price_body_block\">\n\t\t\t\t\t\t\t<div class=\"ult_price_body\">\n\t\t\t\t\t\t\t\t<div class=\"ult_price\">\n\t\t\t\t\t\t\t\t\t<div class=\"ult-just-icon-wrapper  \"><div class=\"align-icon\" style=\"text-align:center;\">\n<div class=\"aio-icon-img \" style=\"font-size:80px;display:inline-block;\" >\n\t<img decoding=\"async\" class=\"img-icon\" alt=\"\" src=\"https:\/\/sites.unicentro.br\/fuca\/wp-content\/uploads\/2017\/07\/cartaz-01sml.jpg\"\/>\n<\/div><\/div><\/div>\n\t\t\t\t\t\t\t\t<\/div>\n\t\t\t\t\t\t\t<\/div>\n\t\t\t\t\t\t<\/div><!--ult_price_body_block--><div id=\"info_table_features_wrap-7759\"  data-ultimate-target='#info_table_features_wrap-7759.ult_price_features'  data-responsive-json-new='{\"font-size\":\"\",\"line-height\":\"\"}'  class=\"ult-responsive ult_price_features\" style=\"font-weight:normal;\">\n\t\t\t\t\t\t\t\n\t\t\t\t\t\t<\/div><!--ult_price_features--><div class=\"ult_clr\"><\/div>\n\t\t\t<\/div><!--pricing_table-->\n\t\t<\/div><!--pricing_table_wrap--><\/a>[\/vc_column][vc_column width=&#8221;1\/5&#8243;]<a href=\"http:\/\/sites.unicentro.br\/fuca\/edicoes-anteriores\/edicao-2016\/\"  class=\"ult_price_action_button\" style=\"background:#8e016d;color:#ffffff;\"><div class=\"ult_pricing_table_wrap ult_info_table ult_design_2  ult-cs-custom titulo-anteriores\">\n\t\t\t\t\t<div class=\"ult_pricing_table info_min_ht\" style=\"background:#8e016d;color:#5e5e5e; min-height:200px;\"><div id=\"Info-table-wrap-8084\" class=\"ult_pricing_heading\" style=\"background:#8e016d;color:#ffffff;\">\n\t\t\t\t\t\t\t<h3 class=\"ult-responsive\"  data-ultimate-target='#Info-table-wrap-8084 h3'  data-responsive-json-new='{\"font-size\":\"\",\"line-height\":\"\"}'  style=\"font-weight:bold;\">2016<\/h3><\/div><!--ult_pricing_heading--><div class=\"ult_price_body_block\">\n\t\t\t\t\t\t\t<div class=\"ult_price_body\">\n\t\t\t\t\t\t\t\t<div class=\"ult_price\">\n\t\t\t\t\t\t\t\t\t<div class=\"ult-just-icon-wrapper  \"><div class=\"align-icon\" style=\"text-align:center;\">\n<div class=\"aio-icon-img \" style=\"font-size:80px;display:inline-block;\" >\n\t<img decoding=\"async\" class=\"img-icon\" alt=\"\" src=\"https:\/\/sites.unicentro.br\/fuca\/wp-content\/uploads\/2017\/07\/Fuca-cartaz-2016.jpg\"\/>\n<\/div><\/div><\/div>\n\t\t\t\t\t\t\t\t<\/div>\n\t\t\t\t\t\t\t<\/div>\n\t\t\t\t\t\t<\/div><!--ult_price_body_block--><div id=\"info_table_features_wrap-2110\"  data-ultimate-target='#info_table_features_wrap-2110.ult_price_features'  data-responsive-json-new='{\"font-size\":\"\",\"line-height\":\"\"}'  class=\"ult-responsive ult_price_features\" style=\"font-weight:normal;\">\n\t\t\t\t\t\t\t\n\t\t\t\t\t\t<\/div><!--ult_price_features--><div class=\"ult_clr\"><\/div>\n\t\t\t<\/div><!--pricing_table-->\n\t\t<\/div><!--pricing_table_wrap--><\/a>[\/vc_column][vc_column width=&#8221;1\/5&#8243;]<a href=\"http:\/\/sites.unicentro.br\/fuca\/edicoes-anteriores\/edicao-2015\/\"  class=\"ult_price_action_button\" style=\"background:#7502ce;color:#ffffff;\"><div class=\"ult_pricing_table_wrap ult_info_table ult_design_2  ult-cs-custom titulo-anteriores\">\n\t\t\t\t\t<div class=\"ult_pricing_table info_min_ht\" style=\"background:#7502ce;color:#5e5e5e; min-height:200px;\"><div id=\"Info-table-wrap-5592\" class=\"ult_pricing_heading\" style=\"background:#7502ce;color:#ffffff;\">\n\t\t\t\t\t\t\t<h3 class=\"ult-responsive\"  data-ultimate-target='#Info-table-wrap-5592 h3'  data-responsive-json-new='{\"font-size\":\"\",\"line-height\":\"\"}'  style=\"font-weight:bold;\">2015<\/h3><\/div><!--ult_pricing_heading--><div class=\"ult_price_body_block\">\n\t\t\t\t\t\t\t<div class=\"ult_price_body\">\n\t\t\t\t\t\t\t\t<div class=\"ult_price\">\n\t\t\t\t\t\t\t\t\t<div class=\"ult-just-icon-wrapper  \"><div class=\"align-icon\" style=\"text-align:center;\">\n<div class=\"aio-icon-img \" style=\"font-size:80px;display:inline-block;\" >\n\t<img decoding=\"async\" class=\"img-icon\" alt=\"\" src=\"https:\/\/sites.unicentro.br\/fuca\/wp-content\/uploads\/2016\/07\/Cartaz_fuca_2015_min.jpg\"\/>\n<\/div><\/div><\/div>\n\t\t\t\t\t\t\t\t<\/div>\n\t\t\t\t\t\t\t<\/div>\n\t\t\t\t\t\t<\/div><!--ult_price_body_block--><div id=\"info_table_features_wrap-3187\"  data-ultimate-target='#info_table_features_wrap-3187.ult_price_features'  data-responsive-json-new='{\"font-size\":\"\",\"line-height\":\"\"}'  class=\"ult-responsive ult_price_features\" style=\"font-weight:normal;\">\n\t\t\t\t\t\t\t\n\t\t\t\t\t\t<\/div><!--ult_price_features--><div class=\"ult_clr\"><\/div>\n\t\t\t<\/div><!--pricing_table-->\n\t\t<\/div><!--pricing_table_wrap--><\/a>[\/vc_column][\/vc_row][vc_row css_animation=&#8221;fadeIn&#8221;][vc_column width=&#8221;1\/6&#8243;][\/vc_column][vc_column width=&#8221;1\/6&#8243;]<a href=\"http:\/\/sites.unicentro.br\/fuca\/edicoes-anteriores\/edicao-2014\/\"  class=\"ult_price_action_button\" style=\"background:#012bb5;color:#ffffff;\"><div class=\"ult_pricing_table_wrap ult_info_table ult_design_2  ult-cs-custom titulo-anteriores\">\n\t\t\t\t\t<div class=\"ult_pricing_table info_min_ht\" style=\"background:#012bb5;color:#5e5e5e; min-height:200px;\"><div id=\"Info-table-wrap-4752\" class=\"ult_pricing_heading\" style=\"background:#012bb5;color:#ffffff;\">\n\t\t\t\t\t\t\t<h3 class=\"ult-responsive\"  data-ultimate-target='#Info-table-wrap-4752 h3'  data-responsive-json-new='{\"font-size\":\"\",\"line-height\":\"\"}'  style=\"font-weight:bold;\">2014<\/h3><\/div><!--ult_pricing_heading--><div class=\"ult_price_body_block\">\n\t\t\t\t\t\t\t<div class=\"ult_price_body\">\n\t\t\t\t\t\t\t\t<div class=\"ult_price\">\n\t\t\t\t\t\t\t\t\t<div class=\"ult-just-icon-wrapper  \"><div class=\"align-icon\" style=\"text-align:center;\">\n<div class=\"aio-icon-img \" style=\"font-size:80px;display:inline-block;\" >\n\t<img decoding=\"async\" class=\"img-icon\" alt=\"\" src=\"https:\/\/sites.unicentro.br\/fuca\/wp-content\/uploads\/2015\/07\/cartaz_2014-min.jpg\"\/>\n<\/div><\/div><\/div>\n\t\t\t\t\t\t\t\t<\/div>\n\t\t\t\t\t\t\t<\/div>\n\t\t\t\t\t\t<\/div><!--ult_price_body_block--><div id=\"info_table_features_wrap-7917\"  data-ultimate-target='#info_table_features_wrap-7917.ult_price_features'  data-responsive-json-new='{\"font-size\":\"\",\"line-height\":\"\"}'  class=\"ult-responsive ult_price_features\" style=\"font-weight:normal;\">\n\t\t\t\t\t\t\t\n\t\t\t\t\t\t<\/div><!--ult_price_features--><div class=\"ult_clr\"><\/div>\n\t\t\t<\/div><!--pricing_table-->\n\t\t<\/div><!--pricing_table_wrap--><\/a>[\/vc_column][vc_column width=&#8221;1\/6&#8243;]<a href=\"http:\/\/sites.unicentro.br\/fuca\/edicoes-anteriores\/edicao-2013\/\"  class=\"ult_price_action_button\" style=\"background:#027fd3;color:#ffffff;\"><div class=\"ult_pricing_table_wrap ult_info_table ult_design_2  ult-cs-custom titulo-anteriores\">\n\t\t\t\t\t<div class=\"ult_pricing_table info_min_ht\" style=\"background:#027fd3;color:#5e5e5e; min-height:200px;\"><div id=\"Info-table-wrap-6631\" class=\"ult_pricing_heading\" style=\"background:#027fd3;color:#ffffff;\">\n\t\t\t\t\t\t\t<h3 class=\"ult-responsive\"  data-ultimate-target='#Info-table-wrap-6631 h3'  data-responsive-json-new='{\"font-size\":\"\",\"line-height\":\"\"}'  style=\"font-weight:bold;\">2013<\/h3><\/div><!--ult_pricing_heading--><div class=\"ult_price_body_block\">\n\t\t\t\t\t\t\t<div class=\"ult_price_body\">\n\t\t\t\t\t\t\t\t<div class=\"ult_price\">\n\t\t\t\t\t\t\t\t\t<div class=\"ult-just-icon-wrapper  \"><div class=\"align-icon\" style=\"text-align:center;\">\n<div class=\"aio-icon-img \" style=\"font-size:80px;display:inline-block;\" >\n\t<img decoding=\"async\" class=\"img-icon\" alt=\"\" src=\"https:\/\/sites.unicentro.br\/fuca\/wp-content\/uploads\/2015\/07\/cartaz_2013-min.jpg\"\/>\n<\/div><\/div><\/div>\n\t\t\t\t\t\t\t\t<\/div>\n\t\t\t\t\t\t\t<\/div>\n\t\t\t\t\t\t<\/div><!--ult_price_body_block--><div id=\"info_table_features_wrap-9532\"  data-ultimate-target='#info_table_features_wrap-9532.ult_price_features'  data-responsive-json-new='{\"font-size\":\"\",\"line-height\":\"\"}'  class=\"ult-responsive ult_price_features\" style=\"font-weight:normal;\">\n\t\t\t\t\t\t\t\n\t\t\t\t\t\t<\/div><!--ult_price_features--><div class=\"ult_clr\"><\/div>\n\t\t\t<\/div><!--pricing_table-->\n\t\t<\/div><!--pricing_table_wrap--><\/a>[\/vc_column][vc_column width=&#8221;1\/6&#8243;]<a href=\"http:\/\/sites.unicentro.br\/fuca\/edicoes-anteriores\/edicao-2012\/\"  class=\"ult_price_action_button\" style=\"background:#01b6bc;color:#ffffff;\"><div class=\"ult_pricing_table_wrap ult_info_table ult_design_2  ult-cs-custom titulo-anteriores\">\n\t\t\t\t\t<div class=\"ult_pricing_table info_min_ht\" style=\"background:#01b6bc;color:#5e5e5e; min-height:200px;\"><div id=\"Info-table-wrap-8180\" class=\"ult_pricing_heading\" style=\"background:#01b6bc;color:#ffffff;\">\n\t\t\t\t\t\t\t<h3 class=\"ult-responsive\"  data-ultimate-target='#Info-table-wrap-8180 h3'  data-responsive-json-new='{\"font-size\":\"\",\"line-height\":\"\"}'  style=\"font-weight:bold;\">2012<\/h3><\/div><!--ult_pricing_heading--><div class=\"ult_price_body_block\">\n\t\t\t\t\t\t\t<div class=\"ult_price_body\">\n\t\t\t\t\t\t\t\t<div class=\"ult_price\">\n\t\t\t\t\t\t\t\t\t<div class=\"ult-just-icon-wrapper  \"><div class=\"align-icon\" style=\"text-align:center;\">\n<div class=\"aio-icon-img \" style=\"font-size:80px;display:inline-block;\" >\n\t<img decoding=\"async\" class=\"img-icon\" alt=\"\" src=\"https:\/\/sites.unicentro.br\/fuca\/wp-content\/uploads\/2015\/07\/cartaz_2012-min.jpg\"\/>\n<\/div><\/div><\/div>\n\t\t\t\t\t\t\t\t<\/div>\n\t\t\t\t\t\t\t<\/div>\n\t\t\t\t\t\t<\/div><!--ult_price_body_block--><div id=\"info_table_features_wrap-2647\"  data-ultimate-target='#info_table_features_wrap-2647.ult_price_features'  data-responsive-json-new='{\"font-size\":\"\",\"line-height\":\"\"}'  class=\"ult-responsive ult_price_features\" style=\"font-weight:normal;\">\n\t\t\t\t\t\t\t\n\t\t\t\t\t\t<\/div><!--ult_price_features--><div class=\"ult_clr\"><\/div>\n\t\t\t<\/div><!--pricing_table-->\n\t\t<\/div><!--pricing_table_wrap--><\/a>[\/vc_column][vc_column width=&#8221;1\/6&#8243;]<a href=\"http:\/\/sites.unicentro.br\/fuca\/edicoes-anteriores\/edicao-2011\/\"  class=\"ult_price_action_button\" style=\"background:#018ca8;color:#ffffff;\"><div class=\"ult_pricing_table_wrap ult_info_table ult_design_2  ult-cs-custom titulo-anteriores\">\n\t\t\t\t\t<div class=\"ult_pricing_table info_min_ht\" style=\"background:#018ca8;color:#ffffff; min-height:200px;\"><div id=\"Info-table-wrap-9958\" class=\"ult_pricing_heading\" style=\"background:#018ca8;color:#ffffff;\">\n\t\t\t\t\t\t\t<h3 class=\"ult-responsive\"  data-ultimate-target='#Info-table-wrap-9958 h3'  data-responsive-json-new='{\"font-size\":\"\",\"line-height\":\"\"}'  style=\"font-weight:bold;\">2011<\/h3><\/div><!--ult_pricing_heading--><div class=\"ult_price_body_block\">\n\t\t\t\t\t\t\t<div class=\"ult_price_body\">\n\t\t\t\t\t\t\t\t<div class=\"ult_price\">\n\t\t\t\t\t\t\t\t\t<div class=\"ult-just-icon-wrapper  \"><div class=\"align-icon\" style=\"text-align:center;\">\n<div class=\"aio-icon-img \" style=\"font-size:80px;display:inline-block;\" >\n\t<img decoding=\"async\" class=\"img-icon\" alt=\"\" src=\"https:\/\/sites.unicentro.br\/fuca\/wp-content\/uploads\/2015\/07\/cartaz_2011-min.jpg\"\/>\n<\/div><\/div><\/div>\n\t\t\t\t\t\t\t\t<\/div>\n\t\t\t\t\t\t\t<\/div>\n\t\t\t\t\t\t<\/div><!--ult_price_body_block--><div id=\"info_table_features_wrap-2634\"  data-ultimate-target='#info_table_features_wrap-2634.ult_price_features'  data-responsive-json-new='{\"font-size\":\"\",\"line-height\":\"\"}'  class=\"ult-responsive ult_price_features\" style=\"font-weight:normal;\">\n\t\t\t\t\t\t\t\n\t\t\t\t\t\t<\/div><!--ult_price_features--><div class=\"ult_clr\"><\/div>\n\t\t\t<\/div><!--pricing_table-->\n\t\t<\/div><!--pricing_table_wrap--><\/a>[\/vc_column][vc_column width=&#8221;1\/6&#8243;][\/vc_column][\/vc_row][vc_row disable_element=&#8221;yes&#8221; css=&#8221;.vc_custom_1726602593583{margin-top: 35px !important;}&#8221;][vc_column][vc_text_separator title=&#8221;Apoio, Patroc\u00ednio e Realiza\u00e7\u00e3o&#8221; color=&#8221;chino&#8221; border_width=&#8221;3&#8243; css_animation=&#8221;fadeIn&#8221; el_class=&#8221;titulo-anteriores&#8221;][vc_single_image image=&#8221;3192&#8243; img_size=&#8221;full&#8221; alignment=&#8221;center&#8221; css_animation=&#8221;fadeIn&#8221;][\/vc_column][\/vc_row][\/vc_section]<\/p>\n<\/div>","protected":false},"excerpt":{"rendered":"<p>[vc_row css=&#8221;.vc_custom_1564064968622{margin-top: -40px !important;}&#8221;][vc_column][rev_slider_vc alias=&#8221;home-fuca-2019&#8243;][\/vc_column][\/vc_row][vc_section css=&#8221;.vc_custom_1501262374540{margin-top: 45px !important;}&#8221;][vc_row disable_element=&#8221;yes&#8221;][vc_column][vc_text_separator title=&#8221;Premiados no Fuca 2019&#8243; color=&#8221;sky&#8221; border_width=&#8221;3&#8243; css_animation=&#8221;fadeIn&#8221; el_class=&#8221;titulo-anteriores&#8221;][vc_row_inner][vc_column_inner width=&#8221;1\/4&#8243;][\/vc_column_inner][vc_column_inner width=&#8221;1\/4&#8243;][vc_text_separator title=&#8221;Composi\u00e7\u00e3o&#8221; color=&#8221;blue&#8221; border_width=&#8221;2&#8243; css_animation=&#8221;fadeIn&#8221;][vc_column_text]1\u00ba &#8211; Nilson Jorge (Desdasseis) 2\u00ba &#8211; Lucas Cabral 3\u00ba &#8211; Nara Jorge 4\u00ba &#8211; Jos\u00e9 Augusto Felipe Borges (Palhetas Perdidas) 5\u00ba &#8211; Lucas Macedo ( T\u00e3o Jo\u00e3o) Voto da plateia &#8211; Nilson [&hellip;]<\/p>\n","protected":false},"author":1,"featured_media":0,"parent":0,"menu_order":0,"comment_status":"closed","ping_status":"closed","template":"","meta":{"_uf_show_specific_survey":0,"_uf_disable_surveys":false,"footnotes":"","_links_to":"","_links_to_target":""},"class_list":["post-2739","page","type-page","status-publish","hentry"],"_links":{"self":[{"href":"https:\/\/sites.unicentro.br\/fuca\/wp-json\/wp\/v2\/pages\/2739","targetHints":{"allow":["GET"]}}],"collection":[{"href":"https:\/\/sites.unicentro.br\/fuca\/wp-json\/wp\/v2\/pages"}],"about":[{"href":"https:\/\/sites.unicentro.br\/fuca\/wp-json\/wp\/v2\/types\/page"}],"author":[{"embeddable":true,"href":"https:\/\/sites.unicentro.br\/fuca\/wp-json\/wp\/v2\/users\/1"}],"replies":[{"embeddable":true,"href":"https:\/\/sites.unicentro.br\/fuca\/wp-json\/wp\/v2\/comments?post=2739"}],"version-history":[{"count":36,"href":"https:\/\/sites.unicentro.br\/fuca\/wp-json\/wp\/v2\/pages\/2739\/revisions"}],"predecessor-version":[{"id":3472,"href":"https:\/\/sites.unicentro.br\/fuca\/wp-json\/wp\/v2\/pages\/2739\/revisions\/3472"}],"wp:attachment":[{"href":"https:\/\/sites.unicentro.br\/fuca\/wp-json\/wp\/v2\/media?parent=2739"}],"curies":[{"name":"wp","href":"https:\/\/api.w.org\/{rel}","templated":true}]}}