{"id":3102,"date":"2018-09-21T17:36:10","date_gmt":"2018-09-21T20:36:10","guid":{"rendered":"https:\/\/sites.unicentro.br\/fuca\/?page_id=3102"},"modified":"2019-09-20T15:57:29","modified_gmt":"2019-09-20T18:57:29","slug":"comissao-julgadora","status":"publish","type":"page","link":"https:\/\/sites.unicentro.br\/fuca\/etapas\/comissao-julgadora\/","title":{"rendered":"Comiss\u00e3o Julgadora"},"content":{"rendered":"<h3>Jurados do Fuca 2019:<\/h3>\n<ul>\n<li>Aur\u00e9lio Bona Junior<\/li>\n<li>Carol Geraldis<\/li>\n<li>Cristiano Martinez<\/li>\n<li>Dirceu Jos\u00e9 de Oliveira<\/li>\n<li>S\u00e9rgio Niemes<\/li>\n<\/ul>\n","protected":false},"excerpt":{"rendered":"<p>Jurados do Fuca 2019: Aur\u00e9lio Bona Junior Carol Geraldis Cristiano Martinez Dirceu Jos\u00e9 de Oliveira S\u00e9rgio Niemes<\/p>\n","protected":false},"author":1,"featured_media":0,"parent":2758,"menu_order":0,"comment_status":"closed","ping_status":"closed","template":"","meta":{"_uf_show_specific_survey":0,"_uf_disable_surveys":false,"footnotes":"","_links_to":"","_links_to_target":""},"class_list":["post-3102","page","type-page","status-publish","hentry"],"_links":{"self":[{"href":"https:\/\/sites.unicentro.br\/fuca\/wp-json\/wp\/v2\/pages\/3102","targetHints":{"allow":["GET"]}}],"collection":[{"href":"https:\/\/sites.unicentro.br\/fuca\/wp-json\/wp\/v2\/pages"}],"about":[{"href":"https:\/\/sites.unicentro.br\/fuca\/wp-json\/wp\/v2\/types\/page"}],"author":[{"embeddable":true,"href":"https:\/\/sites.unicentro.br\/fuca\/wp-json\/wp\/v2\/users\/1"}],"replies":[{"embeddable":true,"href":"https:\/\/sites.unicentro.br\/fuca\/wp-json\/wp\/v2\/comments?post=3102"}],"version-history":[{"count":2,"href":"https:\/\/sites.unicentro.br\/fuca\/wp-json\/wp\/v2\/pages\/3102\/revisions"}],"predecessor-version":[{"id":3234,"href":"https:\/\/sites.unicentro.br\/fuca\/wp-json\/wp\/v2\/pages\/3102\/revisions\/3234"}],"up":[{"embeddable":true,"href":"https:\/\/sites.unicentro.br\/fuca\/wp-json\/wp\/v2\/pages\/2758"}],"wp:attachment":[{"href":"https:\/\/sites.unicentro.br\/fuca\/wp-json\/wp\/v2\/media?parent=3102"}],"curies":[{"name":"wp","href":"https:\/\/api.w.org\/{rel}","templated":true}]}}