{"id":3441,"date":"2024-10-29T17:43:09","date_gmt":"2024-10-29T20:43:09","guid":{"rendered":"https:\/\/sites.unicentro.br\/fuca\/?page_id=3441"},"modified":"2024-10-29T17:44:44","modified_gmt":"2024-10-29T20:44:44","slug":"apresentacoes-etapa-classificatoria","status":"publish","type":"page","link":"https:\/\/sites.unicentro.br\/fuca\/etapas\/apresentacoes-etapa-classificatoria\/","title":{"rendered":"Apresenta\u00e7\u00f5es &#8211; Etapa Classificat\u00f3ria"},"content":{"rendered":"<div class=\"wpb-content-wrapper\"><p>[vc_row][vc_column]<div id=\"ultimate-heading-294069d922b0d59ac\" class=\"uvc-heading ult-adjust-bottom-margin ultimate-heading-294069d922b0d59ac uvc-8245 \" data-hspacer=\"no_spacer\"  data-halign=\"center\" style=\"text-align:center\"><div class=\"uvc-heading-spacer no_spacer\" style=\"top\"><\/div><div class=\"uvc-main-heading ult-responsive\"  data-ultimate-target='.uvc-heading.ultimate-heading-294069d922b0d59ac h2'  data-responsive-json-new='{\"font-size\":\"\",\"line-height\":\"\"}' ><h2 style=\"font-weight:normal;\">Apresenta\u00e7\u00f5es dia 18\/11\/2024<\/h2><\/div><\/div>[vc_column_text css=&#8221;&#8221;]<\/p>\n<table>\n<tbody>\n<tr>\n<td><b>PARTICIPANTE<\/b><\/td>\n<td><b>CATEGORIA<\/b><\/td>\n<td><b>ENSAIO<\/b><\/td>\n<td><b>APRESENTA\u00c7\u00c3O<\/b><\/td>\n<\/tr>\n<tr>\n<td><span style=\"font-weight: 400;\">Dioni Eric Oliveira de Lima<\/span><\/td>\n<td><span style=\"font-weight: 400;\">INTERPRETA\u00c7\u00c3O<\/span><\/td>\n<td><span style=\"font-weight: 400;\">13H10<\/span><\/td>\n<td><span style=\"font-weight: 400;\">19H<\/span><\/td>\n<\/tr>\n<tr>\n<td><span style=\"font-weight: 400;\">Guilherme Antonio Costa<\/span><\/td>\n<td><span style=\"font-weight: 400;\">COMPOSI\u00c7\u00c3O<\/span><\/td>\n<td><span style=\"font-weight: 400;\">15H<\/span><\/td>\n<td><span style=\"font-weight: 400;\">19H10<\/span><\/td>\n<\/tr>\n<tr>\n<td><span style=\"font-weight: 400;\">Vitoria da Silva Neri<\/span><\/td>\n<td><span style=\"font-weight: 400;\">INTERPRETA\u00c7\u00c3O<\/span><\/td>\n<td><span style=\"font-weight: 400;\">13H20<\/span><\/td>\n<td><span style=\"font-weight: 400;\">19H20<\/span><\/td>\n<\/tr>\n<tr>\n<td><span style=\"font-weight: 400;\">Luciana Klanovicz<\/span><\/td>\n<td><span style=\"font-weight: 400;\">COMPOSI\u00c7\u00c3O<\/span><\/td>\n<td><span style=\"font-weight: 400;\">15H10<\/span><\/td>\n<td><span style=\"font-weight: 400;\">19H30<\/span><\/td>\n<\/tr>\n<tr>\n<td><span style=\"font-weight: 400;\">Maria Guimar\u00e3es<\/span><\/td>\n<td><span style=\"font-weight: 400;\">INTERPRETA\u00c7\u00c3O<\/span><\/td>\n<td><span style=\"font-weight: 400;\">13H30<\/span><\/td>\n<td><span style=\"font-weight: 400;\">19H40<\/span><\/td>\n<\/tr>\n<tr>\n<td><span style=\"font-weight: 400;\">Jos\u00e9 Augusto Felipe Borges<\/span><\/td>\n<td><span style=\"font-weight: 400;\">COMPOSI\u00c7\u00c3O<\/span><\/td>\n<td><span style=\"font-weight: 400;\">15H20<\/span><\/td>\n<td><span style=\"font-weight: 400;\">19H50<\/span><\/td>\n<\/tr>\n<tr>\n<td><span style=\"font-weight: 400;\">Julia Pazin<\/span><\/td>\n<td><span style=\"font-weight: 400;\">INTERPRETA\u00c7\u00c3O<\/span><\/td>\n<td><span style=\"font-weight: 400;\">13H40<\/span><\/td>\n<td><span style=\"font-weight: 400;\">20H<\/span><\/td>\n<\/tr>\n<tr>\n<td><span style=\"font-weight: 400;\">Jonathan Espig Carvalho<\/span><\/td>\n<td><span style=\"font-weight: 400;\">COMPOSI\u00c7\u00c3O<\/span><\/td>\n<td><span style=\"font-weight: 400;\">15H30<\/span><\/td>\n<td><span style=\"font-weight: 400;\">20H10<\/span><\/td>\n<\/tr>\n<tr>\n<td><span style=\"font-weight: 400;\">Eliezer Kailer<\/span><\/td>\n<td><span style=\"font-weight: 400;\">INTERPRETA\u00c7\u00c3O<\/span><\/td>\n<td><span style=\"font-weight: 400;\">13H50<\/span><\/td>\n<td><span style=\"font-weight: 400;\">20H20<\/span><\/td>\n<\/tr>\n<tr>\n<td><span style=\"font-weight: 400;\">Joel Duarte Junior<\/span><\/td>\n<td><span style=\"font-weight: 400;\">COMPOSI\u00c7\u00c3O<\/span><\/td>\n<td><span style=\"font-weight: 400;\">15H40<\/span><\/td>\n<td><span style=\"font-weight: 400;\">20H30<\/span><\/td>\n<\/tr>\n<tr>\n<td><span style=\"font-weight: 400;\">Jo\u00e3o Souza<\/span><\/td>\n<td><span style=\"font-weight: 400;\">INTERPRETA\u00c7\u00c3O<\/span><\/td>\n<td><span style=\"font-weight: 400;\">14H<\/span><\/td>\n<td><span style=\"font-weight: 400;\">20H40<\/span><\/td>\n<\/tr>\n<tr>\n<td><span style=\"font-weight: 400;\">Daniele Krauz<\/span><\/td>\n<td><span style=\"font-weight: 400;\">COMPOSI\u00c7\u00c3O<\/span><\/td>\n<td><span style=\"font-weight: 400;\">15H50<\/span><\/td>\n<td><span style=\"font-weight: 400;\">20H50<\/span><\/td>\n<\/tr>\n<tr>\n<td><span style=\"font-weight: 400;\">Jamilli Zenzeluk<\/span><\/td>\n<td><span style=\"font-weight: 400;\">INTERPRETA\u00c7\u00c3O<\/span><\/td>\n<td><span style=\"font-weight: 400;\">14H10<\/span><\/td>\n<td><span style=\"font-weight: 400;\">21H<\/span><\/td>\n<\/tr>\n<tr>\n<td><span style=\"font-weight: 400;\">Marcio Nei dos Santos<\/span><\/td>\n<td><span style=\"font-weight: 400;\">COMPOSI\u00c7\u00c3O<\/span><\/td>\n<td><span style=\"font-weight: 400;\">16H<\/span><\/td>\n<td><span style=\"font-weight: 400;\">21H10<\/span><\/td>\n<\/tr>\n<tr>\n<td><span style=\"font-weight: 400;\">Jos\u00e9 Lucas Sidnei Ramos<\/span><\/td>\n<td><span style=\"font-weight: 400;\">INTERPRETA\u00c7\u00c3O<\/span><\/td>\n<td><span style=\"font-weight: 400;\">14H20<\/span><\/td>\n<td><span style=\"font-weight: 400;\">21H20<\/span><\/td>\n<\/tr>\n<tr>\n<td><span style=\"font-weight: 400;\">Gabriel Medeiros Regiani<\/span><\/td>\n<td><span style=\"font-weight: 400;\">COMPOSI\u00c7\u00c3O<\/span><\/td>\n<td><span style=\"font-weight: 400;\">16H10<\/span><\/td>\n<td><span style=\"font-weight: 400;\">21H30<\/span><\/td>\n<\/tr>\n<\/tbody>\n<\/table>\n<p>[\/vc_column_text][\/vc_column][\/vc_row][vc_row][vc_column]<div id=\"ultimate-heading-914269d922b0d5a19\" class=\"uvc-heading ult-adjust-bottom-margin ultimate-heading-914269d922b0d5a19 uvc-7173 \" data-hspacer=\"no_spacer\"  data-halign=\"center\" style=\"text-align:center\"><div class=\"uvc-heading-spacer no_spacer\" style=\"top\"><\/div><div class=\"uvc-main-heading ult-responsive\"  data-ultimate-target='.uvc-heading.ultimate-heading-914269d922b0d5a19 h2'  data-responsive-json-new='{\"font-size\":\"\",\"line-height\":\"\"}' ><h2 style=\"font-weight:normal;\">Apresenta\u00e7\u00f5es dia 19\/11\/2024<\/h2><\/div><\/div>[vc_column_text css=&#8221;&#8221;]<\/p>\n<table>\n<tbody>\n<tr>\n<td><b>PARTICIPANTE<\/b><\/td>\n<td><b>CATEGORIA<\/b><\/td>\n<td><b>ENSAIO<\/b><\/td>\n<td><b>APRESENTA\u00c7\u00c3O<\/b><\/td>\n<\/tr>\n<tr>\n<td><span style=\"font-weight: 400;\">Eduardo Gabriel Back<\/span><\/td>\n<td><span style=\"font-weight: 400;\">INTERPRETA\u00c7\u00c3O<\/span><\/td>\n<td><span style=\"font-weight: 400;\">13H10<\/span><\/td>\n<td><span style=\"font-weight: 400;\">19H<\/span><\/td>\n<\/tr>\n<tr>\n<td><span style=\"font-weight: 400;\">Wesney Schiligoski<\/span><\/td>\n<td><span style=\"font-weight: 400;\">COMPOSI\u00c7\u00c3O<\/span><\/td>\n<td><span style=\"font-weight: 400;\">15H<\/span><\/td>\n<td><span style=\"font-weight: 400;\">19H10<\/span><\/td>\n<\/tr>\n<tr>\n<td><span style=\"font-weight: 400;\">Vanderlei Moreira da Fonseca<\/span><\/td>\n<td><span style=\"font-weight: 400;\">INTERPRETA\u00c7\u00c3O<\/span><\/td>\n<td><span style=\"font-weight: 400;\">13H20<\/span><\/td>\n<td><span style=\"font-weight: 400;\">19H20<\/span><\/td>\n<\/tr>\n<tr>\n<td><span style=\"font-weight: 400;\">Fl\u00e1via Maria Cordeiro<\/span><\/td>\n<td><span style=\"font-weight: 400;\">COMPOSI\u00c7\u00c3O<\/span><\/td>\n<td><span style=\"font-weight: 400;\">15H10<\/span><\/td>\n<td><span style=\"font-weight: 400;\">19H30<\/span><\/td>\n<\/tr>\n<tr>\n<td><span style=\"font-weight: 400;\">Odinei Fabiano Ramos<\/span><\/td>\n<td><span style=\"font-weight: 400;\">INTERPRETA\u00c7\u00c3O<\/span><\/td>\n<td><span style=\"font-weight: 400;\">13H30<\/span><\/td>\n<td><span style=\"font-weight: 400;\">19H40<\/span><\/td>\n<\/tr>\n<tr>\n<td><span style=\"font-weight: 400;\">Rodrigo Fid\u00e9lis Renauer<\/span><\/td>\n<td><span style=\"font-weight: 400;\">COMPOSI\u00c7\u00c3O<\/span><\/td>\n<td><span style=\"font-weight: 400;\">15H20<\/span><\/td>\n<td><span style=\"font-weight: 400;\">19H50<\/span><\/td>\n<\/tr>\n<tr>\n<td><span style=\"font-weight: 400;\">Nelson Cordeiro<\/span><\/td>\n<td><span style=\"font-weight: 400;\">INTERPRETA\u00c7\u00c3O<\/span><\/td>\n<td><span style=\"font-weight: 400;\">13H40<\/span><\/td>\n<td><span style=\"font-weight: 400;\">20H<\/span><\/td>\n<\/tr>\n<tr>\n<td><span style=\"font-weight: 400;\">Lucas Soares Sequinel<\/span><\/td>\n<td><span style=\"font-weight: 400;\">COMPOSI\u00c7\u00c3O<\/span><\/td>\n<td><span style=\"font-weight: 400;\">15H30<\/span><\/td>\n<td><span style=\"font-weight: 400;\">20H10<\/span><\/td>\n<\/tr>\n<tr>\n<td><span style=\"font-weight: 400;\">Maria Eduarda Paix\u00e3o Rocha<\/span><\/td>\n<td><span style=\"font-weight: 400;\">INTERPRETA\u00c7\u00c3O<\/span><\/td>\n<td><span style=\"font-weight: 400;\">13H50<\/span><\/td>\n<td><span style=\"font-weight: 400;\">20H20<\/span><\/td>\n<\/tr>\n<tr>\n<td><span style=\"font-weight: 400;\">Fabio Pontarolo<\/span><\/td>\n<td><span style=\"font-weight: 400;\">COMPOSI\u00c7\u00c3O<\/span><\/td>\n<td><span style=\"font-weight: 400;\">15H40<\/span><\/td>\n<td><span style=\"font-weight: 400;\">20H30<\/span><\/td>\n<\/tr>\n<tr>\n<td><span style=\"font-weight: 400;\">Gabriela Leticia Alves de Medeiros Koguta<\/span><\/td>\n<td><span style=\"font-weight: 400;\">INTERPRETA\u00c7\u00c3O<\/span><\/td>\n<td><span style=\"font-weight: 400;\">14H<\/span><\/td>\n<td><span style=\"font-weight: 400;\">20H40<\/span><\/td>\n<\/tr>\n<tr>\n<td><span style=\"font-weight: 400;\">Delcio Luiz Mores<\/span><\/td>\n<td><span style=\"font-weight: 400;\">COMPOSI\u00c7\u00c3O<\/span><\/td>\n<td><span style=\"font-weight: 400;\">15H50<\/span><\/td>\n<td><span style=\"font-weight: 400;\">20H50<\/span><\/td>\n<\/tr>\n<tr>\n<td><span style=\"font-weight: 400;\">Beatriz Barbosa<\/span><\/td>\n<td><span style=\"font-weight: 400;\">INTERPRETA\u00c7\u00c3O<\/span><\/td>\n<td><span style=\"font-weight: 400;\">14H10<\/span><\/td>\n<td><span style=\"font-weight: 400;\">21H<\/span><\/td>\n<\/tr>\n<tr>\n<td><span style=\"font-weight: 400;\">Leonardo Sau Provisor<\/span><\/td>\n<td><span style=\"font-weight: 400;\">COMPOSI\u00c7\u00c3O<\/span><\/td>\n<td><span style=\"font-weight: 400;\">16H<\/span><\/td>\n<td><span style=\"font-weight: 400;\">21H10<\/span><\/td>\n<\/tr>\n<tr>\n<td><span style=\"font-weight: 400;\">Nataline Nascimento Birnfeld<\/span><\/td>\n<td><span style=\"font-weight: 400;\">INTERPRETA\u00c7\u00c3O<\/span><\/td>\n<td><span style=\"font-weight: 400;\">14H20<\/span><\/td>\n<td><span style=\"font-weight: 400;\">21H20<\/span><\/td>\n<\/tr>\n<tr>\n<td><span style=\"font-weight: 400;\">Thiago Kenji Hirano<\/span><\/td>\n<td><span style=\"font-weight: 400;\">COMPOSI\u00c7\u00c3O<\/span><\/td>\n<td><span style=\"font-weight: 400;\">16H10<\/span><\/td>\n<td><span style=\"font-weight: 400;\">21H30<\/span><\/td>\n<\/tr>\n<\/tbody>\n<\/table>\n<p>[\/vc_column_text][\/vc_column][\/vc_row]<\/p>\n<\/div>","protected":false},"excerpt":{"rendered":"<p>[vc_row][vc_column][vc_column_text css=&#8221;&#8221;] PARTICIPANTE CATEGORIA ENSAIO APRESENTA\u00c7\u00c3O Dioni Eric Oliveira de Lima INTERPRETA\u00c7\u00c3O 13H10 19H Guilherme Antonio Costa COMPOSI\u00c7\u00c3O 15H 19H10 Vitoria da Silva Neri INTERPRETA\u00c7\u00c3O 13H20 19H20 Luciana Klanovicz COMPOSI\u00c7\u00c3O 15H10 19H30 Maria Guimar\u00e3es INTERPRETA\u00c7\u00c3O 13H30 19H40 Jos\u00e9 Augusto Felipe Borges COMPOSI\u00c7\u00c3O 15H20 19H50 Julia Pazin INTERPRETA\u00c7\u00c3O 13H40 20H Jonathan Espig Carvalho COMPOSI\u00c7\u00c3O 15H30 20H10 [&hellip;]<\/p>\n","protected":false},"author":1,"featured_media":0,"parent":2758,"menu_order":0,"comment_status":"closed","ping_status":"closed","template":"","meta":{"_uf_show_specific_survey":0,"_uf_disable_surveys":false,"footnotes":"","_links_to":"","_links_to_target":""},"class_list":["post-3441","page","type-page","status-publish","hentry"],"_links":{"self":[{"href":"https:\/\/sites.unicentro.br\/fuca\/wp-json\/wp\/v2\/pages\/3441","targetHints":{"allow":["GET"]}}],"collection":[{"href":"https:\/\/sites.unicentro.br\/fuca\/wp-json\/wp\/v2\/pages"}],"about":[{"href":"https:\/\/sites.unicentro.br\/fuca\/wp-json\/wp\/v2\/types\/page"}],"author":[{"embeddable":true,"href":"https:\/\/sites.unicentro.br\/fuca\/wp-json\/wp\/v2\/users\/1"}],"replies":[{"embeddable":true,"href":"https:\/\/sites.unicentro.br\/fuca\/wp-json\/wp\/v2\/comments?post=3441"}],"version-history":[{"count":4,"href":"https:\/\/sites.unicentro.br\/fuca\/wp-json\/wp\/v2\/pages\/3441\/revisions"}],"predecessor-version":[{"id":3445,"href":"https:\/\/sites.unicentro.br\/fuca\/wp-json\/wp\/v2\/pages\/3441\/revisions\/3445"}],"up":[{"embeddable":true,"href":"https:\/\/sites.unicentro.br\/fuca\/wp-json\/wp\/v2\/pages\/2758"}],"wp:attachment":[{"href":"https:\/\/sites.unicentro.br\/fuca\/wp-json\/wp\/v2\/media?parent=3441"}],"curies":[{"name":"wp","href":"https:\/\/api.w.org\/{rel}","templated":true}]}}