{"id":3449,"date":"2024-10-30T09:29:46","date_gmt":"2024-10-30T12:29:46","guid":{"rendered":"https:\/\/sites.unicentro.br\/fuca\/?page_id=3449"},"modified":"2024-10-30T09:30:56","modified_gmt":"2024-10-30T12:30:56","slug":"classificados","status":"publish","type":"page","link":"https:\/\/sites.unicentro.br\/fuca\/etapas\/classificados\/","title":{"rendered":"Selecionados etapa classificat\u00f3ria"},"content":{"rendered":"<div class=\"wpb-content-wrapper\"><p>[vc_row][vc_column]<div id=\"ultimate-heading-722369d94bce3ddd3\" class=\"uvc-heading ult-adjust-bottom-margin ultimate-heading-722369d94bce3ddd3 uvc-8444 \" data-hspacer=\"no_spacer\"  data-halign=\"center\" style=\"text-align:center\"><div class=\"uvc-heading-spacer no_spacer\" style=\"top\"><\/div><div class=\"uvc-main-heading ult-responsive\"  data-ultimate-target='.uvc-heading.ultimate-heading-722369d94bce3ddd3 h2'  data-responsive-json-new='{\"font-size\":\"\",\"line-height\":\"\"}' ><h2 style=\"font-weight:normal;\">Selecionados para fase classificat\u00f3ria do 10\u00ba Fuca<\/h2><\/div><\/div>[vc_column_text css=&#8221;&#8221;]<\/p>\n<table>\n<thead>\n<tr>\n<td><b>COMPOSI\u00c7\u00c3O<\/b><\/td>\n<td><b>INTERPRETA\u00c7\u00c3O<\/b><\/td>\n<\/tr>\n<\/thead>\n<tbody>\n<tr>\n<td><span style=\"font-weight: 400;\">Daniele Krauz<\/span><\/td>\n<td><span style=\"font-weight: 400;\">Beatriz Barbosa<\/span><\/td>\n<\/tr>\n<tr>\n<td><span style=\"font-weight: 400;\">Delcio Luiz Mores<\/span><\/td>\n<td><span style=\"font-weight: 400;\">Dioni Eric Oliveira de Lima<\/span><\/td>\n<\/tr>\n<tr>\n<td><span style=\"font-weight: 400;\">Fabio Pontarolo<\/span><\/td>\n<td><span style=\"font-weight: 400;\">Eduardo Gabriel Back<\/span><\/td>\n<\/tr>\n<tr>\n<td><span style=\"font-weight: 400;\">Fl\u00e1via Maria Cordeiro<\/span><\/td>\n<td><span style=\"font-weight: 400;\">Eliezer Kailer<\/span><\/td>\n<\/tr>\n<tr>\n<td><span style=\"font-weight: 400;\">Gabriel Medeiros Regiani<\/span><\/td>\n<td><span style=\"font-weight: 400;\">Gabriela Leticia Alves de Medeiros Koguta<\/span><\/td>\n<\/tr>\n<tr>\n<td><span style=\"font-weight: 400;\">Guilherme Antonio Costa<\/span><\/td>\n<td><span style=\"font-weight: 400;\">Jamilli Zenzeluk<\/span><\/td>\n<\/tr>\n<tr>\n<td><span style=\"font-weight: 400;\">Joel Duarte Junior<\/span><\/td>\n<td><span style=\"font-weight: 400;\">Jo\u00e3o Souza<\/span><\/td>\n<\/tr>\n<tr>\n<td><span style=\"font-weight: 400;\">Jonathan Espig Carvalho<\/span><\/td>\n<td><span style=\"font-weight: 400;\">Jos\u00e9 Lucas Sidnei Ramos<\/span><\/td>\n<\/tr>\n<tr>\n<td><span style=\"font-weight: 400;\">Jos\u00e9 Augusto Felipe Borges Borges<\/span><\/td>\n<td><span style=\"font-weight: 400;\">Julia Pazin<\/span><\/td>\n<\/tr>\n<tr>\n<td><span style=\"font-weight: 400;\">Leonardo Sau Provisor<\/span><\/td>\n<td><span style=\"font-weight: 400;\">Maria Eduarda Paix\u00e3o Rocha<\/span><\/td>\n<\/tr>\n<tr>\n<td><span style=\"font-weight: 400;\">Lucas Soares Sequinel<\/span><\/td>\n<td><span style=\"font-weight: 400;\">Maria Guimar\u00e3es<\/span><\/td>\n<\/tr>\n<tr>\n<td><span style=\"font-weight: 400;\">Luciana Klanovicz<\/span><\/td>\n<td><span style=\"font-weight: 400;\">Nataline Nascimento Birnfeld<\/span><\/td>\n<\/tr>\n<tr>\n<td><span style=\"font-weight: 400;\">Marcio Nei dos Santos<\/span><\/td>\n<td><span style=\"font-weight: 400;\">Nelson Cordeiro<\/span><\/td>\n<\/tr>\n<tr>\n<td><span style=\"font-weight: 400;\">Rodrigo Fid\u00e9lis Renauer<\/span><\/td>\n<td><span style=\"font-weight: 400;\">Odinei Fabiano Ramos<\/span><\/td>\n<\/tr>\n<tr>\n<td><span style=\"font-weight: 400;\">Thiago Kenji Hirano<\/span><\/td>\n<td><span style=\"font-weight: 400;\">Vanderlei Moreira da Fonseca<\/span><\/td>\n<\/tr>\n<tr>\n<td><span style=\"font-weight: 400;\">Wesney Schiligoski<\/span><\/td>\n<td><span style=\"font-weight: 400;\">Vitoria da Silva Neri<\/span><\/td>\n<\/tr>\n<\/tbody>\n<\/table>\n<p>[\/vc_column_text][\/vc_column][\/vc_row]<\/p>\n<\/div>","protected":false},"excerpt":{"rendered":"<p>[vc_row][vc_column][vc_column_text css=&#8221;&#8221;] COMPOSI\u00c7\u00c3O INTERPRETA\u00c7\u00c3O Daniele Krauz Beatriz Barbosa Delcio Luiz Mores Dioni Eric Oliveira de Lima Fabio Pontarolo Eduardo Gabriel Back Fl\u00e1via Maria Cordeiro Eliezer Kailer Gabriel Medeiros Regiani Gabriela Leticia Alves de Medeiros Koguta Guilherme Antonio Costa Jamilli Zenzeluk Joel Duarte Junior Jo\u00e3o Souza Jonathan Espig Carvalho Jos\u00e9 Lucas Sidnei Ramos Jos\u00e9 Augusto Felipe [&hellip;]<\/p>\n","protected":false},"author":1,"featured_media":0,"parent":2758,"menu_order":0,"comment_status":"closed","ping_status":"closed","template":"","meta":{"_uf_show_specific_survey":0,"_uf_disable_surveys":false,"footnotes":"","_links_to":"","_links_to_target":""},"class_list":["post-3449","page","type-page","status-publish","hentry"],"_links":{"self":[{"href":"https:\/\/sites.unicentro.br\/fuca\/wp-json\/wp\/v2\/pages\/3449","targetHints":{"allow":["GET"]}}],"collection":[{"href":"https:\/\/sites.unicentro.br\/fuca\/wp-json\/wp\/v2\/pages"}],"about":[{"href":"https:\/\/sites.unicentro.br\/fuca\/wp-json\/wp\/v2\/types\/page"}],"author":[{"embeddable":true,"href":"https:\/\/sites.unicentro.br\/fuca\/wp-json\/wp\/v2\/users\/1"}],"replies":[{"embeddable":true,"href":"https:\/\/sites.unicentro.br\/fuca\/wp-json\/wp\/v2\/comments?post=3449"}],"version-history":[{"count":3,"href":"https:\/\/sites.unicentro.br\/fuca\/wp-json\/wp\/v2\/pages\/3449\/revisions"}],"predecessor-version":[{"id":3452,"href":"https:\/\/sites.unicentro.br\/fuca\/wp-json\/wp\/v2\/pages\/3449\/revisions\/3452"}],"up":[{"embeddable":true,"href":"https:\/\/sites.unicentro.br\/fuca\/wp-json\/wp\/v2\/pages\/2758"}],"wp:attachment":[{"href":"https:\/\/sites.unicentro.br\/fuca\/wp-json\/wp\/v2\/media?parent=3449"}],"curies":[{"name":"wp","href":"https:\/\/api.w.org\/{rel}","templated":true}]}}