{"id":16,"date":"2015-04-17T00:00:00","date_gmt":"2015-04-17T03:00:00","guid":{"rendered":"https:\/\/sites.unicentro.br\/professores\/pedrogonzalez\/apresentacao\/"},"modified":"2015-04-17T00:00:00","modified_gmt":"2015-04-17T03:00:00","slug":"apresentacao","status":"publish","type":"page","link":"https:\/\/sites.unicentro.br\/professores\/pedrogonzalez\/","title":{"rendered":"Apresenta\u00e7\u00e3o"},"content":{"rendered":"<p style=\"text-align: justify\"><span style=\"font-size: medium;font-family: 'comic sans ms', sans-serif\">Este <em>site<\/em> visa, principalmente, fornecer informa\u00e7\u00f5es relativas \u00e0s atividades de ensino e pesquisa desenvolvidas pelo <span style=\"color: #000000\">docente. Quanto ao ensino, o <\/span><em>site<\/em> disponibiliza material complementar para os acad\u00eamicos que cursam as disciplinas citadas no <em>site<\/em>. As informa\u00e7\u00f5es relativas \u00e0 pesquisa t\u00eam o intuito de dar uma vis\u00e3o das atividades executadas e da infraestrutura dispon\u00edvel nos laborat\u00f3rios.<\/span><\/p>\n","protected":false},"excerpt":{"rendered":"<p>Este site visa, principalmente, fornecer informa\u00e7\u00f5es relativas \u00e0s atividades de ensino e pesquisa desenvolvidas pelo docente. Quanto ao ensino, o site disponibiliza material complementar para os acad\u00eamicos que cursam as disciplinas citadas no site. As informa\u00e7\u00f5es relativas \u00e0 pesquisa t\u00eam o intuito de dar uma vis\u00e3o das atividades executadas e da infraestrutura dispon\u00edvel nos laborat\u00f3rios.<\/p>\n","protected":false},"author":3,"featured_media":0,"parent":0,"menu_order":0,"comment_status":"closed","ping_status":"closed","template":"","meta":{"_monsterinsights_skip_tracking":false,"_monsterinsights_sitenote_active":false,"_monsterinsights_sitenote_note":"","_monsterinsights_sitenote_category":0,"footnotes":""},"class_list":["post-16","page","type-page","status-publish","hentry"],"_links":{"self":[{"href":"https:\/\/sites.unicentro.br\/professores\/pedrogonzalez\/wp-json\/wp\/v2\/pages\/16","targetHints":{"allow":["GET"]}}],"collection":[{"href":"https:\/\/sites.unicentro.br\/professores\/pedrogonzalez\/wp-json\/wp\/v2\/pages"}],"about":[{"href":"https:\/\/sites.unicentro.br\/professores\/pedrogonzalez\/wp-json\/wp\/v2\/types\/page"}],"author":[{"embeddable":true,"href":"https:\/\/sites.unicentro.br\/professores\/pedrogonzalez\/wp-json\/wp\/v2\/users\/3"}],"replies":[{"embeddable":true,"href":"https:\/\/sites.unicentro.br\/professores\/pedrogonzalez\/wp-json\/wp\/v2\/comments?post=16"}],"version-history":[{"count":0,"href":"https:\/\/sites.unicentro.br\/professores\/pedrogonzalez\/wp-json\/wp\/v2\/pages\/16\/revisions"}],"wp:attachment":[{"href":"https:\/\/sites.unicentro.br\/professores\/pedrogonzalez\/wp-json\/wp\/v2\/media?parent=16"}],"curies":[{"name":"wp","href":"https:\/\/api.w.org\/{rel}","templated":true}]}}