{"id":22,"date":"2011-09-01T00:00:00","date_gmt":"2011-09-01T03:00:00","guid":{"rendered":"https:\/\/sites.unicentro.br\/professores\/pedrogonzalez\/pesquisa\/laboratorios\/infraestrutura\/"},"modified":"2011-09-01T00:00:00","modified_gmt":"2011-09-01T03:00:00","slug":"infraestrutura","status":"publish","type":"page","link":"https:\/\/sites.unicentro.br\/professores\/pedrogonzalez\/pesquisa\/laboratorios\/infraestrutura\/","title":{"rendered":"Infraestrutura"},"content":{"rendered":"<p style=\"text-align: justify\"><span style=\"font-size: medium;font-family: 'comic sans ms', sans-serif\"><strong>\u00c1rea f\u00edsica<\/strong>: 70 m<sup>2<\/sup>.<\/span><\/p>\n<div id=\"attachment_1170\" style=\"width: 160px\" class=\"wp-caption alignleft\"><a href=\"http:\/\/sites.unicentro.br\/wp\/pedrogonzalez\/files\/2013\/03\/DSC03688.jpg\"><img loading=\"lazy\" decoding=\"async\" aria-describedby=\"caption-attachment-1170\" class=\"size-thumbnail wp-image-1170\" alt=\"Sistema de Espectroscopia Fotoac\u00fastica\" src=\"http:\/\/sites.unicentro.br\/wp\/pedrogonzalez\/files\/2013\/03\/DSC03688-150x150.jpg\" width=\"150\" height=\"150\" \/><\/a><p id=\"caption-attachment-1170\" class=\"wp-caption-text\">Sistema de Espectroscopia Fotoac\u00fastica<\/p><\/div>\n<p style=\"text-align: justify\"><span style=\"font-size: medium;font-family: 'comic sans ms', sans-serif\"><strong>Equipamentos<\/strong>: fonte de luz de xen\u00f4nio (Xe) de 1kW; monocromador de 1\/8; c\u00e9lula fotoac\u00fastica fechada com detector e fonte; modulador mec\u00e2nico (<em>chopper<\/em>) SR540; amplificador s\u00edcrono (<em>lock-in<\/em>) SR840 DSP;\u00a0 duas mesas \u00f3ptica de granito com base de sustenta\u00e7\u00e3o; estabilizador de alta voltagem 5 kW; Laser de HeNe 20 mW; laser de \u00edons de arg\u00f4nio com 4 linhas selecion\u00e1veis; laser de estado s\u00f3lido 405 nm 100mW; criostato (77K at\u00e9 500K); controlador de temperatura 331S; sistema de v\u00e1cuo; espectr\u00f4metro \u00f3ptico e acess\u00f3rios, e tr\u00eas computadores<em><\/em>.<\/span><\/p>\n","protected":false},"excerpt":{"rendered":"<p>\u00c1rea f\u00edsica: 70 m2. Equipamentos: fonte de luz de xen\u00f4nio (Xe) de 1kW; monocromador de 1\/8; c\u00e9lula fotoac\u00fastica fechada com detector e fonte; modulador mec\u00e2nico (chopper) SR540; amplificador s\u00edcrono (lock-in) SR840 DSP;\u00a0 duas mesas \u00f3ptica de granito com base de sustenta\u00e7\u00e3o; estabilizador de alta voltagem 5 kW; Laser de HeNe 20 mW; laser de \u00edons [&hellip;]<\/p>\n","protected":false},"author":3,"featured_media":0,"parent":21,"menu_order":0,"comment_status":"closed","ping_status":"open","template":"","meta":{"_monsterinsights_skip_tracking":false,"_monsterinsights_sitenote_active":false,"_monsterinsights_sitenote_note":"","_monsterinsights_sitenote_category":0,"footnotes":""},"class_list":["post-22","page","type-page","status-publish","hentry"],"_links":{"self":[{"href":"https:\/\/sites.unicentro.br\/professores\/pedrogonzalez\/wp-json\/wp\/v2\/pages\/22","targetHints":{"allow":["GET"]}}],"collection":[{"href":"https:\/\/sites.unicentro.br\/professores\/pedrogonzalez\/wp-json\/wp\/v2\/pages"}],"about":[{"href":"https:\/\/sites.unicentro.br\/professores\/pedrogonzalez\/wp-json\/wp\/v2\/types\/page"}],"author":[{"embeddable":true,"href":"https:\/\/sites.unicentro.br\/professores\/pedrogonzalez\/wp-json\/wp\/v2\/users\/3"}],"replies":[{"embeddable":true,"href":"https:\/\/sites.unicentro.br\/professores\/pedrogonzalez\/wp-json\/wp\/v2\/comments?post=22"}],"version-history":[{"count":0,"href":"https:\/\/sites.unicentro.br\/professores\/pedrogonzalez\/wp-json\/wp\/v2\/pages\/22\/revisions"}],"up":[{"embeddable":true,"href":"https:\/\/sites.unicentro.br\/professores\/pedrogonzalez\/wp-json\/wp\/v2\/pages\/21"}],"wp:attachment":[{"href":"https:\/\/sites.unicentro.br\/professores\/pedrogonzalez\/wp-json\/wp\/v2\/media?parent=22"}],"curies":[{"name":"wp","href":"https:\/\/api.w.org\/{rel}","templated":true}]}}