{"id":36,"date":"2020-04-26T00:00:00","date_gmt":"2020-04-26T03:00:00","guid":{"rendered":"https:\/\/sites.unicentro.br\/professores\/pedrogonzalez\/ensino\/horario-de-atendimento\/"},"modified":"2020-04-26T10:05:56","modified_gmt":"2020-04-26T13:05:56","slug":"horario-de-atendimento","status":"publish","type":"page","link":"https:\/\/sites.unicentro.br\/professores\/pedrogonzalez\/ensino\/horario-de-atendimento\/","title":{"rendered":"Hor\u00e1rio de Atendimento"},"content":{"rendered":"<p><span style=\"font-size: 12pt;font-family: arial, helvetica, sans-serif\"><strong>Ter\u00e7a-feira<\/strong>: 20h:30min &#8211; 23h:05min (Mec\u00e2nica Qu\u00e2ntica, T\u00f3picos de F\u00edsica Aplicada e Laborat\u00f3rio de F\u00edsica Moderna)<\/span><\/p>\n<p><span style=\"font-size: 12pt;font-family: arial, helvetica, sans-serif\"><strong>Quinta-feira<\/strong>: 22h:15min &#8211; 23h:05min (Laborat\u00f3rio de F\u00edsica Moderna)<\/span><\/p>\n<p><span style=\"font-size: 18pt\">Durante o per\u00edodo de isolamento social, o acad\u00eamico deve solicitar o atendimento por meio do Google Sala de Aula.<\/span><\/p>\n","protected":false},"excerpt":{"rendered":"<p>Ter\u00e7a-feira: 20h:30min &#8211; 23h:05min (Mec\u00e2nica Qu\u00e2ntica, T\u00f3picos de F\u00edsica Aplicada e Laborat\u00f3rio de F\u00edsica Moderna) Quinta-feira: 22h:15min &#8211; 23h:05min (Laborat\u00f3rio de F\u00edsica Moderna) Durante o per\u00edodo de isolamento social, o acad\u00eamico deve solicitar o atendimento por meio do Google Sala de Aula.<\/p>\n","protected":false},"author":5,"featured_media":0,"parent":14,"menu_order":1,"comment_status":"closed","ping_status":"closed","template":"","meta":{"_monsterinsights_skip_tracking":false,"_monsterinsights_sitenote_active":false,"_monsterinsights_sitenote_note":"","_monsterinsights_sitenote_category":0,"footnotes":""},"class_list":["post-36","page","type-page","status-publish","hentry"],"_links":{"self":[{"href":"https:\/\/sites.unicentro.br\/professores\/pedrogonzalez\/wp-json\/wp\/v2\/pages\/36","targetHints":{"allow":["GET"]}}],"collection":[{"href":"https:\/\/sites.unicentro.br\/professores\/pedrogonzalez\/wp-json\/wp\/v2\/pages"}],"about":[{"href":"https:\/\/sites.unicentro.br\/professores\/pedrogonzalez\/wp-json\/wp\/v2\/types\/page"}],"author":[{"embeddable":true,"href":"https:\/\/sites.unicentro.br\/professores\/pedrogonzalez\/wp-json\/wp\/v2\/users\/5"}],"replies":[{"embeddable":true,"href":"https:\/\/sites.unicentro.br\/professores\/pedrogonzalez\/wp-json\/wp\/v2\/comments?post=36"}],"version-history":[{"count":1,"href":"https:\/\/sites.unicentro.br\/professores\/pedrogonzalez\/wp-json\/wp\/v2\/pages\/36\/revisions"}],"predecessor-version":[{"id":1439,"href":"https:\/\/sites.unicentro.br\/professores\/pedrogonzalez\/wp-json\/wp\/v2\/pages\/36\/revisions\/1439"}],"up":[{"embeddable":true,"href":"https:\/\/sites.unicentro.br\/professores\/pedrogonzalez\/wp-json\/wp\/v2\/pages\/14"}],"wp:attachment":[{"href":"https:\/\/sites.unicentro.br\/professores\/pedrogonzalez\/wp-json\/wp\/v2\/media?parent=36"}],"curies":[{"name":"wp","href":"https:\/\/api.w.org\/{rel}","templated":true}]}}