{"id":44,"date":"2012-10-20T00:00:00","date_gmt":"2012-10-20T03:00:00","guid":{"rendered":"https:\/\/sites.unicentro.br\/professores\/pedrogonzalez\/ensino\/disciplinas\/graduacao\/"},"modified":"2020-04-23T18:44:05","modified_gmt":"2020-04-23T21:44:05","slug":"graduacao","status":"publish","type":"page","link":"https:\/\/sites.unicentro.br\/professores\/pedrogonzalez\/ensino\/disciplinas\/graduacao\/","title":{"rendered":"Gradua\u00e7\u00e3o"},"content":{"rendered":"\n<p><span style=\"font-family: 'trebuchet ms', geneva, sans-serif;font-size: 16pt\">Os conte\u00fados, relacionados com as disciplinas ministradas na gradua\u00e7\u00e3o, est\u00e3o dispon\u00edveis no Google Sala de Aula. Caso n\u00e3o tenha a senha de acesso, entrar em contato com o professor.<\/span><\/p>\n","protected":false},"excerpt":{"rendered":"<p>Os conte\u00fados, relacionados com as disciplinas ministradas na gradua\u00e7\u00e3o, est\u00e3o dispon\u00edveis no Google Sala de Aula. Caso n\u00e3o tenha a senha de acesso, entrar em contato com o professor.<\/p>\n","protected":false},"author":3,"featured_media":0,"parent":17,"menu_order":0,"comment_status":"closed","ping_status":"closed","template":"","meta":{"_monsterinsights_skip_tracking":false,"_monsterinsights_sitenote_active":false,"_monsterinsights_sitenote_note":"","_monsterinsights_sitenote_category":0,"footnotes":""},"class_list":["post-44","page","type-page","status-publish","hentry"],"_links":{"self":[{"href":"https:\/\/sites.unicentro.br\/professores\/pedrogonzalez\/wp-json\/wp\/v2\/pages\/44","targetHints":{"allow":["GET"]}}],"collection":[{"href":"https:\/\/sites.unicentro.br\/professores\/pedrogonzalez\/wp-json\/wp\/v2\/pages"}],"about":[{"href":"https:\/\/sites.unicentro.br\/professores\/pedrogonzalez\/wp-json\/wp\/v2\/types\/page"}],"author":[{"embeddable":true,"href":"https:\/\/sites.unicentro.br\/professores\/pedrogonzalez\/wp-json\/wp\/v2\/users\/3"}],"replies":[{"embeddable":true,"href":"https:\/\/sites.unicentro.br\/professores\/pedrogonzalez\/wp-json\/wp\/v2\/comments?post=44"}],"version-history":[{"count":1,"href":"https:\/\/sites.unicentro.br\/professores\/pedrogonzalez\/wp-json\/wp\/v2\/pages\/44\/revisions"}],"predecessor-version":[{"id":1428,"href":"https:\/\/sites.unicentro.br\/professores\/pedrogonzalez\/wp-json\/wp\/v2\/pages\/44\/revisions\/1428"}],"up":[{"embeddable":true,"href":"https:\/\/sites.unicentro.br\/professores\/pedrogonzalez\/wp-json\/wp\/v2\/pages\/17"}],"wp:attachment":[{"href":"https:\/\/sites.unicentro.br\/professores\/pedrogonzalez\/wp-json\/wp\/v2\/media?parent=44"}],"curies":[{"name":"wp","href":"https:\/\/api.w.org\/{rel}","templated":true}]}}