{"id":48,"date":"2019-05-21T19:59:00","date_gmt":"2019-05-21T22:59:00","guid":{"rendered":"https:\/\/sites.unicentro.br\/professores\/pedrogonzalez\/pesquisa\/seminarios\/"},"modified":"2019-05-21T20:06:22","modified_gmt":"2019-05-21T23:06:22","slug":"seminarios","status":"publish","type":"page","link":"https:\/\/sites.unicentro.br\/professores\/pedrogonzalez\/pesquisa\/seminarios\/","title":{"rendered":"Semin\u00e1rios"},"content":{"rendered":"<header>\n<h1><span style=\"font-family: verdana, geneva\">Apresenta\u00e7\u00e3o<\/span><\/h1>\n<\/header>\n<div>\n<p><span style=\"font-family: verdana, geneva;font-size: medium\"><strong>Bem-vindo \u00e0 p\u00e1gina do Semin\u00e1rio do Grupo de Propriedades \u00d3pticas e T\u00e9rmicas, GPOT, da UNICENTRO<\/strong><\/span><\/p>\n<p><span style=\"font-family: verdana, geneva;font-size: medium\">Neste espa\u00e7o, ser\u00e3o postadas as novidades dos semin\u00e1rios; resumos de \u00a0eventos e mais!<\/span><\/p>\n<header>\n<h1><span style=\"font-family: verdana, geneva\">Objetivos<\/span><\/h1>\n<\/header>\n<div>\n<p style=\"text-align: justify\"><span style=\"font-family: verdana, geneva;font-size: medium\">\u2022 Estes semin\u00e1rios t\u00eam como prop\u00f3sito a troca de ideias sobre conte\u00fados relacionados aos equipamentos de uso rotineiro na \u00e1rea de pesquisa, assim como \u00e0 teoria das diferentes t\u00e9cnicas empregadas no Grupo.<\/span><\/p>\n<p style=\"text-align: justify\"><span style=\"font-family: verdana, geneva;font-size: medium\">\u2022 O p\u00fablico-alvo dos semin\u00e1rios s\u00e3o os acad\u00eamicos e alunos de p\u00f3s-gradua\u00e7\u00e3o, inclusive para servir como complementa\u00e7\u00e3o \u00e0s disciplinas j\u00e1 oferecidas pelos departamentos\u00a0pedag\u00f3gicos\u00a0e programas de p\u00f3s-gradua\u00e7\u00e3o, mas que s\u00e3o insuficientes para quem almeja tornar-se um especialista na \u00e1rea.<\/span><\/p>\n<p style=\"text-align: justify\"><span style=\"font-family: verdana, geneva;font-size: medium\">\u2022 O tempo de dura\u00e7\u00e3o dos semin\u00e1rios ser\u00e1 de uma hora. Os resumos apresentados s\u00e3o fornecidos pelos ministrantes.<\/span><\/p>\n<p style=\"text-align: justify\"><span style=\"font-family: tahoma, arial, helvetica, sans-serif\"><strong><span style=\"font-size: 14pt\">Local:<\/span><\/strong><\/span> <span style=\"font-family: verdana, geneva, sans-serif;font-size: 14pt\">sala 4 no Bloco do DEFIS\/G &#8211; Campus CEDETEG.<\/span><\/p>\n<p style=\"text-align: justify\"><span style=\"font-size: 14pt;font-family: verdana, geneva, sans-serif\"><strong>Dia:<\/strong> sexta-feira<\/span><\/p>\n<p style=\"text-align: justify\"><span style=\"font-family: verdana, geneva, sans-serif;font-size: 14pt\"><strong>Hor\u00e1rio:<\/strong> 13h30 &#8211; 14h30<\/span><\/p>\n<p style=\"text-align: justify\"><a href=\"https:\/\/sites.unicentro.br\/professores\/pedrogonzalez\/wp-content\/uploads\/sites\/3\/2019\/05\/Programa\u00e7\u00e3o-de-Semin\u00e1rios_0419.pdf\" target=\"_blank\" rel=\"noopener noreferrer\"><span style=\"font-size: 14pt;font-family: verdana, geneva, sans-serif\">Pr\u00f3ximos Semin\u00e1rio<\/span><span style=\"font-size: 14pt\">s<\/span><\/a><\/p>\n<\/div>\n<\/div>\n","protected":false},"excerpt":{"rendered":"<p>Apresenta\u00e7\u00e3o Bem-vindo \u00e0 p\u00e1gina do Semin\u00e1rio do Grupo de Propriedades \u00d3pticas e T\u00e9rmicas, GPOT, da UNICENTRO Neste espa\u00e7o, ser\u00e3o postadas as novidades dos semin\u00e1rios; resumos de \u00a0eventos e mais! Objetivos \u2022 Estes semin\u00e1rios t\u00eam como prop\u00f3sito a troca de ideias sobre conte\u00fados relacionados aos equipamentos de uso rotineiro na \u00e1rea de pesquisa, assim como \u00e0 [&hellip;]<\/p>\n","protected":false},"author":5,"featured_media":0,"parent":15,"menu_order":3,"comment_status":"closed","ping_status":"closed","template":"","meta":{"_monsterinsights_skip_tracking":false,"_monsterinsights_sitenote_active":false,"_monsterinsights_sitenote_note":"","_monsterinsights_sitenote_category":0,"footnotes":""},"class_list":["post-48","page","type-page","status-publish","hentry"],"_links":{"self":[{"href":"https:\/\/sites.unicentro.br\/professores\/pedrogonzalez\/wp-json\/wp\/v2\/pages\/48","targetHints":{"allow":["GET"]}}],"collection":[{"href":"https:\/\/sites.unicentro.br\/professores\/pedrogonzalez\/wp-json\/wp\/v2\/pages"}],"about":[{"href":"https:\/\/sites.unicentro.br\/professores\/pedrogonzalez\/wp-json\/wp\/v2\/types\/page"}],"author":[{"embeddable":true,"href":"https:\/\/sites.unicentro.br\/professores\/pedrogonzalez\/wp-json\/wp\/v2\/users\/5"}],"replies":[{"embeddable":true,"href":"https:\/\/sites.unicentro.br\/professores\/pedrogonzalez\/wp-json\/wp\/v2\/comments?post=48"}],"version-history":[{"count":2,"href":"https:\/\/sites.unicentro.br\/professores\/pedrogonzalez\/wp-json\/wp\/v2\/pages\/48\/revisions"}],"predecessor-version":[{"id":921,"href":"https:\/\/sites.unicentro.br\/professores\/pedrogonzalez\/wp-json\/wp\/v2\/pages\/48\/revisions\/921"}],"up":[{"embeddable":true,"href":"https:\/\/sites.unicentro.br\/professores\/pedrogonzalez\/wp-json\/wp\/v2\/pages\/15"}],"wp:attachment":[{"href":"https:\/\/sites.unicentro.br\/professores\/pedrogonzalez\/wp-json\/wp\/v2\/media?parent=48"}],"curies":[{"name":"wp","href":"https:\/\/api.w.org\/{rel}","templated":true}]}}