{"id":59,"date":"2019-04-26T13:57:00","date_gmt":"2019-04-26T16:57:00","guid":{"rendered":"https:\/\/sites.unicentro.br\/professores\/pedrogonzalez\/pesquisa\/grupo\/apresentacao\/"},"modified":"2020-04-23T18:46:38","modified_gmt":"2020-04-23T21:46:38","slug":"apresentacao","status":"publish","type":"page","link":"https:\/\/sites.unicentro.br\/professores\/pedrogonzalez\/pesquisa\/grupo\/apresentacao\/","title":{"rendered":"Apresenta\u00e7\u00e3o"},"content":{"rendered":"<p style=\"text-align: justify\"><span style=\"font-size: 16pt\">O Grupo de Propriedades \u00d3pticas e T\u00e9rmicas, <strong>GPOT<\/strong>, do Departamento de F\u00edsica da UNICENTRO trabalha na caracteriza\u00e7\u00e3o \u00f3ptica e t\u00e9rmica de materiais utilizando, principalmente, as seguintes t\u00e9cnicas: absor\u00e7\u00e3o \u00f3ptica e fotoac\u00fastica. Os materiais de interesse s\u00e3o solos, argilas, biomateriais, fotoprotetores e semicondutores, entre outros. Al\u00e9m disso, estudam-se componentes bioativos de cogumelos, mieis, pr\u00f3polis, plantas etc. O grupo possui apoio financeiro do CNPq, Funda\u00e7\u00e3o Arauc\u00e1ria\/PR e SETI\/PR.<\/span><\/p>\n","protected":false},"excerpt":{"rendered":"<p>O Grupo de Propriedades \u00d3pticas e T\u00e9rmicas, GPOT, do Departamento de F\u00edsica da UNICENTRO trabalha na caracteriza\u00e7\u00e3o \u00f3ptica e t\u00e9rmica de materiais utilizando, principalmente, as seguintes t\u00e9cnicas: absor\u00e7\u00e3o \u00f3ptica e fotoac\u00fastica. Os materiais de interesse s\u00e3o solos, argilas, biomateriais, fotoprotetores e semicondutores, entre outros. Al\u00e9m disso, estudam-se componentes bioativos de cogumelos, mieis, pr\u00f3polis, plantas etc. [&hellip;]<\/p>\n","protected":false},"author":5,"featured_media":0,"parent":58,"menu_order":0,"comment_status":"closed","ping_status":"closed","template":"","meta":{"_monsterinsights_skip_tracking":false,"_monsterinsights_sitenote_active":false,"_monsterinsights_sitenote_note":"","_monsterinsights_sitenote_category":0,"footnotes":""},"class_list":["post-59","page","type-page","status-publish","hentry"],"_links":{"self":[{"href":"https:\/\/sites.unicentro.br\/professores\/pedrogonzalez\/wp-json\/wp\/v2\/pages\/59","targetHints":{"allow":["GET"]}}],"collection":[{"href":"https:\/\/sites.unicentro.br\/professores\/pedrogonzalez\/wp-json\/wp\/v2\/pages"}],"about":[{"href":"https:\/\/sites.unicentro.br\/professores\/pedrogonzalez\/wp-json\/wp\/v2\/types\/page"}],"author":[{"embeddable":true,"href":"https:\/\/sites.unicentro.br\/professores\/pedrogonzalez\/wp-json\/wp\/v2\/users\/5"}],"replies":[{"embeddable":true,"href":"https:\/\/sites.unicentro.br\/professores\/pedrogonzalez\/wp-json\/wp\/v2\/comments?post=59"}],"version-history":[{"count":2,"href":"https:\/\/sites.unicentro.br\/professores\/pedrogonzalez\/wp-json\/wp\/v2\/pages\/59\/revisions"}],"predecessor-version":[{"id":1432,"href":"https:\/\/sites.unicentro.br\/professores\/pedrogonzalez\/wp-json\/wp\/v2\/pages\/59\/revisions\/1432"}],"up":[{"embeddable":true,"href":"https:\/\/sites.unicentro.br\/professores\/pedrogonzalez\/wp-json\/wp\/v2\/pages\/58"}],"wp:attachment":[{"href":"https:\/\/sites.unicentro.br\/professores\/pedrogonzalez\/wp-json\/wp\/v2\/media?parent=59"}],"curies":[{"name":"wp","href":"https:\/\/api.w.org\/{rel}","templated":true}]}}