{"id":70,"date":"2016-10-04T00:00:00","date_gmt":"2016-10-04T03:00:00","guid":{"rendered":"https:\/\/sites.unicentro.br\/professores\/pedrogonzalez\/orientacoes\/iniciacao-cientifica\/2003-2012\/"},"modified":"2016-10-04T00:00:00","modified_gmt":"2016-10-04T03:00:00","slug":"2003-2012","status":"publish","type":"page","link":"https:\/\/sites.unicentro.br\/professores\/pedrogonzalez\/orientacoes\/iniciacao-cientifica\/2003-2012\/","title":{"rendered":"2003 &#8211; 2012"},"content":{"rendered":"<p><span style=\"font-size: 12pt;font-family: tahoma, arial, helvetica, sans-serif\"><strong>nome:\u00a0Edson Rafael Cardozo de Oliveira<\/strong><\/span><\/p>\n<p><span style=\"font-size: 12pt;font-family: tahoma, arial, helvetica, sans-serif\">T\u00edtulo do trabalho: &#8220;Estudo de protetores solares inorg\u00e2nicos por espectroscopia fotoac\u00fastica&#8221;<\/span><\/p>\n<p><span style=\"font-size: 12pt;font-family: tahoma, arial, helvetica, sans-serif\">Per\u00edodo: agosto 2011 &#8211; julho 2012<\/span><\/p>\n<p><span style=\"font-family: tahoma, arial, helvetica, sans-serif;font-size: 12pt\"><strong>nome:\u00a0Guilherme Oliveira Silva<\/strong><\/span><\/p>\n<p><span style=\"font-size: 12pt;font-family: tahoma, arial, helvetica, sans-serif\">T\u00edtulo do trabalho: &#8220;Estudo de biomateriais por espectroscopia fotoac\u00fastica&#8221;<\/span><\/p>\n<p><span style=\"font-size: 12pt;font-family: tahoma, arial, helvetica, sans-serif\">Per\u00edodo: agosto 2011 &#8211; julho 2012<\/span><\/p>\n<p><span style=\"font-size: 12pt;font-family: tahoma, arial, helvetica, sans-serif\"><strong>nome:\u00a0Johnni Xavier Padilha<\/strong><\/span><\/p>\n<p><span style=\"font-size: 12pt;font-family: tahoma, arial, helvetica, sans-serif\">T\u00edtulo do trabalho: &#8220;Estudo de Processos de Transfer\u00eancia de Energia em Bilhares Qu\u00e2nticos&#8221;<\/span><\/p>\n<p><span style=\"font-size: 12pt;font-family: tahoma, arial, helvetica, sans-serif\">Per\u00edodo: agosto 2011 &#8211; julho 2012<\/span><\/p>\n<p><span style=\"font-family: tahoma, arial, helvetica, sans-serif;font-size: 12pt\"><strong>nome:\u00a0Wycaro Elias Domingues de Deus<\/strong><\/span><\/p>\n<p><span style=\"font-size: 12pt;font-family: tahoma, arial, helvetica, sans-serif\">T\u00edtulo do trabalho: &#8220;Estudo de amostra ambientais complexas por espectroscopia fotoac\u00fastica&#8221;<\/span><\/p>\n<p><span style=\"font-size: 12pt;font-family: tahoma, arial, helvetica, sans-serif\">Per\u00edodo: agosto 2011 &#8211; julho 2012<\/span><\/p>\n<p><span style=\"font-family: tahoma, arial, helvetica, sans-serif;font-size: 12pt\"><strong>nome:\u00a0Alberto Piasecki Junior<\/strong><\/span><\/p>\n<p><span style=\"font-family: tahoma, arial, helvetica, sans-serif;font-size: 12pt\">T\u00edtulo do trabalho: &#8220;Estudo dos Mecanismos de Condutividade T\u00e9rmica em Nanofluidos&#8221;<\/span><\/p>\n<p><span style=\"font-family: tahoma, arial, helvetica, sans-serif;font-size: 12pt\">Per\u00edodo: agosto 2006 &#8211; julho 2007<\/span><\/p>\n<p><span style=\"font-family: tahoma, arial, helvetica, sans-serif;font-size: 12pt\"><strong>nome:\u00a0Cristiane Antoniazzi<\/strong><\/span><\/p>\n<p><span style=\"font-family: tahoma, arial, helvetica, sans-serif;font-size: 12pt\">T\u00edtulo do trabalho: &#8220;T\u00f3picos sobre materiais semicondutores&#8221;<\/span><\/p>\n<p><span style=\"font-family: tahoma, arial, helvetica, sans-serif;font-size: 12pt\">Per\u00edodo: agosto 2006 &#8211; julho 2007<\/span><\/p>\n<p><span style=\"font-family: tahoma, arial, helvetica, sans-serif;font-size: 12pt\"><strong>nome:\u00a0Vin\u00edcius Mariani Lenart\u00a0<\/strong><\/span><\/p>\n<p><span style=\"font-family: tahoma, arial, helvetica, sans-serif;font-size: 12pt\">T\u00edtulo do trabalho: &#8220;Propriedades \u00d3pticas de Super-redes do tipo (GaAs)n\/(AlAs)n&#8221;<\/span><\/p>\n<p><span style=\"font-family: tahoma, arial, helvetica, sans-serif;font-size: 12pt\">Per\u00edodo: agosto 2006 &#8211; julho 2007<\/span><\/p>\n<p><span style=\"font-family: tahoma, arial, helvetica, sans-serif;font-size: 12pt\"><strong>nome:\u00a0F\u00e1bio Batista Lara<\/strong><\/span><\/p>\n<p><span style=\"font-family: tahoma, arial, helvetica, sans-serif;font-size: 12pt\">T\u00edtulo do trabalho: &#8220;T\u00f3picos de F\u00edsica do Estado S\u00f3lido e de Transfer\u00eancia do Calor&#8221;<\/span><\/p>\n<p><span style=\"font-family: tahoma, arial, helvetica, sans-serif;font-size: 12pt\">Per\u00edodo: agosto 2007 &#8211; julho 2008<\/span><\/p>\n<p><span style=\"font-family: tahoma, arial, helvetica, sans-serif;font-size: 12pt\"><strong>nome:\u00a0F\u00e1bio Luiz Pessoa Albini<\/strong><\/span><\/p>\n<p><span style=\"font-family: tahoma, arial, helvetica, sans-serif;font-size: 12pt\">T\u00edtulo do trabalho: &#8220;Um ambiente virtual de apoio ao ensino da F\u00edsica&#8221;<\/span><\/p>\n<p><span style=\"font-family: tahoma, arial, helvetica, sans-serif;font-size: 12pt\">Per\u00edodo: agosto 2005 &#8211; julho 2006<\/span><\/p>\n<p><span style=\"font-family: tahoma, arial, helvetica, sans-serif;font-size: 12pt\"><strong>nome:\u00a0Vin\u00edcius Mariani Lenart<\/strong><\/span><\/p>\n<p><span style=\"font-family: tahoma, arial, helvetica, sans-serif;font-size: 12pt\">T\u00edtulo do trabalho: &#8220;Introdu\u00e7\u00e3o aos Semicondutores e ao Programa Mathematica&#8221;<\/span><\/p>\n<p><span style=\"font-family: tahoma, arial, helvetica, sans-serif;font-size: 12pt\">Per\u00edodo: agosto 2005 &#8211; julho 2006<\/span><\/p>\n<p><span style=\"font-family: tahoma, arial, helvetica, sans-serif;font-size: 12pt\"><strong>nome:\u00a0Alan Douglas Oliveira<\/strong><\/span><\/p>\n<p><span style=\"font-family: tahoma, arial, helvetica, sans-serif;font-size: 12pt\">T\u00edtulo do trabalho: &#8220;T\u00f3picos de F\u00edsica do Estado S\u00f3lido e de F\u00edsica dos Semicondutores&#8221;<\/span><\/p>\n<p><span style=\"font-family: tahoma, arial, helvetica, sans-serif;font-size: 12pt\">Per\u00edodo: agosto 2005 &#8211; julho 2006<\/span><\/p>\n<p><span style=\"font-family: tahoma, arial, helvetica, sans-serif;font-size: 12pt\"><strong>nome:\u00a0F\u00e1bio Luiz Pessoa Albini<\/strong><\/span><\/p>\n<p><span style=\"font-family: tahoma, arial, helvetica, sans-serif;font-size: 12pt\">T\u00edtulo do trabalho: &#8220;Sistema de apoio ao ensino de f\u00edsica, utilizando a Internet&#8221;<\/span><\/p>\n<p><span style=\"font-family: tahoma, arial, helvetica, sans-serif;font-size: 12pt\">Per\u00edodo: agosto 2004 &#8211; julho 2005<\/span><\/p>\n<p><span style=\"font-family: tahoma, arial, helvetica, sans-serif;font-size: 12pt\"><strong>nome:\u00a0Marcio Daldin Teodoro<\/strong><\/span><\/p>\n<p><span style=\"font-family: tahoma, arial, helvetica, sans-serif;font-size: 12pt\">T\u00edtulo do trabalho: &#8220;Estudo de Propriedades \u00d3pticas de Super-redes de GaAs\/AlAs utilizando a t\u00e9cnica de Fotoluminesc\u00eancia&#8221;<\/span><\/p>\n<p><span style=\"font-family: tahoma, arial, helvetica, sans-serif;font-size: 12pt\">Per\u00edodo: agosto 2004 &#8211; julho 2005<\/span><\/p>\n<p><span style=\"font-family: tahoma, arial, helvetica, sans-serif;font-size: 12pt\"><strong>nome:\u00a0Ana Lucia Ferreira<\/strong><\/span><\/p>\n<p><span style=\"font-family: tahoma, arial, helvetica, sans-serif;font-size: 12pt\">T\u00edtulo do trabalho: &#8220;Projetos Computacionais no Ensino de Conceitos F\u00edsicos &#8211; Parte II&#8221;<\/span><\/p>\n<p><span style=\"font-family: tahoma, arial, helvetica, sans-serif;font-size: 12pt\">Per\u00edodo: agosto 2004 &#8211; julho 2005<\/span><\/p>\n<p><span style=\"font-family: tahoma, arial, helvetica, sans-serif;font-size: 12pt\"><strong>nome:\u00a0Ana Lucia Ferreira<\/strong><\/span><\/p>\n<p><span style=\"font-family: tahoma, arial, helvetica, sans-serif;font-size: 12pt\">T\u00edtulo do trabalho: &#8220;Projetos Computacionais no Ensino de Conceitos F\u00edsicos&#8221;<\/span><\/p>\n<p><span style=\"font-family: tahoma, arial, helvetica, sans-serif;font-size: 12pt\">Per\u00edodo: agosto 2003 &#8211; julho 2004<\/span><\/p>\n","protected":false},"excerpt":{"rendered":"<p>nome:\u00a0Edson Rafael Cardozo de Oliveira T\u00edtulo do trabalho: &#8220;Estudo de protetores solares inorg\u00e2nicos por espectroscopia fotoac\u00fastica&#8221; Per\u00edodo: agosto 2011 &#8211; julho 2012 nome:\u00a0Guilherme Oliveira Silva T\u00edtulo do trabalho: &#8220;Estudo de biomateriais por espectroscopia fotoac\u00fastica&#8221; Per\u00edodo: agosto 2011 &#8211; julho 2012 nome:\u00a0Johnni Xavier Padilha T\u00edtulo do trabalho: &#8220;Estudo de Processos de Transfer\u00eancia de Energia em Bilhares [&hellip;]<\/p>\n","protected":false},"author":3,"featured_media":0,"parent":68,"menu_order":3,"comment_status":"closed","ping_status":"closed","template":"","meta":{"_monsterinsights_skip_tracking":false,"_monsterinsights_sitenote_active":false,"_monsterinsights_sitenote_note":"","_monsterinsights_sitenote_category":0,"footnotes":""},"class_list":["post-70","page","type-page","status-publish","hentry"],"_links":{"self":[{"href":"https:\/\/sites.unicentro.br\/professores\/pedrogonzalez\/wp-json\/wp\/v2\/pages\/70","targetHints":{"allow":["GET"]}}],"collection":[{"href":"https:\/\/sites.unicentro.br\/professores\/pedrogonzalez\/wp-json\/wp\/v2\/pages"}],"about":[{"href":"https:\/\/sites.unicentro.br\/professores\/pedrogonzalez\/wp-json\/wp\/v2\/types\/page"}],"author":[{"embeddable":true,"href":"https:\/\/sites.unicentro.br\/professores\/pedrogonzalez\/wp-json\/wp\/v2\/users\/3"}],"replies":[{"embeddable":true,"href":"https:\/\/sites.unicentro.br\/professores\/pedrogonzalez\/wp-json\/wp\/v2\/comments?post=70"}],"version-history":[{"count":0,"href":"https:\/\/sites.unicentro.br\/professores\/pedrogonzalez\/wp-json\/wp\/v2\/pages\/70\/revisions"}],"up":[{"embeddable":true,"href":"https:\/\/sites.unicentro.br\/professores\/pedrogonzalez\/wp-json\/wp\/v2\/pages\/68"}],"wp:attachment":[{"href":"https:\/\/sites.unicentro.br\/professores\/pedrogonzalez\/wp-json\/wp\/v2\/media?parent=70"}],"curies":[{"name":"wp","href":"https:\/\/api.w.org\/{rel}","templated":true}]}}