{"id":72,"date":"2020-04-26T00:00:00","date_gmt":"2020-04-26T03:00:00","guid":{"rendered":"https:\/\/sites.unicentro.br\/professores\/pedrogonzalez\/orientacoes\/iniciacao-cientifica\/2013-2\/"},"modified":"2020-04-26T10:18:23","modified_gmt":"2020-04-26T13:18:23","slug":"2013-2","status":"publish","type":"page","link":"https:\/\/sites.unicentro.br\/professores\/pedrogonzalez\/orientacoes\/iniciacao-cientifica\/2013-2\/","title":{"rendered":"2013 &#8211; 2020"},"content":{"rendered":"<p><span style=\"font-family: tahoma, arial, helvetica, sans-serif;font-size: 12pt\"><strong>nome: Vinicius Andrade de Oliveira<\/strong><\/span><\/p>\n<p><span style=\"font-family: tahoma, arial, helvetica, sans-serif;font-size: 12pt\">T\u00edtulo do trabalho: &#8220;An\u00e1lise do espectro de absor\u00e7\u00e3o \u00f3ptico do composto BiFeO3-PbTiO3 via espectroscopia fotoac\u00fastica&#8221;<\/span><\/p>\n<p><span style=\"font-family: tahoma, arial, helvetica, sans-serif;font-size: 12pt\">Per\u00edodo: agosto 2019 &#8211;<\/span><\/p>\n<p><span style=\"font-size: 12pt;font-family: tahoma, arial, helvetica, sans-serif\"><strong>nome: Ricardo Gonzatto Rodrigues<\/strong><\/span><\/p>\n<p><span style=\"font-size: 12pt;font-family: tahoma, arial, helvetica, sans-serif\">T\u00edtulo do trabalho: &#8220;Aplica\u00e7\u00e3o da espectroscopia fotoac\u00fastica na detec\u00e7\u00e3o de componentes bioativos em cogumelos produzidos em diferentes substratos&#8221;<\/span><\/p>\n<p><span style=\"font-size: 12pt;font-family: tahoma, arial, helvetica, sans-serif\">Per\u00edodo: agosto 2019 &#8211;<\/span><\/p>\n<p><span style=\"font-size: 12pt;font-family: tahoma, arial, helvetica, sans-serif\"><strong>nome: Eduardo da Rosa Pagani<\/strong><\/span><\/p>\n<p><span style=\"font-size: 12pt;font-family: tahoma, arial, helvetica, sans-serif\">T\u00edtulo do trabalho: &#8220;Aplica\u00e7\u00e3o da espectroscopia fotoac\u00fastica na detec\u00e7\u00e3o de componentes bioativos em folhas e ra\u00edzes de plantas&#8221;<\/span><\/p>\n<p><span style=\"font-size: 12pt;font-family: tahoma, arial, helvetica, sans-serif\">Per\u00edodo: agosto 2019 &#8211;\u00a0<\/span><\/p>\n<p><span style=\"font-size: 12pt;font-family: tahoma, arial, helvetica, sans-serif\"><strong>nome: Felipe Leria Stefenon<\/strong><\/span><\/p>\n<p><span style=\"font-size: 12pt;font-family: tahoma, arial, helvetica, sans-serif\">T\u00edtulo do trabalho: &#8220;Caracteriza\u00e7\u00e3o de \u00f3xidos de ferro via espectroscopia fotoac\u00fastica&#8221;<\/span><\/p>\n<p><span style=\"font-size: 12pt;font-family: tahoma, arial, helvetica, sans-serif\">Per\u00edodo: agosto 2019 &#8211;\u00a0<\/span><\/p>\n<p><span style=\"font-family: tahoma, arial, helvetica, sans-serif;font-size: 12pt\"><strong>nome:\u00a0Allan Felipe Gaspareto Machado<\/strong><\/span><\/p>\n<p><span style=\"font-family: tahoma, arial, helvetica, sans-serif;font-size: 12pt\">T\u00edtulo do trabalho: &#8220;Caracteriza\u00e7\u00e3o \u00f3ptica de pigmentos de \u00f3xido de ferro via espectroscopia fotoac\u00fastica&#8221;<\/span><\/p>\n<p><span style=\"font-family: tahoma, arial, helvetica, sans-serif;font-size: 12pt\">Per\u00edodo: agosto 2018 &#8211; julho 2019<\/span><\/p>\n<p><span style=\"font-family: tahoma, arial, helvetica, sans-serif;font-size: 12pt\"><strong>nome: Vinicius Andrade de Oliveira<\/strong><\/span><\/p>\n<p><span style=\"font-family: tahoma, arial, helvetica, sans-serif;font-size: 12pt\">T\u00edtulo do trabalho: &#8220;Espectroscopia fotoac\u00fastica aplicada \u00e0 determina\u00e7\u00e3o direta de compostos fen\u00f3licos em pr\u00f3polis&#8221;<\/span><\/p>\n<p><span style=\"font-family: tahoma, arial, helvetica, sans-serif;font-size: 12pt\">Per\u00edodo: outubro 2018 &#8211; julho 2019<\/span><\/p>\n<p><span style=\"font-size: 12pt;font-family: tahoma, arial, helvetica, sans-serif\"><strong>nome: Felipe Leria Stefenon<\/strong><\/span><\/p>\n<p><span style=\"font-size: 12pt;font-family: tahoma, arial, helvetica, sans-serif\">T\u00edtulo do trabalho: &#8220;Montagem de t\u00e9cnicas de caracteriza\u00e7\u00e3o \u00f3ptica e t\u00e9rmica: aplica\u00e7\u00e3o em argilas e hidroxiapatita&#8221;<\/span><\/p>\n<p><span style=\"font-size: 12pt;font-family: tahoma, arial, helvetica, sans-serif\">Per\u00edodo: agosto 2018 &#8211; julho 2019<\/span><\/p>\n<p><span style=\"font-family: tahoma, arial, helvetica, sans-serif;font-size: 12pt\"><strong>nome:\u00a0Allan Felipe Gaspareto Machado<\/strong><\/span><\/p>\n<p><span style=\"font-family: tahoma, arial, helvetica, sans-serif;font-size: 12pt\">T\u00edtulo do trabalho: &#8220;Espectroscopia fotoac\u00fastica aplicada na caracteriza\u00e7\u00e3o de pigmentos inorg\u00e2nicos sint\u00e9ticos&#8221;<\/span><\/p>\n<p><span style=\"font-family: tahoma, arial, helvetica, sans-serif;font-size: 12pt\">Per\u00edodo: agosto 2017 &#8211; julho 2018<\/span><\/p>\n<p><span style=\"font-family: tahoma, arial, helvetica, sans-serif;font-size: 12pt\"><strong>nome:\u00a0Vin\u00edcius C\u00e9sar de Oliveira<\/strong><\/span><\/p>\n<p><span style=\"font-family: tahoma, arial, helvetica, sans-serif;font-size: 12pt\">T\u00edtulo do trabalho: &#8220;Caracteriza\u00e7\u00e3o de amostras de m\u00e9is de abelhas de diferentes regi\u00f5es do Paran\u00e1 via espectroscopia fotoac\u00fastica&#8221;<\/span><\/p>\n<p><span style=\"font-family: tahoma, arial, helvetica, sans-serif;font-size: 12pt\">Per\u00edodo: agosto 2017 &#8211; julho 2018<\/span><\/p>\n<p><span style=\"font-size: 12pt;font-family: tahoma, arial, helvetica, sans-serif\"><strong>nome:\u00a0Diego Henrique Witchemichen<\/strong><\/span><\/p>\n<p><span style=\"font-size: 12pt;font-family: tahoma, arial, helvetica, sans-serif\">T\u00edtulo do trabalho: &#8220;Sintetiza\u00e7\u00e3o e caracteriza\u00e7\u00e3o do composto BFPT, dopado de La&#8221;<\/span><\/p>\n<p><span style=\"font-size: 12pt;font-family: tahoma, arial, helvetica, sans-serif\">Per\u00edodo: agosto 2016 &#8211; julho 2017<\/span><\/p>\n<p><span style=\"font-family: tahoma, arial, helvetica, sans-serif;font-size: 12pt\"><strong>nome:\u00a0Vin\u00edcius C\u00e9sar de Oliveira<\/strong><\/span><\/p>\n<p><span style=\"font-family: tahoma, arial, helvetica, sans-serif;font-size: 12pt\">T\u00edtulo do trabalho: &#8220;Estudo de filmes finos nanoestruturados de Nb_2O_5 dopados com (Li)^+ via espectroscopia fotoac\u00fastica&#8221;<\/span><\/p>\n<p><span style=\"font-family: tahoma, arial, helvetica, sans-serif;font-size: 12pt\">Per\u00edodo: agosto 2016 &#8211; julho 2017<\/span><\/p>\n<p><span style=\"font-family: tahoma, arial, helvetica, sans-serif;font-size: 12pt\"><strong>nome:\u00a0Paulo Henrique Gonsalves<\/strong><\/span><\/p>\n<p><span style=\"font-family: tahoma, arial, helvetica, sans-serif;font-size: 12pt\">T\u00edtulo do trabalho: &#8220;Tempo de Pulos em Sistema Din\u00e2micos Ca\u00f3ticos&#8221;<\/span><\/p>\n<p><span style=\"font-family: tahoma, arial, helvetica, sans-serif;font-size: 12pt\">Per\u00edodo: agosto 2016 &#8211; mar\u00e7o 2017<\/span><\/p>\n<p><span style=\"font-size: 12pt;font-family: tahoma, arial, helvetica, sans-serif\"><strong>nome:\u00a0Gabriele Chomen Costa<\/strong><\/span><\/p>\n<p><span style=\"font-size: 12pt;font-family: tahoma, arial, helvetica, sans-serif\">T\u00edtulo do trabalho: &#8220;Caracteriza\u00e7\u00e3o de cer\u00e2micas ferroel\u00e9tricas de titanato-zirconato de chumbo via espectroscopia fotoac\u00fastica&#8221;<\/span><\/p>\n<p><span style=\"font-size: 12pt;font-family: tahoma, arial, helvetica, sans-serif\">Per\u00edodo: agosto 2015 &#8211; julho 2016<\/span><\/p>\n<p><span style=\"font-family: tahoma, arial, helvetica, sans-serif;font-size: 12pt\"><strong>nome:\u00a0Matheus Wesley Pretko<\/strong><\/span><\/p>\n<p><span style=\"font-family: tahoma, arial, helvetica, sans-serif;font-size: 12pt\">T\u00edtulo do trabalho: &#8220;Cogumelos comest\u00edveis cultivados em substratos derivados do caf\u00e9: um estudo fotoac\u00fastico&#8221;<\/span><\/p>\n<p><span style=\"font-family: tahoma, arial, helvetica, sans-serif;font-size: 12pt\">Per\u00edodo: agosto 2015 &#8211; julho 2016<\/span><\/p>\n<p><span style=\"font-family: tahoma, arial, helvetica, sans-serif;font-size: 12pt\"><strong>nome:\u00a0Vin\u00edcius C\u00e9sar de Oliveira<\/strong><\/span><\/p>\n<p><span style=\"font-family: tahoma, arial, helvetica, sans-serif;font-size: 12pt\">T\u00edtulo do trabalho: &#8220;Espectroscopia fotoac\u00fastica aplicada na caracteriza\u00e7\u00e3o cer\u00e2micas biocompat\u00edveis a base de fosfatos de c\u00e1lcio&#8221;<\/span><\/p>\n<p><span style=\"font-family: tahoma, arial, helvetica, sans-serif;font-size: 12pt\">Per\u00edodo: agosto 2015 &#8211; julho 2016<\/span><\/p>\n<p><span style=\"font-family: tahoma, arial, helvetica, sans-serif;font-size: 12pt\"><strong>nome:\u00a0Guilherme Oliveira Silva<\/strong><\/span><\/p>\n<p><span style=\"font-family: tahoma, arial, helvetica, sans-serif;font-size: 12pt\">T\u00edtulo do trabalho: &#8220;Analise do efeito da queimada em solos via espectroscopia fotoac\u00fastica&#8221;<\/span><\/p>\n<p><span style=\"font-family: tahoma, arial, helvetica, sans-serif;font-size: 12pt\">Per\u00edodo: agosto 2014 &#8211; julho 2015<\/span><\/p>\n<p><span style=\"font-family: tahoma, arial, helvetica, sans-serif;font-size: 12pt\"><strong>nome:\u00a0Nicole Gabrielle de Moura<\/strong><\/span><\/p>\n<p><span style=\"font-family: tahoma, arial, helvetica, sans-serif;font-size: 12pt\">T\u00edtulo do trabalho: &#8220;Estudo de filtros solares a base do agente natural argila na composi\u00e7\u00e3o de protetores solares via t\u00e9cnica de espectroscopia fotoac\u00fastica&#8221;<\/span><\/p>\n<p><span style=\"font-family: tahoma, arial, helvetica, sans-serif;font-size: 12pt\">Per\u00edodo: agosto 2014 &#8211; julho 2015<\/span><\/p>\n<p><span style=\"font-size: 12pt;font-family: tahoma, arial, helvetica, sans-serif\"><strong>nome:\u00a0Guilherme Oliveira Silva<\/strong><\/span><\/p>\n<p><span style=\"font-size: 12pt;font-family: tahoma, arial, helvetica, sans-serif\">T\u00edtulo do trabalho: &#8220;Utiliza\u00e7\u00e3o da espectroscopia fotoac\u00fastica na caracteriza\u00e7\u00e3o de elementos met\u00e1licos em argilas e sedimentos&#8221;<\/span><\/p>\n<p><span style=\"font-size: 12pt;font-family: tahoma, arial, helvetica, sans-serif\">Per\u00edodo: agosto 2013 &#8211; julho 2014<\/span><\/p>\n<p><span style=\"font-family: tahoma, arial, helvetica, sans-serif;font-size: 12pt\"><strong>nome:\u00a0Nicole Gabrielle de Moura<\/strong><\/span><\/p>\n<p><span style=\"font-family: tahoma, arial, helvetica, sans-serif;font-size: 12pt\">T\u00edtulo do trabalho: &#8220;Utiliza\u00e7\u00e3o da espectroscopia fotoac\u00fastica para determina\u00e7\u00e3o in vitro do fator de prote\u00e7\u00e3o solar de protetores solares&#8221;<\/span><\/p>\n<p><span style=\"font-family: tahoma, arial, helvetica, sans-serif;font-size: 12pt\">Per\u00edodo: agosto 2013 &#8211; julho 2014<\/span><\/p>\n<p><span style=\"font-family: tahoma, arial, helvetica, sans-serif;font-size: 12pt\"><strong>nome:\u00a0Fernando Maia de Oliveira<\/strong><\/span><\/p>\n<p><span style=\"font-family: tahoma, arial, helvetica, sans-serif;font-size: 12pt\">T\u00edtulo do trabalho: &#8220;Aplica\u00e7\u00e3o da Espectroscopia Fotoac\u00fastica no estudo de argilas&#8221;<\/span><\/p>\n<p><span style=\"font-family: tahoma, arial, helvetica, sans-serif;font-size: 12pt\">Per\u00edodo: agosto 2013 &#8211; julho 2014<\/span><\/p>\n<p><span style=\"font-family: tahoma, arial, helvetica, sans-serif;font-size: 12pt\"><strong>nome:\u00a0Nicole Gabrielle de Moura<\/strong><\/span><\/p>\n<p><span style=\"font-family: tahoma, arial, helvetica, sans-serif;font-size: 12pt\">T\u00edtulo do trabalho: &#8220;Estudo de hidroxiapatita dopada por meio da espectroscopia fotoac\u00fastica&#8221;<\/span><\/p>\n<p><span style=\"font-family: tahoma, arial, helvetica, sans-serif;font-size: 12pt\">Per\u00edodo: agosto 2012 &#8211; julho 2013<\/span><\/p>\n<p><span style=\"font-family: tahoma, arial, helvetica, sans-serif;font-size: 12pt\"><strong>nome:\u00a0Fernando Maia de Oliveira<\/strong><\/span><\/p>\n<p><span style=\"font-family: tahoma, arial, helvetica, sans-serif;font-size: 12pt\">T\u00edtulo do trabalho: &#8220;Estudo de f\u00e1rmacos via espectroscopia fotoac\u00fastica&#8221;<\/span><\/p>\n<p><span style=\"font-family: tahoma, arial, helvetica, sans-serif;font-size: 12pt\">Per\u00edodo: agosto 2012 &#8211; julho 2013<\/span><\/p>\n<p><span style=\"font-size: 12pt;font-family: tahoma, arial, helvetica, sans-serif\"><strong>nome:\u00a0Wycaro Elias Domingues de Deus<\/strong><\/span><\/p>\n<p><span style=\"font-size: 12pt;font-family: tahoma, arial, helvetica, sans-serif\">T\u00edtulo do trabalho: &#8220;Estudo de sedimentos e mel de diferentes regi\u00f5es do Paran\u00e1 via espectroscopia fotoac\u00fastica&#8221;<\/span><\/p>\n<p><span style=\"font-size: 12pt;font-family: tahoma, arial, helvetica, sans-serif\">Per\u00edodo: agosto 2012 &#8211; julho 2013<\/span><\/p>\n","protected":false},"excerpt":{"rendered":"<p>nome: Vinicius Andrade de Oliveira T\u00edtulo do trabalho: &#8220;An\u00e1lise do espectro de absor\u00e7\u00e3o \u00f3ptico do composto BiFeO3-PbTiO3 via espectroscopia fotoac\u00fastica&#8221; Per\u00edodo: agosto 2019 &#8211; nome: Ricardo Gonzatto Rodrigues T\u00edtulo do trabalho: &#8220;Aplica\u00e7\u00e3o da espectroscopia fotoac\u00fastica na detec\u00e7\u00e3o de componentes bioativos em cogumelos produzidos em diferentes substratos&#8221; Per\u00edodo: agosto 2019 &#8211; nome: Eduardo da Rosa Pagani [&hellip;]<\/p>\n","protected":false},"author":5,"featured_media":0,"parent":68,"menu_order":2,"comment_status":"closed","ping_status":"closed","template":"","meta":{"_monsterinsights_skip_tracking":false,"_monsterinsights_sitenote_active":false,"_monsterinsights_sitenote_note":"","_monsterinsights_sitenote_category":0,"footnotes":""},"class_list":["post-72","page","type-page","status-publish","hentry"],"_links":{"self":[{"href":"https:\/\/sites.unicentro.br\/professores\/pedrogonzalez\/wp-json\/wp\/v2\/pages\/72","targetHints":{"allow":["GET"]}}],"collection":[{"href":"https:\/\/sites.unicentro.br\/professores\/pedrogonzalez\/wp-json\/wp\/v2\/pages"}],"about":[{"href":"https:\/\/sites.unicentro.br\/professores\/pedrogonzalez\/wp-json\/wp\/v2\/types\/page"}],"author":[{"embeddable":true,"href":"https:\/\/sites.unicentro.br\/professores\/pedrogonzalez\/wp-json\/wp\/v2\/users\/5"}],"replies":[{"embeddable":true,"href":"https:\/\/sites.unicentro.br\/professores\/pedrogonzalez\/wp-json\/wp\/v2\/comments?post=72"}],"version-history":[{"count":1,"href":"https:\/\/sites.unicentro.br\/professores\/pedrogonzalez\/wp-json\/wp\/v2\/pages\/72\/revisions"}],"predecessor-version":[{"id":1444,"href":"https:\/\/sites.unicentro.br\/professores\/pedrogonzalez\/wp-json\/wp\/v2\/pages\/72\/revisions\/1444"}],"up":[{"embeddable":true,"href":"https:\/\/sites.unicentro.br\/professores\/pedrogonzalez\/wp-json\/wp\/v2\/pages\/68"}],"wp:attachment":[{"href":"https:\/\/sites.unicentro.br\/professores\/pedrogonzalez\/wp-json\/wp\/v2\/media?parent=72"}],"curies":[{"name":"wp","href":"https:\/\/api.w.org\/{rel}","templated":true}]}}