{"id":74,"date":"2019-04-26T13:37:00","date_gmt":"2019-04-26T16:37:00","guid":{"rendered":"https:\/\/sites.unicentro.br\/professores\/pedrogonzalez\/orientacoes\/tcc\/2011-2\/"},"modified":"2019-04-26T13:38:44","modified_gmt":"2019-04-26T16:38:44","slug":"2011-2","status":"publish","type":"page","link":"https:\/\/sites.unicentro.br\/professores\/pedrogonzalez\/orientacoes\/tcc\/2011-2\/","title":{"rendered":"2011 &#8211;"},"content":{"rendered":"<p><span style=\"font-family: tahoma, arial, helvetica, sans-serif;font-size: 12pt\"><strong>nome: Diego Henrique Witchemichen<\/strong><\/span><\/p>\n<p><span style=\"font-family: tahoma, arial, helvetica, sans-serif;font-size: 12pt\">T\u00edtulo: &#8220;Influ\u00eancia da Concentra\u00e7\u00e3o do Lant\u00e2nio na S\u00edntese do Composto BFPT&#8221;<\/span><\/p>\n<p><span style=\"font-family: tahoma, arial, helvetica, sans-serif;font-size: 12pt\">ano: 2018<\/span><\/p>\n<p><span style=\"font-family: tahoma, arial, helvetica, sans-serif;font-size: 12pt\"><strong>nome: Nicole Gabrielle de Moura<\/strong><\/span><\/p>\n<p><span style=\"font-family: tahoma, arial, helvetica, sans-serif;font-size: 12pt\">T\u00edtulo: &#8220;Caracteriza\u00e7\u00e3o de filtros solares a base do agente natural argila na composi\u00e7\u00e3o de protetores solares via espectroscopia fotoac\u00fastica&#8221;<\/span><\/p>\n<p><span style=\"font-family: tahoma, arial, helvetica, sans-serif;font-size: 12pt\">ano: 2016<\/span><\/p>\n<p><strong><span style=\"font-size: 12pt\"><span style=\"font-family: tahoma, arial, helvetica, sans-serif\">nome:\u00a0<\/span>Guilherme Oliveira SiIva<\/span><\/strong><\/p>\n<p><span style=\"font-family: tahoma, arial, helvetica, sans-serif;font-size: 12pt\">T\u00edtulo: &#8220;Efeito da queimada de solo: Estudo fotoac\u00fastico e an\u00e1lise multivariada&#8221;<\/span><\/p>\n<p><span style=\"font-family: tahoma, arial, helvetica, sans-serif;font-size: 12pt\">ano: 2016<\/span><\/p>\n<p><span style=\"font-family: tahoma, arial, helvetica, sans-serif;font-size: 12pt\"><strong>nome:\u00a0Fernando Maia de Oliveira<\/strong><\/span><\/p>\n<p><span style=\"font-family: tahoma, arial, helvetica, sans-serif;font-size: 12pt\">T\u00edtulo: &#8220;Caracteriza\u00e7\u00e3o \u00d3ptica e T\u00e9rmica de argilas de argila vermelha&#8221;<\/span><\/p>\n<p><span style=\"font-family: tahoma, arial, helvetica, sans-serif;font-size: 12pt\">ano: 2014<\/span><\/p>\n<p><span style=\"font-family: tahoma, arial, helvetica, sans-serif;font-size: 12pt\"><strong>nome:\u00a0Edson Rafael Cardozo de Oliveira<\/strong><\/span><\/p>\n<p><span style=\"font-size: 12pt;font-family: tahoma, arial, helvetica, sans-serif\">T\u00edtulo: &#8220;Estudo das vari\u00e1veis de formula\u00e7\u00e3o de protetores solares \u00e0 base de filtros inorg\u00e2nicos por meio da Espectroscopia Fotoac\u00fastica&#8221;<\/span><\/p>\n<p><span style=\"font-size: 12pt;font-family: tahoma, arial, helvetica, sans-serif\">ano: 2012<\/span><\/p>\n<p><span style=\"font-family: tahoma, arial, helvetica, sans-serif;font-size: 12pt\"><strong>nome:\u00a0Jo\u00e3o Carlos de Andrade Getelina<\/strong><\/span><\/p>\n<p><span style=\"font-family: tahoma, arial, helvetica, sans-serif;font-size: 12pt\">T\u00edtulo: &#8220;Estudo te\u00f3rico da espectroscopia fotoac\u00fastica de dois feixes para amostras de duas camadas&#8221;<\/span><\/p>\n<p><span style=\"font-family: tahoma, arial, helvetica, sans-serif;font-size: 12pt\">ano: 2012<\/span><\/p>\n","protected":false},"excerpt":{"rendered":"<p>nome: Diego Henrique Witchemichen T\u00edtulo: &#8220;Influ\u00eancia da Concentra\u00e7\u00e3o do Lant\u00e2nio na S\u00edntese do Composto BFPT&#8221; ano: 2018 nome: Nicole Gabrielle de Moura T\u00edtulo: &#8220;Caracteriza\u00e7\u00e3o de filtros solares a base do agente natural argila na composi\u00e7\u00e3o de protetores solares via espectroscopia fotoac\u00fastica&#8221; ano: 2016 nome:\u00a0Guilherme Oliveira SiIva T\u00edtulo: &#8220;Efeito da queimada de solo: Estudo fotoac\u00fastico e [&hellip;]<\/p>\n","protected":false},"author":5,"featured_media":0,"parent":71,"menu_order":1,"comment_status":"closed","ping_status":"closed","template":"","meta":{"_monsterinsights_skip_tracking":false,"_monsterinsights_sitenote_active":false,"_monsterinsights_sitenote_note":"","_monsterinsights_sitenote_category":0,"footnotes":""},"class_list":["post-74","page","type-page","status-publish","hentry"],"_links":{"self":[{"href":"https:\/\/sites.unicentro.br\/professores\/pedrogonzalez\/wp-json\/wp\/v2\/pages\/74","targetHints":{"allow":["GET"]}}],"collection":[{"href":"https:\/\/sites.unicentro.br\/professores\/pedrogonzalez\/wp-json\/wp\/v2\/pages"}],"about":[{"href":"https:\/\/sites.unicentro.br\/professores\/pedrogonzalez\/wp-json\/wp\/v2\/types\/page"}],"author":[{"embeddable":true,"href":"https:\/\/sites.unicentro.br\/professores\/pedrogonzalez\/wp-json\/wp\/v2\/users\/5"}],"replies":[{"embeddable":true,"href":"https:\/\/sites.unicentro.br\/professores\/pedrogonzalez\/wp-json\/wp\/v2\/comments?post=74"}],"version-history":[{"count":2,"href":"https:\/\/sites.unicentro.br\/professores\/pedrogonzalez\/wp-json\/wp\/v2\/pages\/74\/revisions"}],"predecessor-version":[{"id":818,"href":"https:\/\/sites.unicentro.br\/professores\/pedrogonzalez\/wp-json\/wp\/v2\/pages\/74\/revisions\/818"}],"up":[{"embeddable":true,"href":"https:\/\/sites.unicentro.br\/professores\/pedrogonzalez\/wp-json\/wp\/v2\/pages\/71"}],"wp:attachment":[{"href":"https:\/\/sites.unicentro.br\/professores\/pedrogonzalez\/wp-json\/wp\/v2\/media?parent=74"}],"curies":[{"name":"wp","href":"https:\/\/api.w.org\/{rel}","templated":true}]}}