{"id":75,"date":"2019-04-26T13:52:00","date_gmt":"2019-04-26T16:52:00","guid":{"rendered":"https:\/\/sites.unicentro.br\/professores\/pedrogonzalez\/pesquisa-2\/"},"modified":"2021-09-10T13:17:24","modified_gmt":"2021-09-10T16:17:24","slug":"pesquisa-2","status":"publish","type":"page","link":"https:\/\/sites.unicentro.br\/professores\/pedrogonzalez\/pesquisa-2\/","title":{"rendered":"Pesquisa"},"content":{"rendered":"<p>Veja tamb\u00e9m:<\/p>\n<ul style=\"list-style-type: square\">\n<li><a href=\"http:\/\/lattes.cnpq.br\/8255141527991038\" target=\"_blank\" rel=\"noopener noreferrer\"><strong>Curriculum Lattes<\/strong><\/a><\/li>\n<li><strong><a href=\"http:\/\/dgp.cnpq.br\/dgp\/espelhogrupo\/7313764346804288\" target=\"_blank\" rel=\"noopener noreferrer\">Grupo de Pesquisa<\/a><\/strong><\/li>\n<\/ul>\n<p><span style=\"font-family: tahoma, arial, helvetica, sans-serif;font-size: 14pt;color: #3366ff\">Linhas de Pesquisa:<\/span><\/p>\n<p><span style=\"font-family: tahoma, arial, helvetica, sans-serif;font-size: 12pt\"><strong>Fen\u00f4menos Fotot\u00e9rmicos:<\/strong> Estudo das propriedades t\u00e9rmicas e \u00f3pticas de materiais, entre eles: solos, argilas, semicondutores, biomateriais, \u00f3xidos tipo Perovskita, amostras naturais, etc. Determina\u00e7\u00e3o de componentes bioativos de cogumelos, mieis, pr\u00f3polis, geopr\u00f3polis, p\u00f3len, plantas, etc. Determina\u00e7\u00e3o do <em>band gap<\/em> para amostras de interesse.<\/span><\/p>\n<p><span style=\"font-family: tahoma, arial, helvetica, sans-serif;font-size: 12pt\"><strong>Aplica\u00e7\u00f5es de Fluoresc\u00eancia de Raios X:<\/strong> Caracteriza\u00e7\u00e3o de amostras por meio da t\u00e9cnica de EDXRF. Prepara\u00e7\u00e3o de amostras e quantifica\u00e7\u00e3o dos poss\u00edveis elementos identificados. Poss\u00edveis amostras: amostras naturais, como geopr\u00f3polis; pr\u00f3polis, p\u00f3len, etc.; ambientais, como solos sedimentos; novos materiais, entre outras.<\/span><\/p>\n<p><span style=\"font-family: tahoma, arial, helvetica, sans-serif;font-size: 12pt\"><strong>Ensino de F\u00edsica:<\/strong> Tem por objetivo o desenvolvimento de materiais did\u00e1ticos que auxiliam tanto ao aluno como ao professor no ensino dos conceitos f\u00edsicos. Al\u00e9m disso, ser\u00e3o feitos estudos sobre o perfil dos acad\u00eamicos e dos egressos do curso de F\u00edsica da Unicentro.<\/span><\/p>\n","protected":false},"excerpt":{"rendered":"<p>Veja tamb\u00e9m: Curriculum Lattes Grupo de Pesquisa Linhas de Pesquisa: Fen\u00f4menos Fotot\u00e9rmicos: Estudo das propriedades t\u00e9rmicas e \u00f3pticas de materiais, entre eles: solos, argilas, semicondutores, biomateriais, \u00f3xidos tipo Perovskita, amostras naturais, etc. Determina\u00e7\u00e3o de componentes bioativos de cogumelos, mieis, pr\u00f3polis, geopr\u00f3polis, p\u00f3len, plantas, etc. Determina\u00e7\u00e3o do band gap para amostras de interesse. Aplica\u00e7\u00f5es de Fluoresc\u00eancia [&hellip;]<\/p>\n","protected":false},"author":5,"featured_media":0,"parent":0,"menu_order":3,"comment_status":"closed","ping_status":"closed","template":"","meta":{"_monsterinsights_skip_tracking":false,"_monsterinsights_sitenote_active":false,"_monsterinsights_sitenote_note":"","_monsterinsights_sitenote_category":0,"footnotes":""},"class_list":["post-75","page","type-page","status-publish","hentry"],"_links":{"self":[{"href":"https:\/\/sites.unicentro.br\/professores\/pedrogonzalez\/wp-json\/wp\/v2\/pages\/75","targetHints":{"allow":["GET"]}}],"collection":[{"href":"https:\/\/sites.unicentro.br\/professores\/pedrogonzalez\/wp-json\/wp\/v2\/pages"}],"about":[{"href":"https:\/\/sites.unicentro.br\/professores\/pedrogonzalez\/wp-json\/wp\/v2\/types\/page"}],"author":[{"embeddable":true,"href":"https:\/\/sites.unicentro.br\/professores\/pedrogonzalez\/wp-json\/wp\/v2\/users\/5"}],"replies":[{"embeddable":true,"href":"https:\/\/sites.unicentro.br\/professores\/pedrogonzalez\/wp-json\/wp\/v2\/comments?post=75"}],"version-history":[{"count":2,"href":"https:\/\/sites.unicentro.br\/professores\/pedrogonzalez\/wp-json\/wp\/v2\/pages\/75\/revisions"}],"predecessor-version":[{"id":1465,"href":"https:\/\/sites.unicentro.br\/professores\/pedrogonzalez\/wp-json\/wp\/v2\/pages\/75\/revisions\/1465"}],"wp:attachment":[{"href":"https:\/\/sites.unicentro.br\/professores\/pedrogonzalez\/wp-json\/wp\/v2\/media?parent=75"}],"curies":[{"name":"wp","href":"https:\/\/api.w.org\/{rel}","templated":true}]}}