{"id":249,"date":"2015-04-01T17:26:09","date_gmt":"2015-04-01T17:26:09","guid":{"rendered":"http:\/\/sites.unicentro.br\/wp\/9fortec\/?page_id=249"},"modified":"2015-04-28T19:10:43","modified_gmt":"2015-04-28T19:10:43","slug":"comissao-cientifica","status":"publish","type":"page","link":"https:\/\/sites.unicentro.br\/wp\/9fortec\/comissao-cientifica\/","title":{"rendered":"Comiss\u00e3o Cient\u00edfica"},"content":{"rendered":"<p>&nbsp;<\/p>\n<p>A comiss\u00e3o cient\u00edfica do 9\u00ba fortec \u00e9 constitu\u00edda pelos\u00a0seguintes membros:<\/p>\n<table width=\"652\">\n<tbody>\n<tr>\n<td style=\"text-align: center\" width=\"248\"><strong>Nome<\/strong><\/td>\n<td style=\"text-align: center\" width=\"152\"><strong>Institui\u00e7\u00e3o de v\u00ednculo<\/strong><\/td>\n<td style=\"text-align: center\" width=\"252\"><strong>Link Curr\u00edculo Lattes*<\/strong><\/td>\n<\/tr>\n<tr>\n<td style=\"text-align: center\" width=\"248\">Ana L\u00facia Vitale Torkomian (UFSCar)<\/td>\n<td style=\"text-align: center\" width=\"152\"><span style=\"font-size: 10pt\">FORTEC (SUDESTE)<\/span><\/td>\n<td style=\"text-align: center\" width=\"252\"><sub><a href=\"http:\/\/lattes.cnpq.br\/2321084184622795\">http:\/\/lattes.cnpq.br\/2321084184622795<\/a><\/sub><\/td>\n<\/tr>\n<tr>\n<td style=\"text-align: center\" width=\"248\">Cristina Maria Assis Lopes Tavares da Mata Hermida Quintella (UFBA)<\/td>\n<td style=\"text-align: center\" width=\"152\"><span style=\"font-size: 10pt\">FORTEC<\/span><\/td>\n<td style=\"text-align: center\" width=\"252\"><sub><a href=\"http:\/\/lattes.cnpq.br\/7897779819494573\">http:\/\/lattes.cnpq.br\/7897779819494573<\/a><\/sub><\/td>\n<\/tr>\n<tr>\n<td style=\"text-align: center\" width=\"248\">Gelso Pedrosi Filho (UFRR)<\/td>\n<td style=\"text-align: center\" width=\"152\"><span style=\"font-size: 10pt\">FORTEC (NORTE)<\/span><\/td>\n<td style=\"text-align: center\" width=\"252\"><sub><a href=\"http:\/\/lattes.cnpq.br\/4157375449144765\">http:\/\/lattes.cnpq.br\/4157375449144765<\/a><\/sub><\/td>\n<\/tr>\n<tr>\n<td style=\"text-align: center\" width=\"248\">Gesil Sampaio Amarante Segundo (UESC)<\/td>\n<td style=\"text-align: center\" width=\"152\"><span style=\"font-size: 10pt\">FORTEC<\/span><\/td>\n<td style=\"text-align: center\" width=\"252\"><sub><a href=\"http:\/\/lattes.cnpq.br\/2560106052820991\">http:\/\/lattes.cnpq.br\/2560106052820991<\/a><\/sub><\/td>\n<\/tr>\n<tr>\n<td style=\"text-align: center\" width=\"248\">Gilvanda Silva Nunes<\/td>\n<td style=\"text-align: center\"><span style=\"font-size: 10pt\">\u00a0<\/span><\/td>\n<td style=\"text-align: center\"><sub>\u00a0<a title=\"http:\/\/lattes.cnpq.br\/5833210771020427\" href=\"http:\/\/lattes.cnpq.br\/5833210771020427\">http:\/\/lattes.cnpq.br\/5833210771020427<\/a><\/sub><\/td>\n<\/tr>\n<tr>\n<td style=\"text-align: center\" width=\"248\">Maria das Gra\u00e7as Ferraz Bezerra (MPEG)<\/td>\n<td style=\"text-align: center\" width=\"152\"><span style=\"font-size: 10pt\">FORTEC<\/span><\/td>\n<td style=\"text-align: center\" width=\"252\"><sub><a href=\"http:\/\/lattes.cnpq.br\/4772393906405054\">http:\/\/lattes.cnpq.br\/4772393906405054<\/a><\/sub><\/td>\n<\/tr>\n<tr>\n<td style=\"text-align: center\" width=\"248\">Maria Rita Santos (UFPI)<\/td>\n<td style=\"text-align: center\" width=\"152\"><span style=\"font-size: 10pt\">FORTEC (NORDESTE)<\/span><\/td>\n<td style=\"text-align: center\" width=\"252\"><sub><a href=\"http:\/\/lattes.cnpq.br\/9419533125689616\">http:\/\/lattes.cnpq.br\/9419533125689616<\/a><\/sub><\/td>\n<\/tr>\n<tr>\n<td style=\"text-align: center\" width=\"248\">Marli Elizabeth Ritter dos Santos<\/td>\n<td style=\"text-align: center\" width=\"152\"><span style=\"font-size: 10pt\">\u00a0<\/span><\/td>\n<td style=\"text-align: center\" width=\"252\"><sub><a href=\"http:\/\/lattes.cnpq.br\/2481240877863956\">http:\/\/lattes.cnpq.br\/2481240877863956<\/a><\/sub><\/td>\n<\/tr>\n<tr>\n<td style=\"text-align: center\" width=\"248\">Paula Lenz (UECE)<\/td>\n<td style=\"text-align: center\" width=\"152\"><span style=\"font-size: 10pt\">FORTEC (NORDESTE)<\/span><\/td>\n<td style=\"text-align: center\" width=\"252\"><sub><a href=\"http:\/\/lattes.cnpq.br\/7511764225219776\">http:\/\/lattes.cnpq.br\/7511764225219776<\/a><\/sub><\/td>\n<\/tr>\n<tr>\n<td style=\"text-align: center\" width=\"248\">Paulo Anselmo Ziani Suarez<\/td>\n<td style=\"text-align: center\" width=\"152\"><span style=\"font-size: 10pt\">\u00a0<\/span><\/td>\n<td style=\"text-align: center\" width=\"252\"><sub><a href=\"http:\/\/lattes.cnpq.br\/8997745775645416\">http:\/\/lattes.cnpq.br\/8997745775645416<\/a><\/sub><\/td>\n<\/tr>\n<tr>\n<td style=\"text-align: center\" width=\"248\">Paulo Rog\u00e9rio Pinto Rodrigues<\/td>\n<td style=\"text-align: center\" width=\"152\"><span style=\"font-size: 10pt\">UNICENTRO<\/span><\/td>\n<td style=\"text-align: center\" width=\"252\"><sub><a href=\"http:\/\/lattes.cnpq.br\/1559766893291724\">http:\/\/lattes.cnpq.br\/1559766893291724<\/a><\/sub><\/td>\n<\/tr>\n<tr>\n<td style=\"text-align: center\" width=\"248\">Raquel Mauler (UFRGS)<\/td>\n<td style=\"text-align: center\" width=\"152\"><span style=\"font-size: 10pt\">FORTEC (SUL)<\/span><\/td>\n<td style=\"text-align: center\" width=\"252\"><sub><a href=\"http:\/\/lattes.cnpq.br\/3120810650181134\">http:\/\/lattes.cnpq.br\/3120810650181134<\/a><\/sub><\/td>\n<\/tr>\n<tr>\n<td style=\"text-align: center\" width=\"248\">Rozangela Curi Pedrosa<\/td>\n<td style=\"text-align: center\" width=\"152\"><span style=\"font-size: 10pt\">FORTEC (SUL)<\/span><\/td>\n<td style=\"text-align: center\" width=\"252\"><sub><a href=\"http:\/\/lattes.cnpq.br\/5839835671483987\">http:\/\/lattes.cnpq.br\/5839835671483987<\/a><\/sub><\/td>\n<\/tr>\n<tr>\n<td style=\"text-align: center\" width=\"248\">Ruben Dario Sinisterra Mill\u00e1n<\/td>\n<td style=\"text-align: center\" width=\"152\"><span style=\"font-size: 10pt\">UFMG<\/span><\/td>\n<td style=\"text-align: center\" width=\"252\"><sub><a href=\"http:\/\/lattes.cnpq.br\/0569614713880200\">http:\/\/lattes.cnpq.br\/0569614713880200<\/a><\/sub><\/td>\n<\/tr>\n<tr>\n<td style=\"text-align: center\" width=\"248\">S\u00edlvia Beatriz Beger Uch\u00f4a<\/td>\n<td style=\"text-align: center\" width=\"152\"><span style=\"font-size: 10pt\">UFAL<\/span><\/td>\n<td style=\"text-align: center\" width=\"252\"><sub><a href=\"http:\/\/lattes.cnpq.br\/2912504494560823\">http:\/\/lattes.cnpq.br\/2912504494560823<\/a><\/sub><\/td>\n<\/tr>\n<\/tbody>\n<\/table>\n<p>&nbsp;<\/p>\n<p>&nbsp;<\/p>\n<p><a href=\"http:\/\/sites.unicentro.br\/wp\/9fortec\/files\/2015\/02\/ArteRodap\u00e9.png\"><img loading=\"lazy\" decoding=\"async\" class=\"aligncenter size-large wp-image-333\" src=\"http:\/\/sites.unicentro.br\/wp\/9fortec\/files\/2015\/02\/ArteRodap\u00e9-1024x321.png\" alt=\"ArteRodap\u00e9\" width=\"640\" height=\"201\" srcset=\"https:\/\/sites.unicentro.br\/wp\/9fortec\/files\/2015\/02\/ArteRodap\u00e9-1024x321.png 1024w, https:\/\/sites.unicentro.br\/wp\/9fortec\/files\/2015\/02\/ArteRodap\u00e9-300x94.png 300w\" sizes=\"auto, (max-width: 640px) 100vw, 640px\" \/><\/a><\/p>\n<!-- AddThis Advanced Settings generic via filter on the_content --><!-- AddThis Share Buttons generic via filter on the_content -->","protected":false},"excerpt":{"rendered":"<p>&nbsp; A comiss\u00e3o cient\u00edfica do 9\u00ba fortec \u00e9 constitu\u00edda pelos\u00a0seguintes membros: Nome Institui\u00e7\u00e3o de v\u00ednculo Link Curr\u00edculo Lattes* Ana L\u00facia Vitale Torkomian (UFSCar) FORTEC (SUDESTE) http:\/\/lattes.cnpq.br\/2321084184622795 Cristina Maria Assis Lopes Tavares da Mata Hermida Quintella (UFBA) FORTEC http:\/\/lattes.cnpq.br\/7897779819494573 Gelso Pedrosi &hellip; <a href=\"https:\/\/sites.unicentro.br\/wp\/9fortec\/comissao-cientifica\/\">Continue lendo <span class=\"meta-nav\">&rarr;<\/span><\/a><!-- AddThis Advanced Settings generic via filter on wp_trim_excerpt --><!-- AddThis Share Buttons generic via filter on wp_trim_excerpt --><\/p>\n","protected":false},"author":121,"featured_media":0,"parent":0,"menu_order":0,"comment_status":"closed","ping_status":"closed","template":"onecolumn-page.php","meta":{"_exactmetrics_skip_tracking":false,"_exactmetrics_sitenote_active":false,"_exactmetrics_sitenote_note":"","_exactmetrics_sitenote_category":0,"ngg_post_thumbnail":0,"footnotes":""},"class_list":["post-249","page","type-page","status-publish","hentry"],"_links":{"self":[{"href":"https:\/\/sites.unicentro.br\/wp\/9fortec\/wp-json\/wp\/v2\/pages\/249","targetHints":{"allow":["GET"]}}],"collection":[{"href":"https:\/\/sites.unicentro.br\/wp\/9fortec\/wp-json\/wp\/v2\/pages"}],"about":[{"href":"https:\/\/sites.unicentro.br\/wp\/9fortec\/wp-json\/wp\/v2\/types\/page"}],"author":[{"embeddable":true,"href":"https:\/\/sites.unicentro.br\/wp\/9fortec\/wp-json\/wp\/v2\/users\/121"}],"replies":[{"embeddable":true,"href":"https:\/\/sites.unicentro.br\/wp\/9fortec\/wp-json\/wp\/v2\/comments?post=249"}],"version-history":[{"count":9,"href":"https:\/\/sites.unicentro.br\/wp\/9fortec\/wp-json\/wp\/v2\/pages\/249\/revisions"}],"predecessor-version":[{"id":337,"href":"https:\/\/sites.unicentro.br\/wp\/9fortec\/wp-json\/wp\/v2\/pages\/249\/revisions\/337"}],"wp:attachment":[{"href":"https:\/\/sites.unicentro.br\/wp\/9fortec\/wp-json\/wp\/v2\/media?parent=249"}],"curies":[{"name":"wp","href":"https:\/\/api.w.org\/{rel}","templated":true}]}}