{"id":152,"date":"2012-04-27T17:07:02","date_gmt":"2012-04-27T17:07:02","guid":{"rendered":"http:\/\/sites.unicentro.br\/wp\/deduf-g\/?page_id=152"},"modified":"2014-04-03T19:08:10","modified_gmt":"2014-04-03T19:08:10","slug":"laboratorio-de-biomecanica-e-ergonomia-labier","status":"publish","type":"page","link":"https:\/\/sites.unicentro.br\/wp\/deduf-g\/laboratorios\/laboratorio-de-biomecanica-e-ergonomia-labier\/","title":{"rendered":"Laborat\u00f3rio de Biomec\u00e2nica &#8211; LABIO"},"content":{"rendered":"<p>Coordenador<\/p>\n<p><span style=\"font-size: 16px\">Prof. Dr.\u00a0Marcus Peikriszwili Tartaruga<\/span><\/p>\n<p>&#8211; Mec\u00e2nica e Energ\u00e9tica da Locomo\u00e7\u00e3o Humana<\/p>\n<p>&#8211;\u00a0Biomec\u00e2nica do Movimento Humano<\/p>\n","protected":false},"excerpt":{"rendered":"<p>Coordenador Prof. Dr.\u00a0Marcus Peikriszwili Tartaruga &#8211; Mec\u00e2nica e Energ\u00e9tica da Locomo\u00e7\u00e3o Humana &#8211;\u00a0Biomec\u00e2nica do Movimento Humano<\/p>\n","protected":false},"author":30,"featured_media":0,"parent":146,"menu_order":0,"comment_status":"closed","ping_status":"closed","template":"","meta":{"_exactmetrics_skip_tracking":false,"_exactmetrics_sitenote_active":false,"_exactmetrics_sitenote_note":"","_exactmetrics_sitenote_category":0,"footnotes":""},"class_list":["post-152","page","type-page","status-publish","hentry"],"_links":{"self":[{"href":"https:\/\/sites.unicentro.br\/wp\/deduf-g\/wp-json\/wp\/v2\/pages\/152","targetHints":{"allow":["GET"]}}],"collection":[{"href":"https:\/\/sites.unicentro.br\/wp\/deduf-g\/wp-json\/wp\/v2\/pages"}],"about":[{"href":"https:\/\/sites.unicentro.br\/wp\/deduf-g\/wp-json\/wp\/v2\/types\/page"}],"author":[{"embeddable":true,"href":"https:\/\/sites.unicentro.br\/wp\/deduf-g\/wp-json\/wp\/v2\/users\/30"}],"replies":[{"embeddable":true,"href":"https:\/\/sites.unicentro.br\/wp\/deduf-g\/wp-json\/wp\/v2\/comments?post=152"}],"version-history":[{"count":7,"href":"https:\/\/sites.unicentro.br\/wp\/deduf-g\/wp-json\/wp\/v2\/pages\/152\/revisions"}],"predecessor-version":[{"id":967,"href":"https:\/\/sites.unicentro.br\/wp\/deduf-g\/wp-json\/wp\/v2\/pages\/152\/revisions\/967"}],"up":[{"embeddable":true,"href":"https:\/\/sites.unicentro.br\/wp\/deduf-g\/wp-json\/wp\/v2\/pages\/146"}],"wp:attachment":[{"href":"https:\/\/sites.unicentro.br\/wp\/deduf-g\/wp-json\/wp\/v2\/media?parent=152"}],"curies":[{"name":"wp","href":"https:\/\/api.w.org\/{rel}","templated":true}]}}