{"id":183,"date":"2012-04-27T17:25:52","date_gmt":"2012-04-27T17:25:52","guid":{"rendered":"http:\/\/sites.unicentro.br\/wp\/deduf-g\/?page_id=183"},"modified":"2012-04-27T17:25:52","modified_gmt":"2012-04-27T17:25:52","slug":"projeto-de-extensao-oficinas-de-atividades-para-professores-de-educacao-fisica-de-escolas-publicas-de-educacao-basica-de-guarapuava-pr","status":"publish","type":"page","link":"https:\/\/sites.unicentro.br\/wp\/deduf-g\/extensao\/projeto-de-extensao-oficinas-de-atividades-para-professores-de-educacao-fisica-de-escolas-publicas-de-educacao-basica-de-guarapuava-pr\/","title":{"rendered":"Projeto de Extens\u00e3o: Oficinas de atividades para professores de Educa\u00e7\u00e3o F\u00edsica de escolas p\u00fablicas de educa\u00e7\u00e3o b\u00e1sica de Guarapuava-PR"},"content":{"rendered":"<p style=\"text-align: justify\"><strong>Coordenadores: <\/strong><\/p>\n<p style=\"text-align: justify\">Marcos Roberto Queiroga (DEDUF\/UNICENTRO)<\/p>\n<p style=\"text-align: justify\">Sandra Aires Ferreira (DEDUF\/UNICENTRO)<\/p>\n<p style=\"text-align: justify\"><strong>Colaboradores:<\/strong><\/p>\n<p style=\"text-align: justify\">Marcus Peikriszwili Tartaruga (DEDUF\/UNICENTRO)<\/p>\n<p style=\"text-align: justify\">Bruno S\u00e9rgio Portela (DEDUF\/UNICENTRO)<\/p>\n<p style=\"text-align: justify\">Schelyne Ribas da Silva (DEDUF\/UNICENTRO)<\/p>\n<p style=\"text-align: justify\">Marcos Vinicius Soares Martins (DEDUF\/UNICENTRO)<\/p>\n<p style=\"text-align: justify\">Jos\u00e9 Ronaldo Mendon\u00e7a Fassheber (DEDUF\/UNICENTRO)<\/p>\n<p style=\"text-align: justify\">V\u00e2nia Rosczienieski Brondani (DEDUF\/UNICENTRO)<\/p>\n<p style=\"text-align: justify\">Cristina Silva da Mata (DEDUF\/UNICENTRO)<\/p>\n<p style=\"text-align: justify\">Veronica Volski (DEDUF\/UNICENTRO)<\/p>\n<p style=\"text-align: justify\">\n<p style=\"text-align: justify\"><strong>Objetivos gerais<\/strong><\/p>\n<ul style=\"text-align: justify\">\n<li>Promover aumento na participa\u00e7\u00e3o de crian\u00e7as e adolescentes nas aulas de Educa\u00e7\u00e3o F\u00edsica mediante estudo e implanta\u00e7\u00e3o de metodologias de ensino de atividades complementares nas escolas de ensino b\u00e1sico de Guarapuava-PR.<\/li>\n<li>Capacitar professores de EF das escolas participantes a utilizarem medidas e testes de baixo custo para avaliar componentes da aptid\u00e3o f\u00edsica relacionada \u00e0 sa\u00fade.<\/li>\n<li>Fornecer subs\u00eddios para que os professores de EF escolar possam compreender a influ\u00eancia da matura\u00e7\u00e3o, do crescimento e desenvolvimento f\u00edsico na pr\u00e1tica desportiva dos jovens.<strong><\/strong><\/li>\n<\/ul>\n<p style=\"text-align: justify\"><strong>Objetivos espec\u00edficos:<\/strong><\/p>\n<ul style=\"text-align: justify\">\n<li>Despertar nos professores de EF o senso cr\u00edtico em rela\u00e7\u00e3o \u00e0 influ\u00eancia das atividades f\u00edsicas na sa\u00fade dos escolares.<strong><\/strong><\/li>\n<li>Demonstrar a import\u00e2ncia em apresentar os resultados das avalia\u00e7\u00f5es aos alunos relacionando-os com fatores de riscos para doen\u00e7as e sugerir meios eficientes de preveni-las.<\/li>\n<li>Capacitar os professores de Educa\u00e7\u00e3o F\u00edsica de escolas p\u00fablicas a diversificar as atividades esportivas na escola.<\/li>\n<li>Despertar a criatividade e o interesse de professores de Educa\u00e7\u00e3o F\u00edsica no desenvolvimento de atividades complementares na escola.<\/li>\n<li>Fornecer subs\u00eddios para avalia\u00e7\u00e3o da estrutura, composi\u00e7\u00e3o corporal e desempenho motor para tomadas de decis\u00f5es no planejamento das atividades anuais.<\/li>\n<li>Proporcionar condi\u00e7\u00f5es m\u00ednimas para a implanta\u00e7\u00e3o e desenvolvimento de atividades f\u00edsicas complementares nas escolas.<\/li>\n<li>Possibilitar indiretamente o acesso de crian\u00e7as e adolescentes a diferentes pr\u00e1ticas esportivas, promovendo assim a inclus\u00e3o social, o desenvolvimento cognitivo, s\u00f3cio-afetivo e motor.<\/li>\n<li>Fornecer subs\u00eddios para um diagn\u00f3stico de risco para obesidade na popula\u00e7\u00e3o escolar de Guarapuava-PR.<\/li>\n<li>Realizar estimativas de dist\u00farbios metab\u00f3licos referentes a diabetes e dislipidemias na popula\u00e7\u00e3o escolar de Guarapuava.<\/li>\n<\/ul>\n<p style=\"text-align: justify\">\n<p style=\"text-align: justify\">Ser\u00e1 realizado no per\u00edodo de 05 a 09 de novembro de 2012.<\/p>\n","protected":false},"excerpt":{"rendered":"<p>Coordenadores: Marcos Roberto Queiroga (DEDUF\/UNICENTRO) Sandra Aires Ferreira (DEDUF\/UNICENTRO) Colaboradores: Marcus Peikriszwili Tartaruga (DEDUF\/UNICENTRO) Bruno S\u00e9rgio Portela (DEDUF\/UNICENTRO) Schelyne Ribas da Silva (DEDUF\/UNICENTRO) Marcos Vinicius Soares Martins (DEDUF\/UNICENTRO) Jos\u00e9 Ronaldo Mendon\u00e7a Fassheber (DEDUF\/UNICENTRO) V\u00e2nia Rosczienieski Brondani (DEDUF\/UNICENTRO) Cristina Silva da &hellip; <a href=\"https:\/\/sites.unicentro.br\/wp\/deduf-g\/extensao\/projeto-de-extensao-oficinas-de-atividades-para-professores-de-educacao-fisica-de-escolas-publicas-de-educacao-basica-de-guarapuava-pr\/\">Continue lendo <span class=\"meta-nav\">&rarr;<\/span><\/a><\/p>\n","protected":false},"author":30,"featured_media":0,"parent":70,"menu_order":5,"comment_status":"open","ping_status":"open","template":"","meta":{"_exactmetrics_skip_tracking":false,"_exactmetrics_sitenote_active":false,"_exactmetrics_sitenote_note":"","_exactmetrics_sitenote_category":0,"footnotes":""},"class_list":["post-183","page","type-page","status-publish","hentry"],"_links":{"self":[{"href":"https:\/\/sites.unicentro.br\/wp\/deduf-g\/wp-json\/wp\/v2\/pages\/183","targetHints":{"allow":["GET"]}}],"collection":[{"href":"https:\/\/sites.unicentro.br\/wp\/deduf-g\/wp-json\/wp\/v2\/pages"}],"about":[{"href":"https:\/\/sites.unicentro.br\/wp\/deduf-g\/wp-json\/wp\/v2\/types\/page"}],"author":[{"embeddable":true,"href":"https:\/\/sites.unicentro.br\/wp\/deduf-g\/wp-json\/wp\/v2\/users\/30"}],"replies":[{"embeddable":true,"href":"https:\/\/sites.unicentro.br\/wp\/deduf-g\/wp-json\/wp\/v2\/comments?post=183"}],"version-history":[{"count":1,"href":"https:\/\/sites.unicentro.br\/wp\/deduf-g\/wp-json\/wp\/v2\/pages\/183\/revisions"}],"predecessor-version":[{"id":184,"href":"https:\/\/sites.unicentro.br\/wp\/deduf-g\/wp-json\/wp\/v2\/pages\/183\/revisions\/184"}],"up":[{"embeddable":true,"href":"https:\/\/sites.unicentro.br\/wp\/deduf-g\/wp-json\/wp\/v2\/pages\/70"}],"wp:attachment":[{"href":"https:\/\/sites.unicentro.br\/wp\/deduf-g\/wp-json\/wp\/v2\/media?parent=183"}],"curies":[{"name":"wp","href":"https:\/\/api.w.org\/{rel}","templated":true}]}}