{"id":70,"date":"2012-04-26T22:59:27","date_gmt":"2012-04-26T22:59:27","guid":{"rendered":"http:\/\/sites.unicentro.br\/wp\/deduf-g\/?page_id=70"},"modified":"2012-05-14T19:39:52","modified_gmt":"2012-05-14T19:39:52","slug":"extensao","status":"publish","type":"page","link":"https:\/\/sites.unicentro.br\/wp\/deduf-g\/extensao\/","title":{"rendered":"Extens\u00e3o"},"content":{"rendered":"<p>Projetos de Extens\u00e3o desenvolvidos pelo DEDUF\/G:<\/p>\n<p style=\"text-align: justify\"><strong>Educa\u00e7\u00e3o f\u00edsica para a terceira idade \u2013 dan\u00e7a, jogos de quadra e jogos de sal\u00e3o<\/strong><\/p>\n<p style=\"text-align: justify\"><strong>Controle e tratamento da obesidade na crian\u00e7a e no adolescente<\/strong><\/p>\n<p style=\"text-align: justify\"><strong>Programa de atividade f\u00edsica para terceira idade<\/strong><\/p>\n<p style=\"text-align: justify\"><strong><\/strong><strong>Programa de atividade f\u00edsica para a comunidade (PAFI)<\/strong><\/p>\n<p style=\"text-align: justify\"><strong><\/strong><strong>Oficinas de atividades para professores de Educa\u00e7\u00e3o F\u00edsica de escolas p\u00fablicas de educa\u00e7\u00e3o b\u00e1sica de Guarapuava-PR<\/strong><\/p>\n<p style=\"text-align: justify\"><strong>Programa de atividades f\u00edsicas para usu\u00e1rios de Unidades B\u00e1sicas de Sa\u00fade (UBS) de Guarapuava-PR<\/strong><\/p>\n<p style=\"text-align: justify\">\n","protected":false},"excerpt":{"rendered":"<p>Projetos de Extens\u00e3o desenvolvidos pelo DEDUF\/G: Educa\u00e7\u00e3o f\u00edsica para a terceira idade \u2013 dan\u00e7a, jogos de quadra e jogos de sal\u00e3o Controle e tratamento da obesidade na crian\u00e7a e no adolescente Programa de atividade f\u00edsica para terceira idade Programa de &hellip; <a href=\"https:\/\/sites.unicentro.br\/wp\/deduf-g\/extensao\/\">Continue lendo <span class=\"meta-nav\">&rarr;<\/span><\/a><\/p>\n","protected":false},"author":30,"featured_media":0,"parent":0,"menu_order":5,"comment_status":"closed","ping_status":"closed","template":"","meta":{"_exactmetrics_skip_tracking":false,"_exactmetrics_sitenote_active":false,"_exactmetrics_sitenote_note":"","_exactmetrics_sitenote_category":0,"footnotes":""},"class_list":["post-70","page","type-page","status-publish","hentry"],"_links":{"self":[{"href":"https:\/\/sites.unicentro.br\/wp\/deduf-g\/wp-json\/wp\/v2\/pages\/70","targetHints":{"allow":["GET"]}}],"collection":[{"href":"https:\/\/sites.unicentro.br\/wp\/deduf-g\/wp-json\/wp\/v2\/pages"}],"about":[{"href":"https:\/\/sites.unicentro.br\/wp\/deduf-g\/wp-json\/wp\/v2\/types\/page"}],"author":[{"embeddable":true,"href":"https:\/\/sites.unicentro.br\/wp\/deduf-g\/wp-json\/wp\/v2\/users\/30"}],"replies":[{"embeddable":true,"href":"https:\/\/sites.unicentro.br\/wp\/deduf-g\/wp-json\/wp\/v2\/comments?post=70"}],"version-history":[{"count":8,"href":"https:\/\/sites.unicentro.br\/wp\/deduf-g\/wp-json\/wp\/v2\/pages\/70\/revisions"}],"predecessor-version":[{"id":340,"href":"https:\/\/sites.unicentro.br\/wp\/deduf-g\/wp-json\/wp\/v2\/pages\/70\/revisions\/340"}],"wp:attachment":[{"href":"https:\/\/sites.unicentro.br\/wp\/deduf-g\/wp-json\/wp\/v2\/media?parent=70"}],"curies":[{"name":"wp","href":"https:\/\/api.w.org\/{rel}","templated":true}]}}