{"id":100,"date":"2012-10-22T15:30:05","date_gmt":"2012-10-22T15:30:05","guid":{"rendered":"http:\/\/sites.unicentro.br\/wp\/denam\/?page_id=100"},"modified":"2012-12-02T17:27:49","modified_gmt":"2012-12-02T17:27:49","slug":"kelly-geronazzo-martins","status":"publish","type":"page","link":"https:\/\/sites.unicentro.br\/wp\/denam\/pagina-exemplo\/kelly-geronazzo-martins\/","title":{"rendered":"Kelly Geronazzo Martins"},"content":{"rendered":"<p><a href=\"http:\/\/sites.unicentro.br\/wp\/denam\/files\/2012\/10\/Kelly.jpg\"><img loading=\"lazy\" decoding=\"async\" class=\"alignright  wp-image-101\" src=\"http:\/\/sites.unicentro.br\/wp\/denam\/files\/2012\/10\/Kelly-300x281.jpg\" alt=\"\" width=\"248\" height=\"233\" srcset=\"https:\/\/sites.unicentro.br\/wp\/denam\/files\/2012\/10\/Kelly-300x281.jpg 300w, https:\/\/sites.unicentro.br\/wp\/denam\/files\/2012\/10\/Kelly-319x300.jpg 319w, https:\/\/sites.unicentro.br\/wp\/denam\/files\/2012\/10\/Kelly.jpg 552w\" sizes=\"auto, (max-width: 248px) 100vw, 248px\" \/><\/a><\/p>\n<p>Engenheiro Ambiental pela Universidade Federal do Paran\u00e1 \u2013 UFPR<\/p>\n<p>Mestre em Ci\u00eancias do Solo pela Universidade Federal do Paran\u00e1 \u2013 UFPR<\/p>\n<p>Doutora em Engenharia Ambiental pela Universidade Federal do Paran\u00e1 \u2013 UFPR<\/p>\n<p>&nbsp;<\/p>\n<p><strong>L<\/strong><strong>inhas de atua\u00e7\u00e3o:<\/strong> Biogeoqu\u00edmica, Ecologia, Conserva\u00e7\u00e3o de Ecossistemas<\/p>\n<p><strong> Disciplinas que ministra (Engenharia Qu\u00edmica):<\/strong> Introdu\u00e7\u00e3o \u00e0 Engenharia Ambiental, Biogeoqu\u00edmica, Gest\u00e3o de Recursos Naturais<\/p>\n<p style=\"text-align: left\" align=\"justify\"><strong> Link para o Lattes<\/strong>: <a href=\"http:\/\/lattes.cnpq.br\/1849072728296230\">Curr\u00edculo Lattes<\/a><\/p>\n","protected":false},"excerpt":{"rendered":"<p>Engenheiro Ambiental pela Universidade Federal do Paran\u00e1 \u2013 UFPR Mestre em Ci\u00eancias do Solo pela Universidade Federal do Paran\u00e1 \u2013 UFPR Doutora em Engenharia Ambiental pela Universidade Federal do Paran\u00e1 \u2013 UFPR &nbsp; Linhas de atua\u00e7\u00e3o: Biogeoqu\u00edmica, Ecologia, Conserva\u00e7\u00e3o de &hellip; <a href=\"https:\/\/sites.unicentro.br\/wp\/denam\/pagina-exemplo\/kelly-geronazzo-martins\/\">Continue lendo <span class=\"meta-nav\">&rarr;<\/span><\/a><\/p>\n","protected":false},"author":51,"featured_media":0,"parent":2,"menu_order":0,"comment_status":"closed","ping_status":"closed","template":"","meta":{"_exactmetrics_skip_tracking":false,"_exactmetrics_sitenote_active":false,"_exactmetrics_sitenote_note":"","_exactmetrics_sitenote_category":0,"footnotes":""},"class_list":["post-100","page","type-page","status-publish","hentry"],"_links":{"self":[{"href":"https:\/\/sites.unicentro.br\/wp\/denam\/wp-json\/wp\/v2\/pages\/100","targetHints":{"allow":["GET"]}}],"collection":[{"href":"https:\/\/sites.unicentro.br\/wp\/denam\/wp-json\/wp\/v2\/pages"}],"about":[{"href":"https:\/\/sites.unicentro.br\/wp\/denam\/wp-json\/wp\/v2\/types\/page"}],"author":[{"embeddable":true,"href":"https:\/\/sites.unicentro.br\/wp\/denam\/wp-json\/wp\/v2\/users\/51"}],"replies":[{"embeddable":true,"href":"https:\/\/sites.unicentro.br\/wp\/denam\/wp-json\/wp\/v2\/comments?post=100"}],"version-history":[{"count":9,"href":"https:\/\/sites.unicentro.br\/wp\/denam\/wp-json\/wp\/v2\/pages\/100\/revisions"}],"predecessor-version":[{"id":286,"href":"https:\/\/sites.unicentro.br\/wp\/denam\/wp-json\/wp\/v2\/pages\/100\/revisions\/286"}],"up":[{"embeddable":true,"href":"https:\/\/sites.unicentro.br\/wp\/denam\/wp-json\/wp\/v2\/pages\/2"}],"wp:attachment":[{"href":"https:\/\/sites.unicentro.br\/wp\/denam\/wp-json\/wp\/v2\/media?parent=100"}],"curies":[{"name":"wp","href":"https:\/\/api.w.org\/{rel}","templated":true}]}}