{"id":107,"date":"2012-10-22T15:34:07","date_gmt":"2012-10-22T15:34:07","guid":{"rendered":"http:\/\/sites.unicentro.br\/wp\/denam\/?page_id=107"},"modified":"2013-02-12T14:38:59","modified_gmt":"2013-02-12T14:38:59","slug":"tratamento-de-residuos","status":"publish","type":"page","link":"https:\/\/sites.unicentro.br\/wp\/denam\/laboratorios\/tratamento-de-residuos\/","title":{"rendered":"Laborat\u00f3rio de Processos Biol\u00f3gicos e Tratamento de Res\u00edduos"},"content":{"rendered":"","protected":false},"excerpt":{"rendered":"","protected":false},"author":51,"featured_media":0,"parent":66,"menu_order":0,"comment_status":"closed","ping_status":"closed","template":"","meta":{"_exactmetrics_skip_tracking":false,"_exactmetrics_sitenote_active":false,"_exactmetrics_sitenote_note":"","_exactmetrics_sitenote_category":0,"footnotes":""},"class_list":["post-107","page","type-page","status-publish","hentry"],"_links":{"self":[{"href":"https:\/\/sites.unicentro.br\/wp\/denam\/wp-json\/wp\/v2\/pages\/107","targetHints":{"allow":["GET"]}}],"collection":[{"href":"https:\/\/sites.unicentro.br\/wp\/denam\/wp-json\/wp\/v2\/pages"}],"about":[{"href":"https:\/\/sites.unicentro.br\/wp\/denam\/wp-json\/wp\/v2\/types\/page"}],"author":[{"embeddable":true,"href":"https:\/\/sites.unicentro.br\/wp\/denam\/wp-json\/wp\/v2\/users\/51"}],"replies":[{"embeddable":true,"href":"https:\/\/sites.unicentro.br\/wp\/denam\/wp-json\/wp\/v2\/comments?post=107"}],"version-history":[{"count":5,"href":"https:\/\/sites.unicentro.br\/wp\/denam\/wp-json\/wp\/v2\/pages\/107\/revisions"}],"predecessor-version":[{"id":372,"href":"https:\/\/sites.unicentro.br\/wp\/denam\/wp-json\/wp\/v2\/pages\/107\/revisions\/372"}],"up":[{"embeddable":true,"href":"https:\/\/sites.unicentro.br\/wp\/denam\/wp-json\/wp\/v2\/pages\/66"}],"wp:attachment":[{"href":"https:\/\/sites.unicentro.br\/wp\/denam\/wp-json\/wp\/v2\/media?parent=107"}],"curies":[{"name":"wp","href":"https:\/\/api.w.org\/{rel}","templated":true}]}}