{"id":295,"date":"2012-12-16T20:50:33","date_gmt":"2012-12-16T20:50:33","guid":{"rendered":"http:\/\/sites.unicentro.br\/wp\/denam\/?page_id=295"},"modified":"2013-05-22T11:13:15","modified_gmt":"2013-05-22T11:13:15","slug":"apresentacao","status":"publish","type":"page","link":"https:\/\/sites.unicentro.br\/wp\/denam\/","title":{"rendered":"Apresenta\u00e7\u00e3o"},"content":{"rendered":"<p>Na UNICENTRO, o Curso de Engenharia Ambiental foi criado por meio da Resolu\u00e7\u00e3o n\u00ba 060\/2002-GR, de 7 de outubro de 2002 (ad referendum) e foi ratificada pela Resolu\u00e7\u00e3o 043\/2002-COU de 19 dezembro de 2002. A primeira turma ingressou em 2003, concluindo o curso em dezembro de 2006 e formatura em mar\u00e7o de 2007. O funcionamento do curso foi autorizado pelo Decreto n\u00ba 3218, de 23 de junho de 2004, do Governo do Estado. O Reconhecimento do curso teve como base o Parecer do Conselho Estadual de Educa\u00e7\u00e3o n\u00ba 700\/2006 e foi efetivado por meio do Decreto do Governo do Estado n\u00ba 59, de 01 de fevereiro de 2007, renova\u00e7\u00e3o n\u00ba 3133, de 28\/10\/11.<\/p>\n<p>O curso se efetiva no campus Irati, no per\u00edodo integral, atualmente com 40 vagas por ano. O curso tem dura\u00e7\u00e3o m\u00ednima de 5 anos, em regime semestral e em sua estrutura curricular est\u00e3o elencadas v\u00e1rias disciplinas a fim de possibilitar ao aluno fundamenta\u00e7\u00e3o em engenharia e mat\u00e9rias espec\u00edficas da \u00e1rea ambiental.<\/p>\n<p>O engenheiro ambiental pode atuar em \u00e1reas muito diversificadas como coordenadores de trabalhos multidisciplinares, coordenadores de programas de recupera\u00e7\u00e3o e preserva\u00e7\u00e3o ambiental, de gerenciamento de res\u00edduos, de avalia\u00e7\u00e3o de impactos ambientais e educa\u00e7\u00e3o ambiental, al\u00e9m de monitorar atividades de controle de polui\u00e7\u00e3o atmosf\u00e9rica, h\u00eddrica e do solo.<\/p>\n<p>Os engenheiros ambientais podem ainda atuar em empresas de saneamento, \u00f3rg\u00e3os p\u00fablicos de controle ambiental, ind\u00fastrias, servi\u00e7os p\u00fablicos municipais, estaduais e federais, em empresas de projetos, obras e consultoria, ag\u00eancias de regula\u00e7\u00e3o de servi\u00e7os p\u00fablicos e institutos de pesquisa e desenvolvimento ambiental. Podendo ainda aprofundar seus estudos ingressando em programas de p\u00f3s-gradua\u00e7\u00e3o e futuramente atuando como professores do ensino superior.<\/p>\n<p>As compet\u00eancias ou atribui\u00e7\u00f5es do Engenheiro Ambiental foram discriminadas pela Resolu\u00e7\u00e3o n\u00ba 447 de 22.09.2000, do Conselho Federal de Engenharia, Arquitetura e Agronomia \u2013 CONFEA e, de acordo com o artigo 4\u00ba dessa resolu\u00e7\u00e3o, o Engenheiro Ambiental integra o grupo ou categoria da Engenharia, estando portanto, vinculado \u00e0s Diretrizes Curriculares dessa \u00e1rea (Parecer CNE\/CES n\u00ba 1362 de 12 de dezembro de 2001 e Resolu\u00e7\u00e3o CNE\/CES n\u00ba 11 de mar\u00e7o de 2002).<\/p>\n","protected":false},"excerpt":{"rendered":"<p>Na UNICENTRO, o Curso de Engenharia Ambiental foi criado por meio da Resolu\u00e7\u00e3o n\u00ba 060\/2002-GR, de 7 de outubro de 2002 (ad referendum) e foi ratificada pela Resolu\u00e7\u00e3o 043\/2002-COU de 19 dezembro de 2002. A primeira turma ingressou em 2003, &hellip; <a href=\"https:\/\/sites.unicentro.br\/wp\/denam\/\">Continue lendo <span class=\"meta-nav\">&rarr;<\/span><\/a><\/p>\n","protected":false},"author":51,"featured_media":0,"parent":0,"menu_order":0,"comment_status":"closed","ping_status":"closed","template":"","meta":{"_exactmetrics_skip_tracking":false,"_exactmetrics_sitenote_active":false,"_exactmetrics_sitenote_note":"","_exactmetrics_sitenote_category":0,"footnotes":""},"class_list":["post-295","page","type-page","status-publish","hentry"],"_links":{"self":[{"href":"https:\/\/sites.unicentro.br\/wp\/denam\/wp-json\/wp\/v2\/pages\/295","targetHints":{"allow":["GET"]}}],"collection":[{"href":"https:\/\/sites.unicentro.br\/wp\/denam\/wp-json\/wp\/v2\/pages"}],"about":[{"href":"https:\/\/sites.unicentro.br\/wp\/denam\/wp-json\/wp\/v2\/types\/page"}],"author":[{"embeddable":true,"href":"https:\/\/sites.unicentro.br\/wp\/denam\/wp-json\/wp\/v2\/users\/51"}],"replies":[{"embeddable":true,"href":"https:\/\/sites.unicentro.br\/wp\/denam\/wp-json\/wp\/v2\/comments?post=295"}],"version-history":[{"count":9,"href":"https:\/\/sites.unicentro.br\/wp\/denam\/wp-json\/wp\/v2\/pages\/295\/revisions"}],"predecessor-version":[{"id":382,"href":"https:\/\/sites.unicentro.br\/wp\/denam\/wp-json\/wp\/v2\/pages\/295\/revisions\/382"}],"wp:attachment":[{"href":"https:\/\/sites.unicentro.br\/wp\/denam\/wp-json\/wp\/v2\/media?parent=295"}],"curies":[{"name":"wp","href":"https:\/\/api.w.org\/{rel}","templated":true}]}}