{"id":12,"date":"2012-08-17T19:52:26","date_gmt":"2012-08-17T19:52:26","guid":{"rendered":"http:\/\/sites.unicentro.br\/wp\/deq\/?page_id=12"},"modified":"2012-08-17T19:54:01","modified_gmt":"2012-08-17T19:54:01","slug":"historico","status":"publish","type":"page","link":"https:\/\/sites.unicentro.br\/wp\/deq\/institucional\/historico\/","title":{"rendered":"Hist\u00f3rico"},"content":{"rendered":"<p style=\"text-align: justify;\">\u00a0 \u00a0 \u00a0 \u00a0Em 1995, um grupo de professores de Qu\u00edmica e de F\u00edsica, lotados no Departamento de Matem\u00e1tica da UNICENTRO, decidiu criar o curso de Qu\u00edmica. Surgia ent\u00e3o o Departamento de Qu\u00edmica e F\u00edsica, o DEQF. O curso de Qu\u00edmica foi implantado em 1996 com as habilita\u00e7\u00f5es bacharelado e licenciatura. Pouco tempo depois o DEQF criava um novo curso, Engenharia de Alimentos.<br \/>\nEm 2002 a universidade sofreu uma re-estrutura\u00e7\u00e3o que provocou o desmembramento do DEQF em tr\u00eas novos departamentos: o Departamento de Qu\u00edmica; o Departamento de F\u00edsica; e o Departamento de Engenharia de Alimentos. O Departamento de Qu\u00edmica, sigla DEQ, ficou respons\u00e1vel somente pelo curso de Qu\u00edmica.<br \/>\nAp\u00f3s esfor\u00e7os do corpo docente do DEQ e da pr\u00f3pria administra\u00e7\u00e3o da universidade, o departamento conseguiu implantar em 2006 o mestrado em Qu\u00edmica Aplicada.<\/p>\n","protected":false},"excerpt":{"rendered":"<p>\u00a0 \u00a0 \u00a0 \u00a0Em 1995, um grupo de professores de Qu\u00edmica e de F\u00edsica, lotados no Departamento de Matem\u00e1tica da UNICENTRO, decidiu criar o curso de Qu\u00edmica. Surgia ent\u00e3o o Departamento de Qu\u00edmica e F\u00edsica, o DEQF. O curso de &hellip; <a class=\"more-link\" href=\"https:\/\/sites.unicentro.br\/wp\/deq\/institucional\/historico\/\">Continuar lendo <span class=\"meta-nav\">&rarr;<\/span><\/a><\/p>\n","protected":false},"author":46,"featured_media":0,"parent":46,"menu_order":1,"comment_status":"open","ping_status":"open","template":"showcase.php","meta":{"_exactmetrics_skip_tracking":false,"_exactmetrics_sitenote_active":false,"_exactmetrics_sitenote_note":"","_exactmetrics_sitenote_category":0,"ngg_post_thumbnail":0,"footnotes":""},"class_list":["post-12","page","type-page","status-publish","hentry"],"_links":{"self":[{"href":"https:\/\/sites.unicentro.br\/wp\/deq\/wp-json\/wp\/v2\/pages\/12","targetHints":{"allow":["GET"]}}],"collection":[{"href":"https:\/\/sites.unicentro.br\/wp\/deq\/wp-json\/wp\/v2\/pages"}],"about":[{"href":"https:\/\/sites.unicentro.br\/wp\/deq\/wp-json\/wp\/v2\/types\/page"}],"author":[{"embeddable":true,"href":"https:\/\/sites.unicentro.br\/wp\/deq\/wp-json\/wp\/v2\/users\/46"}],"replies":[{"embeddable":true,"href":"https:\/\/sites.unicentro.br\/wp\/deq\/wp-json\/wp\/v2\/comments?post=12"}],"version-history":[{"count":12,"href":"https:\/\/sites.unicentro.br\/wp\/deq\/wp-json\/wp\/v2\/pages\/12\/revisions"}],"predecessor-version":[{"id":95,"href":"https:\/\/sites.unicentro.br\/wp\/deq\/wp-json\/wp\/v2\/pages\/12\/revisions\/95"}],"up":[{"embeddable":true,"href":"https:\/\/sites.unicentro.br\/wp\/deq\/wp-json\/wp\/v2\/pages\/46"}],"wp:attachment":[{"href":"https:\/\/sites.unicentro.br\/wp\/deq\/wp-json\/wp\/v2\/media?parent=12"}],"curies":[{"name":"wp","href":"https:\/\/api.w.org\/{rel}","templated":true}]}}