{"id":17,"date":"2013-08-08T12:42:05","date_gmt":"2013-08-08T12:42:05","guid":{"rendered":"http:\/\/sites.unicentro.br\/wp\/deq\/?page_id=17"},"modified":"2013-08-08T12:42:05","modified_gmt":"2013-08-08T12:42:05","slug":"localizacao","status":"publish","type":"page","link":"https:\/\/sites.unicentro.br\/wp\/deq\/localizacao\/","title":{"rendered":"Localiza\u00e7\u00e3o"},"content":{"rendered":"<p>Campus CEDETEG<\/p>\n<p>O Departamento de Qu\u00edmica encontra-se no Campus CEDETEG da UNICENTRO, bairro Vila Carli, na cidade de Guarapuava, PR. As atividades de ensino do departamento concentram-se em dois blocos principais: o bloco de laborat\u00f3rios de ensino; o bloco da administra\u00e7\u00e3o, salas de aula e programa de p\u00f3s-gradua\u00e7\u00e3o. Uma\u00a0imagem de sat\u00e9lite\u00a0apresenta a localiza\u00e7\u00e3o desses dois blocos no campus.<\/p>\n<p>Como Chegar<\/p>\n<p>A entrada oficial do Campus CEDETEG localiza-se na Rua Sime\u00e3o Varela de S\u00e1. O acesso a essa rua normalmente \u00e9 realizado a partir da Rua Ramiro Barcelos. O ponto de refer\u00eancia para atingir a Rua Ramiro Barcelos \u00e9 a rotat\u00f3ria no cruzamento desta rua com a Rua Capit\u00e3o Rocha (rota 1).<br \/>\nA partir do centro da cidade, o visitante deve seguir pela Rua Capit\u00e3o Rocha at\u00e9 encontrar a rotat\u00f3ria no cruzamento com a Rua Ramiro Barcelos (rota 2). Se o ponto de origem for a Rodovi\u00e1ria de Guarapuava, o visitante deve seguir pela Rua Capit\u00e3o Ita Guimar\u00e3es Pupo at\u00e9 encontrar a Rua Capit\u00e3o Rocha (rota 2).<br \/>\nSe a origem for a rodovia BR-277, o visitante pode entrar na cidade pelo acesso secund\u00e1rio, pr\u00f3ximo ao Col\u00e9gio Agr\u00edcola. Ele deve seguir pela Avenida Pedro Carli at\u00e9 encontrar a rotat\u00f3ria do cruzamento entre a Rua Cap. Rocha e a Rua Ramiro Barcelos, devendo ent\u00e3o seguir \u00e0 direita (rota 3).<\/p>\n","protected":false},"excerpt":{"rendered":"<p>Campus CEDETEG O Departamento de Qu\u00edmica encontra-se no Campus CEDETEG da UNICENTRO, bairro Vila Carli, na cidade de Guarapuava, PR. As atividades de ensino do departamento concentram-se em dois blocos principais: o bloco de laborat\u00f3rios de ensino; o bloco da &hellip; <a class=\"more-link\" href=\"https:\/\/sites.unicentro.br\/wp\/deq\/localizacao\/\">Continuar lendo <span class=\"meta-nav\">&rarr;<\/span><\/a><\/p>\n","protected":false},"author":46,"featured_media":0,"parent":0,"menu_order":0,"comment_status":"open","ping_status":"open","template":"","meta":{"_exactmetrics_skip_tracking":false,"_exactmetrics_sitenote_active":false,"_exactmetrics_sitenote_note":"","_exactmetrics_sitenote_category":0,"ngg_post_thumbnail":0,"footnotes":""},"class_list":["post-17","page","type-page","status-publish","hentry"],"_links":{"self":[{"href":"https:\/\/sites.unicentro.br\/wp\/deq\/wp-json\/wp\/v2\/pages\/17","targetHints":{"allow":["GET"]}}],"collection":[{"href":"https:\/\/sites.unicentro.br\/wp\/deq\/wp-json\/wp\/v2\/pages"}],"about":[{"href":"https:\/\/sites.unicentro.br\/wp\/deq\/wp-json\/wp\/v2\/types\/page"}],"author":[{"embeddable":true,"href":"https:\/\/sites.unicentro.br\/wp\/deq\/wp-json\/wp\/v2\/users\/46"}],"replies":[{"embeddable":true,"href":"https:\/\/sites.unicentro.br\/wp\/deq\/wp-json\/wp\/v2\/comments?post=17"}],"version-history":[{"count":3,"href":"https:\/\/sites.unicentro.br\/wp\/deq\/wp-json\/wp\/v2\/pages\/17\/revisions"}],"predecessor-version":[{"id":196,"href":"https:\/\/sites.unicentro.br\/wp\/deq\/wp-json\/wp\/v2\/pages\/17\/revisions\/196"}],"wp:attachment":[{"href":"https:\/\/sites.unicentro.br\/wp\/deq\/wp-json\/wp\/v2\/media?parent=17"}],"curies":[{"name":"wp","href":"https:\/\/api.w.org\/{rel}","templated":true}]}}