{"id":20,"date":"2013-08-08T12:46:06","date_gmt":"2013-08-08T12:46:06","guid":{"rendered":"http:\/\/sites.unicentro.br\/wp\/deq\/?page_id=20"},"modified":"2013-08-08T12:47:38","modified_gmt":"2013-08-08T12:47:38","slug":"docentes","status":"publish","type":"page","link":"https:\/\/sites.unicentro.br\/wp\/deq\/institucional\/docentes\/","title":{"rendered":"Docentes"},"content":{"rendered":"<div id=\"content\">\n<div id=\"corpo\">\n<p style=\"text-align: justify\"><span style=\"text-align: justify\">O DEQ possui um corpo docente com 16 professores efetivos e 05 professores colaboradores. Esses docentes atuam nas disciplinas de gradua\u00e7\u00e3o do Curso de Qu\u00edmica e de outros\u00a0cursos, cujas matrizes curriculares contemplem disciplinas da \u00e1rea de Qu\u00edmica. Alguns dos professores efetivos tamb\u00e9m atuam nas disciplinas do programa de P\u00f3s-gradua\u00e7\u00e3o em Qu\u00edmica da universidade. O corpo docente do DEQ coordena e participa de diversos projetos de pesquisa, extens\u00e3o e ensino na UNICENTRO.<\/span><\/p>\n<p style=\"text-align: justify\">\u00a0<\/p>\n<table width=\"520\" border=\"0\" cellspacing=\"0\" cellpadding=\"0\">\n<col width=\"282\" \/>\n<col width=\"238\" \/>\n<tbody>\n<tr>\n<td rowspan=\"3\" width=\"282\" height=\"84\">Andressa Galli<\/td>\n<td width=\"238\">Email: andressagalli@gmail.com<\/td>\n<\/tr>\n<tr>\n<td height=\"28\">Lattes<\/td>\n<\/tr>\n<tr>\n<td height=\"28\">Ramal: 8330<\/td>\n<\/tr>\n<tr>\n<td rowspan=\"3\" width=\"282\" height=\"84\">Carlos Alberto Policiano Almeida<\/td>\n<td>Lattes<\/td>\n<\/tr>\n<tr>\n<td height=\"28\">Email: cpoliciano@hotmail.com<\/td>\n<\/tr>\n<tr>\n<td height=\"28\">Ramal: 8331<\/td>\n<\/tr>\n<tr>\n<td rowspan=\"3\" width=\"282\" height=\"84\">Edgard Moreira Ganzarolli<\/td>\n<td>Lattes<\/td>\n<\/tr>\n<tr>\n<td height=\"28\">Email: emganzarolli@gmail.com<\/td>\n<\/tr>\n<tr>\n<td height=\"28\">Ramal: 8330<\/td>\n<\/tr>\n<tr>\n<td rowspan=\"3\" width=\"282\" height=\"84\">Eduardo Santos de Ara\u00fajo<\/td>\n<td>Lattes<\/td>\n<\/tr>\n<tr>\n<td height=\"28\">Email: ecipm_18@hotmail.com<\/td>\n<\/tr>\n<tr>\n<td height=\"28\">Ramal: &#8212;<\/td>\n<\/tr>\n<tr>\n<td rowspan=\"3\" width=\"282\" height=\"84\">Elisa Aguayo da Rosa<\/td>\n<td>Lattes<\/td>\n<\/tr>\n<tr>\n<td height=\"28\">Email: elisa@unicentro.br<\/td>\n<\/tr>\n<tr>\n<td height=\"28\">Ramal: 8122<\/td>\n<\/tr>\n<tr>\n<td rowspan=\"3\" width=\"282\" height=\"84\">Eryza Guimar\u00e3es de Castro<\/td>\n<td>Lattes<\/td>\n<\/tr>\n<tr>\n<td height=\"28\">Email: eryzagc@hotmail.com<\/td>\n<\/tr>\n<tr>\n<td height=\"28\">Ramal: 8327<\/td>\n<\/tr>\n<tr>\n<td rowspan=\"3\" width=\"282\" height=\"84\">Fauze Jac\u00f3 Anaissi<\/td>\n<td>Lattes<\/td>\n<\/tr>\n<tr>\n<td height=\"28\">Email: anaissi@bol.com.br<\/td>\n<\/tr>\n<tr>\n<td height=\"28\">Ramal: 8327<\/td>\n<\/tr>\n<tr>\n<td rowspan=\"3\" width=\"282\" height=\"84\">\u00cdsis Kaminski Caetano<\/td>\n<td>Lattes<\/td>\n<\/tr>\n<tr>\n<td height=\"28\">Email: isiskc@hotmail.com<\/td>\n<\/tr>\n<tr>\n<td height=\"28\">Ramal:8174<\/td>\n<\/tr>\n<tr>\n<td rowspan=\"3\" width=\"282\" height=\"84\">Juan Carlo<span> Villalba<\/span><\/td>\n<td>Lattes<\/td>\n<\/tr>\n<tr>\n<td height=\"28\">Email: pullyvillalba@yahoo.com.br<\/td>\n<\/tr>\n<tr>\n<td height=\"28\">Ramal: 8327<\/td>\n<\/tr>\n<tr>\n<td rowspan=\"3\" width=\"282\" height=\"84\">Karin Cristiane Justi<\/td>\n<td>Lattes<\/td>\n<\/tr>\n<tr>\n<td height=\"28\">Email: kcjusti@hotmail.com<\/td>\n<\/tr>\n<tr>\n<td height=\"28\">Ramal: 8330<\/td>\n<\/tr>\n<tr>\n<td rowspan=\"3\" width=\"282\" height=\"84\">Luciana de Boer Pinheiro de Souza<\/td>\n<td>Lattes<\/td>\n<\/tr>\n<tr>\n<td height=\"28\">Email: lucianaboer@gmailcom<\/td>\n<\/tr>\n<tr>\n<td height=\"28\">Ramal: 8122<\/td>\n<\/tr>\n<tr>\n<td rowspan=\"3\" width=\"282\" height=\"84\">Maico Taras da Cunha<\/td>\n<td>Lattes<\/td>\n<\/tr>\n<tr>\n<td height=\"28\">Email: maico_tc@yahoo.com.br<\/td>\n<\/tr>\n<tr>\n<td height=\"28\">Ramal: &#8212;<\/td>\n<\/tr>\n<tr>\n<td rowspan=\"3\" width=\"282\" height=\"84\">Maria Lurdes Felsner<\/td>\n<td>Lattes<\/td>\n<\/tr>\n<tr>\n<td height=\"28\">Email: mlfelsner@yahoo.com.br<\/td>\n<\/tr>\n<tr>\n<td height=\"28\">Ramal: 8330<\/td>\n<\/tr>\n<tr>\n<td rowspan=\"3\" width=\"282\" height=\"84\">Marins Danczuk<\/td>\n<td>Lattes<\/td>\n<\/tr>\n<tr>\n<td height=\"28\">Email: marinsdk@yahoo.com.br<\/td>\n<\/tr>\n<tr>\n<td height=\"28\">Ramal: 8327<\/td>\n<\/tr>\n<tr>\n<td rowspan=\"3\" width=\"282\" height=\"84\">Marcos Roberto da Rosa<\/td>\n<td>Lattes<\/td>\n<\/tr>\n<tr>\n<td height=\"28\">Email: mrrmarco@yahoo.com.br<\/td>\n<\/tr>\n<tr>\n<td height=\"28\">Ramal: 8122<\/td>\n<\/tr>\n<tr>\n<td rowspan=\"3\" width=\"282\" height=\"84\">Mauro Chierici Lopes<\/td>\n<td>Lattes<\/td>\n<\/tr>\n<tr>\n<td height=\"28\">Email: mauro.chierici.lopes@gmail.com<\/td>\n<\/tr>\n<tr>\n<td height=\"28\">Ramal: 8168<\/td>\n<\/tr>\n<tr>\n<td rowspan=\"3\" width=\"282\" height=\"84\">Neide Hiroko Takata<\/td>\n<td>Lattes<\/td>\n<\/tr>\n<tr>\n<td height=\"28\">Email: nhtakata@gmail.com<\/td>\n<\/tr>\n<tr>\n<td height=\"28\">Ramal: 8174<\/td>\n<\/tr>\n<tr>\n<td rowspan=\"3\" width=\"282\" height=\"84\">Paulo Rog\u00e9rio Pinto Rodrigues<\/td>\n<td>Lattes<\/td>\n<\/tr>\n<tr>\n<td height=\"28\">Email: prprodrigues@gmail.com<\/td>\n<\/tr>\n<tr>\n<td height=\"28\">Ramal: &#8212;<\/td>\n<\/tr>\n<tr>\n<td rowspan=\"3\" width=\"282\" height=\"84\">Rafael Marangoni<\/td>\n<td>Lattes<\/td>\n<\/tr>\n<tr>\n<td height=\"28\">Email: rafael.unicentro@gmail.com<\/td>\n<\/tr>\n<tr>\n<td height=\"28\">Ramal: 8327<\/td>\n<\/tr>\n<tr>\n<td rowspan=\"3\" width=\"282\" height=\"84\">Ricardo Celeste<\/td>\n<td>Lattes<\/td>\n<\/tr>\n<tr>\n<td height=\"28\">Email: rcricardoceleste@yahoo.com.br<\/td>\n<\/tr>\n<tr>\n<td height=\"28\">Ramal: 8178<\/td>\n<\/tr>\n<tr>\n<td rowspan=\"3\" width=\"282\" height=\"84\">Selma Helena de Almeida<\/td>\n<td>Lattes<\/td>\n<\/tr>\n<tr>\n<td height=\"28\">Email: shalmeida@uol.com.br<\/td>\n<\/tr>\n<tr>\n<td height=\"28\">Ramal: &#8212;<\/td>\n<\/tr>\n<tr>\n<td rowspan=\"3\" width=\"282\" height=\"84\">Suel\u00ed P\u00e9rcio Quinaia<\/td>\n<td>Lattes<\/td>\n<\/tr>\n<tr>\n<td height=\"28\">Email: spquinaia@unicentro.br<\/td>\n<\/tr>\n<tr>\n<td height=\"28\">Ramal: 8325<\/td>\n<\/tr>\n<tr>\n<td rowspan=\"3\" width=\"282\" height=\"84\">Yohandra Reyes Torres<\/td>\n<td>Lattes<\/td>\n<\/tr>\n<tr>\n<td height=\"28\">Email: ryohandra@yahoo.com.br<\/td>\n<\/tr>\n<tr>\n<td height=\"28\">Ramal: 8325<\/td>\n<\/tr>\n<\/tbody>\n<\/table>\n<\/div>\n<\/div>\n","protected":false},"excerpt":{"rendered":"<p>O DEQ possui um corpo docente com 16 professores efetivos e 05 professores colaboradores. Esses docentes atuam nas disciplinas de gradua\u00e7\u00e3o do Curso de Qu\u00edmica e de outros\u00a0cursos, cujas matrizes curriculares contemplem disciplinas da \u00e1rea de Qu\u00edmica. Alguns dos professores &hellip; <a class=\"more-link\" href=\"https:\/\/sites.unicentro.br\/wp\/deq\/institucional\/docentes\/\">Continuar lendo <span class=\"meta-nav\">&rarr;<\/span><\/a><\/p>\n","protected":false},"author":46,"featured_media":0,"parent":46,"menu_order":2,"comment_status":"closed","ping_status":"closed","template":"paget-sitemap.php","meta":{"_exactmetrics_skip_tracking":false,"_exactmetrics_sitenote_active":false,"_exactmetrics_sitenote_note":"","_exactmetrics_sitenote_category":0,"ngg_post_thumbnail":0,"footnotes":""},"class_list":["post-20","page","type-page","status-publish","hentry"],"_links":{"self":[{"href":"https:\/\/sites.unicentro.br\/wp\/deq\/wp-json\/wp\/v2\/pages\/20","targetHints":{"allow":["GET"]}}],"collection":[{"href":"https:\/\/sites.unicentro.br\/wp\/deq\/wp-json\/wp\/v2\/pages"}],"about":[{"href":"https:\/\/sites.unicentro.br\/wp\/deq\/wp-json\/wp\/v2\/types\/page"}],"author":[{"embeddable":true,"href":"https:\/\/sites.unicentro.br\/wp\/deq\/wp-json\/wp\/v2\/users\/46"}],"replies":[{"embeddable":true,"href":"https:\/\/sites.unicentro.br\/wp\/deq\/wp-json\/wp\/v2\/comments?post=20"}],"version-history":[{"count":32,"href":"https:\/\/sites.unicentro.br\/wp\/deq\/wp-json\/wp\/v2\/pages\/20\/revisions"}],"predecessor-version":[{"id":203,"href":"https:\/\/sites.unicentro.br\/wp\/deq\/wp-json\/wp\/v2\/pages\/20\/revisions\/203"}],"up":[{"embeddable":true,"href":"https:\/\/sites.unicentro.br\/wp\/deq\/wp-json\/wp\/v2\/pages\/46"}],"wp:attachment":[{"href":"https:\/\/sites.unicentro.br\/wp\/deq\/wp-json\/wp\/v2\/media?parent=20"}],"curies":[{"name":"wp","href":"https:\/\/api.w.org\/{rel}","templated":true}]}}