{"id":53,"date":"2012-08-17T19:44:05","date_gmt":"2012-08-17T19:44:05","guid":{"rendered":"http:\/\/sites.unicentro.br\/wp\/deq\/?page_id=53"},"modified":"2012-08-17T19:44:05","modified_gmt":"2012-08-17T19:44:05","slug":"graduacao","status":"publish","type":"page","link":"https:\/\/sites.unicentro.br\/wp\/deq\/graduacao\/","title":{"rendered":"Gradua\u00e7\u00e3o"},"content":{"rendered":"<p style=\"text-align: justify;\" align=\"center\">Curso de Qu\u00edmica &#8211; Licenciatura e Bacharelado<\/p>\n<p style=\"text-align: justify;\">O curso de gradua\u00e7\u00e3o em Qu\u00edmica da UNICENTRO surgiu da necessidade, verificada na\u00a0regi\u00e3o\u00a0centro-sul do Paran\u00e1, de profissionais com habilita\u00e7\u00e3o em Qu\u00edmica. \u00c0 \u00e9poca, 1995, constatou-se uma car\u00eancia de profissionais qualificados no exerc\u00edcio das atividades relacionadas \u00e0 Qu\u00edmica.<br \/>\nS\u00e3o ofertadas duas habilita\u00e7\u00f5es: a Licenciatura e o Bacharelado. A licenciatura est\u00e1 inserida dentro da filosofia da educa\u00e7\u00e3o. Ela busca o equil\u00edbrio\u00a0entre\u00a0os aspectos formativos e integrado da Qu\u00edmica com as outras ci\u00eancias e a forma\u00e7\u00e3o tecnol\u00f3gica. Este equil\u00edbrio permite que o licenciado em Qu\u00edmica possa influir no desenvolvimento do Pa\u00eds e, de forma inidreta, na forma\u00e7\u00e3o humana de seus alunos. A filosofia do bacharelado \u00e9 a da forma\u00e7\u00e3o de profissionais que possam contribuir eficazmente com o desenvolvimento das atividades cient\u00edficas e de tecnologia necess\u00e1rias para a sociedade contempor\u00e2nea. Esses profissionais devem ser capazes tamb\u00e9m de formar recursos humanos na pesquisa cient\u00edfica e tecnol\u00f3gica, quer seja no meio acad\u00eamico, nas institui\u00e7\u00f5es de pesquisa ou nas ind\u00fastrias.<br \/>\nO curso de Qu\u00edmica foi elaborado de\u00a0acordo\u00a0com a delibera\u00e7\u00e3o n<sup>o<\/sup>011\/85, do processo n<sup>o<\/sup>\u00a0363\/85, do Conselho Estadual de Educa\u00e7\u00e3o, e o seu funcionamento foi autorizado pela portaria n<sup>o<\/sup>\u00a0357 de 19 de abril de 1996, assinada pelo Ministro do Estado da Educa\u00e7\u00e3o e Desporto, tendo em vista o parecer n<sup>o<\/sup>\u00a0296\/95 do Conselho Estadual de Educa\u00e7\u00e3o do Paran\u00e1. O curso foi reconhecido pelo Conselho Nacional de Educa\u00e7\u00e3o de acordo com o parecer n<sup>o<\/sup>\u00a0176\/00 do processo n<sup>o<\/sup>\u00a0484\/99.<\/p>\n","protected":false},"excerpt":{"rendered":"<p>Curso de Qu\u00edmica &#8211; Licenciatura e Bacharelado O curso de gradua\u00e7\u00e3o em Qu\u00edmica da UNICENTRO surgiu da necessidade, verificada na\u00a0regi\u00e3o\u00a0centro-sul do Paran\u00e1, de profissionais com habilita\u00e7\u00e3o em Qu\u00edmica. \u00c0 \u00e9poca, 1995, constatou-se uma car\u00eancia de profissionais qualificados no exerc\u00edcio das &hellip; <a class=\"more-link\" href=\"https:\/\/sites.unicentro.br\/wp\/deq\/graduacao\/\">Continuar lendo <span class=\"meta-nav\">&rarr;<\/span><\/a><\/p>\n","protected":false},"author":46,"featured_media":0,"parent":0,"menu_order":0,"comment_status":"open","ping_status":"open","template":"","meta":{"_exactmetrics_skip_tracking":false,"_exactmetrics_sitenote_active":false,"_exactmetrics_sitenote_note":"","_exactmetrics_sitenote_category":0,"ngg_post_thumbnail":0,"footnotes":""},"class_list":["post-53","page","type-page","status-publish","hentry"],"_links":{"self":[{"href":"https:\/\/sites.unicentro.br\/wp\/deq\/wp-json\/wp\/v2\/pages\/53","targetHints":{"allow":["GET"]}}],"collection":[{"href":"https:\/\/sites.unicentro.br\/wp\/deq\/wp-json\/wp\/v2\/pages"}],"about":[{"href":"https:\/\/sites.unicentro.br\/wp\/deq\/wp-json\/wp\/v2\/types\/page"}],"author":[{"embeddable":true,"href":"https:\/\/sites.unicentro.br\/wp\/deq\/wp-json\/wp\/v2\/users\/46"}],"replies":[{"embeddable":true,"href":"https:\/\/sites.unicentro.br\/wp\/deq\/wp-json\/wp\/v2\/comments?post=53"}],"version-history":[{"count":4,"href":"https:\/\/sites.unicentro.br\/wp\/deq\/wp-json\/wp\/v2\/pages\/53\/revisions"}],"predecessor-version":[{"id":71,"href":"https:\/\/sites.unicentro.br\/wp\/deq\/wp-json\/wp\/v2\/pages\/53\/revisions\/71"}],"wp:attachment":[{"href":"https:\/\/sites.unicentro.br\/wp\/deq\/wp-json\/wp\/v2\/media?parent=53"}],"curies":[{"name":"wp","href":"https:\/\/api.w.org\/{rel}","templated":true}]}}