{"id":59,"date":"2013-08-08T12:38:22","date_gmt":"2013-08-08T12:38:22","guid":{"rendered":"http:\/\/sites.unicentro.br\/wp\/deq\/?page_id=59"},"modified":"2013-08-08T12:38:22","modified_gmt":"2013-08-08T12:38:22","slug":"perfil","status":"publish","type":"page","link":"https:\/\/sites.unicentro.br\/wp\/deq\/graduacao\/perfil\/","title":{"rendered":"Perfil"},"content":{"rendered":"<p style=\"text-align: center\" align=\"center\">Perfil dos Formandos do Curso de Qu\u00edmica<\/p>\n<p style=\"text-align: justify\">O perfil dos formandos no curso de Qu\u00edmica respeita o parecer da resolu\u00e7\u00e3o n\u00b0 CNE\/CP28\/2001, que rege as Diretrizes Curriculares para cursos de Qu\u00edmica, Bacharelado e Licenciatura Plena.<\/p>\n<p style=\"text-align: justify\"><strong>Bacharel<\/strong><br \/>\nUma forma\u00e7\u00e3o generalista, com dom\u00ednio das t\u00e9cnicas b\u00e1sicas de utiliza\u00e7\u00e3o de laborat\u00f3rios e equipamentos, com condi\u00e7\u00f5es de atuar nos campos de atividades s\u00f3cio-econ\u00f4micas que envolvam as transforma\u00e7\u00f5es da mat\u00e9ria; direcionando estas transforma\u00e7\u00f5es, controlando seus produtos, interpretando criticamente as etapas, efeitos e resultados; aplicando abordagens criativas \u00e0 solu\u00e7\u00e3o dos problemas e desenvolvendo novas aplica\u00e7\u00f5es e tecnologias.<\/p>\n<p style=\"text-align: justify\"><strong>Licenciado<\/strong><br \/>\nUma forma\u00e7\u00e3o generalista, mas s\u00f3lida e abrangente em conte\u00fados dos diversos campos da Qu\u00edmica, prepara\u00e7\u00e3o adequada \u00e0 aplica\u00e7\u00e3o pedag\u00f3gica dos conhecimentos e experi\u00eancias de Qu\u00edmica e de \u00e1reas afins na atua\u00e7\u00e3o profissional como educador no ensino m\u00e9dio.<\/p>\n<p style=\"text-align: justify\">\u00a0<\/p>\n","protected":false},"excerpt":{"rendered":"<p>Perfil dos Formandos do Curso de Qu\u00edmica O perfil dos formandos no curso de Qu\u00edmica respeita o parecer da resolu\u00e7\u00e3o n\u00b0 CNE\/CP28\/2001, que rege as Diretrizes Curriculares para cursos de Qu\u00edmica, Bacharelado e Licenciatura Plena. Bacharel Uma forma\u00e7\u00e3o generalista, com &hellip; <a class=\"more-link\" href=\"https:\/\/sites.unicentro.br\/wp\/deq\/graduacao\/perfil\/\">Continuar lendo <span class=\"meta-nav\">&rarr;<\/span><\/a><\/p>\n","protected":false},"author":46,"featured_media":0,"parent":53,"menu_order":2,"comment_status":"open","ping_status":"open","template":"","meta":{"_exactmetrics_skip_tracking":false,"_exactmetrics_sitenote_active":false,"_exactmetrics_sitenote_note":"","_exactmetrics_sitenote_category":0,"ngg_post_thumbnail":0,"footnotes":""},"class_list":["post-59","page","type-page","status-publish","hentry"],"_links":{"self":[{"href":"https:\/\/sites.unicentro.br\/wp\/deq\/wp-json\/wp\/v2\/pages\/59","targetHints":{"allow":["GET"]}}],"collection":[{"href":"https:\/\/sites.unicentro.br\/wp\/deq\/wp-json\/wp\/v2\/pages"}],"about":[{"href":"https:\/\/sites.unicentro.br\/wp\/deq\/wp-json\/wp\/v2\/types\/page"}],"author":[{"embeddable":true,"href":"https:\/\/sites.unicentro.br\/wp\/deq\/wp-json\/wp\/v2\/users\/46"}],"replies":[{"embeddable":true,"href":"https:\/\/sites.unicentro.br\/wp\/deq\/wp-json\/wp\/v2\/comments?post=59"}],"version-history":[{"count":9,"href":"https:\/\/sites.unicentro.br\/wp\/deq\/wp-json\/wp\/v2\/pages\/59\/revisions"}],"predecessor-version":[{"id":195,"href":"https:\/\/sites.unicentro.br\/wp\/deq\/wp-json\/wp\/v2\/pages\/59\/revisions\/195"}],"up":[{"embeddable":true,"href":"https:\/\/sites.unicentro.br\/wp\/deq\/wp-json\/wp\/v2\/pages\/53"}],"wp:attachment":[{"href":"https:\/\/sites.unicentro.br\/wp\/deq\/wp-json\/wp\/v2\/media?parent=59"}],"curies":[{"name":"wp","href":"https:\/\/api.w.org\/{rel}","templated":true}]}}