{"id":1051,"date":"2023-06-21T15:57:32","date_gmt":"2023-06-21T15:57:32","guid":{"rendered":"https:\/\/sites.unicentro.br\/wp\/educacaoambiental\/?page_id=1051"},"modified":"2023-06-21T15:57:32","modified_gmt":"2023-06-21T15:57:32","slug":"iat","status":"publish","type":"page","link":"https:\/\/sites.unicentro.br\/wp\/educacaoambiental\/iat\/","title":{"rendered":"IAT"},"content":{"rendered":"\n\n\n<p>Conte\u00fados relacionados ao servi\u00e7o do Instituto \u00c1gua e Terra (IAT).<\/p>\n<p>O IAT tem como miss\u00e3o\u00a0proteger, preservar, conservar, controlar e recuperar o patrim\u00f4nio ambiental paranaense, buscando melhor qualidade de vida e o desenvolvimento sustent\u00e1vel com a participa\u00e7\u00e3o da sociedade.<\/p>\n","protected":false},"excerpt":{"rendered":"<p>Conte\u00fados relacionados ao servi\u00e7o do Instituto \u00c1gua e Terra (IAT). O IAT tem como miss\u00e3o\u00a0proteger, preservar, conservar, controlar e recuperar o patrim\u00f4nio ambiental paranaense, buscando melhor qualidade de vida e o desenvolvimento sustent\u00e1vel com a participa\u00e7\u00e3o da sociedade.<\/p>\n","protected":false},"author":175,"featured_media":0,"parent":0,"menu_order":0,"comment_status":"closed","ping_status":"closed","template":"","meta":{"_exactmetrics_skip_tracking":false,"_exactmetrics_sitenote_active":false,"_exactmetrics_sitenote_note":"","_exactmetrics_sitenote_category":0,"footnotes":""},"class_list":["post-1051","page","type-page","status-publish","hentry"],"_links":{"self":[{"href":"https:\/\/sites.unicentro.br\/wp\/educacaoambiental\/wp-json\/wp\/v2\/pages\/1051","targetHints":{"allow":["GET"]}}],"collection":[{"href":"https:\/\/sites.unicentro.br\/wp\/educacaoambiental\/wp-json\/wp\/v2\/pages"}],"about":[{"href":"https:\/\/sites.unicentro.br\/wp\/educacaoambiental\/wp-json\/wp\/v2\/types\/page"}],"author":[{"embeddable":true,"href":"https:\/\/sites.unicentro.br\/wp\/educacaoambiental\/wp-json\/wp\/v2\/users\/175"}],"replies":[{"embeddable":true,"href":"https:\/\/sites.unicentro.br\/wp\/educacaoambiental\/wp-json\/wp\/v2\/comments?post=1051"}],"version-history":[{"count":1,"href":"https:\/\/sites.unicentro.br\/wp\/educacaoambiental\/wp-json\/wp\/v2\/pages\/1051\/revisions"}],"predecessor-version":[{"id":1053,"href":"https:\/\/sites.unicentro.br\/wp\/educacaoambiental\/wp-json\/wp\/v2\/pages\/1051\/revisions\/1053"}],"wp:attachment":[{"href":"https:\/\/sites.unicentro.br\/wp\/educacaoambiental\/wp-json\/wp\/v2\/media?parent=1051"}],"curies":[{"name":"wp","href":"https:\/\/api.w.org\/{rel}","templated":true}]}}