{"id":173,"date":"2012-09-03T17:36:56","date_gmt":"2012-09-03T20:36:56","guid":{"rendered":"http:\/\/sites.unicentro.br\/wp\/educacaodocampo\/?page_id=173"},"modified":"2012-09-03T17:41:25","modified_gmt":"2012-09-03T20:41:25","slug":"oitava-etapa","status":"publish","type":"page","link":"https:\/\/sites.unicentro.br\/wp\/educacaodocampo\/19-2\/oitava-etapa\/","title":{"rendered":"Oitava Etapa"},"content":{"rendered":"<p><strong>A Oitava Etapa do Curso de Licenciatura em Educa\u00e7\u00e3o do Campo tem previs\u00e3o para Julho\/Agosto de 2013.<\/strong><\/p>\n","protected":false},"excerpt":{"rendered":"<p>A Oitava Etapa do Curso de Licenciatura em Educa\u00e7\u00e3o do Campo tem previs\u00e3o para Julho\/Agosto de 2013.<\/p>\n","protected":false},"author":49,"featured_media":0,"parent":19,"menu_order":8,"comment_status":"closed","ping_status":"closed","template":"","meta":{"_exactmetrics_skip_tracking":false,"_exactmetrics_sitenote_active":false,"_exactmetrics_sitenote_note":"","_exactmetrics_sitenote_category":0,"ngg_post_thumbnail":0,"footnotes":""},"class_list":["post-173","page","type-page","status-publish","hentry"],"_links":{"self":[{"href":"https:\/\/sites.unicentro.br\/wp\/educacaodocampo\/wp-json\/wp\/v2\/pages\/173","targetHints":{"allow":["GET"]}}],"collection":[{"href":"https:\/\/sites.unicentro.br\/wp\/educacaodocampo\/wp-json\/wp\/v2\/pages"}],"about":[{"href":"https:\/\/sites.unicentro.br\/wp\/educacaodocampo\/wp-json\/wp\/v2\/types\/page"}],"author":[{"embeddable":true,"href":"https:\/\/sites.unicentro.br\/wp\/educacaodocampo\/wp-json\/wp\/v2\/users\/49"}],"replies":[{"embeddable":true,"href":"https:\/\/sites.unicentro.br\/wp\/educacaodocampo\/wp-json\/wp\/v2\/comments?post=173"}],"version-history":[{"count":4,"href":"https:\/\/sites.unicentro.br\/wp\/educacaodocampo\/wp-json\/wp\/v2\/pages\/173\/revisions"}],"predecessor-version":[{"id":184,"href":"https:\/\/sites.unicentro.br\/wp\/educacaodocampo\/wp-json\/wp\/v2\/pages\/173\/revisions\/184"}],"up":[{"embeddable":true,"href":"https:\/\/sites.unicentro.br\/wp\/educacaodocampo\/wp-json\/wp\/v2\/pages\/19"}],"wp:attachment":[{"href":"https:\/\/sites.unicentro.br\/wp\/educacaodocampo\/wp-json\/wp\/v2\/media?parent=173"}],"curies":[{"name":"wp","href":"https:\/\/api.w.org\/{rel}","templated":true}]}}