{"id":23,"date":"2012-07-28T15:30:01","date_gmt":"2012-07-28T15:30:01","guid":{"rendered":"http:\/\/sites.unicentro.br\/wp\/geografiairati\/?page_id=23"},"modified":"2017-03-03T17:18:00","modified_gmt":"2017-03-03T17:18:00","slug":"historico","status":"publish","type":"page","link":"https:\/\/sites.unicentro.br\/wp\/geografiairati\/historico\/","title":{"rendered":"Hist\u00f3rico"},"content":{"rendered":"<div dir=\"ltr\">\n<div align=\"justify\">\n<p><a href=\"http:\/\/sites.unicentro.br\/wp\/geografiairati\/files\/2015\/02\/mapa14.jpg\"><img loading=\"lazy\" decoding=\"async\" class=\" wp-image-43 aligncenter\" src=\"http:\/\/sites.unicentro.br\/wp\/geografiairati\/files\/2015\/02\/mapa14-300x245.jpg\" alt=\"mapa14\" width=\"380\" height=\"311\" srcset=\"https:\/\/sites.unicentro.br\/wp\/geografiairati\/files\/2015\/02\/mapa14-300x245.jpg 300w, https:\/\/sites.unicentro.br\/wp\/geografiairati\/files\/2015\/02\/mapa14-1024x837.jpg 1024w, https:\/\/sites.unicentro.br\/wp\/geografiairati\/files\/2015\/02\/mapa14.jpg 1081w\" sizes=\"auto, (max-width: 380px) 100vw, 380px\" \/><\/a><\/p>\n<p>O Curso de Licenciatura em Geografia de Irati foi instalado no ano de 2000 (atrav\u00e9s da realiza\u00e7\u00e3o do primeiro vestibular) como extens\u00e3o do Departamento de Geografia localizado no CEDETEG em Guarapuava &#8211; PR. Nos anos de 2001, 2002 e 2003 o curso foi totalmente ofertado nesta modalidade, ou seja, com professores oriundos do campus de Guarapuava.<\/p>\n<p>Ao final do ano de 2003 come\u00e7ou uma nova trajet\u00f3ria, vindo a ser um curso totalmente sob a responsabilidade do Campus Universit\u00e1rio de Irati, j\u00e1 com estrutura f\u00edsica instalada mas com recursos humanos pertencentes aos dois departamentos (Guarapuava e Irati).<\/p>\n<p>Tal procedimento fez com que o curso se desvinculasse administrativamente de Guarapuava e passasse a ter autonomia did\u00e1tico-administrativa.<\/p>\n<p>Essa mudan\u00e7a ocorreu no momento em que o curso possu\u00eda 146 acad\u00eamicos distribu\u00eddos em quatro turmas, sendo que a 3\u00aa e 4\u00aa s\u00e9ries estavam com a grade curricular antiga, isto \u00e9, sistema anual com disciplinas anuais; j\u00e1 a 1\u00aa e 2\u00aa s\u00e9ries estavam com a grade curricular nova, no sistema anual com disciplinas semestrais.<\/p>\n<p>Esta altera\u00e7\u00e3o na grade curricular do curso ocorreu devido \u00e0 necessidade de mudan\u00e7as, principalmente do projeto pedag\u00f3gico, que se constituiu na adequa\u00e7\u00e3o \u00e0s normativas do MEC, referentes \u00e0 forma\u00e7\u00e3o de professores.<\/p>\n<p>Hoje, o curso de licenciatura em Geografia de Irati firma-se como importante referencial regional de ensino e pesquisa, propiciando ao acad\u00eamico uma forma\u00e7\u00e3o de qualidade com fins educacionais e de pesquisa e, concomitantemente, com estrutura para se qualificar nos mais diversos programas de p\u00f3s-gradua\u00e7\u00e3o do pa\u00eds.<\/p>\n<p>Atualmente contamos com cerca de 120 alunos distribuidos nas quatro s\u00e9ries, espa\u00e7o f\u00edsico pr\u00f3prio com laborat\u00f3rios e professores que s\u00e3o totalmente vinculados ao campus de Irati.<\/p>\n<p>Sendo assim, queremos por meio desta comunidade agregar todos aqueles que fizeram e ainda fazem parte desta hist\u00f3ria. Queremos aqui mostrar que hoje o curso de Geografia de Irati n\u00e3o \u00e9 mais uma aposta, ele \u00e9 sim uma realiza\u00e7\u00e3o.<\/p>\n<\/div>\n<\/div>\n","protected":false},"excerpt":{"rendered":"<p>O Curso de Licenciatura em Geografia de Irati foi instalado no ano de 2000 (atrav\u00e9s da realiza\u00e7\u00e3o do primeiro vestibular) como extens\u00e3o do Departamento de Geografia localizado no CEDETEG em Guarapuava &#8211; PR. Nos anos de 2001, 2002 e 2003 &hellip; <a href=\"https:\/\/sites.unicentro.br\/wp\/geografiairati\/historico\/\">Continue lendo <span class=\"meta-nav\">&rarr;<\/span><\/a><\/p>\n","protected":false},"author":43,"featured_media":0,"parent":0,"menu_order":2,"comment_status":"closed","ping_status":"closed","template":"","meta":{"_exactmetrics_skip_tracking":false,"_exactmetrics_sitenote_active":false,"_exactmetrics_sitenote_note":"","_exactmetrics_sitenote_category":0,"footnotes":""},"class_list":["post-23","page","type-page","status-publish","hentry"],"_links":{"self":[{"href":"https:\/\/sites.unicentro.br\/wp\/geografiairati\/wp-json\/wp\/v2\/pages\/23","targetHints":{"allow":["GET"]}}],"collection":[{"href":"https:\/\/sites.unicentro.br\/wp\/geografiairati\/wp-json\/wp\/v2\/pages"}],"about":[{"href":"https:\/\/sites.unicentro.br\/wp\/geografiairati\/wp-json\/wp\/v2\/types\/page"}],"author":[{"embeddable":true,"href":"https:\/\/sites.unicentro.br\/wp\/geografiairati\/wp-json\/wp\/v2\/users\/43"}],"replies":[{"embeddable":true,"href":"https:\/\/sites.unicentro.br\/wp\/geografiairati\/wp-json\/wp\/v2\/comments?post=23"}],"version-history":[{"count":4,"href":"https:\/\/sites.unicentro.br\/wp\/geografiairati\/wp-json\/wp\/v2\/pages\/23\/revisions"}],"predecessor-version":[{"id":45,"href":"https:\/\/sites.unicentro.br\/wp\/geografiairati\/wp-json\/wp\/v2\/pages\/23\/revisions\/45"}],"wp:attachment":[{"href":"https:\/\/sites.unicentro.br\/wp\/geografiairati\/wp-json\/wp\/v2\/media?parent=23"}],"curies":[{"name":"wp","href":"https:\/\/api.w.org\/{rel}","templated":true}]}}