{"id":19,"date":"2012-06-27T00:14:25","date_gmt":"2012-06-27T00:14:25","guid":{"rendered":"http:\/\/sites.unicentro.br\/wp\/historia\/?page_id=19"},"modified":"2013-02-22T20:46:03","modified_gmt":"2013-02-22T20:46:03","slug":"representacao-discente","status":"publish","type":"page","link":"https:\/\/sites.unicentro.br\/wp\/historia\/representacao-discente\/","title":{"rendered":"Representa\u00e7\u00e3o Discente"},"content":{"rendered":"<p><strong>REPRESENTA\u00c7\u00c3O DISCENTE<\/strong><\/p>\n<p><strong>REPRESENTANTE DISCENTE NO CONSELHO DEPARTAMENTAL (DEHIS\/G)<\/strong><br \/>\nAcad\u00eamica J\u00e9ssica Caroline Zanella<br \/>\nCENTRO ACAD\u00caMICO DE HIST\u00d3RIA<\/p>\n<p><strong>REPRESENTANTE DISCENTE da UNICENTRO NO CONSELHO UNIVERSIT\u00c1RIO<\/strong><br \/>\nAcad\u00eamico Carlos Frederico Branco<\/p>\n","protected":false},"excerpt":{"rendered":"<p>REPRESENTA\u00c7\u00c3O DISCENTE REPRESENTANTE DISCENTE NO CONSELHO DEPARTAMENTAL (DEHIS\/G) Acad\u00eamica J\u00e9ssica Caroline Zanella CENTRO ACAD\u00caMICO DE HIST\u00d3RIA REPRESENTANTE DISCENTE da UNICENTRO NO CONSELHO UNIVERSIT\u00c1RIO Acad\u00eamico Carlos Frederico Branco &hellip; <a class=\"more-link\" href=\"https:\/\/sites.unicentro.br\/wp\/historia\/representacao-discente\/\">Continuar lendo <span class=\"meta-nav\">&rarr;<\/span><\/a><\/p>\n","protected":false},"author":38,"featured_media":0,"parent":0,"menu_order":0,"comment_status":"open","ping_status":"open","template":"","meta":{"_exactmetrics_skip_tracking":false,"_exactmetrics_sitenote_active":false,"_exactmetrics_sitenote_note":"","_exactmetrics_sitenote_category":0,"footnotes":""},"class_list":["post-19","page","type-page","status-publish","hentry"],"_links":{"self":[{"href":"https:\/\/sites.unicentro.br\/wp\/historia\/wp-json\/wp\/v2\/pages\/19","targetHints":{"allow":["GET"]}}],"collection":[{"href":"https:\/\/sites.unicentro.br\/wp\/historia\/wp-json\/wp\/v2\/pages"}],"about":[{"href":"https:\/\/sites.unicentro.br\/wp\/historia\/wp-json\/wp\/v2\/types\/page"}],"author":[{"embeddable":true,"href":"https:\/\/sites.unicentro.br\/wp\/historia\/wp-json\/wp\/v2\/users\/38"}],"replies":[{"embeddable":true,"href":"https:\/\/sites.unicentro.br\/wp\/historia\/wp-json\/wp\/v2\/comments?post=19"}],"version-history":[{"count":4,"href":"https:\/\/sites.unicentro.br\/wp\/historia\/wp-json\/wp\/v2\/pages\/19\/revisions"}],"predecessor-version":[{"id":169,"href":"https:\/\/sites.unicentro.br\/wp\/historia\/wp-json\/wp\/v2\/pages\/19\/revisions\/169"}],"wp:attachment":[{"href":"https:\/\/sites.unicentro.br\/wp\/historia\/wp-json\/wp\/v2\/media?parent=19"}],"curies":[{"name":"wp","href":"https:\/\/api.w.org\/{rel}","templated":true}]}}