{"id":39,"date":"2012-06-27T00:52:06","date_gmt":"2012-06-27T00:52:06","guid":{"rendered":"http:\/\/sites.unicentro.br\/wp\/historia\/?page_id=39"},"modified":"2013-01-07T13:18:01","modified_gmt":"2013-01-07T13:18:01","slug":"apresentacao","status":"publish","type":"page","link":"https:\/\/sites.unicentro.br\/wp\/historia\/apresentacao\/","title":{"rendered":"Apresenta\u00e7\u00e3o"},"content":{"rendered":"<p>O Departamento de Hist\u00f3ria (DEHIS) da Universidade Estadual do Centro Oeste (UNICENTRO), est\u00e1 integrado ao Setor de Ci\u00eancias Humanas, Letras e Artes (SEHLA), do campus Santa Cruz, da UNICENTRO, em Guarapuava, Paran\u00e1. No momento, o seu quadro de docentes est\u00e1 composto por 15 professores (13 doutores) em regime de dedica\u00e7\u00e3o exclusiva. O DEHIS tamb\u00e9m conta com 7 professores colaboradores. Todos os docentes do DEHIS est\u00e3o vinculados a atividades de ensino de gradua\u00e7\u00e3o, bem como \u00e0 pesquisa e \u00e0 extens\u00e3o. Uma por\u00e7\u00e3o dos professores envolve-se, tamb\u00e9m com a p\u00f3s-gradua\u00e7\u00e3o (Mestrado em Hist\u00f3ria), atuando, especialmente, nas seguintes \u00e1reas:<\/p>\n<p>Hist\u00f3ria e rela\u00e7\u00f5es de G\u00eanero<br \/>\nHist\u00f3ria Ambiental<br \/>\nEnsino de Hist\u00f3ria<br \/>\nPol\u00edticas, Cultura e Institui\u00e7\u00f5es<br \/>\nCultura, Etnias e Identifica\u00e7\u00f5es<\/p>\n<p>O DEHIs ainda responsabiliza-se por v\u00e1rias disciplinas ofertadas em outros cursos da UNICENTRO: Mestrado em Hist\u00f3ria; Administra\u00e7\u00e3o; Enfermagem; Qu\u00edmica; F\u00edsica; Fisioterapia; Filosofia; Ci\u00eancias Cont\u00e1beis.<\/p>\n<p>O departamento tamb\u00e9m oferece o Curso de Hist\u00f3ria no campus avan\u00e7ado no munic\u00edpio de coronel Vivida, Paran\u00e1, e na modalidade a Dist\u00e2ncia.<\/p>\n","protected":false},"excerpt":{"rendered":"<p>O Departamento de Hist\u00f3ria (DEHIS) da Universidade Estadual do Centro Oeste (UNICENTRO), est\u00e1 integrado ao Setor de Ci\u00eancias Humanas, Letras e Artes (SEHLA), do campus Santa Cruz, da UNICENTRO, em Guarapuava, Paran\u00e1. No momento, o seu quadro de docentes est\u00e1 &hellip; <a class=\"more-link\" href=\"https:\/\/sites.unicentro.br\/wp\/historia\/apresentacao\/\">Continuar lendo <span class=\"meta-nav\">&rarr;<\/span><\/a><\/p>\n","protected":false},"author":38,"featured_media":0,"parent":0,"menu_order":0,"comment_status":"open","ping_status":"open","template":"","meta":{"_exactmetrics_skip_tracking":false,"_exactmetrics_sitenote_active":false,"_exactmetrics_sitenote_note":"","_exactmetrics_sitenote_category":0,"footnotes":""},"class_list":["post-39","page","type-page","status-publish","hentry"],"_links":{"self":[{"href":"https:\/\/sites.unicentro.br\/wp\/historia\/wp-json\/wp\/v2\/pages\/39","targetHints":{"allow":["GET"]}}],"collection":[{"href":"https:\/\/sites.unicentro.br\/wp\/historia\/wp-json\/wp\/v2\/pages"}],"about":[{"href":"https:\/\/sites.unicentro.br\/wp\/historia\/wp-json\/wp\/v2\/types\/page"}],"author":[{"embeddable":true,"href":"https:\/\/sites.unicentro.br\/wp\/historia\/wp-json\/wp\/v2\/users\/38"}],"replies":[{"embeddable":true,"href":"https:\/\/sites.unicentro.br\/wp\/historia\/wp-json\/wp\/v2\/comments?post=39"}],"version-history":[{"count":3,"href":"https:\/\/sites.unicentro.br\/wp\/historia\/wp-json\/wp\/v2\/pages\/39\/revisions"}],"predecessor-version":[{"id":115,"href":"https:\/\/sites.unicentro.br\/wp\/historia\/wp-json\/wp\/v2\/pages\/39\/revisions\/115"}],"wp:attachment":[{"href":"https:\/\/sites.unicentro.br\/wp\/historia\/wp-json\/wp\/v2\/media?parent=39"}],"curies":[{"name":"wp","href":"https:\/\/api.w.org\/{rel}","templated":true}]}}