{"id":402,"date":"2012-10-02T16:28:30","date_gmt":"2012-10-02T19:28:30","guid":{"rendered":"http:\/\/sites.unicentro.br\/wp\/labell\/?page_id=402"},"modified":"2021-11-08T16:22:31","modified_gmt":"2021-11-08T19:22:31","slug":"teses-e-dissertacoes","status":"publish","type":"page","link":"https:\/\/sites.unicentro.br\/wp\/labell\/acervo\/teses-e-dissertacoes\/","title":{"rendered":"Teses e Disserta\u00e7\u00f5es"},"content":{"rendered":"\n\n\n<p style=\"text-align: center\">Adilson Carlos Batista. Efeitos de sentidos sobre a designa\u00e7\u00e3o homoafetividade produzidos na\/pela m\u00eddia.&nbsp;<\/p>\n\n\n\n<p style=\"text-align: center\" data-tadv-p=\"keep\">Adriana Cristina Bernardim. Col\u00f4nias Su\u00e1bias em Guarapuava e o Efeito Discursivo da mem\u00f3ria no espa\u00e7o de imigra\u00e7\u00e3o: entre a &#8220;velha&#8221; e a &#8220;nova&#8221; P\u00e1tria.&nbsp;<\/p>\n\n\n\n<p style=\"text-align: center\" data-tadv-p=\"keep\">Amanda Beatriz Gomes de Souza.O discurso na escrita\/escritura das ruas na\/pela m\u00eddia:interpreta\u00e7\u00e3o e coer\u00e7\u00e3o.<\/p>\n\n\n\n<p style=\"text-align: center\" data-tadv-p=\"keep\">Amanda Padilha Pieta. Identidades Flutuantes de Hermione: representa\u00e7\u00f5es de g\u00eanero na constitui\u00e7\u00e3o da personagem da s\u00e9rie <em>Harry Potter<\/em>.&nbsp;<\/p>\n\n\n\n<p style=\"text-align: center\" data-tadv-p=\"keep\">Anacir Alves Przygocki Vanz. A viol\u00eancia obst\u00e9trica em (re)vista: uma an\u00e1lise discursiva.&nbsp;<\/p>\n\n\n\n<p style=\"text-align: center\" data-tadv-p=\"keep\">Ana Carolina de Godoy. O feminino e o masculino na forma\u00e7\u00e3o discursiva da gastronomia: efeitos de mem\u00f3ria e ideologia.&nbsp;<\/p>\n\n\n\n<p style=\"text-align: center\" data-tadv-p=\"keep\">Andr\u00e9ia Silveira. Corpo transexual em (in)visibilidades discursivas na m\u00eddia.<\/p>\n\n\n\n<p style=\"text-align: center\" data-tadv-p=\"keep\">Andriele de Chaves Bortolin. &#8220;Bela, recatada e do lar&#8221;: replica\u00e7\u00e3o e ressignifica\u00e7\u00e3o dos&nbsp;<em>memes&nbsp;<\/em>no espa\u00e7o digital.&nbsp;<\/p>\n\n\n\n<p style=\"text-align: center\" data-tadv-p=\"keep\">Cleunice Vaz. Entre o p\u00fablico e o privado: discursos sobre o planejamento familiar no espa\u00e7o urbano.&nbsp;<\/p>\n\n\n\n<p style=\"text-align: center\" data-tadv-p=\"keep\">Cristiane Souza Pedroso. A discursiviza\u00e7\u00e3o do corpo da mulher em charges sobre o carnaval.&nbsp;<\/p>\n\n\n\n<p style=\"text-align: center\" data-tadv-p=\"keep\">Daniela Leonhardt. Ecos do romantismo em&nbsp;<em>A Casa das Sete Mulheres<\/em>.&nbsp;<\/p>\n\n\n\n<p style=\"text-align: center\" data-tadv-p=\"keep\">D\u00e9bora Smaha Corr\u00eaa. Resist\u00eancia, luto e luta no acontecimento pol\u00edtico das greves do magist\u00e9rio no Paran\u00e1.<\/p>\n\n\n\n<p style=\"text-align: center\" data-tadv-p=\"keep\">Denikid Ara\u00fajo Albino. O funcionamento da mem\u00f3ria em discursos na\/em rede sobre o casamento civil entre pessoas do mesmo sexo.<\/p>\n\n\n\n<p style=\"text-align: center\" data-tadv-p=\"keep\">Denise Abreu Turco. Constitui\u00e7\u00e3o do sujeito mulher na ordem do discurso jur\u00eddico: entre viol\u00eancia e manuten\u00e7\u00e3o da leg\u00edtima defesa pela honra.&nbsp;<\/p>\n<p>Emily Smaha da Silva. O discurso art\u00edstico no ballet: murm\u00farios de Pedro e In\u00eas.<\/p>\n\n\n\n<p style=\"text-align: center\" data-tadv-p=\"keep\">Felipe Soares. Eu, Yayoi Kusama, que retratei minha obsess\u00e3o, minha despersonaliza\u00e7\u00e3o e minhas fobias: por uma an\u00e1lise do discurso das imagens da loucura.&nbsp;<\/p>\n\n\n\n<p style=\"text-align: center\" data-tadv-p=\"keep\">Josemara Stefaniczen. Sob os des\u00edgnios de Narciso &#8211; linguagem e identidade na produ\u00e7\u00e3o de <em>selfies&nbsp;<\/em>no <em>Instagram<\/em>.<\/p>\n\n\n\n<p style=\"text-align: center\" data-tadv-p=\"keep\">Josilene Greti de Lima Mierjam. Narrativas detetivescas do s\u00e9culo XXI: a tr\u00edplice caminhada em <em>Nove Noites<\/em> e <em>Os pap\u00e9is do Ingl\u00eas<\/em>.<\/p>\n\n\n\n<p style=\"text-align: center\" data-tadv-p=\"keep\">Jovana Simanic. Por uma arquegenealogia de Milunka Savic: mulher-homem s\u00e9rvia na Primeira Guerra Mundial.&nbsp;<\/p>\n\n\n\n<p style=\"text-align: center\">Leandro Tafuri. Discurso, viol\u00eancia e espetaculariza\u00e7\u00e3o da not\u00edcia: efeitos de sentido em torno da madastra.&nbsp;<\/p>\n\n\n\n<p style=\"text-align: center\" data-tadv-p=\"keep\">Loide Andr\u00e9a Salache. Os formadores de opini\u00e3o e o discurso <em>sobre<\/em> a manualiza\u00e7\u00e3o da l\u00edngua.&nbsp;<\/p>\n\n\n\n<p style=\"text-align: center\">Lucimara Cristina de Castro. Discursos em circula\u00e7\u00e3o no espa\u00e7o virtual: a produ\u00e7\u00e3o de sentidos acerca da educa\u00e7\u00e3o do sujeito-crian\u00e7a\/adolescente.&nbsp;<\/p>\n<p>Marcia Novak de Campos Figura. Dizeres sobre a mulher que mata: morte, amor e ci\u00fame, no jornalismo digital.<\/p>\n\n\n\n<p style=\"text-align: center\" data-tadv-p=\"keep\">Marcio Jos\u00e9 de Lima Winchuar. O funcionamento da rua na divis\u00e3o material do espa\u00e7o urbano.&nbsp;<\/p>\n\n\n\n<p style=\"text-align: center\">Maria Andreia Batista Blum. A\u00e7\u00f5es colaborativas em contexto escolar: o ensino da leitura e da escrita junto ao aluno com transtornos funcionais espec\u00edficos.&nbsp;<\/p>\n\n\n\n<p style=\"text-align: center\" data-tadv-p=\"keep\">Maria Cl\u00e1udia Teixeira. A constitui\u00e7\u00e3o da cena urbana em <em>Luc\u00edola:&nbsp;<\/em>as oposi\u00e7\u00f5es e as contradi\u00e7\u00f5es entre o privado e o p\u00fablico.&nbsp;<\/p>\n\n\n\n<p style=\"text-align: center\" data-tadv-p=\"keep\">Marilda Aparecida Lachovski de Fran\u00e7a. A mem\u00f3ria e o memor\u00e1vel: a guerra do Paraguai em &#8220;O Tempo e o Vento&#8221;.&nbsp;<\/p>\n\n\n\n<p style=\"text-align: center\" data-tadv-p=\"keep\">Paula Mary\u00e1 Fernandes. Discurso <em>sobre<\/em> da\/na constru\u00e7\u00e3o de sentidos no espa\u00e7o entre atentados e massacres.&nbsp;<\/p>\n\n\n\n<p style=\"text-align: center\" data-tadv-p=\"keep\">Rafaeli Francini Lunkes. Mito e mem\u00f3ria no filme publicit\u00e1rio &#8220;L&#8217;Odyss\u00e9e de Cartier&#8221;: estruturas de cria\u00e7\u00e3o.&nbsp;<\/p>\n\n\n\n<p style=\"text-align: center\" data-tadv-p=\"keep\">Sandra Lucia Dimidiuk Bassani. Discurso, poder e virilidade do sujeito-mulher Carolina Maria de Jesus em <em>Quarto de Despejo<\/em>.&nbsp;<\/p>\n\n\n\n<p style=\"text-align: center\" data-tadv-p=\"keep\">Sandy Karine Lima dos Santos Semczeszm. Dizeres sobre o aborto no espa\u00e7o digital: uma an\u00e1lise discursiva.&nbsp;<\/p>\n\n\n\n<p style=\"text-align: center\" data-tadv-p=\"keep\">Suellen Fernanda de Quadros Soares. Discurso, corpo e poder: a objetiva\u00e7\u00e3o\/subjetiva\u00e7\u00e3o do sujeito Hellen Keller sob a perspectiva dos estudos discursivos foucaultianos.&nbsp;&nbsp;<\/p>\n\n\n\n<p style=\"text-align: center\" data-tadv-p=\"keep\">Suhaila Mehanna Schon. A l\u00edngua no museu e no document\u00e1rio &#8220;A chama da l\u00edngua&#8221;: funcionamentos da contradi\u00e7\u00e3o, das alteridades e das diferen\u00e7as.<\/p>\n\n\n\n<p style=\"text-align: center\" data-tadv-p=\"keep\">Tatiane Lichinski. Antes da Chuva: eredamentos entre tempo e mito na narrativa cinematogr\u00e1fica.&nbsp;<\/p>\n\n\n\n<p style=\"text-align: center\" data-tadv-p=\"keep\">Wellington Stefaniu. Linguagem, mito e trag\u00e9dia no jornalismo.&nbsp;<\/p>\n","protected":false},"excerpt":{"rendered":"<p>Adilson Carlos Batista. Efeitos de sentidos sobre a designa\u00e7\u00e3o homoafetividade produzidos na\/pela m\u00eddia.&nbsp; Adriana Cristina Bernardim. Col\u00f4nias Su\u00e1bias em Guarapuava e o Efeito Discursivo da mem\u00f3ria no espa\u00e7o de imigra\u00e7\u00e3o: entre a &#8220;velha&#8221; e a &#8220;nova&#8221; P\u00e1tria.&nbsp; Amanda Beatriz Gomes &hellip; <a href=\"https:\/\/sites.unicentro.br\/wp\/labell\/acervo\/teses-e-dissertacoes\/\">Continue lendo <span class=\"meta-nav\">&rarr;<\/span><\/a><\/p>\n","protected":false},"author":27,"featured_media":0,"parent":396,"menu_order":0,"comment_status":"closed","ping_status":"closed","template":"","meta":{"_exactmetrics_skip_tracking":false,"_exactmetrics_sitenote_active":false,"_exactmetrics_sitenote_note":"","_exactmetrics_sitenote_category":0,"ngg_post_thumbnail":0,"footnotes":""},"class_list":["post-402","page","type-page","status-publish","hentry"],"_links":{"self":[{"href":"https:\/\/sites.unicentro.br\/wp\/labell\/wp-json\/wp\/v2\/pages\/402","targetHints":{"allow":["GET"]}}],"collection":[{"href":"https:\/\/sites.unicentro.br\/wp\/labell\/wp-json\/wp\/v2\/pages"}],"about":[{"href":"https:\/\/sites.unicentro.br\/wp\/labell\/wp-json\/wp\/v2\/types\/page"}],"author":[{"embeddable":true,"href":"https:\/\/sites.unicentro.br\/wp\/labell\/wp-json\/wp\/v2\/users\/27"}],"replies":[{"embeddable":true,"href":"https:\/\/sites.unicentro.br\/wp\/labell\/wp-json\/wp\/v2\/comments?post=402"}],"version-history":[{"count":16,"href":"https:\/\/sites.unicentro.br\/wp\/labell\/wp-json\/wp\/v2\/pages\/402\/revisions"}],"predecessor-version":[{"id":1586,"href":"https:\/\/sites.unicentro.br\/wp\/labell\/wp-json\/wp\/v2\/pages\/402\/revisions\/1586"}],"up":[{"embeddable":true,"href":"https:\/\/sites.unicentro.br\/wp\/labell\/wp-json\/wp\/v2\/pages\/396"}],"wp:attachment":[{"href":"https:\/\/sites.unicentro.br\/wp\/labell\/wp-json\/wp\/v2\/media?parent=402"}],"curies":[{"name":"wp","href":"https:\/\/api.w.org\/{rel}","templated":true}]}}