{"id":171,"date":"2013-04-05T15:34:03","date_gmt":"2013-04-05T18:34:03","guid":{"rendered":"http:\/\/sites.unicentro.br\/wp\/labmat\/?page_id=171"},"modified":"2020-02-27T19:42:21","modified_gmt":"2020-02-27T22:42:21","slug":"sobre","status":"publish","type":"page","link":"https:\/\/sites.unicentro.br\/wp\/labmat\/","title":{"rendered":"Nossa Hist\u00f3ria"},"content":{"rendered":"<p>Caro visitante,<\/p>\n<p>Seja bem vindo ao site do Laborat\u00f3rio de Materiais e Compostos Inorg\u00e2nicos da Unicentro, <em><span style=\"color: #0000ff\"><strong>LabMat\/UNICENTRO<\/strong><\/span><\/em>.<\/p>\n<p>Criado em 2003, orgulha-se de fazer parte do crescimento do Departamento de Qu\u00edmica e da Universidade Estadual do Centro-Oeste do Paran\u00e1.<\/p>\n<p>Ocupa o primeiro laborat\u00f3rio do CIMPE, cuja \u00e1rea de trabalho \u00e9 de aproximadamente 28 m2, onde atua 1 docente pesquisador da \u00e1rea de Qu\u00edmica Inorg\u00e2nica.<\/p>\n<p>Comporta o desenvolvimento de projetos de 5 doutorandos e 4 mestrandos. Atuam 6 alunos de inicia\u00e7\u00e3o cientifica.<\/p>\n<p style=\"text-align: center\">\u00a0<a href=\"http:\/\/sites.unicentro.br\/wp\/labmat\/files\/2014\/06\/LabMat-10-anos.jpg\"><img loading=\"lazy\" decoding=\"async\" class=\"alignnone size-medium wp-image-260\" src=\"http:\/\/sites.unicentro.br\/wp\/labmat\/files\/2014\/06\/LabMat-10-anos-300x114.jpg\" alt=\"LabMat-10 anos\" width=\"300\" height=\"114\" srcset=\"https:\/\/sites.unicentro.br\/wp\/labmat\/files\/2014\/06\/LabMat-10-anos-300x114.jpg 300w, https:\/\/sites.unicentro.br\/wp\/labmat\/files\/2014\/06\/LabMat-10-anos-500x190.jpg 500w, https:\/\/sites.unicentro.br\/wp\/labmat\/files\/2014\/06\/LabMat-10-anos.jpg 521w\" sizes=\"auto, (max-width: 300px) 100vw, 300px\" \/><\/a><\/p>\n<p style=\"text-align: center\"><span style=\"text-decoration: underline\">Estamos trabalhando na atualiza\u00e7\u00e3o, perenemente ser\u00e3o adicionadas novidades.<\/span><\/p>\n<hr \/>\n<p style=\"text-align: left\">\n<p style=\"text-align: left\">Dear visitor<\/p>\n<p>You are\u00a0 welcome\u00a0 on our web site. We are working on a new version which will be online soon.<\/p>\n<div id=\"attachment_285\" style=\"width: 310px\" class=\"wp-caption aligncenter\"><a href=\"http:\/\/sites.unicentro.br\/wp\/labmat\/files\/2013\/04\/Imagem004.jpg\"><img loading=\"lazy\" decoding=\"async\" aria-describedby=\"caption-attachment-285\" class=\"wp-image-285 size-medium\" src=\"http:\/\/sites.unicentro.br\/wp\/labmat\/files\/2013\/04\/Imagem004-300x225.jpg\" alt=\"Laborat\u00f3rios de Quimica\" width=\"300\" height=\"225\" srcset=\"https:\/\/sites.unicentro.br\/wp\/labmat\/files\/2013\/04\/Imagem004-300x225.jpg 300w, https:\/\/sites.unicentro.br\/wp\/labmat\/files\/2013\/04\/Imagem004.jpg 800w\" sizes=\"auto, (max-width: 300px) 100vw, 300px\" \/><\/a><p id=\"caption-attachment-285\" class=\"wp-caption-text\">Laborat\u00f3rios de Ensino de Qu\u00edmica &#8211; 2011<\/p><\/div>\n","protected":false},"excerpt":{"rendered":"<p>Caro visitante, Seja bem vindo ao site do Laborat\u00f3rio de Materiais e Compostos Inorg\u00e2nicos da Unicentro, LabMat\/UNICENTRO. Criado em 2003, orgulha-se de fazer parte do crescimento do Departamento de Qu\u00edmica e da Universidade Estadual do Centro-Oeste do Paran\u00e1. Ocupa o &hellip; <a href=\"https:\/\/sites.unicentro.br\/wp\/labmat\/\">Continue lendo <span class=\"meta-nav\">&rarr;<\/span><\/a><\/p>\n","protected":false},"author":46,"featured_media":0,"parent":0,"menu_order":1,"comment_status":"closed","ping_status":"closed","template":"","meta":{"_exactmetrics_skip_tracking":false,"_exactmetrics_sitenote_active":false,"_exactmetrics_sitenote_note":"","_exactmetrics_sitenote_category":0,"footnotes":""},"class_list":["post-171","page","type-page","status-publish","hentry"],"_links":{"self":[{"href":"https:\/\/sites.unicentro.br\/wp\/labmat\/wp-json\/wp\/v2\/pages\/171","targetHints":{"allow":["GET"]}}],"collection":[{"href":"https:\/\/sites.unicentro.br\/wp\/labmat\/wp-json\/wp\/v2\/pages"}],"about":[{"href":"https:\/\/sites.unicentro.br\/wp\/labmat\/wp-json\/wp\/v2\/types\/page"}],"author":[{"embeddable":true,"href":"https:\/\/sites.unicentro.br\/wp\/labmat\/wp-json\/wp\/v2\/users\/46"}],"replies":[{"embeddable":true,"href":"https:\/\/sites.unicentro.br\/wp\/labmat\/wp-json\/wp\/v2\/comments?post=171"}],"version-history":[{"count":15,"href":"https:\/\/sites.unicentro.br\/wp\/labmat\/wp-json\/wp\/v2\/pages\/171\/revisions"}],"predecessor-version":[{"id":611,"href":"https:\/\/sites.unicentro.br\/wp\/labmat\/wp-json\/wp\/v2\/pages\/171\/revisions\/611"}],"wp:attachment":[{"href":"https:\/\/sites.unicentro.br\/wp\/labmat\/wp-json\/wp\/v2\/media?parent=171"}],"curies":[{"name":"wp","href":"https:\/\/api.w.org\/{rel}","templated":true}]}}