{"id":10541,"date":"2012-09-12T09:37:07","date_gmt":"2012-09-12T12:37:07","guid":{"rendered":"http:\/\/sites.unicentro.br\/wp\/manejoflorestal\/?page_id=10541"},"modified":"2017-09-21T10:54:00","modified_gmt":"2017-09-21T13:54:00","slug":"10541-2","status":"publish","type":"page","link":"https:\/\/sites.unicentro.br\/wp\/manejoflorestal\/10541-2\/","title":{"rendered":"Handroanthus umbellatus (Sond.) Mattos. Ip\u00ea-do-brejo, ip\u00ea-da-v\u00e1rzea"},"content":{"rendered":"<p><a class=\"lightbox\" title=\"1 - Handroanthus umbellatus (Sond.) Mattos\" href=\"http:\/\/sites.unicentro.br\/wp\/manejoflorestal\/files\/2012\/06\/1-Handroanthus-umbellatus-Sond.-Mattos.jpg\"><img loading=\"lazy\" decoding=\"async\" class=\"aligncenter size-full wp-image-6052\" title=\"1 - Handroanthus umbellatus (Sond.) Mattos\" src=\"http:\/\/sites.unicentro.br\/wp\/manejoflorestal\/files\/2012\/06\/1-Handroanthus-umbellatus-Sond.-Mattos.jpg\" alt=\"\" width=\"1024\" height=\"505\" srcset=\"https:\/\/sites.unicentro.br\/wp\/manejoflorestal\/files\/2012\/06\/1-Handroanthus-umbellatus-Sond.-Mattos.jpg 800w, https:\/\/sites.unicentro.br\/wp\/manejoflorestal\/files\/2012\/06\/1-Handroanthus-umbellatus-Sond.-Mattos-300x147.jpg 300w, https:\/\/sites.unicentro.br\/wp\/manejoflorestal\/files\/2012\/06\/1-Handroanthus-umbellatus-Sond.-Mattos-500x246.jpg 500w\" sizes=\"auto, (max-width: 1024px) 100vw, 1024px\" \/><\/a><span style=\"color: #000000\"><strong>Foto 1 &#8211;<\/strong><\/span>\u00a0Detalhe das folhas frente e verso e fruto.<a href=\"http:\/\/sites.unicentro.br\/wp\/manejoflorestal\/files\/2012\/09\/Ip\u00ea-do-Banhado.jpg\"><img loading=\"lazy\" decoding=\"async\" class=\"alignnone size-full wp-image-32774\" src=\"http:\/\/sites.unicentro.br\/wp\/manejoflorestal\/files\/2012\/09\/Ip\u00ea-do-Banhado.jpg\" alt=\"\" width=\"1395\" height=\"927\" srcset=\"https:\/\/sites.unicentro.br\/wp\/manejoflorestal\/files\/2012\/09\/Ip\u00ea-do-Banhado.jpg 1395w, https:\/\/sites.unicentro.br\/wp\/manejoflorestal\/files\/2012\/09\/Ip\u00ea-do-Banhado-300x199.jpg 300w, https:\/\/sites.unicentro.br\/wp\/manejoflorestal\/files\/2012\/09\/Ip\u00ea-do-Banhado-768x510.jpg 768w, https:\/\/sites.unicentro.br\/wp\/manejoflorestal\/files\/2012\/09\/Ip\u00ea-do-Banhado-1024x680.jpg 1024w, https:\/\/sites.unicentro.br\/wp\/manejoflorestal\/files\/2012\/09\/Ip\u00ea-do-Banhado-451x300.jpg 451w\" sizes=\"auto, (max-width: 1395px) 100vw, 1395px\" \/><\/a><\/p>\n<p><span style=\"color: #000000\"><strong>Foto 2 &#8211; <\/strong>Detalhe das flores<\/span><a href=\"http:\/\/sites.unicentro.br\/wp\/manejoflorestal\/files\/2012\/09\/Ip\u00ea-do-banhado-2.jpg\"><img loading=\"lazy\" decoding=\"async\" class=\"alignnone size-full wp-image-32775\" src=\"http:\/\/sites.unicentro.br\/wp\/manejoflorestal\/files\/2012\/09\/Ip\u00ea-do-banhado-2.jpg\" alt=\"\" width=\"1401\" height=\"932\" srcset=\"https:\/\/sites.unicentro.br\/wp\/manejoflorestal\/files\/2012\/09\/Ip\u00ea-do-banhado-2.jpg 1401w, https:\/\/sites.unicentro.br\/wp\/manejoflorestal\/files\/2012\/09\/Ip\u00ea-do-banhado-2-300x200.jpg 300w, https:\/\/sites.unicentro.br\/wp\/manejoflorestal\/files\/2012\/09\/Ip\u00ea-do-banhado-2-768x511.jpg 768w, https:\/\/sites.unicentro.br\/wp\/manejoflorestal\/files\/2012\/09\/Ip\u00ea-do-banhado-2-1024x681.jpg 1024w, https:\/\/sites.unicentro.br\/wp\/manejoflorestal\/files\/2012\/09\/Ip\u00ea-do-banhado-2-451x300.jpg 451w\" sizes=\"auto, (max-width: 1401px) 100vw, 1401px\" \/><\/a><\/p>\n<p>Foto 3-\u00a0Sanha\u00e7o-azul (<em>Tangara sayaca<\/em>\u00a0Linnaeus,1766).\u00a0<a href=\"http:\/\/sites.unicentro.br\/wp\/manejoflorestal\/files\/2012\/09\/Ip\u00ea-do-banhado-3.jpg\"><img loading=\"lazy\" decoding=\"async\" class=\"alignnone size-full wp-image-32776\" src=\"http:\/\/sites.unicentro.br\/wp\/manejoflorestal\/files\/2012\/09\/Ip\u00ea-do-banhado-3.jpg\" alt=\"\" width=\"1401\" height=\"1013\" srcset=\"https:\/\/sites.unicentro.br\/wp\/manejoflorestal\/files\/2012\/09\/Ip\u00ea-do-banhado-3.jpg 1401w, https:\/\/sites.unicentro.br\/wp\/manejoflorestal\/files\/2012\/09\/Ip\u00ea-do-banhado-3-300x217.jpg 300w, https:\/\/sites.unicentro.br\/wp\/manejoflorestal\/files\/2012\/09\/Ip\u00ea-do-banhado-3-768x555.jpg 768w, https:\/\/sites.unicentro.br\/wp\/manejoflorestal\/files\/2012\/09\/Ip\u00ea-do-banhado-3-1024x740.jpg 1024w, https:\/\/sites.unicentro.br\/wp\/manejoflorestal\/files\/2012\/09\/Ip\u00ea-do-banhado-3-415x300.jpg 415w\" sizes=\"auto, (max-width: 1401px) 100vw, 1401px\" \/><\/a><\/p>\n<p><strong>Foto 4 &#8211;<\/strong>\u00a0Detalhe Da poliniza\u00e7\u00e3o (<em>Apis mellifera<\/em>).<\/p>\n<p><a href=\"http:\/\/sites.unicentro.br\/wp\/manejoflorestal\/files\/2012\/09\/2-10.jpg\"><img loading=\"lazy\" decoding=\"async\" class=\"alignnone size-full wp-image-32779\" src=\"http:\/\/sites.unicentro.br\/wp\/manejoflorestal\/files\/2012\/09\/2-10.jpg\" alt=\"\" width=\"2048\" height=\"1298\" srcset=\"https:\/\/sites.unicentro.br\/wp\/manejoflorestal\/files\/2012\/09\/2-10.jpg 1893w, https:\/\/sites.unicentro.br\/wp\/manejoflorestal\/files\/2012\/09\/2-10-300x190.jpg 300w, https:\/\/sites.unicentro.br\/wp\/manejoflorestal\/files\/2012\/09\/2-10-768x487.jpg 768w, https:\/\/sites.unicentro.br\/wp\/manejoflorestal\/files\/2012\/09\/2-10-1024x649.jpg 1024w, https:\/\/sites.unicentro.br\/wp\/manejoflorestal\/files\/2012\/09\/2-10-473x300.jpg 473w\" sizes=\"auto, (max-width: 2048px) 100vw, 2048px\" \/><\/a><\/p>\n<p><strong>Foto 5<\/strong>&#8211; Detalhe das folhas.<a href=\"http:\/\/sites.unicentro.br\/wp\/manejoflorestal\/files\/2012\/09\/1-13.jpg\"><img loading=\"lazy\" decoding=\"async\" class=\"alignnone size-full wp-image-32780\" src=\"http:\/\/sites.unicentro.br\/wp\/manejoflorestal\/files\/2012\/09\/1-13.jpg\" alt=\"\" width=\"1299\" height=\"961\" srcset=\"https:\/\/sites.unicentro.br\/wp\/manejoflorestal\/files\/2012\/09\/1-13.jpg 1299w, https:\/\/sites.unicentro.br\/wp\/manejoflorestal\/files\/2012\/09\/1-13-300x222.jpg 300w, https:\/\/sites.unicentro.br\/wp\/manejoflorestal\/files\/2012\/09\/1-13-768x568.jpg 768w, https:\/\/sites.unicentro.br\/wp\/manejoflorestal\/files\/2012\/09\/1-13-1024x758.jpg 1024w, https:\/\/sites.unicentro.br\/wp\/manejoflorestal\/files\/2012\/09\/1-13-406x300.jpg 406w\" sizes=\"auto, (max-width: 1299px) 100vw, 1299px\" \/><\/a><\/p>\n<p><strong>Foto 6-<\/strong> Detalhe das folhas e s\u00edliqua<a href=\"http:\/\/sites.unicentro.br\/wp\/manejoflorestal\/files\/2012\/09\/Ip\u00ea-do-banhado-3.gif\"><img loading=\"lazy\" decoding=\"async\" class=\"alignnone size-full wp-image-32777\" src=\"http:\/\/sites.unicentro.br\/wp\/manejoflorestal\/files\/2012\/09\/Ip\u00ea-do-banhado-3.gif\" alt=\"\" width=\"1401\" height=\"938\" \/><\/a><\/p>\n<p><span style=\"color: #000000\"><strong>Foto 7 &#8211;<\/strong><\/span>\u00a0Tronco tortuoso, com casca fina, cinza, descamante.<\/p>\n<p><span style=\"color: #008000\"><strong>Fam\u00edlia:<\/strong><\/span> Bignoniaceae.<\/p>\n<p><span style=\"color: #008000\"><strong>Nome cient\u00edfico:\u00a0<\/strong><\/span><em>Handroanthus umbellatus<\/em> (Sond.) Mattos<\/p>\n<p><strong><span style=\"color: #008000\">Sinon\u00edmia bot\u00e2nica:<\/span>\u00a0<\/strong><em>Tabebuia umbellata<\/em> (Sond.) Sandwith.<\/p>\n<p><span style=\"color: #008000\"><strong>Nomes populares:<\/strong><\/span>\u00a0ip\u00ea-do-brejo, ip\u00ea-da-v\u00e1rzea<\/p>\n<p><strong><span style=\"color: #008000\">Origem do nome \u00a0da esp\u00e9cie:<\/span> <\/strong><span style=\"color: #000000\"><em>Handroanthus<\/em> em homenagem ao bot\u00e2nico brasileiro Oswaldo Handro (1908-1986)<\/span><\/p>\n<p><span style=\"color: #008000\"><strong>DESCRI\u00c7\u00c3O DA ESP\u00c9CIE<\/strong><\/span><\/p>\n<p>\u00c1rvore caducif\u00f3lia, heli\u00f3fita, esp\u00e9cie que se adapta em terrenos encharcados. Sua altura atinge at\u00e9 17 m e seu di\u00e2metro at\u00e9 45 cm.<\/p>\n<p><strong><span style=\"color: #008000\">Folhas:<\/span><\/strong>\u00a0compostas, digitadas, opostas, com 5-7 fol\u00edolos.<\/p>\n<p><span style=\"color: #008000\"><strong>Flores:<\/strong><\/span>\u00a0hermafroditas amarelas.<\/p>\n<p><strong><span style=\"color: #008000\">Fruto:<\/span><\/strong>\u00a0s\u00edliqua.<\/p>\n<p><span style=\"color: #008000\"><strong>Flora\u00e7\u00e3o:<\/strong><\/span> Agosto\/Setembro.<\/p>\n<p><span style=\"color: #008000\"><strong>Frutifica\u00e7\u00e3o:<\/strong> <\/span>Outubro\/Novembro.<\/p>\n<p><span style=\"color: #008000\"><strong>Poliniza\u00e7\u00e3o<\/strong><\/span>:periquitos, beija-flores, cambacicas entre outros\u2026<\/p>\n<p><span style=\"color: #008000\"><strong>Dispers\u00e3o:<\/strong><\/span> anemoc\u00f3rica (pelo vento)<\/p>\n<p><strong><span style=\"color: #008000\">Ocorr\u00eancia:<\/span><\/strong> Minas Gerais ao Rio Grande do Sul.<\/p>\n<p><span style=\"color: #008000\"><strong>Paisag\u00edstico:<\/strong><\/span> Bastante cultivada como ornamental em pra\u00e7as e canteiros.<\/p>\n<p><span style=\"color: #008000\"><strong>Utiliza\u00e7\u00e3o:<\/strong><\/span>\u00a0dormentes e postes.<\/p>\n<p><strong><span style=\"color: #008000\">Bibliografia consultada<\/span><\/strong><\/p>\n<p style=\"text-align: justify\">BACKES, P.; IRGANG, B. <strong>\u00c1rvores do Sul: Guia de identifica\u00e7\u00e3o e interesse ecol\u00f3gico.<\/strong> Santa Cruz do Sul: Instituto Souza Cruz. 2002. 321p.<\/p>\n<p style=\"text-align: left\">I<strong>p\u00ea-do-brejo- <em>Handroanthus umbellatus<\/em><\/strong>. Dispon\u00edvel em:\u00a0http:\/\/www.wikiaves.com\/flora:ipe-do-brejo. Acesso em 24 de mar\u00e7o de 2016.<\/p>\n<h1 id=\"ipe-do-brejo_-_handroanthus_umbellatus\" class=\"sectionedit1\">Minist\u00e9rio da Agricultura Pecu\u00e1ria e Abastecimento. <strong>Registro Nacional de Cultivares<\/strong> <strong>RNC<\/strong>. Dispon\u00edvel em: <a href=\"http:\/\/extranet.agricultura.gov.br\/php\/proton\/cultivarweb\/cultivares_registradas.php\">http:\/\/extranet.agricultura.gov.br\/php\/proton\/cultivarweb\/cultivares_registradas.php<\/a>.\u00a0Acesso em: 29\/11\/ 2011.<\/h1>\n","protected":false},"excerpt":{"rendered":"<p>Foto 1 &#8211;\u00a0Detalhe das folhas frente e verso e fruto. Foto 2 &#8211; Detalhe das flores Foto 3-\u00a0Sanha\u00e7o-azul (Tangara sayaca\u00a0Linnaeus,1766).\u00a0 Foto 4 &#8211;\u00a0Detalhe Da poliniza\u00e7\u00e3o (Apis mellifera). Foto 5&#8211; Detalhe das folhas. Foto 6- Detalhe das folhas e s\u00edliqua Foto &hellip; <a href=\"https:\/\/sites.unicentro.br\/wp\/manejoflorestal\/10541-2\/\">Continue lendo <span class=\"meta-nav\">&rarr;<\/span><\/a><\/p>\n","protected":false},"author":25,"featured_media":0,"parent":0,"menu_order":0,"comment_status":"open","ping_status":"open","template":"","meta":{"_exactmetrics_skip_tracking":false,"_exactmetrics_sitenote_active":false,"_exactmetrics_sitenote_note":"","_exactmetrics_sitenote_category":0,"footnotes":""},"class_list":["post-10541","page","type-page","status-publish","hentry"],"_links":{"self":[{"href":"https:\/\/sites.unicentro.br\/wp\/manejoflorestal\/wp-json\/wp\/v2\/pages\/10541","targetHints":{"allow":["GET"]}}],"collection":[{"href":"https:\/\/sites.unicentro.br\/wp\/manejoflorestal\/wp-json\/wp\/v2\/pages"}],"about":[{"href":"https:\/\/sites.unicentro.br\/wp\/manejoflorestal\/wp-json\/wp\/v2\/types\/page"}],"author":[{"embeddable":true,"href":"https:\/\/sites.unicentro.br\/wp\/manejoflorestal\/wp-json\/wp\/v2\/users\/25"}],"replies":[{"embeddable":true,"href":"https:\/\/sites.unicentro.br\/wp\/manejoflorestal\/wp-json\/wp\/v2\/comments?post=10541"}],"version-history":[{"count":13,"href":"https:\/\/sites.unicentro.br\/wp\/manejoflorestal\/wp-json\/wp\/v2\/pages\/10541\/revisions"}],"predecessor-version":[{"id":35218,"href":"https:\/\/sites.unicentro.br\/wp\/manejoflorestal\/wp-json\/wp\/v2\/pages\/10541\/revisions\/35218"}],"wp:attachment":[{"href":"https:\/\/sites.unicentro.br\/wp\/manejoflorestal\/wp-json\/wp\/v2\/media?parent=10541"}],"curies":[{"name":"wp","href":"https:\/\/api.w.org\/{rel}","templated":true}]}}