{"id":10568,"date":"2012-09-12T10:23:40","date_gmt":"2012-09-12T13:23:40","guid":{"rendered":"http:\/\/sites.unicentro.br\/wp\/manejoflorestal\/?page_id=10568"},"modified":"2019-07-25T17:41:08","modified_gmt":"2019-07-25T20:41:08","slug":"10568-2","status":"publish","type":"page","link":"https:\/\/sites.unicentro.br\/wp\/manejoflorestal\/10568-2\/","title":{"rendered":"Cordia trichotoma (Vell.) Arr\u00e1b. ex Steud. louro-pardo, freij\u00f3."},"content":{"rendered":"<p><a href=\"http:\/\/sites.unicentro.br\/wp\/manejoflorestal\/files\/2012\/09\/Louro-1.jpg\"><img loading=\"lazy\" decoding=\"async\" class=\"alignleft size-full wp-image-25537\" src=\"http:\/\/sites.unicentro.br\/wp\/manejoflorestal\/files\/2012\/09\/Louro-1.jpg\" alt=\"Louro 1\" width=\"1280\" height=\"776\" srcset=\"https:\/\/sites.unicentro.br\/wp\/manejoflorestal\/files\/2012\/09\/Louro-1.jpg 800w, https:\/\/sites.unicentro.br\/wp\/manejoflorestal\/files\/2012\/09\/Louro-1-300x182.jpg 300w, https:\/\/sites.unicentro.br\/wp\/manejoflorestal\/files\/2012\/09\/Louro-1-1024x621.jpg 1024w, https:\/\/sites.unicentro.br\/wp\/manejoflorestal\/files\/2012\/09\/Louro-1-495x300.jpg 495w\" sizes=\"auto, (max-width: 1280px) 100vw, 1280px\" \/><\/a><\/p>\n<p><span style=\"color: #000000\"><strong>Foto 1 &#8211;<\/strong><\/span>\u00a0Detalhe das flores.<a href=\"http:\/\/sites.unicentro.br\/wp\/manejoflorestal\/files\/2012\/09\/Louro-pardo.jpg\"><img loading=\"lazy\" decoding=\"async\" class=\"alignleft size-full wp-image-25730\" src=\"http:\/\/sites.unicentro.br\/wp\/manejoflorestal\/files\/2012\/09\/Louro-pardo.jpg\" alt=\"Louro-pardo\" width=\"1280\" height=\"854\" srcset=\"https:\/\/sites.unicentro.br\/wp\/manejoflorestal\/files\/2012\/09\/Louro-pardo.jpg 800w, https:\/\/sites.unicentro.br\/wp\/manejoflorestal\/files\/2012\/09\/Louro-pardo-300x200.jpg 300w, https:\/\/sites.unicentro.br\/wp\/manejoflorestal\/files\/2012\/09\/Louro-pardo-1024x683.jpg 1024w, https:\/\/sites.unicentro.br\/wp\/manejoflorestal\/files\/2012\/09\/Louro-pardo-450x300.jpg 450w\" sizes=\"auto, (max-width: 1280px) 100vw, 1280px\" \/><\/a><\/p>\n<p><span style=\"color: #000000\"><strong>Foto 2 &#8211;<\/strong><\/span> Detalhe das folhas e flores e polinizador, borboleta.<\/p>\n<p><a href=\"http:\/\/sites.unicentro.br\/wp\/manejoflorestal\/files\/2019\/07\/Louro-pardo.jpg\"><img loading=\"lazy\" decoding=\"async\" class=\"alignnone size-full wp-image-33334\" src=\"http:\/\/sites.unicentro.br\/wp\/manejoflorestal\/files\/2019\/07\/Louro-pardo.jpg\" alt=\"\" width=\"2455\" height=\"2086\" srcset=\"https:\/\/sites.unicentro.br\/wp\/manejoflorestal\/files\/2019\/07\/Louro-pardo.jpg 1412w, https:\/\/sites.unicentro.br\/wp\/manejoflorestal\/files\/2019\/07\/Louro-pardo-300x255.jpg 300w, https:\/\/sites.unicentro.br\/wp\/manejoflorestal\/files\/2019\/07\/Louro-pardo-768x653.jpg 768w, https:\/\/sites.unicentro.br\/wp\/manejoflorestal\/files\/2019\/07\/Louro-pardo-1024x870.jpg 1024w, https:\/\/sites.unicentro.br\/wp\/manejoflorestal\/files\/2019\/07\/Louro-pardo-353x300.jpg 353w\" sizes=\"auto, (max-width: 2455px) 100vw, 2455px\" \/><\/a><\/p>\n<p><strong>Foto 3<\/strong>&#8211; Detalhe dos frutos.<\/p>\n<p><a class=\"lightbox\" title=\"3 - Cordia trichotoma (Vell.) Arrab. ex Steud\" href=\"http:\/\/sites.unicentro.br\/wp\/manejoflorestal\/files\/2012\/06\/3-Cordia-trichotoma-Vell.-Arrab.-ex-Steud.jpg\"><img loading=\"lazy\" decoding=\"async\" class=\"aligncenter size-full wp-image-5990\" title=\"3 - Cordia trichotoma (Vell.) Arrab. ex Steud\" src=\"http:\/\/sites.unicentro.br\/wp\/manejoflorestal\/files\/2012\/06\/3-Cordia-trichotoma-Vell.-Arrab.-ex-Steud.jpg\" alt=\"\" width=\"918\" height=\"768\" srcset=\"https:\/\/sites.unicentro.br\/wp\/manejoflorestal\/files\/2012\/06\/3-Cordia-trichotoma-Vell.-Arrab.-ex-Steud.jpg 717w, https:\/\/sites.unicentro.br\/wp\/manejoflorestal\/files\/2012\/06\/3-Cordia-trichotoma-Vell.-Arrab.-ex-Steud-300x250.jpg 300w, https:\/\/sites.unicentro.br\/wp\/manejoflorestal\/files\/2012\/06\/3-Cordia-trichotoma-Vell.-Arrab.-ex-Steud-358x300.jpg 358w\" sizes=\"auto, (max-width: 918px) 100vw, 918px\" \/><\/a><span style=\"color: #000000\"><strong>Foto 4 &#8211;<\/strong><\/span>\u00a0Vista geral da esp\u00e9cie.<a class=\"lightbox\" title=\"4 - Cordia trichotoma (Vell.) Arrab. ex Steud\" href=\"http:\/\/sites.unicentro.br\/wp\/manejoflorestal\/files\/2012\/06\/4-Cordia-trichotoma-Vell.-Arrab.-ex-Steud.jpg\"><img loading=\"lazy\" decoding=\"async\" class=\"aligncenter size-full wp-image-5991\" title=\"4 - Cordia trichotoma (Vell.) Arrab. ex Steud\" src=\"http:\/\/sites.unicentro.br\/wp\/manejoflorestal\/files\/2012\/06\/4-Cordia-trichotoma-Vell.-Arrab.-ex-Steud.jpg\" alt=\"\" width=\"1024\" height=\"673\" srcset=\"https:\/\/sites.unicentro.br\/wp\/manejoflorestal\/files\/2012\/06\/4-Cordia-trichotoma-Vell.-Arrab.-ex-Steud.jpg 800w, https:\/\/sites.unicentro.br\/wp\/manejoflorestal\/files\/2012\/06\/4-Cordia-trichotoma-Vell.-Arrab.-ex-Steud-300x197.jpg 300w, https:\/\/sites.unicentro.br\/wp\/manejoflorestal\/files\/2012\/06\/4-Cordia-trichotoma-Vell.-Arrab.-ex-Steud-456x300.jpg 456w\" sizes=\"auto, (max-width: 1024px) 100vw, 1024px\" \/><\/a><span style=\"color: #000000\"><strong>Foto 5 &#8211;<\/strong><\/span>\u00a0Tronco reto e cil\u00edndrico, a casca externa \u00e9 cinza, \u00e1spera, sulcada.<\/p>\n<p><span style=\"color: #008000\"><strong>Fam\u00edlia:<\/strong> <\/span>Boraginaceae.<\/p>\n<p><span style=\"color: #008000\"><strong>Nome cient\u00edfico:<\/strong><\/span><em><span style=\"color: #008000\"><strong>\u00a0<\/strong><\/span>Cordia trichotoma<\/em> (Vell.) Arr\u00e1b. ex Steud.<\/p>\n<p><span style=\"color: #008000\"><strong>Sinon\u00edmia bot\u00e2nica:<\/strong><\/span> <em>Cordia alliodora<\/em> var<em>.tomentosa<\/em> A.D.C.;<em> Cordia frondosa<\/em> schott ex Spreng.<\/p>\n<p><span style=\"color: #008000\"><strong>Nomes populares:<\/strong> <\/span>Freij\u00f3-peteribi (RNC), louro-pardo, freij\u00f3.<\/p>\n<p><span style=\"color: #008000\"><strong>Nomes populares em outros pa\u00edses:<\/strong><\/span> Argentina; peterib\u00ed, Paraguai; peterevy, Bol\u00edvia, picana negra.<\/p>\n<p><strong><span style=\"color: #008000\">Origem do nome \u00a0da esp\u00e9cie<\/span>: <\/strong><em>Cordia<\/em> homenagem ao m\u00e9dico e bot\u00e2nico alem\u00e3o Euricius Cordus (1486-1535);<em> trichotoma<\/em> significa que est\u00e1 dividido em tr\u00eas partes , alusivo ao estigma (Smith,1970)<\/p>\n<p><span style=\"color: #008000\"><strong>DESCRI\u00c7\u00c3O DA ESP\u00c9CIE<\/strong><\/span><\/p>\n<p>\u00c1rvore caducif\u00f3lia, heli\u00f3fita, pol\u00edgama, secund\u00e1ria inicial (DURIGAN &amp; NOGUEIRA, 1990; JESUS 1997;NAVE et al., 1997; VACARO et al.,1999) secund\u00e1ria tardia (PI\u00d1A-RODRIGUES et al., 1997). Sua altura atinge at\u00e9 25 m e seu di\u00e2metro 80 cm.<\/p>\n<p><span style=\"color: #008000\"><strong>Folhas:<\/strong> <\/span>simples, alternas, espiraladas, subcori\u00e1ceas, com \u00e1pice acuminado, \u00e1spera com pelos. Com pec\u00edolo cil\u00edndrico e delgado e esbranqui\u00e7ado.<\/p>\n<p><span style=\"color: #008000\"><strong>Flores:<\/strong> <\/span>hermafroditas pent\u00e2meras, brancas e quando mais velhas pardas.<\/p>\n<p><span style=\"color: #008000\"><strong>Fruto:<\/strong><span style=\"color: #000000\">\u00a0n\u00facula, com c\u00e1lice de cor castanha (BARROSO et al., 1999)<\/span><\/span><\/p>\n<p><span style=\"color: #008000\"><strong>Flora\u00e7\u00e3o:<\/strong><\/span> Abril\/Junho.<\/p>\n<p><span style=\"color: #008000\"><strong>Frutifica\u00e7\u00e3o:<\/strong><\/span> Julho\/Setembro.<\/p>\n<p><span style=\"color: #008000\"><strong>Sistema sexual:<\/strong><\/span>\u00a0planta pol\u00edgama.<\/p>\n<p><span style=\"color: #008000\"><strong>Vetor de poliniza\u00e7\u00e3o:<\/strong><\/span> abelhas, insetos e borboletas.<\/p>\n<p><span style=\"color: #008000\"><strong>Dispers\u00e3o de frutos e sementes:<\/strong> <\/span>anemoc\u00f3rica, pelo vento.<\/p>\n<p><span style=\"color: #008000\"><strong>Ocorr\u00eancia:<\/strong>\u00a0 <span style=\"color: #000000\">Latitude \u00a03\u00ba 45&#8242; S No Cear\u00e1 30\u00ba 30&#8242; S na Regi\u00e3o de C\u00e1ceres MT (DUBOIS,1976), nos estados, Alagoas, Bahia, Cear\u00e1, Espirito Santo,Goi\u00e1s,Mato Grosso, Minas Gerais, Para\u00edba,Paran\u00e1, Pernambuco,Piau\u00ed, Rio de Janeiro,, Rio Grande do Norte, Rio Grande do Sul, Santa Catarina, S\u00e3o Paulo, Sergipe, Distrito Federal.<\/span><\/span><\/p>\n<p><span style=\"color: #008000\"><strong>Ap\u00edcola:<\/strong><\/span>\u00a0as flores s\u00e3o mel\u00edferas (Barros,1960), produzindo p\u00f3len (PIRANI e \u00a0CORTOPASSI-LAURINO,1993).<\/p>\n<p><span style=\"color: #008000\"><strong>Paisag\u00edstico:<\/strong><\/span>\u00a0esp\u00e9cie usada em arboriza\u00e7\u00e3o de ruas, em Frederico Westphalen, RS e Xanxer\u00ea- SC e recomendado para arboriza\u00e7\u00e3o de pra\u00e7as p\u00fablicas (TOLEDO FILHO e PARENTE, 1988.).<\/p>\n<p><span style=\"color: #008000\"><strong>Utiliza\u00e7\u00e3o:<\/strong><\/span>\u00a0m\u00f3veis de luxo.<\/p>\n<p><span style=\"color: #008000\"><strong>Bibliografia consultada<\/strong><\/span><\/p>\n<p style=\"text-align: justify\">CARVALHO, P.E.R. <strong>Esp\u00e9cies Arb\u00f3reas Brasileiras.\u00a0<\/strong>Cole\u00e7\u00e3o Esp\u00e9cies Arb\u00f3reas Brasileiras, vol 1.Bras\u00edlia: Embrapa Informa\u00e7\u00f5es Tecnol\u00f3gica; Colombo, PR:\u00a0 Embrapa Florestas,2003.1.039 p.<\/p>\n<p style=\"text-align: justify\">ZELAZOWSKI, V.H.;\u00a0LOPES, G.L.<strong>\u00a0Avalia\u00e7\u00e3o preliminar da competi\u00e7\u00e3o de crescimento entre 39 esp\u00e9cies arb\u00f3reas, em \u00e1rea sombreada com leucena (Leucena leucocephala).\u00a0<\/strong>In: CONGRESSO FLORESTAL PANAMERICANO, 1.; CONGRESSO FLORESTAL BRASILEIRO, 7., 1993, Curitiba. Floresta para o Desenvolvimento: Pol\u00edtica, Ambiente, Tecnologia e Mercado: anais. S\u00e3o Paulo: SBS; [S.l.]: SBEF, 1993. v. 2, p. 754.\u00a0Biblioteca(s): CNPF (PL LV0362 ADD).<\/p>\n<p style=\"text-align: justify\">CARVALHO, P.E.R.;\u00a0ZELAZOWSKI, W.H.;\u00a0KAMISNSKI, N.L.;\u00a0LOPES, G.L.\u00a0<strong>Compara\u00e7\u00e3o entre esp\u00e9cies arb\u00f3reas nativas (arboreto linear), em Foz do Igua\u00e7u, PR.\u00a0Colo<\/strong>mbo: EMBRAPA-CNPF, 1999.\u00a02 p.\u00a0(EMBRAPA-CNPF. Pesquisa em andamento, 22).\u00a0Biblioteca(s):AI-SEDE (FL 08523-CNPF EMB).<\/p>\n<p style=\"text-align: justify\">CARVALHO, P.E.R.;\u00a0ZELAZOWSKI, W.H.;\u00a0KAMISNSKI, N.L.;\u00a0LOPES, G.L.\u00a0<strong>Compara\u00e7\u00e3o entre esp\u00e9cies arb\u00f3reas nativas (arboreto linear), em Foz do Igua\u00e7u, PR.\u00a0<\/strong>Colombo: EMBRAPA-CNPF, 1999.\u00a02 p.\u00a0(EMBRAPA-CNPF. Pesquisa em andamento, 22).\u00a0Biblioteca(s):AI-SEDE (FL 08523-CNPF EMB).<\/p>\n<p>Minist\u00e9rio da Agricultura\u00a0 Pecu\u00e1ria e Abastecimento. <strong>Registro Nacional de Cultivares<\/strong> <strong>RNC<\/strong>. Dispon\u00edvel\u00a0 em: <a href=\"http:\/\/extranet.agricultura.gov.br\/php\/proton\/cultivarweb\/cultivares_registradas.php\">http:\/\/extranet.agricultura.gov.br\/php\/proton\/cultivarweb\/cultivares_registradas.php<\/a>. Acesso em: 23\/10\/2011.<\/p>\n","protected":false},"excerpt":{"rendered":"<p>Foto 1 &#8211;\u00a0Detalhe das flores. Foto 2 &#8211; Detalhe das folhas e flores e polinizador, borboleta. Foto 3&#8211; Detalhe dos frutos. Foto 4 &#8211;\u00a0Vista geral da esp\u00e9cie.Foto 5 &#8211;\u00a0Tronco reto e cil\u00edndrico, a casca externa \u00e9 cinza, \u00e1spera, sulcada. Fam\u00edlia: &hellip; <a href=\"https:\/\/sites.unicentro.br\/wp\/manejoflorestal\/10568-2\/\">Continue lendo <span class=\"meta-nav\">&rarr;<\/span><\/a><\/p>\n","protected":false},"author":25,"featured_media":0,"parent":0,"menu_order":0,"comment_status":"open","ping_status":"open","template":"","meta":{"_exactmetrics_skip_tracking":false,"_exactmetrics_sitenote_active":false,"_exactmetrics_sitenote_note":"","_exactmetrics_sitenote_category":0,"footnotes":""},"class_list":["post-10568","page","type-page","status-publish","hentry"],"_links":{"self":[{"href":"https:\/\/sites.unicentro.br\/wp\/manejoflorestal\/wp-json\/wp\/v2\/pages\/10568","targetHints":{"allow":["GET"]}}],"collection":[{"href":"https:\/\/sites.unicentro.br\/wp\/manejoflorestal\/wp-json\/wp\/v2\/pages"}],"about":[{"href":"https:\/\/sites.unicentro.br\/wp\/manejoflorestal\/wp-json\/wp\/v2\/types\/page"}],"author":[{"embeddable":true,"href":"https:\/\/sites.unicentro.br\/wp\/manejoflorestal\/wp-json\/wp\/v2\/users\/25"}],"replies":[{"embeddable":true,"href":"https:\/\/sites.unicentro.br\/wp\/manejoflorestal\/wp-json\/wp\/v2\/comments?post=10568"}],"version-history":[{"count":19,"href":"https:\/\/sites.unicentro.br\/wp\/manejoflorestal\/wp-json\/wp\/v2\/pages\/10568\/revisions"}],"predecessor-version":[{"id":33342,"href":"https:\/\/sites.unicentro.br\/wp\/manejoflorestal\/wp-json\/wp\/v2\/pages\/10568\/revisions\/33342"}],"wp:attachment":[{"href":"https:\/\/sites.unicentro.br\/wp\/manejoflorestal\/wp-json\/wp\/v2\/media?parent=10568"}],"curies":[{"name":"wp","href":"https:\/\/api.w.org\/{rel}","templated":true}]}}