{"id":10666,"date":"2012-09-13T08:12:45","date_gmt":"2012-09-13T11:12:45","guid":{"rendered":"http:\/\/sites.unicentro.br\/wp\/manejoflorestal\/?page_id=10666"},"modified":"2015-01-10T20:06:45","modified_gmt":"2015-01-10T22:06:45","slug":"10666-2","status":"publish","type":"page","link":"https:\/\/sites.unicentro.br\/wp\/manejoflorestal\/10666-2\/","title":{"rendered":"Plantas medicinais. Sorocea bonplandii (Baill.) W. C. Burner, L. e Boer. Chincho"},"content":{"rendered":"<p><span style=\"color: #008000\"><strong>Fam\u00edlia:<\/strong> <\/span>Moraceae.<\/p>\n<p><strong><span style=\"color: #008000\">Nome cient\u00edfico:\u00a0<\/span><\/strong><em>Sorocea bonplandii<\/em> (Baill.) W. C. Burner, L. e Boer.<\/p>\n<p><span style=\"color: #008000\"><strong>Nomes populares:<\/strong>\u00a0c<\/span>hincho, folha-de-serra, canxin<\/p>\n<p><strong><span style=\"color: #008000\">Uso medicinal<\/span><\/strong><\/p>\n<p style=\"text-align: justify\">O suco leitoso que exsuda do tronco dessa esp\u00e9cie \u00e9 considerado medicinal (LORENZI,1998).<\/p>\n<p><span style=\"color: #ff0000\"><strong>Recomenda-se precau\u00e7\u00e3o para o uso da planta para fins medicinais, devido as suas propriedades t\u00f3xicas (Correia,1926)<\/strong><\/span><\/p>\n<p><strong><span style=\"color: #008000\">Bibliografia consultada<\/span><\/strong><\/p>\n<p style=\"text-align: justify\">CARVALHO, P.E.R. <strong>Esp\u00e9cies arb\u00f3reas brasileiras<\/strong>\/ Paulo Ernani Ramalho Carvalho.-Cole\u00e7\u00e3o Esp\u00e9cies Arb\u00f3reas Brasileiras, vol. 3.\u00a0Bras\u00edlia, DF; Colombo, PR; Embrapa Florestas 2008.593 p.<\/p>\n<p><span style=\"font-size: large;color: #008000\"><a href=\"http:\/\/sites.unicentro.br\/wp\/manejoflorestal\/foto-2\/\"><span style=\"color: #008000\"><strong>Clique aqui para ver as imagens.<\/strong><\/span><\/a><\/span><\/p>\n","protected":false},"excerpt":{"rendered":"<p>Fam\u00edlia: Moraceae. Nome cient\u00edfico:\u00a0Sorocea bonplandii (Baill.) W. C. Burner, L. e Boer. Nomes populares:\u00a0chincho, folha-de-serra, canxin Uso medicinal O suco leitoso que exsuda do tronco dessa esp\u00e9cie \u00e9 considerado medicinal (LORENZI,1998). Recomenda-se precau\u00e7\u00e3o para o uso da planta para fins &hellip; <a href=\"https:\/\/sites.unicentro.br\/wp\/manejoflorestal\/10666-2\/\">Continue lendo <span class=\"meta-nav\">&rarr;<\/span><\/a><\/p>\n","protected":false},"author":25,"featured_media":0,"parent":0,"menu_order":0,"comment_status":"open","ping_status":"open","template":"","meta":{"_exactmetrics_skip_tracking":false,"_exactmetrics_sitenote_active":false,"_exactmetrics_sitenote_note":"","_exactmetrics_sitenote_category":0,"footnotes":""},"class_list":["post-10666","page","type-page","status-publish","hentry"],"_links":{"self":[{"href":"https:\/\/sites.unicentro.br\/wp\/manejoflorestal\/wp-json\/wp\/v2\/pages\/10666","targetHints":{"allow":["GET"]}}],"collection":[{"href":"https:\/\/sites.unicentro.br\/wp\/manejoflorestal\/wp-json\/wp\/v2\/pages"}],"about":[{"href":"https:\/\/sites.unicentro.br\/wp\/manejoflorestal\/wp-json\/wp\/v2\/types\/page"}],"author":[{"embeddable":true,"href":"https:\/\/sites.unicentro.br\/wp\/manejoflorestal\/wp-json\/wp\/v2\/users\/25"}],"replies":[{"embeddable":true,"href":"https:\/\/sites.unicentro.br\/wp\/manejoflorestal\/wp-json\/wp\/v2\/comments?post=10666"}],"version-history":[{"count":8,"href":"https:\/\/sites.unicentro.br\/wp\/manejoflorestal\/wp-json\/wp\/v2\/pages\/10666\/revisions"}],"predecessor-version":[{"id":24463,"href":"https:\/\/sites.unicentro.br\/wp\/manejoflorestal\/wp-json\/wp\/v2\/pages\/10666\/revisions\/24463"}],"wp:attachment":[{"href":"https:\/\/sites.unicentro.br\/wp\/manejoflorestal\/wp-json\/wp\/v2\/media?parent=10666"}],"curies":[{"name":"wp","href":"https:\/\/api.w.org\/{rel}","templated":true}]}}