{"id":10917,"date":"2012-09-20T10:49:54","date_gmt":"2012-09-20T13:49:54","guid":{"rendered":"http:\/\/sites.unicentro.br\/wp\/manejoflorestal\/?page_id=10917"},"modified":"2022-01-14T12:52:39","modified_gmt":"2022-01-14T15:52:39","slug":"10917-2","status":"publish","type":"page","link":"https:\/\/sites.unicentro.br\/wp\/manejoflorestal\/10917-2\/","title":{"rendered":"Spathodea campanulata P. Beauv. Espat\u00f3dea-vermelha"},"content":{"rendered":"<p><a class=\"lightbox\" title=\"1 - Spathodea Campanulata P. Beauv\" href=\"http:\/\/sites.unicentro.br\/wp\/manejoflorestal\/files\/2012\/09\/1-Spathodea-Campanulata-P.-Beauv.jpg\"><img loading=\"lazy\" decoding=\"async\" class=\"aligncenter size-full wp-image-10919\" title=\"1 - Spathodea Campanulata P. Beauv\" src=\"http:\/\/sites.unicentro.br\/wp\/manejoflorestal\/files\/2012\/09\/1-Spathodea-Campanulata-P.-Beauv.jpg\" alt=\"\" width=\"1024\" height=\"742\" srcset=\"https:\/\/sites.unicentro.br\/wp\/manejoflorestal\/files\/2012\/09\/1-Spathodea-Campanulata-P.-Beauv.jpg 800w, https:\/\/sites.unicentro.br\/wp\/manejoflorestal\/files\/2012\/09\/1-Spathodea-Campanulata-P.-Beauv-300x217.jpg 300w, https:\/\/sites.unicentro.br\/wp\/manejoflorestal\/files\/2012\/09\/1-Spathodea-Campanulata-P.-Beauv-414x300.jpg 414w\" sizes=\"auto, (max-width: 1024px) 100vw, 1024px\" \/><\/a><span style=\"color: #000000\"><strong>Foto 1 &#8211;<\/strong><\/span>\u00a0Detalhe das folhas e fruto.<a class=\"lightbox\" title=\"2 - Spathodea Campanulata P. Beauv\" href=\"http:\/\/sites.unicentro.br\/wp\/manejoflorestal\/files\/2012\/09\/2-Spathodea-Campanulata-P.-Beauv.jpg\"><img loading=\"lazy\" decoding=\"async\" class=\"aligncenter size-full wp-image-10920\" title=\"2 - Spathodea Campanulata P. Beauv\" src=\"http:\/\/sites.unicentro.br\/wp\/manejoflorestal\/files\/2012\/09\/2-Spathodea-Campanulata-P.-Beauv.jpg\" alt=\"\" width=\"1024\" height=\"765\" srcset=\"https:\/\/sites.unicentro.br\/wp\/manejoflorestal\/files\/2012\/09\/2-Spathodea-Campanulata-P.-Beauv.jpg 800w, https:\/\/sites.unicentro.br\/wp\/manejoflorestal\/files\/2012\/09\/2-Spathodea-Campanulata-P.-Beauv-300x224.jpg 300w, https:\/\/sites.unicentro.br\/wp\/manejoflorestal\/files\/2012\/09\/2-Spathodea-Campanulata-P.-Beauv-401x300.jpg 401w\" sizes=\"auto, (max-width: 1024px) 100vw, 1024px\" \/><\/a><span style=\"color: #000000\"><strong>Foto 2 &#8211;\u00a0<\/strong><\/span>Detalhe das flores vermelho-alaranjadas.<\/p>\n<p><span style=\"color: #008000\"><strong>Fam\u00edlia:<\/strong> <\/span>Bignoniaceae.<\/p>\n<p><span style=\"color: #008000\"><strong>Nome cient\u00edfico:<\/strong><\/span>\u00a0<em>Spathodea campanulata <\/em>P. Beauv.<\/p>\n<p><span style=\"color: #008000\"><strong>Nomes populares:<\/strong><\/span>\u00a0espat\u00f3dea-vermelha<\/p>\n<p>\u00c1rvore dec\u00eddua sua altura atinge at\u00e9 20 m, origin\u00e1ria da \u00c1frica Central.<\/p>\n<p><span style=\"color: #008000\"><strong>Folhas:<\/strong> <\/span>Opostas com 5-7 pares de fol\u00edolos.<\/p>\n<p><strong><span style=\"color: #008000\">Flores:<\/span><\/strong>\u00a0Vermelho-alaranjadas. As flores atraem muitas abelhas e beija-flores, alguns pesquisadores dizem que s\u00e3o venenosas, porque possuem alcal\u00f3ides t\u00f3xicos.<\/p>\n<p><span style=\"color: #008000\"><strong>Frutos:<\/strong><\/span> C\u00e1psulas lenhosas.<\/p>\n<p><span style=\"color: #008000\"><strong>Poliniza\u00e7\u00e3o:<\/strong><\/span> insetos e beija-flores, por\u00e9m muitos profissionais da \u00e1rea dizem que ela \u00e9 toxica para Abelhas e Beija-flores<\/p>\n<p><span style=\"color: #008000\"><strong>Dispers\u00e3o:<\/strong><\/span> anemocoria (pelo vento).<\/p>\n<p><strong><span style=\"color: #008000\">Utiliza\u00e7\u00e3o:<\/span><\/strong>\u00a0 Era muito utilizada nas pra\u00e7as e ruas como ornamental mas hoje n\u00e3o \u00e9 porque suas flores possuem substancia toxica, podendo matar abelhas e outros insetos.<\/p>\n<p><span style=\"color: #008000\"><strong>Bibliografia consultada<\/strong><\/span><\/p>\n<p style=\"text-align: justify\">LORENZI, H.<strong> \u00c1rvores ex\u00f3ticas no Brasil: <\/strong>madeireiras, ornamentais e arom\u00e1ticas.\u00a0Nova Odessa, SP: Instituto Plantarum, 2003.368 p.<\/p>\n","protected":false},"excerpt":{"rendered":"<p>Foto 1 &#8211;\u00a0Detalhe das folhas e fruto.Foto 2 &#8211;\u00a0Detalhe das flores vermelho-alaranjadas. Fam\u00edlia: Bignoniaceae. Nome cient\u00edfico:\u00a0Spathodea campanulata P. Beauv. Nomes populares:\u00a0espat\u00f3dea-vermelha \u00c1rvore dec\u00eddua sua altura atinge at\u00e9 20 m, origin\u00e1ria da \u00c1frica Central. Folhas: Opostas com 5-7 pares de fol\u00edolos. &hellip; <a href=\"https:\/\/sites.unicentro.br\/wp\/manejoflorestal\/10917-2\/\">Continue lendo <span class=\"meta-nav\">&rarr;<\/span><\/a><\/p>\n","protected":false},"author":25,"featured_media":0,"parent":0,"menu_order":0,"comment_status":"open","ping_status":"open","template":"","meta":{"_exactmetrics_skip_tracking":false,"_exactmetrics_sitenote_active":false,"_exactmetrics_sitenote_note":"","_exactmetrics_sitenote_category":0,"footnotes":""},"class_list":["post-10917","page","type-page","status-publish","hentry"],"_links":{"self":[{"href":"https:\/\/sites.unicentro.br\/wp\/manejoflorestal\/wp-json\/wp\/v2\/pages\/10917","targetHints":{"allow":["GET"]}}],"collection":[{"href":"https:\/\/sites.unicentro.br\/wp\/manejoflorestal\/wp-json\/wp\/v2\/pages"}],"about":[{"href":"https:\/\/sites.unicentro.br\/wp\/manejoflorestal\/wp-json\/wp\/v2\/types\/page"}],"author":[{"embeddable":true,"href":"https:\/\/sites.unicentro.br\/wp\/manejoflorestal\/wp-json\/wp\/v2\/users\/25"}],"replies":[{"embeddable":true,"href":"https:\/\/sites.unicentro.br\/wp\/manejoflorestal\/wp-json\/wp\/v2\/comments?post=10917"}],"version-history":[{"count":12,"href":"https:\/\/sites.unicentro.br\/wp\/manejoflorestal\/wp-json\/wp\/v2\/pages\/10917\/revisions"}],"predecessor-version":[{"id":35171,"href":"https:\/\/sites.unicentro.br\/wp\/manejoflorestal\/wp-json\/wp\/v2\/pages\/10917\/revisions\/35171"}],"wp:attachment":[{"href":"https:\/\/sites.unicentro.br\/wp\/manejoflorestal\/wp-json\/wp\/v2\/media?parent=10917"}],"curies":[{"name":"wp","href":"https:\/\/api.w.org\/{rel}","templated":true}]}}