{"id":12019,"date":"2012-10-19T13:49:40","date_gmt":"2012-10-19T16:49:40","guid":{"rendered":"http:\/\/sites.unicentro.br\/wp\/manejoflorestal\/?page_id=12019"},"modified":"2017-01-24T11:14:24","modified_gmt":"2017-01-24T13:14:24","slug":"12019-2","status":"publish","type":"page","link":"https:\/\/sites.unicentro.br\/wp\/manejoflorestal\/12019-2\/","title":{"rendered":"Joannesia princeps Vell. Ducke Boleira"},"content":{"rendered":"<p><a class=\"lightbox\" title=\"1 - Joannesia princeps Vell\" href=\"http:\/\/sites.unicentro.br\/wp\/manejoflorestal\/files\/2012\/10\/1-Joannesia-princeps-Vell.jpg\"><img loading=\"lazy\" decoding=\"async\" class=\"alignnone size-full wp-image-12021\" src=\"http:\/\/sites.unicentro.br\/wp\/manejoflorestal\/files\/2012\/10\/1-Joannesia-princeps-Vell.jpg\" alt=\"\" width=\"1015\" height=\"768\" srcset=\"https:\/\/sites.unicentro.br\/wp\/manejoflorestal\/files\/2012\/10\/1-Joannesia-princeps-Vell.jpg 793w, https:\/\/sites.unicentro.br\/wp\/manejoflorestal\/files\/2012\/10\/1-Joannesia-princeps-Vell-300x226.jpg 300w, https:\/\/sites.unicentro.br\/wp\/manejoflorestal\/files\/2012\/10\/1-Joannesia-princeps-Vell-396x300.jpg 396w\" sizes=\"auto, (max-width: 1015px) 100vw, 1015px\" \/><\/a><strong><span style=\"color: #000000\">Foto 1 &#8211;<\/span><\/strong>\u00a0Detalhe das folhas.<a class=\"lightbox\" title=\"2 - Joannesia princeps Vell\" href=\"http:\/\/sites.unicentro.br\/wp\/manejoflorestal\/files\/2012\/10\/2-Joannesia-princeps-Vell.jpg\"><img loading=\"lazy\" decoding=\"async\" class=\"alignnone size-full wp-image-12022\" src=\"http:\/\/sites.unicentro.br\/wp\/manejoflorestal\/files\/2012\/10\/2-Joannesia-princeps-Vell.jpg\" alt=\"\" width=\"992\" height=\"768\" srcset=\"https:\/\/sites.unicentro.br\/wp\/manejoflorestal\/files\/2012\/10\/2-Joannesia-princeps-Vell.jpg 775w, https:\/\/sites.unicentro.br\/wp\/manejoflorestal\/files\/2012\/10\/2-Joannesia-princeps-Vell-300x232.jpg 300w, https:\/\/sites.unicentro.br\/wp\/manejoflorestal\/files\/2012\/10\/2-Joannesia-princeps-Vell-387x300.jpg 387w\" sizes=\"auto, (max-width: 992px) 100vw, 992px\" \/><\/a><span style=\"color: #000000\"><strong>Foto 2 &#8211;<\/strong><\/span>\u00a0Detalhe do ramo.<a class=\"lightbox\" title=\"3 - Joannesia princeps Vell\" href=\"http:\/\/sites.unicentro.br\/wp\/manejoflorestal\/files\/2012\/10\/3-Joannesia-princeps-Vell.jpg\"><img loading=\"lazy\" decoding=\"async\" class=\"alignnone size-full wp-image-12023\" src=\"http:\/\/sites.unicentro.br\/wp\/manejoflorestal\/files\/2012\/10\/3-Joannesia-princeps-Vell.jpg\" alt=\"\" width=\"1024\" height=\"709\" srcset=\"https:\/\/sites.unicentro.br\/wp\/manejoflorestal\/files\/2012\/10\/3-Joannesia-princeps-Vell.jpg 800w, https:\/\/sites.unicentro.br\/wp\/manejoflorestal\/files\/2012\/10\/3-Joannesia-princeps-Vell-300x207.jpg 300w, https:\/\/sites.unicentro.br\/wp\/manejoflorestal\/files\/2012\/10\/3-Joannesia-princeps-Vell-433x300.jpg 433w\" sizes=\"auto, (max-width: 1024px) 100vw, 1024px\" \/><\/a><span style=\"color: #000000\"><strong>Foto 3 &#8211;<\/strong><\/span>\u00a0Detalhe do tronco.<a href=\"http:\/\/sites.unicentro.br\/wp\/manejoflorestal\/files\/2012\/10\/Boleira.jpg\"><img loading=\"lazy\" decoding=\"async\" class=\"alignleft size-full wp-image-27981\" src=\"http:\/\/sites.unicentro.br\/wp\/manejoflorestal\/files\/2012\/10\/Boleira.jpg\" alt=\"Boleira\" width=\"1220\" height=\"815\" srcset=\"https:\/\/sites.unicentro.br\/wp\/manejoflorestal\/files\/2012\/10\/Boleira.jpg 800w, https:\/\/sites.unicentro.br\/wp\/manejoflorestal\/files\/2012\/10\/Boleira-300x200.jpg 300w, https:\/\/sites.unicentro.br\/wp\/manejoflorestal\/files\/2012\/10\/Boleira-1024x684.jpg 1024w, https:\/\/sites.unicentro.br\/wp\/manejoflorestal\/files\/2012\/10\/Boleira-449x300.jpg 449w\" sizes=\"auto, (max-width: 1220px) 100vw, 1220px\" \/><\/a><\/p>\n<p><strong><span style=\"color: #000000\">Foto 4 &#8211;<\/span><\/strong>\u00a0Detalhe do fruto da boleira.<\/p>\n<p><span style=\"color: #008000\"><strong>Fam\u00edlia:<\/strong><\/span> Euphorbiaceae.<\/p>\n<p><span style=\"color: #008000\"><strong>Nome cient\u00edfico:<\/strong><\/span>\u00a0<em>Joannesia princeps<\/em> Vell.<\/p>\n<p><em>\u00a0<\/em><span style=\"color: #008000\"><strong>Sinon\u00edmia bot\u00e2nica:<\/strong><\/span><em>\u00a0Anda brasiliensis <\/em>Raddi<em>; Anda gomesii <\/em>A. Juss<em>.; Andicus pentaphyllus \u00a0<\/em>Vell.<\/p>\n<p><strong><span style=\"color: #008000\">Nomes populares<\/span>:<\/strong>\u00a0boleira, cutieira, and\u00e1-a\u00e7u, bagona,coco-de-purga, fruta-de-arara.<\/p>\n<p><span style=\"color: #008000\"><strong>Origem do nome \u00a0da esp\u00e9cie:<\/strong><\/span>\u00a0<em>Joannesia<\/em> provavelmente \u00a0homenagem \u00e0 rainha Joanna de Portugal; <em>princeps<\/em> \u00e9 uma alus\u00e3o \u00e0 nobreza da rainha (Smith et al., 1988)<\/p>\n<p><strong><span style=\"color: #008000\">DESCRI\u00c7\u00c3O DA ESP\u00c9CIE<\/span><\/strong><\/p>\n<p>\u00c1rvore dec\u00eddua heli\u00f3fita, pioneira ( JESUS et al.,1992) a secund\u00e1ria inicial. Sua altura atinge at\u00e9 20 m e seu di\u00e2metro at\u00e9 60 cm.<\/p>\n<p><span style=\"color: #008000\"><strong>Folhas:<\/strong><\/span> compostas digitadas, com 3 &#8211; 5 fol\u00edolos, alternas; pec\u00edolo cil\u00edndrico com duas gl\u00e2ndulas na base e no \u00e1pice.<\/p>\n<p><span style=\"color: #008000\"><strong>Flores:<\/strong><\/span>\u00a0branco-roxas, pequenas, numerosas ap\u00e9talas. polinizada por abelhas.<\/p>\n<p><strong><span style=\"color: #008000\">Fruto:<\/span><\/strong>\u00a0drup\u00f3ide, tipo filotrim\u00eddio (BARROSO et al., 1999), um dos maires da fam\u00edlia.<\/p>\n<p><span style=\"color: #008000\"><strong>Flora\u00e7\u00e3o:<\/strong> <\/span>Julho\/Setembro.<\/p>\n<p><span style=\"color: #008000\"><strong>Frutifica\u00e7\u00e3o:<\/strong><\/span> Mar\u00e7o\/Maio.<\/p>\n<p><span style=\"color: #008000\"><strong>Sistema sexual:<\/strong><\/span> planta dioica<\/p>\n<p><span style=\"color: #008000\"><strong>Poliniza\u00e7\u00e3o:<\/strong><\/span> abelhas e v\u00e1rios pequenos insetos.<\/p>\n<p><span style=\"color: #008000\"><strong>Dispers\u00e3o:\u00a0<\/strong><\/span>autoc\u00f3rica,baroc\u00f3rica,por gravidade, zooc\u00f3rica animais.<\/p>\n<p><span style=\"color: #008000\"><strong>Ocorr\u00eancia:<\/strong>\u00a0Estado do Rio de Janeiro, Minas Gerais, Bahia,Sergipe, Estado de S\u00e3o Paulo.<\/span><\/p>\n<p><span style=\"color: #008000\"><strong>Utiliza\u00e7\u00e3o:<\/strong><\/span> Especial para fabrica\u00e7\u00e3o de palitos de f\u00f3sforos, celulose, tabuado, forros, canoas e jangadas. \u00a0Sua semente \u00e9 usada para fins medicinais o olho de seu fruto (substitui o \u00f3leo de linha\u00e7a).<\/p>\n<p><span style=\"color: #008000\"><strong>Bibliografia consultada<\/strong><\/span><\/p>\n<p>CARVALHO, P.E.R. <strong>Esp\u00e9cies Arb\u00f3reas Brasileiras.<\/strong>\u00a0Cole\u00e7\u00e3o Esp\u00e9cies Arb\u00f3reas Brasileiras, vol. 1.\u00a0Bras\u00edlia: Embrapa Informa\u00e7\u00f5es Tecnol\u00f3gica; Colombo, PR: Embrapa Florestas, 2003. 1.039 p.<\/p>\n<p style=\"text-align: justify\">\n","protected":false},"excerpt":{"rendered":"<p>Foto 1 &#8211;\u00a0Detalhe das folhas.Foto 2 &#8211;\u00a0Detalhe do ramo.Foto 3 &#8211;\u00a0Detalhe do tronco. Foto 4 &#8211;\u00a0Detalhe do fruto da boleira. Fam\u00edlia: Euphorbiaceae. Nome cient\u00edfico:\u00a0Joannesia princeps Vell. \u00a0Sinon\u00edmia bot\u00e2nica:\u00a0Anda brasiliensis Raddi; Anda gomesii A. Juss.; Andicus pentaphyllus \u00a0Vell. Nomes populares:\u00a0boleira, cutieira, &hellip; <a href=\"https:\/\/sites.unicentro.br\/wp\/manejoflorestal\/12019-2\/\">Continue lendo <span class=\"meta-nav\">&rarr;<\/span><\/a><\/p>\n","protected":false},"author":25,"featured_media":0,"parent":0,"menu_order":0,"comment_status":"open","ping_status":"open","template":"","meta":{"_exactmetrics_skip_tracking":false,"_exactmetrics_sitenote_active":false,"_exactmetrics_sitenote_note":"","_exactmetrics_sitenote_category":0,"footnotes":""},"class_list":["post-12019","page","type-page","status-publish","hentry"],"_links":{"self":[{"href":"https:\/\/sites.unicentro.br\/wp\/manejoflorestal\/wp-json\/wp\/v2\/pages\/12019","targetHints":{"allow":["GET"]}}],"collection":[{"href":"https:\/\/sites.unicentro.br\/wp\/manejoflorestal\/wp-json\/wp\/v2\/pages"}],"about":[{"href":"https:\/\/sites.unicentro.br\/wp\/manejoflorestal\/wp-json\/wp\/v2\/types\/page"}],"author":[{"embeddable":true,"href":"https:\/\/sites.unicentro.br\/wp\/manejoflorestal\/wp-json\/wp\/v2\/users\/25"}],"replies":[{"embeddable":true,"href":"https:\/\/sites.unicentro.br\/wp\/manejoflorestal\/wp-json\/wp\/v2\/comments?post=12019"}],"version-history":[{"count":18,"href":"https:\/\/sites.unicentro.br\/wp\/manejoflorestal\/wp-json\/wp\/v2\/pages\/12019\/revisions"}],"predecessor-version":[{"id":32513,"href":"https:\/\/sites.unicentro.br\/wp\/manejoflorestal\/wp-json\/wp\/v2\/pages\/12019\/revisions\/32513"}],"wp:attachment":[{"href":"https:\/\/sites.unicentro.br\/wp\/manejoflorestal\/wp-json\/wp\/v2\/media?parent=12019"}],"curies":[{"name":"wp","href":"https:\/\/api.w.org\/{rel}","templated":true}]}}