{"id":17514,"date":"2013-08-16T08:16:21","date_gmt":"2013-08-16T11:16:21","guid":{"rendered":"http:\/\/sites.unicentro.br\/wp\/manejoflorestal\/?page_id=17514"},"modified":"2020-04-29T10:41:29","modified_gmt":"2020-04-29T13:41:29","slug":"17514-2","status":"publish","type":"page","link":"https:\/\/sites.unicentro.br\/wp\/manejoflorestal\/17514-2\/","title":{"rendered":"Sittasomus griseicapillus (Vieillot,1818). Arapa\u00e7u-verde"},"content":{"rendered":"<p><a class=\"lightbox\" title=\"1-ARAPA\u00c7U-VERDE\" href=\"http:\/\/sites.unicentro.br\/wp\/manejoflorestal\/files\/2013\/08\/1-ARAPA\u00c7U-VERDE.jpg\"><img loading=\"lazy\" decoding=\"async\" class=\"alignleft size-full wp-image-17515\" title=\"1-ARAPA\u00c7U-VERDE\" src=\"http:\/\/sites.unicentro.br\/wp\/manejoflorestal\/files\/2013\/08\/1-ARAPA\u00c7U-VERDE.jpg\" alt=\"\" width=\"640\" height=\"720\" srcset=\"https:\/\/sites.unicentro.br\/wp\/manejoflorestal\/files\/2013\/08\/1-ARAPA\u00c7U-VERDE.jpg 533w, https:\/\/sites.unicentro.br\/wp\/manejoflorestal\/files\/2013\/08\/1-ARAPA\u00c7U-VERDE-266x300.jpg 266w\" sizes=\"auto, (max-width: 640px) 100vw, 640px\" \/><\/a><\/p>\n<p><strong>Foto 1- <\/strong>Detalhe da esp\u00e9cie.<\/p>\n<p><span style=\"color: #008000\"><strong>Classe<\/strong><\/span>: Aves<\/p>\n<p><span style=\"color: #008000\"><strong>Ordem<\/strong>:<\/span> Passeriformes<\/p>\n<p><span style=\"color: #008000\"><strong>Fam\u00edlia<\/strong>:<\/span> Dendrocolaptidae<\/p>\n<p><span style=\"color: #008000\"><strong>Nome cient\u00edfico: <\/strong><\/span><i>Sittasomus griseicapillus<\/i> (Vieillot,1818)<\/p>\n<p><span style=\"color: #008000\"><strong>Nome popular:<\/strong> <\/span>Arapa\u00e7u-verde<\/p>\n<p><span style=\"color: #008000\"><strong>Nome em Ingl\u00eas:<\/strong><\/span> Olivaceous Woodcreeper<\/p>\n<p><span style=\"color: #008000\"><strong>Alimenta\u00e7\u00e3o<\/strong>:<\/span> Insetos.<\/p>\n<p><span style=\"color: #008000\"><strong>Nidifica\u00e7\u00e3o<\/strong><b>:<\/b><\/span> Constr\u00f3i seu ninho em buracos de \u00e1rvores feitos por eles.<\/p>\n<p><span style=\"color: #008000\"><strong>Habitat<\/strong>:<\/span> florestas e bosques.<\/p>\n<p><span style=\"color: #008000\"><strong>Tamanho<\/strong>:<\/span> 15 cm<\/p>\n<p><span style=\"color: #008000\"><strong>Foto:<\/strong> <\/span>Guaraque\u00e7aba- PR<\/p>\n<p><span style=\"color: #008000\"><strong>Bibliografia consultada<\/strong><\/span><\/p>\n<p><strong>Arapa\u00e7u-verde.<\/strong> Dispon\u00edvel em.<b> <\/b><a href=\"http:\/\/www.wikiaves.com.br\/arapacu-verde\">http:\/\/www.wikiaves.com.br\/arapacu-verde<\/a>. Acesso em 16\/08\/2013<b><\/b><\/p>\n","protected":false},"excerpt":{"rendered":"<p>Foto 1- Detalhe da esp\u00e9cie. Classe: Aves Ordem: Passeriformes Fam\u00edlia: Dendrocolaptidae Nome cient\u00edfico: Sittasomus griseicapillus (Vieillot,1818) Nome popular: Arapa\u00e7u-verde Nome em Ingl\u00eas: Olivaceous Woodcreeper Alimenta\u00e7\u00e3o: Insetos. Nidifica\u00e7\u00e3o: Constr\u00f3i seu ninho em buracos de \u00e1rvores feitos por eles. Habitat: florestas e &hellip; <a href=\"https:\/\/sites.unicentro.br\/wp\/manejoflorestal\/17514-2\/\">Continue lendo <span class=\"meta-nav\">&rarr;<\/span><\/a><\/p>\n","protected":false},"author":25,"featured_media":0,"parent":0,"menu_order":0,"comment_status":"open","ping_status":"open","template":"","meta":{"_exactmetrics_skip_tracking":false,"_exactmetrics_sitenote_active":false,"_exactmetrics_sitenote_note":"","_exactmetrics_sitenote_category":0,"footnotes":""},"class_list":["post-17514","page","type-page","status-publish","hentry"],"_links":{"self":[{"href":"https:\/\/sites.unicentro.br\/wp\/manejoflorestal\/wp-json\/wp\/v2\/pages\/17514","targetHints":{"allow":["GET"]}}],"collection":[{"href":"https:\/\/sites.unicentro.br\/wp\/manejoflorestal\/wp-json\/wp\/v2\/pages"}],"about":[{"href":"https:\/\/sites.unicentro.br\/wp\/manejoflorestal\/wp-json\/wp\/v2\/types\/page"}],"author":[{"embeddable":true,"href":"https:\/\/sites.unicentro.br\/wp\/manejoflorestal\/wp-json\/wp\/v2\/users\/25"}],"replies":[{"embeddable":true,"href":"https:\/\/sites.unicentro.br\/wp\/manejoflorestal\/wp-json\/wp\/v2\/comments?post=17514"}],"version-history":[{"count":7,"href":"https:\/\/sites.unicentro.br\/wp\/manejoflorestal\/wp-json\/wp\/v2\/pages\/17514\/revisions"}],"predecessor-version":[{"id":34161,"href":"https:\/\/sites.unicentro.br\/wp\/manejoflorestal\/wp-json\/wp\/v2\/pages\/17514\/revisions\/34161"}],"wp:attachment":[{"href":"https:\/\/sites.unicentro.br\/wp\/manejoflorestal\/wp-json\/wp\/v2\/media?parent=17514"}],"curies":[{"name":"wp","href":"https:\/\/api.w.org\/{rel}","templated":true}]}}