{"id":27810,"date":"2015-09-10T12:23:56","date_gmt":"2015-09-10T15:23:56","guid":{"rendered":"http:\/\/sites.unicentro.br\/wp\/manejoflorestal\/?page_id=27810"},"modified":"2016-11-12T11:01:36","modified_gmt":"2016-11-12T13:01:36","slug":"xylopia-frutescens-aubl-evira-preta-pindaiba-branca","status":"publish","type":"page","link":"https:\/\/sites.unicentro.br\/wp\/manejoflorestal\/xylopia-frutescens-aubl-evira-preta-pindaiba-branca\/","title":{"rendered":"Xylopia frutescens Aubl.Envira-preta, pinda\u00edba-branca"},"content":{"rendered":"<p><a href=\"http:\/\/sites.unicentro.br\/wp\/manejoflorestal\/files\/2015\/09\/Pinda\u00edva-branca-1.jpg\"><img loading=\"lazy\" decoding=\"async\" class=\"size-full wp-image-27811 aligncenter\" src=\"http:\/\/sites.unicentro.br\/wp\/manejoflorestal\/files\/2015\/09\/Pinda\u00edva-branca-1.jpg\" alt=\"Pinda\u00edva-branca-1\" width=\"1280\" height=\"710\" srcset=\"https:\/\/sites.unicentro.br\/wp\/manejoflorestal\/files\/2015\/09\/Pinda\u00edva-branca-1.jpg 800w, https:\/\/sites.unicentro.br\/wp\/manejoflorestal\/files\/2015\/09\/Pinda\u00edva-branca-1-300x166.jpg 300w, https:\/\/sites.unicentro.br\/wp\/manejoflorestal\/files\/2015\/09\/Pinda\u00edva-branca-1-1024x568.jpg 1024w, https:\/\/sites.unicentro.br\/wp\/manejoflorestal\/files\/2015\/09\/Pinda\u00edva-branca-1-500x277.jpg 500w\" sizes=\"auto, (max-width: 1280px) 100vw, 1280px\" \/><\/a><\/p>\n<p><strong>Foto 1<\/strong>&#8211; Detalhe das folhas parte face superior<a href=\"http:\/\/sites.unicentro.br\/wp\/manejoflorestal\/files\/2015\/09\/Pinda\u00edva-branca-2.jpg\"><img loading=\"lazy\" decoding=\"async\" class=\"size-full wp-image-27812 aligncenter\" src=\"http:\/\/sites.unicentro.br\/wp\/manejoflorestal\/files\/2015\/09\/Pinda\u00edva-branca-2.jpg\" alt=\"Pinda\u00edva-branca-2\" width=\"1280\" height=\"714\" srcset=\"https:\/\/sites.unicentro.br\/wp\/manejoflorestal\/files\/2015\/09\/Pinda\u00edva-branca-2.jpg 800w, https:\/\/sites.unicentro.br\/wp\/manejoflorestal\/files\/2015\/09\/Pinda\u00edva-branca-2-300x167.jpg 300w, https:\/\/sites.unicentro.br\/wp\/manejoflorestal\/files\/2015\/09\/Pinda\u00edva-branca-2-1024x571.jpg 1024w, https:\/\/sites.unicentro.br\/wp\/manejoflorestal\/files\/2015\/09\/Pinda\u00edva-branca-2-500x279.jpg 500w\" sizes=\"auto, (max-width: 1280px) 100vw, 1280px\" \/><\/a><\/p>\n<p><strong>Foto 2<\/strong>&#8211; Detalhe das folhas face inferior<a href=\"http:\/\/sites.unicentro.br\/wp\/manejoflorestal\/files\/2015\/09\/Pinda\u00edva-branca-3.jpg\"><img loading=\"lazy\" decoding=\"async\" class=\"size-full wp-image-27813 aligncenter\" src=\"http:\/\/sites.unicentro.br\/wp\/manejoflorestal\/files\/2015\/09\/Pinda\u00edva-branca-3.jpg\" alt=\"Pinda\u00edva-branca-3\" width=\"588\" height=\"1047\" srcset=\"https:\/\/sites.unicentro.br\/wp\/manejoflorestal\/files\/2015\/09\/Pinda\u00edva-branca-3.jpg 337w, https:\/\/sites.unicentro.br\/wp\/manejoflorestal\/files\/2015\/09\/Pinda\u00edva-branca-3-168x300.jpg 168w, https:\/\/sites.unicentro.br\/wp\/manejoflorestal\/files\/2015\/09\/Pinda\u00edva-branca-3-575x1024.jpg 575w\" sizes=\"auto, (max-width: 588px) 100vw, 588px\" \/><\/a><\/p>\n<p><strong>Foto 3-<\/strong> Detalhe do tronco<\/p>\n<p><span style=\"color: #008000\"><strong>Fam\u00edlia<\/strong><\/span><strong><span style=\"color: #008000\">:<\/span> <\/strong>Annonaceae<\/p>\n<p><span style=\"color: #008000\"><strong>Nome cient\u00edfico: <\/strong><\/span><em>Xylopia frutescens<\/em> Aubl.<\/p>\n<p><span style=\"color: #008000\"><strong>Nome popular:<\/strong><\/span> envira-preta, pinda\u00edba-branca<\/p>\n<p><span style=\"color: #008000\"><strong>DESCRI\u00c7\u00c3O DA ESP\u00c9CIE: <\/strong><\/span><\/p>\n<p>\u00c1rvore perenif\u00f3lia, pioneira, exclusiva da floresta pluvial Amaz\u00f4nica. Sua altura atinge at\u00e9 10 metros e seu di\u00e2metro at\u00e9 30 cm.<\/p>\n<p><span style=\"color: #008000\"><strong>Folhas: <\/strong><\/span>simples, alternas, com pec\u00edolos curtos, cori\u00e1ceas e discolores.<\/p>\n<p><span style=\"color: #008000\"><strong>Flores: <\/strong><\/span>hermafroditas brancas.<\/p>\n<p><span style=\"color: #008000\"><strong>Fruto: <\/strong><\/span>baga-ovoide , deiscente \u00a0glabra de cor avermelhada.<\/p>\n<p><span style=\"color: #008000\"><strong>Flora\u00e7\u00e3o: <\/strong><\/span>outubro-dezembro<\/p>\n<p><span style=\"color: #008000\"><strong>Frutifica\u00e7\u00e3o: <\/strong><\/span>julho-setembro<\/p>\n<p><span style=\"color: #008000\"><strong>Ocorr\u00eancia: <\/strong><\/span>Regi\u00e3o Amaz\u00f4nica.<\/p>\n<p><span style=\"color: #008000\"><strong>Bibliografia consultada.<\/strong><\/span><\/p>\n<p>LORENZI, H.\u00a0<strong>\u00c1rvores brasileiras<\/strong>: manual de identifica\u00e7\u00e3o e cultivo de plantas arb\u00f3reas nativas do Brasil. 2. Ed.\u00a0 Nova Odessa, SP: Editora Plantarum, 1998. 352 p.<\/p>\n","protected":false},"excerpt":{"rendered":"<p>Foto 1&#8211; Detalhe das folhas parte face superior Foto 2&#8211; Detalhe das folhas face inferior Foto 3- Detalhe do tronco Fam\u00edlia: Annonaceae Nome cient\u00edfico: Xylopia frutescens Aubl. Nome popular: envira-preta, pinda\u00edba-branca DESCRI\u00c7\u00c3O DA ESP\u00c9CIE: \u00c1rvore perenif\u00f3lia, pioneira, exclusiva da floresta &hellip; <a href=\"https:\/\/sites.unicentro.br\/wp\/manejoflorestal\/xylopia-frutescens-aubl-evira-preta-pindaiba-branca\/\">Continue lendo <span class=\"meta-nav\">&rarr;<\/span><\/a><\/p>\n","protected":false},"author":25,"featured_media":0,"parent":0,"menu_order":0,"comment_status":"closed","ping_status":"closed","template":"","meta":{"_exactmetrics_skip_tracking":false,"_exactmetrics_sitenote_active":false,"_exactmetrics_sitenote_note":"","_exactmetrics_sitenote_category":0,"footnotes":""},"class_list":["post-27810","page","type-page","status-publish","hentry"],"_links":{"self":[{"href":"https:\/\/sites.unicentro.br\/wp\/manejoflorestal\/wp-json\/wp\/v2\/pages\/27810","targetHints":{"allow":["GET"]}}],"collection":[{"href":"https:\/\/sites.unicentro.br\/wp\/manejoflorestal\/wp-json\/wp\/v2\/pages"}],"about":[{"href":"https:\/\/sites.unicentro.br\/wp\/manejoflorestal\/wp-json\/wp\/v2\/types\/page"}],"author":[{"embeddable":true,"href":"https:\/\/sites.unicentro.br\/wp\/manejoflorestal\/wp-json\/wp\/v2\/users\/25"}],"replies":[{"embeddable":true,"href":"https:\/\/sites.unicentro.br\/wp\/manejoflorestal\/wp-json\/wp\/v2\/comments?post=27810"}],"version-history":[{"count":6,"href":"https:\/\/sites.unicentro.br\/wp\/manejoflorestal\/wp-json\/wp\/v2\/pages\/27810\/revisions"}],"predecessor-version":[{"id":32170,"href":"https:\/\/sites.unicentro.br\/wp\/manejoflorestal\/wp-json\/wp\/v2\/pages\/27810\/revisions\/32170"}],"wp:attachment":[{"href":"https:\/\/sites.unicentro.br\/wp\/manejoflorestal\/wp-json\/wp\/v2\/media?parent=27810"}],"curies":[{"name":"wp","href":"https:\/\/api.w.org\/{rel}","templated":true}]}}