{"id":7157,"date":"2012-08-20T10:52:45","date_gmt":"2012-08-20T13:52:45","guid":{"rendered":"http:\/\/sites.unicentro.br\/wp\/manejoflorestal\/?page_id=7157"},"modified":"2016-11-11T15:48:13","modified_gmt":"2016-11-11T17:48:13","slug":"7157-2","status":"publish","type":"page","link":"https:\/\/sites.unicentro.br\/wp\/manejoflorestal\/7157-2\/","title":{"rendered":"Cecropia pachystachya Tr\u00e9cul Embauba, cecr\u00f3pia"},"content":{"rendered":"<p><a class=\"lightbox\" title=\"1 - Cecropia pachistachya Tr\u00e9cul\" href=\"http:\/\/sites.unicentro.br\/wp\/manejoflorestal\/files\/2012\/08\/1-Cecropia-pachistachya-Tr\u00e9cul.jpg\"><img loading=\"lazy\" decoding=\"async\" class=\"size-full wp-image-7160 alignnone\" src=\"http:\/\/sites.unicentro.br\/wp\/manejoflorestal\/files\/2012\/08\/1-Cecropia-pachistachya-Tr\u00e9cul.jpg\" alt=\"\" width=\"998\" height=\"768\" srcset=\"https:\/\/sites.unicentro.br\/wp\/manejoflorestal\/files\/2012\/08\/1-Cecropia-pachistachya-Tr\u00e9cul.jpg 780w, https:\/\/sites.unicentro.br\/wp\/manejoflorestal\/files\/2012\/08\/1-Cecropia-pachistachya-Tr\u00e9cul-300x230.jpg 300w, https:\/\/sites.unicentro.br\/wp\/manejoflorestal\/files\/2012\/08\/1-Cecropia-pachistachya-Tr\u00e9cul-389x300.jpg 389w\" sizes=\"auto, (max-width: 998px) 100vw, 998px\" \/><\/a><span style=\"color: #000000\"><strong>Foto 1 &#8211;\u00a0<\/strong><\/span>Detalhe das folhas palmatilobadas com 5 a 12 lobos.<a class=\"lightbox\" title=\"2 - Cecropia pachistachya Tr\u00e9cul\" href=\"http:\/\/sites.unicentro.br\/wp\/manejoflorestal\/files\/2012\/08\/2-Cecropia-pachistachya-Tr\u00e9cul.jpg\"><img loading=\"lazy\" decoding=\"async\" class=\"size-full wp-image-7161 alignright\" src=\"http:\/\/sites.unicentro.br\/wp\/manejoflorestal\/files\/2012\/08\/2-Cecropia-pachistachya-Tr\u00e9cul.jpg\" alt=\"\" width=\"1024\" height=\"760\" srcset=\"https:\/\/sites.unicentro.br\/wp\/manejoflorestal\/files\/2012\/08\/2-Cecropia-pachistachya-Tr\u00e9cul.jpg 800w, https:\/\/sites.unicentro.br\/wp\/manejoflorestal\/files\/2012\/08\/2-Cecropia-pachistachya-Tr\u00e9cul-300x222.jpg 300w, https:\/\/sites.unicentro.br\/wp\/manejoflorestal\/files\/2012\/08\/2-Cecropia-pachistachya-Tr\u00e9cul-404x300.jpg 404w\" sizes=\"auto, (max-width: 1024px) 100vw, 1024px\" \/><\/a><span style=\"color: #000000\"><strong>Foto 2 &#8211;<\/strong><\/span>\u00a0Detalhe da copa da esp\u00e9cie.<a class=\"lightbox\" title=\"3 - Cecropia pachistachya Tr\u00e9cul\" href=\"http:\/\/sites.unicentro.br\/wp\/manejoflorestal\/files\/2012\/08\/3-Cecropia-pachistachya-Tr\u00e9cul.jpg\"><img loading=\"lazy\" decoding=\"async\" class=\"size-full wp-image-7162 alignnone\" src=\"http:\/\/sites.unicentro.br\/wp\/manejoflorestal\/files\/2012\/08\/3-Cecropia-pachistachya-Tr\u00e9cul.jpg\" alt=\"\" width=\"1024\" height=\"600\" srcset=\"https:\/\/sites.unicentro.br\/wp\/manejoflorestal\/files\/2012\/08\/3-Cecropia-pachistachya-Tr\u00e9cul.jpg 800w, https:\/\/sites.unicentro.br\/wp\/manejoflorestal\/files\/2012\/08\/3-Cecropia-pachistachya-Tr\u00e9cul-300x175.jpg 300w, https:\/\/sites.unicentro.br\/wp\/manejoflorestal\/files\/2012\/08\/3-Cecropia-pachistachya-Tr\u00e9cul-500x292.jpg 500w\" sizes=\"auto, (max-width: 1024px) 100vw, 1024px\" \/><\/a><strong>Foto 3 &#8211;<\/strong>\u00a0Detalhe da copa da esp\u00e9cie.<a href=\"http:\/\/sites.unicentro.br\/wp\/manejoflorestal\/7157-2\/attachment\/tiriva-1-3\/\" rel=\"attachment wp-att-28940\"><img loading=\"lazy\" decoding=\"async\" class=\"size-full wp-image-28940 aligncenter\" src=\"http:\/\/sites.unicentro.br\/wp\/manejoflorestal\/files\/2012\/08\/Tiriva-1.jpg\" alt=\"Tiriva-1\" width=\"1220\" height=\"928\" srcset=\"https:\/\/sites.unicentro.br\/wp\/manejoflorestal\/files\/2012\/08\/Tiriva-1.jpg 789w, https:\/\/sites.unicentro.br\/wp\/manejoflorestal\/files\/2012\/08\/Tiriva-1-300x228.jpg 300w, https:\/\/sites.unicentro.br\/wp\/manejoflorestal\/files\/2012\/08\/Tiriva-1-768x584.jpg 768w, https:\/\/sites.unicentro.br\/wp\/manejoflorestal\/files\/2012\/08\/Tiriva-1-1024x779.jpg 1024w, https:\/\/sites.unicentro.br\/wp\/manejoflorestal\/files\/2012\/08\/Tiriva-1-394x300.jpg 394w\" sizes=\"auto, (max-width: 1220px) 100vw, 1220px\" \/><\/a><\/p>\n<p>Foto 4- Tiriba-de-cara-suja\u00a0<em>Pyrrhura frontalis<\/em> (Vieillot,1817).\u00a0<a href=\"http:\/\/sites.unicentro.br\/wp\/manejoflorestal\/files\/2012\/08\/CECR\u00d3PIA.jpg\"><img loading=\"lazy\" decoding=\"async\" class=\"size-full wp-image-22197 aligncenter\" src=\"http:\/\/sites.unicentro.br\/wp\/manejoflorestal\/files\/2012\/08\/CECR\u00d3PIA.jpg\" alt=\"CECR\u00d3PIA\" width=\"661\" height=\"1047\" srcset=\"https:\/\/sites.unicentro.br\/wp\/manejoflorestal\/files\/2012\/08\/CECR\u00d3PIA.jpg 379w, https:\/\/sites.unicentro.br\/wp\/manejoflorestal\/files\/2012\/08\/CECR\u00d3PIA-189x300.jpg 189w, https:\/\/sites.unicentro.br\/wp\/manejoflorestal\/files\/2012\/08\/CECR\u00d3PIA-646x1024.jpg 646w\" sizes=\"auto, (max-width: 661px) 100vw, 661px\" \/><\/a><\/p>\n<p><span style=\"color: #000000\"><strong>Foto 5 &#8211;<\/strong><\/span>\u00a0Tronco reto cil\u00edndrico fistuloso com an\u00e9is e oco por dentro,apresenta ra\u00edzes-escora.<\/p>\n<p><span style=\"color: #008000\"><strong>Fam\u00edlia<\/strong>:<\/span> Urticaceae.<\/p>\n<p><span style=\"color: #008000\"><strong>Nome cient\u00edfico:<\/strong><\/span>\u00a0<em>Cecropia pachystachya<\/em> Tr\u00e9cul<\/p>\n<p><span style=\"color: #008000\"><strong>Nomes populares:<\/strong><\/span> Imba\u00faba-branca (NRC), emba\u00faba, cecropia<\/p>\n<p><strong><span style=\"color: #008000\">Nomes populares em outros pa\u00edses<\/span><\/strong>: Argentina e Bol\u00edvia; ambaybo, Paraguai amba&#8217;y.<\/p>\n<p><span style=\"color: #008000\"><strong>DESCRI\u00c7\u00c3O DA ESP\u00c9CIE<\/strong><\/span><\/p>\n<p>\u00c1rvore perenif\u00f3lia, esp\u00e9cie pioneira( (FERRETTI et al., 1995) sua altura chega a mais ou menos 21 m e seu di\u00e2metro a 45 cm.<\/p>\n<p><span style=\"color: #008000\"><strong>Folhas:<\/strong><\/span> Simples alternas, agrupadas\u00a0 no final dos ramos, medindo de 20 cm a 40 cm de comprimento, por 10-15 cm de largura. S\u00e3o palmatilobadas e apresentam de 5 a 12 lobos.<\/p>\n<p><span style=\"color: #008000\"><strong>Flores: <\/strong><span style=\"color: #000000\">espigas, masculinas e femininas cil\u00edndricas, com pequenas flores gris\u00e1cea e amareladas.<\/span><\/span><\/p>\n<p><span style=\"color: #008000\"><strong>Frutos:<\/strong><\/span>\u00a0drupas reunidas em espigas medindo at\u00e9 8 cm. O fruto \u00e9 um aqu\u00eanio de at\u00e9 2 mm de comprimento<\/p>\n<p><span style=\"color: #008000\"><strong>Flora\u00e7\u00e3o:<\/strong><\/span> Junho\/Abril.<\/p>\n<p><span style=\"color: #339966\"><strong>Frutifica\u00e7\u00e3o:<\/strong><\/span>\u00a0mar\u00e7o-abril.<\/p>\n<p><span style=\"color: #008000\"><strong>Sistema sexual:<\/strong> <\/span>dioica.<\/p>\n<p><span style=\"color: #008000\"><strong>Vetor de poliniza\u00e7\u00e3o:<\/strong><\/span> abelhas (PIRANI;CORTOPASSI-LAURINO,1993).<\/p>\n<p><span style=\"color: #008000\"><strong>Dispers\u00e3o de frutos ou sementes<\/strong><\/span>: zooc\u00f3rica (animais), morcegos,macacos e v\u00e1rias esp\u00e9cies de p\u00e1ssaros.<\/p>\n<p><span style=\"color: #008000\"><strong>Ocorr\u00eancia:<\/strong><\/span> Floresta Ombr\u00f3fila Mista, Floresta Ombr\u00f3fila Densa e Estacional Semidecidual, do Esp\u00edrito Santo ao Rio Grande do Sul.<\/p>\n<p><span style=\"color: #008000\"><strong>Ap\u00edcola:<\/strong><\/span> As flores da imba\u00faba s\u00e3o mel\u00edferas, produzindo p\u00f3len (PIRANI.,CORTOPASSI-LAURINO,1993).<\/p>\n<p><span style=\"color: #008000\"><strong>Paisag\u00edstico:<\/strong> <\/span>pode ser empregada com sucesso no paisagismo.<\/p>\n<p><span style=\"color: #008000\"><strong>Utiliza\u00e7\u00e3o:<\/strong> <\/span>confec\u00e7\u00e3o de brinquedos, gaiolas, l\u00e1pis.<\/p>\n<p><strong><span style=\"color: #008000\">Bibliografia consultada<\/span><\/strong><\/p>\n<p>CARVALHO, P.E.R. <strong>Esp\u00e9cies arb\u00f3reas brasileiras<\/strong>. Cole\u00e7\u00e3o Esp\u00e9cies Arb\u00f3reas Brasileiras, vol. 2.\u00a0\u00a0Bras\u00edlia, DF: Embrapa informa\u00e7\u00f5es Tecnol\u00f3gica; Colombo, PR: Embrapa Florestas, 2006. 627 p.<\/p>\n<p>Minist\u00e9rio da Agricultura\u00a0 Pecu\u00e1ria e Abastecimento. <strong>Registro Nacional de Cultivares<\/strong> <strong>RNC<\/strong>. Dispon\u00edvel em: <a href=\"http:\/\/extranet.agricultura.gov.br\/php\/proton\/cultivarweb\/cultivares_registradas.php\">http:\/\/extranet.agricultura.gov.br\/php\/proton\/cultivarweb\/cultivares_registradas.php<\/a> Acesso em: 23\/10\/ 2011.<\/p>\n","protected":false},"excerpt":{"rendered":"<p>Foto 1 &#8211;\u00a0Detalhe das folhas palmatilobadas com 5 a 12 lobos.Foto 2 &#8211;\u00a0Detalhe da copa da esp\u00e9cie.Foto 3 &#8211;\u00a0Detalhe da copa da esp\u00e9cie. Foto 4- Tiriba-de-cara-suja\u00a0Pyrrhura frontalis (Vieillot,1817).\u00a0 Foto 5 &#8211;\u00a0Tronco reto cil\u00edndrico fistuloso com an\u00e9is e oco por dentro,apresenta &hellip; <a href=\"https:\/\/sites.unicentro.br\/wp\/manejoflorestal\/7157-2\/\">Continue lendo <span class=\"meta-nav\">&rarr;<\/span><\/a><\/p>\n","protected":false},"author":25,"featured_media":0,"parent":0,"menu_order":0,"comment_status":"open","ping_status":"open","template":"","meta":{"_exactmetrics_skip_tracking":false,"_exactmetrics_sitenote_active":false,"_exactmetrics_sitenote_note":"","_exactmetrics_sitenote_category":0,"footnotes":""},"class_list":["post-7157","page","type-page","status-publish","hentry"],"_links":{"self":[{"href":"https:\/\/sites.unicentro.br\/wp\/manejoflorestal\/wp-json\/wp\/v2\/pages\/7157","targetHints":{"allow":["GET"]}}],"collection":[{"href":"https:\/\/sites.unicentro.br\/wp\/manejoflorestal\/wp-json\/wp\/v2\/pages"}],"about":[{"href":"https:\/\/sites.unicentro.br\/wp\/manejoflorestal\/wp-json\/wp\/v2\/types\/page"}],"author":[{"embeddable":true,"href":"https:\/\/sites.unicentro.br\/wp\/manejoflorestal\/wp-json\/wp\/v2\/users\/25"}],"replies":[{"embeddable":true,"href":"https:\/\/sites.unicentro.br\/wp\/manejoflorestal\/wp-json\/wp\/v2\/comments?post=7157"}],"version-history":[{"count":17,"href":"https:\/\/sites.unicentro.br\/wp\/manejoflorestal\/wp-json\/wp\/v2\/pages\/7157\/revisions"}],"predecessor-version":[{"id":32146,"href":"https:\/\/sites.unicentro.br\/wp\/manejoflorestal\/wp-json\/wp\/v2\/pages\/7157\/revisions\/32146"}],"wp:attachment":[{"href":"https:\/\/sites.unicentro.br\/wp\/manejoflorestal\/wp-json\/wp\/v2\/media?parent=7157"}],"curies":[{"name":"wp","href":"https:\/\/api.w.org\/{rel}","templated":true}]}}