{"id":8223,"date":"2012-08-29T22:25:42","date_gmt":"2012-08-30T01:25:42","guid":{"rendered":"http:\/\/sites.unicentro.br\/wp\/manejoflorestal\/?page_id=8223"},"modified":"2021-07-30T14:05:41","modified_gmt":"2021-07-30T17:05:41","slug":"8223-2","status":"publish","type":"page","link":"https:\/\/sites.unicentro.br\/wp\/manejoflorestal\/8223-2\/","title":{"rendered":"Handroanthus chrysotrichus (Mart. ex DC.)  ip\u00ea-amarelo-mi\u00fado"},"content":{"rendered":"<p><a class=\"lightbox\" title=\"1 - Handroanthus crysotrichus (Mart. ex D.C.) Mattos\" href=\"http:\/\/sites.unicentro.br\/wp\/manejoflorestal\/files\/2012\/03\/1-Handroanthus-crysotrichus-Mart.-ex-D.C.-Mattos.jpg\"><img loading=\"lazy\" decoding=\"async\" class=\"aligncenter size-full wp-image-916\" title=\"1 - Handroanthus crysotrichus (Mart. ex D.C.) Mattos\" src=\"http:\/\/sites.unicentro.br\/wp\/manejoflorestal\/files\/2012\/03\/1-Handroanthus-crysotrichus-Mart.-ex-D.C.-Mattos.jpg\" alt=\"\" width=\"1024\" height=\"604\" srcset=\"https:\/\/sites.unicentro.br\/wp\/manejoflorestal\/files\/2012\/03\/1-Handroanthus-crysotrichus-Mart.-ex-D.C.-Mattos.jpg 800w, https:\/\/sites.unicentro.br\/wp\/manejoflorestal\/files\/2012\/03\/1-Handroanthus-crysotrichus-Mart.-ex-D.C.-Mattos-300x176.jpg 300w, https:\/\/sites.unicentro.br\/wp\/manejoflorestal\/files\/2012\/03\/1-Handroanthus-crysotrichus-Mart.-ex-D.C.-Mattos-500x294.jpg 500w\" sizes=\"auto, (max-width: 1024px) 100vw, 1024px\" \/><\/a><span style=\"color: #000000\"><strong>Foto 1 &#8211;\u00a0<\/strong><\/span>Detalhe das folhas frente e verso e sementes.<a href=\"http:\/\/sites.unicentro.br\/wp\/manejoflorestal\/8223-2\/attachment\/vespa\/\" rel=\"attachment wp-att-29597\"><img loading=\"lazy\" decoding=\"async\" class=\"alignleft size-full wp-image-29597\" src=\"http:\/\/sites.unicentro.br\/wp\/manejoflorestal\/files\/2012\/08\/Vespa.jpg\" alt=\"Vespa\" width=\"1220\" height=\"915\" srcset=\"https:\/\/sites.unicentro.br\/wp\/manejoflorestal\/files\/2012\/08\/Vespa.jpg 800w, https:\/\/sites.unicentro.br\/wp\/manejoflorestal\/files\/2012\/08\/Vespa-300x225.jpg 300w, https:\/\/sites.unicentro.br\/wp\/manejoflorestal\/files\/2012\/08\/Vespa-768x576.jpg 768w, https:\/\/sites.unicentro.br\/wp\/manejoflorestal\/files\/2012\/08\/Vespa-1024x768.jpg 1024w, https:\/\/sites.unicentro.br\/wp\/manejoflorestal\/files\/2012\/08\/Vespa-400x300.jpg 400w\" sizes=\"auto, (max-width: 1220px) 100vw, 1220px\" \/><\/a><\/p>\n<p><span style=\"color: #000000\"><strong>Foto 2 &#8211;<\/strong><\/span>\u00a0Detalhe das flores.<a href=\"http:\/\/sites.unicentro.br\/wp\/manejoflorestal\/files\/2012\/08\/Ip\u00ea-amarelo-02.jpg\"><img loading=\"lazy\" decoding=\"async\" class=\"alignleft size-full wp-image-22688\" src=\"http:\/\/sites.unicentro.br\/wp\/manejoflorestal\/files\/2012\/08\/Ip\u00ea-amarelo-02.jpg\" alt=\"Ip\u00ea-amarelo 02\" width=\"1280\" height=\"957\" srcset=\"https:\/\/sites.unicentro.br\/wp\/manejoflorestal\/files\/2012\/08\/Ip\u00ea-amarelo-02.jpg 800w, https:\/\/sites.unicentro.br\/wp\/manejoflorestal\/files\/2012\/08\/Ip\u00ea-amarelo-02-300x224.jpg 300w, https:\/\/sites.unicentro.br\/wp\/manejoflorestal\/files\/2012\/08\/Ip\u00ea-amarelo-02-1024x765.jpg 1024w, https:\/\/sites.unicentro.br\/wp\/manejoflorestal\/files\/2012\/08\/Ip\u00ea-amarelo-02-401x300.jpg 401w\" sizes=\"auto, (max-width: 1280px) 100vw, 1280px\" \/><\/a><\/p>\n<p><strong>Foto 3 &#8211;<\/strong>\u00a0Detalhe das flores.<a href=\"http:\/\/sites.unicentro.br\/wp\/manejoflorestal\/8223-2\/attachment\/sanhaco\/\" rel=\"attachment wp-att-29598\"><img loading=\"lazy\" decoding=\"async\" class=\"alignleft size-full wp-image-29598\" src=\"http:\/\/sites.unicentro.br\/wp\/manejoflorestal\/files\/2012\/08\/Sanha\u00e7o.jpg\" alt=\"Sanha\u00e7o\" width=\"1220\" height=\"915\" srcset=\"https:\/\/sites.unicentro.br\/wp\/manejoflorestal\/files\/2012\/08\/Sanha\u00e7o.jpg 800w, https:\/\/sites.unicentro.br\/wp\/manejoflorestal\/files\/2012\/08\/Sanha\u00e7o-300x225.jpg 300w, https:\/\/sites.unicentro.br\/wp\/manejoflorestal\/files\/2012\/08\/Sanha\u00e7o-768x576.jpg 768w, https:\/\/sites.unicentro.br\/wp\/manejoflorestal\/files\/2012\/08\/Sanha\u00e7o-1024x768.jpg 1024w, https:\/\/sites.unicentro.br\/wp\/manejoflorestal\/files\/2012\/08\/Sanha\u00e7o-400x300.jpg 400w\" sizes=\"auto, (max-width: 1220px) 100vw, 1220px\" \/><\/a><\/p>\n<p><strong>Foto 4<\/strong>&#8211; Sanha\u00e7o-azul (<em>Tangara sayaca<\/em>\u00a0Linnaeus,1766).\u00a0<a href=\"http:\/\/sites.unicentro.br\/wp\/manejoflorestal\/8223-2\/attachment\/beija-flor-3\/\" rel=\"attachment wp-att-28552\"><img loading=\"lazy\" decoding=\"async\" class=\"size-full wp-image-28552 aligncenter\" src=\"http:\/\/sites.unicentro.br\/wp\/manejoflorestal\/files\/2012\/08\/Beija-flor-1.jpg\" alt=\"Beija-flor\" width=\"1220\" height=\"960\" srcset=\"https:\/\/sites.unicentro.br\/wp\/manejoflorestal\/files\/2012\/08\/Beija-flor-1.jpg 763w, https:\/\/sites.unicentro.br\/wp\/manejoflorestal\/files\/2012\/08\/Beija-flor-1-300x236.jpg 300w, https:\/\/sites.unicentro.br\/wp\/manejoflorestal\/files\/2012\/08\/Beija-flor-1-768x604.jpg 768w, https:\/\/sites.unicentro.br\/wp\/manejoflorestal\/files\/2012\/08\/Beija-flor-1-1024x806.jpg 1024w, https:\/\/sites.unicentro.br\/wp\/manejoflorestal\/files\/2012\/08\/Beija-flor-1-381x300.jpg 381w\" sizes=\"auto, (max-width: 1220px) 100vw, 1220px\" \/><\/a><\/p>\n<p><strong>Foto 5<\/strong>&#8211;\u00a0Beija-flor-de-fronte-violeta.\u00a0<i>Thalurania glaucopis\u00a0<\/i>(Gmelin,1788)<a href=\"http:\/\/sites.unicentro.br\/wp\/manejoflorestal\/files\/2012\/08\/5IMG_4052.jpg\"><img loading=\"lazy\" decoding=\"async\" class=\"alignnone size-full wp-image-32786\" src=\"http:\/\/sites.unicentro.br\/wp\/manejoflorestal\/files\/2012\/08\/5IMG_4052.jpg\" alt=\"\" width=\"4000\" height=\"3000\" srcset=\"https:\/\/sites.unicentro.br\/wp\/manejoflorestal\/files\/2012\/08\/5IMG_4052.jpg 1600w, https:\/\/sites.unicentro.br\/wp\/manejoflorestal\/files\/2012\/08\/5IMG_4052-300x225.jpg 300w, https:\/\/sites.unicentro.br\/wp\/manejoflorestal\/files\/2012\/08\/5IMG_4052-768x576.jpg 768w, https:\/\/sites.unicentro.br\/wp\/manejoflorestal\/files\/2012\/08\/5IMG_4052-1024x768.jpg 1024w, https:\/\/sites.unicentro.br\/wp\/manejoflorestal\/files\/2012\/08\/5IMG_4052-400x300.jpg 400w\" sizes=\"auto, (max-width: 4000px) 100vw, 4000px\" \/><\/a>Foto 6- Detalhe da mamangava.<a href=\"http:\/\/sites.unicentro.br\/wp\/manejoflorestal\/files\/2012\/08\/19IMG_3963.jpg\"><img loading=\"lazy\" decoding=\"async\" class=\"alignnone size-full wp-image-32787\" src=\"http:\/\/sites.unicentro.br\/wp\/manejoflorestal\/files\/2012\/08\/19IMG_3963.jpg\" alt=\"\" width=\"2816\" height=\"1880\" srcset=\"https:\/\/sites.unicentro.br\/wp\/manejoflorestal\/files\/2012\/08\/19IMG_3963.jpg 1797w, https:\/\/sites.unicentro.br\/wp\/manejoflorestal\/files\/2012\/08\/19IMG_3963-300x200.jpg 300w, https:\/\/sites.unicentro.br\/wp\/manejoflorestal\/files\/2012\/08\/19IMG_3963-768x513.jpg 768w, https:\/\/sites.unicentro.br\/wp\/manejoflorestal\/files\/2012\/08\/19IMG_3963-1024x684.jpg 1024w, https:\/\/sites.unicentro.br\/wp\/manejoflorestal\/files\/2012\/08\/19IMG_3963-449x300.jpg 449w\" sizes=\"auto, (max-width: 2816px) 100vw, 2816px\" \/><\/a><\/p>\n<p>Foto 7-<i>Eupetomena macroura<\/i>\u00a0(Gmelin 1788), beija-flor-tesoura<a href=\"http:\/\/sites.unicentro.br\/wp\/manejoflorestal\/files\/2018\/03\/Ip\u00ea-amarelo-2.jpg\"><img loading=\"lazy\" decoding=\"async\" class=\"alignnone size-full wp-image-32968\" src=\"http:\/\/sites.unicentro.br\/wp\/manejoflorestal\/files\/2018\/03\/Ip\u00ea-amarelo-2.jpg\" alt=\"\" width=\"2480\" height=\"1654\" srcset=\"https:\/\/sites.unicentro.br\/wp\/manejoflorestal\/files\/2018\/03\/Ip\u00ea-amarelo-2.jpg 1799w, https:\/\/sites.unicentro.br\/wp\/manejoflorestal\/files\/2018\/03\/Ip\u00ea-amarelo-2-300x200.jpg 300w, https:\/\/sites.unicentro.br\/wp\/manejoflorestal\/files\/2018\/03\/Ip\u00ea-amarelo-2-768x512.jpg 768w, https:\/\/sites.unicentro.br\/wp\/manejoflorestal\/files\/2018\/03\/Ip\u00ea-amarelo-2-1024x683.jpg 1024w, https:\/\/sites.unicentro.br\/wp\/manejoflorestal\/files\/2018\/03\/Ip\u00ea-amarelo-2-450x300.jpg 450w\" sizes=\"auto, (max-width: 2480px) 100vw, 2480px\" \/><\/a><\/p>\n<p><strong>Foto 8<\/strong>&#8211; Tronco cil\u00edndrico, com casca de cor acinzentada e fissurada, descamando em placas .<\/p>\n<p><span style=\"color: #008000\"><strong>Fam\u00edlia:<\/strong> <\/span>Bignoniaceae.<\/p>\n<p><span style=\"color: #008000\"><strong>Nome cient\u00edfico:<\/strong><\/span>\u00a0<em>Handroanthus chrysotrichus<\/em> (Mart. ex \u00a0DC.) Mattos<\/p>\n<p><span style=\"color: #008000\"><strong>Sinon\u00edmia bot\u00e2nica:\u00a0<\/strong><\/span><em>Tabebuia chrysotricha<\/em> (Mart. ex DC.) Standl.<\/p>\n<p><span style=\"color: #008000\"><strong>Nomes populares:<\/strong> <\/span>Ip\u00ea-dourado (RNC), ip\u00ea-amarelo, ip\u00ea-tabaco, ip\u00ea-amarelo-mi\u00fado<\/p>\n<p><span style=\"color: #008000\"><strong>Nomes populares em outros pa\u00edses:<\/strong><\/span> Inglaterra; \u00a0<em>trumpet tree<\/em>.<\/p>\n<p><span style=\"color: #008000\"><strong>Origem do nome \u00a0da esp\u00e9cie: <\/strong><\/span><span style=\"color: #000000\"><em>Handroanthus<\/em> em homenagem ao bot\u00e2nico brasileiro Oswaldo Handro (1908-1986)<\/span><\/p>\n<p><span style=\"color: #008000\"><strong>DESCRI\u00c7\u00c3O DA ESP\u00c9CIE<\/strong><\/span><\/p>\n<p>\u00c1rvore dec\u00eddua, heli\u00f3fila, esp\u00e9cie \u00a0secund\u00e1ria tardia (FERRETTI et al .,1995) . Sua altura atinge at\u00e9 20 m podendo chegar at\u00e9 35 m e seu\u00a0 di\u00e2metro 1,30m.<\/p>\n<p><span style=\"color: #008000\"><strong>Folhas:<\/strong><\/span> opostas cruzadas pilosas, com 3 a 7 fol\u00edolos, pec\u00edolo m\u00e9dio, obovados apiculado no \u00e1pice e obtuso na base. C om 3 a\u00a011 cm de comprimento por 2 a 6 cm de largura.<\/p>\n<p><span style=\"color: #008000\"><strong>Flores:<\/strong><\/span>\u00a0\u00a0infloresc\u00eancia em tirso ou fasc\u00edculo muito curto apresenta flores subs\u00e9sseis ou com pequeno pedicelo. O c\u00e1lice tubular apresenta cinco lobos irregulares, vilosos de cor amarela.<\/p>\n<p><strong><span style=\"color: #008000\">Fruto:<\/span><\/strong> c\u00e1psula linear, cil\u00edndrica deiscente, com at\u00e9 35 cm de comprimento e at\u00e9 2 cm de largura. Suas sementes\u00a0\u00a0s\u00e3o aladas.<\/p>\n<p><span style=\"color: #008000\"><strong>Flora\u00e7\u00e3o:\u00a0<\/strong><\/span>Julho\/Agosto.<\/p>\n<p><span style=\"color: #008000\"><strong>Frutifica\u00e7\u00e3o:<\/strong>\u00a0<\/span>Setembro\/Outubro.<\/p>\n<p><span style=\"color: #008000\"><strong>Sistema sexual:<\/strong> <\/span>monoica.<\/p>\n<p><span style=\"color: #008000\"><strong>Poliniza\u00e7\u00e3o:<\/strong><\/span> abelhas, vespas, mamangavas, foi verificada em Irati-PR a presen\u00e7a de beija-flores, e o sanha\u00e7o-azul alimentando-se das p\u00e9talas e s\u00e9palas.<\/p>\n<p><span style=\"color: #008000\"><strong>Dispers\u00e3o:<\/strong><\/span> anemoc\u00f3rica (pelo vento)<\/p>\n<p><span style=\"color: #008000\"><strong>Ocorr\u00eancia:<\/strong><\/span>\u00a0Estados litor\u00e2neos desde o Maranh\u00e3o at\u00e9 o Rio Grande do Sul (BACKES &amp; IRGANG, 2003).<\/p>\n<p><span style=\"color: #008000\"><strong>Paisag\u00edstico:<\/strong>\u00a0E<\/span>sp\u00e9cie muito usada na arboriza\u00e7\u00e3o urbana, devido \u00e1 beleza de suas flores.<\/p>\n<p><strong><span style=\"color: #008000\">Ap\u00edcola:<\/span><\/strong>\u00a0as flores do ip\u00ea-amarelo-mi\u00fado s\u00e3o mel\u00edferas ( BRAND\u00c3O et al., 1993b; BASTOS; BRAND\u00c3O,1994).<\/p>\n<p><span style=\"color: #008000\"><strong>Utiliza\u00e7\u00e3o:<\/strong><\/span>\u00a0constru\u00e7\u00e3o civil em obras expostas ou externas, cabos de ferramentas, carpintaria, marcenaria, dormentes, esquadrias, forros, vigas. Mour\u00f5es, m\u00f3veis, postes e tabuados.<\/p>\n<p><strong><span style=\"color: #008000\">Medicinal:<\/span><\/strong> Usada na medicina popular sua casca cozida apresenta propriedades \u00a0adstringentes, sendo empregada em gargarejos contra inflama\u00e7\u00f5es bucais (\u00c1RVORES DO BRASIL, 1989).<\/p>\n<p><span style=\"color: #ff0000\"><strong>Recomenda-se precau\u00e7\u00e3o para o uso da planta para fins medicinais, devido as suas propriedades t\u00f3xicas (Correia,1926)<\/strong><\/span><\/p>\n<p><span style=\"color: #ff0000\"><strong>AS PLANTAS AQUI REFERIDAS S\u00d3 DEVEM SER UTILIZADAS COM ORIENTA\u00c7\u00c3O DE PROFISSIONAIS DA \u00c1REA DE SA\u00daDE!<\/strong><\/span><\/p>\n<p><strong><span style=\"color: #008000\">Bibliografia consultada<\/span><\/strong><\/p>\n<p style=\"text-align: justify\">CARVALHO, P.E.R. <strong>Esp\u00e9cies arb\u00f3reas brasileiras<\/strong>. Cole\u00e7\u00e3o Esp\u00e9cies Arb\u00f3reas Brasileiras, vol. 2.\u00a0\u00a0Bras\u00edlia, DF: Embrapa informa\u00e7\u00f5es Tecnol\u00f3gica; Colombo, PR: Embrapa Floretas, 2006.627 p..<\/p>\n<p style=\"text-align: justify\">CORADIN, L; ALEXANDRE,S; ADEMIR,R.<strong> Esp\u00e9cies nativas da flora brasileira de valor econ\u00f4mico atual ou potencial: plantas para o futuro-regi\u00e3o sul<\/strong>. Bras\u00edlia:<strong>MMA<\/strong>, 2011. 934p.<\/p>\n<p style=\"text-align: justify\">CARVALHO, P.E.R.;\u00a0ZELAZOWSKI, W.H.;\u00a0\u00a0LOPES, G.L.<strong>\u00a0Compara\u00e7\u00e3o entre esp\u00e9cies arb\u00f3reas leguminosas e n\u00e3o leguminosas, em arboreto, em Santa Helena, PR.<\/strong>\u00a0Colombo: EMBRAPA-CNPF, 1999.\u00a02 p.\u00a0(EMBRAPA-CNPF. Pesquisa em andamento, 17).\u00a0Biblioteca(s):AI-SEDE (FL 08518-CNPF EMB);\u00a0CNPF (FL PA0017 UMT).<\/p>\n<p>Minist\u00e9rio da Agricultura Pecu\u00e1ria e Abastecimento. <strong>Registro Nacional de Cultivares<\/strong> <strong>RNC<\/strong>. Dispon\u00edvel em: <a href=\"http:\/\/extranet.agricultura.gov.br\/php\/proton\/cultivarweb\/cultivares_registradas.php\">http:\/\/extranet.agricultura.gov.br\/php\/proton\/cultivarweb\/cultivares_registradas.php<\/a> Acesso em: 21\/10\/2011.<\/p>\n","protected":false},"excerpt":{"rendered":"<p>Foto 1 &#8211;\u00a0Detalhe das folhas frente e verso e sementes. Foto 2 &#8211;\u00a0Detalhe das flores. Foto 3 &#8211;\u00a0Detalhe das flores. Foto 4&#8211; Sanha\u00e7o-azul (Tangara sayaca\u00a0Linnaeus,1766).\u00a0 Foto 5&#8211;\u00a0Beija-flor-de-fronte-violeta.\u00a0Thalurania glaucopis\u00a0(Gmelin,1788)Foto 6- Detalhe da mamangava. Foto 7-Eupetomena macroura\u00a0(Gmelin 1788), beija-flor-tesoura Foto 8&#8211; Tronco &hellip; <a href=\"https:\/\/sites.unicentro.br\/wp\/manejoflorestal\/8223-2\/\">Continue lendo <span class=\"meta-nav\">&rarr;<\/span><\/a><\/p>\n","protected":false},"author":25,"featured_media":0,"parent":0,"menu_order":0,"comment_status":"open","ping_status":"open","template":"","meta":{"_exactmetrics_skip_tracking":false,"_exactmetrics_sitenote_active":false,"_exactmetrics_sitenote_note":"","_exactmetrics_sitenote_category":0,"footnotes":""},"class_list":["post-8223","page","type-page","status-publish","hentry"],"_links":{"self":[{"href":"https:\/\/sites.unicentro.br\/wp\/manejoflorestal\/wp-json\/wp\/v2\/pages\/8223","targetHints":{"allow":["GET"]}}],"collection":[{"href":"https:\/\/sites.unicentro.br\/wp\/manejoflorestal\/wp-json\/wp\/v2\/pages"}],"about":[{"href":"https:\/\/sites.unicentro.br\/wp\/manejoflorestal\/wp-json\/wp\/v2\/types\/page"}],"author":[{"embeddable":true,"href":"https:\/\/sites.unicentro.br\/wp\/manejoflorestal\/wp-json\/wp\/v2\/users\/25"}],"replies":[{"embeddable":true,"href":"https:\/\/sites.unicentro.br\/wp\/manejoflorestal\/wp-json\/wp\/v2\/comments?post=8223"}],"version-history":[{"count":33,"href":"https:\/\/sites.unicentro.br\/wp\/manejoflorestal\/wp-json\/wp\/v2\/pages\/8223\/revisions"}],"predecessor-version":[{"id":35134,"href":"https:\/\/sites.unicentro.br\/wp\/manejoflorestal\/wp-json\/wp\/v2\/pages\/8223\/revisions\/35134"}],"wp:attachment":[{"href":"https:\/\/sites.unicentro.br\/wp\/manejoflorestal\/wp-json\/wp\/v2\/media?parent=8223"}],"curies":[{"name":"wp","href":"https:\/\/api.w.org\/{rel}","templated":true}]}}