{"id":8239,"date":"2012-08-29T23:00:08","date_gmt":"2012-08-30T02:00:08","guid":{"rendered":"http:\/\/sites.unicentro.br\/wp\/manejoflorestal\/?page_id=8239"},"modified":"2021-01-12T20:58:18","modified_gmt":"2021-01-12T23:58:18","slug":"8239-2","status":"publish","type":"page","link":"https:\/\/sites.unicentro.br\/wp\/manejoflorestal\/8239-2\/","title":{"rendered":"Cybistax antisyphilitica (Mart.) Mart. Ip\u00ea- de- flor-verde,caroba-de-flor-verde"},"content":{"rendered":"<p><a class=\"lightbox\" title=\"1 - Cybistax antisyphilitica (Mart.) Mart.\" href=\"http:\/\/sites.unicentro.br\/wp\/manejoflorestal\/files\/2012\/03\/1-Cybistax-antisyphilitica-Mart.-Mart.1.jpg\"><img loading=\"lazy\" decoding=\"async\" class=\"aligncenter size-full wp-image-1042\" title=\"1 - Cybistax antisyphilitica (Mart.) Mart.\" src=\"http:\/\/sites.unicentro.br\/wp\/manejoflorestal\/files\/2012\/03\/1-Cybistax-antisyphilitica-Mart.-Mart.1.jpg\" alt=\"\" width=\"1024\" height=\"765\" srcset=\"https:\/\/sites.unicentro.br\/wp\/manejoflorestal\/files\/2012\/03\/1-Cybistax-antisyphilitica-Mart.-Mart.1.jpg 800w, https:\/\/sites.unicentro.br\/wp\/manejoflorestal\/files\/2012\/03\/1-Cybistax-antisyphilitica-Mart.-Mart.1-300x224.jpg 300w, https:\/\/sites.unicentro.br\/wp\/manejoflorestal\/files\/2012\/03\/1-Cybistax-antisyphilitica-Mart.-Mart.1-401x300.jpg 401w\" sizes=\"auto, (max-width: 1024px) 100vw, 1024px\" \/><\/a><span style=\"color: #000000\"><strong>Foto 1 &#8211;<\/strong>\u00a0<\/span>Detalhe das folhas e flores.<a href=\"http:\/\/sites.unicentro.br\/wp\/manejoflorestal\/files\/2012\/08\/Ip\u00ea-de-flor-verde.jpg\"><img loading=\"lazy\" decoding=\"async\" class=\"alignleft size-full wp-image-28405\" src=\"http:\/\/sites.unicentro.br\/wp\/manejoflorestal\/files\/2012\/08\/Ip\u00ea-de-flor-verde.jpg\" alt=\"Ip\u00ea-de-flor-verde\" width=\"1220\" height=\"909\" srcset=\"https:\/\/sites.unicentro.br\/wp\/manejoflorestal\/files\/2012\/08\/Ip\u00ea-de-flor-verde.jpg 800w, https:\/\/sites.unicentro.br\/wp\/manejoflorestal\/files\/2012\/08\/Ip\u00ea-de-flor-verde-300x224.jpg 300w, https:\/\/sites.unicentro.br\/wp\/manejoflorestal\/files\/2012\/08\/Ip\u00ea-de-flor-verde-1024x763.jpg 1024w, https:\/\/sites.unicentro.br\/wp\/manejoflorestal\/files\/2012\/08\/Ip\u00ea-de-flor-verde-403x300.jpg 403w\" sizes=\"auto, (max-width: 1220px) 100vw, 1220px\" \/><\/a><\/p>\n<p><span style=\"color: #000000\"><strong>Foto 2 &#8211;<\/strong><\/span>\u00a0Detalhe das folhas e flores.<a href=\"http:\/\/sites.unicentro.br\/wp\/manejoflorestal\/files\/2012\/08\/Ip\u00ea-verde.jpg\"><img loading=\"lazy\" decoding=\"async\" class=\"alignleft size-full wp-image-25836\" src=\"http:\/\/sites.unicentro.br\/wp\/manejoflorestal\/files\/2012\/08\/Ip\u00ea-verde.jpg\" alt=\"Ip\u00ea-verde\" width=\"1280\" height=\"867\" srcset=\"https:\/\/sites.unicentro.br\/wp\/manejoflorestal\/files\/2012\/08\/Ip\u00ea-verde.jpg 800w, https:\/\/sites.unicentro.br\/wp\/manejoflorestal\/files\/2012\/08\/Ip\u00ea-verde-300x203.jpg 300w, https:\/\/sites.unicentro.br\/wp\/manejoflorestal\/files\/2012\/08\/Ip\u00ea-verde-1024x694.jpg 1024w, https:\/\/sites.unicentro.br\/wp\/manejoflorestal\/files\/2012\/08\/Ip\u00ea-verde-443x300.jpg 443w\" sizes=\"auto, (max-width: 1280px) 100vw, 1280px\" \/><\/a><\/p>\n<p><span style=\"color: #000000\"><strong>Foto 3 &#8211;<\/strong><\/span>\u00a0Detalhe dos frutos,c\u00e1psula, el\u00edptica \u00a0alongada, deiscente. com estrias longitudinais.<a class=\"lightbox\" title=\"4 - Cybistax antisyphilitica (Mart.) Mart.\" href=\"http:\/\/sites.unicentro.br\/wp\/manejoflorestal\/files\/2012\/03\/4-Cybistax-antisyphilitica-Mart.-Mart.1.jpg\"><img loading=\"lazy\" decoding=\"async\" class=\"aligncenter size-full wp-image-1048\" title=\"4 - Cybistax antisyphilitica (Mart.) Mart.\" src=\"http:\/\/sites.unicentro.br\/wp\/manejoflorestal\/files\/2012\/03\/4-Cybistax-antisyphilitica-Mart.-Mart.1.jpg\" alt=\"\" width=\"869\" height=\"768\" srcset=\"https:\/\/sites.unicentro.br\/wp\/manejoflorestal\/files\/2012\/03\/4-Cybistax-antisyphilitica-Mart.-Mart.1.jpg 679w, https:\/\/sites.unicentro.br\/wp\/manejoflorestal\/files\/2012\/03\/4-Cybistax-antisyphilitica-Mart.-Mart.1-300x265.jpg 300w, https:\/\/sites.unicentro.br\/wp\/manejoflorestal\/files\/2012\/03\/4-Cybistax-antisyphilitica-Mart.-Mart.1-339x300.jpg 339w\" sizes=\"auto, (max-width: 869px) 100vw, 869px\" \/><\/a><span style=\"color: #000000\"><strong>Foto 4 &#8211;\u00a0<\/strong><\/span>Detalhe do tronco com\u00a0casca muito espessa, escura, fendida longitudinalmente.\u00a0<a class=\"lightbox\" title=\"5 - Cybistax antisyphilitica (Mart.) Mart.\" href=\"http:\/\/sites.unicentro.br\/wp\/manejoflorestal\/files\/2012\/03\/5-Cybistax-antisyphilitica-Mart.-Mart.1.jpg\"><img loading=\"lazy\" decoding=\"async\" class=\"aligncenter size-full wp-image-1050\" title=\"5 - Cybistax antisyphilitica (Mart.) Mart.\" src=\"http:\/\/sites.unicentro.br\/wp\/manejoflorestal\/files\/2012\/03\/5-Cybistax-antisyphilitica-Mart.-Mart.1.jpg\" alt=\"\" width=\"967\" height=\"768\" srcset=\"https:\/\/sites.unicentro.br\/wp\/manejoflorestal\/files\/2012\/03\/5-Cybistax-antisyphilitica-Mart.-Mart.1.jpg 755w, https:\/\/sites.unicentro.br\/wp\/manejoflorestal\/files\/2012\/03\/5-Cybistax-antisyphilitica-Mart.-Mart.1-300x238.jpg 300w, https:\/\/sites.unicentro.br\/wp\/manejoflorestal\/files\/2012\/03\/5-Cybistax-antisyphilitica-Mart.-Mart.1-377x300.jpg 377w\" sizes=\"auto, (max-width: 967px) 100vw, 967px\" \/><\/a><span style=\"color: #000000\"><strong>Foto 5 &#8211;<\/strong><\/span>\u00a0Vista geral da esp\u00e9cie.<\/p>\n<p><img loading=\"lazy\" decoding=\"async\" class=\"alignnone size-full wp-image-34857\" src=\"http:\/\/sites.unicentro.br\/wp\/manejoflorestal\/files\/2021\/01\/3-.jpg\" alt=\"\" width=\"800\" height=\"556\" srcset=\"https:\/\/sites.unicentro.br\/wp\/manejoflorestal\/files\/2021\/01\/3-.jpg 800w, https:\/\/sites.unicentro.br\/wp\/manejoflorestal\/files\/2021\/01\/3--300x209.jpg 300w, https:\/\/sites.unicentro.br\/wp\/manejoflorestal\/files\/2021\/01\/3--768x534.jpg 768w, https:\/\/sites.unicentro.br\/wp\/manejoflorestal\/files\/2021\/01\/3--432x300.jpg 432w\" sizes=\"auto, (max-width: 800px) 100vw, 800px\" \/><\/p>\n<p><strong>Foto 6<\/strong>&#8211; Aracu\u00e3-pintado <i>Ortalis guttata<\/i> (Spix.1825). Se alimenta das flores.<\/p>\n<p><span style=\"color: #008000\"><strong>Fam\u00edlia:<\/strong><\/span>\u00a0Bignoniaceae.<\/p>\n<p><span style=\"color: #008000\"><strong>Nome cient\u00edfico:<\/strong><\/span>\u00a0<em>Cybistax antisyphilitica<\/em> (Mart.) Mart.<\/p>\n<p><span style=\"color: #008000\"><strong>Sinon\u00edmia bot\u00e2nica:<\/strong><\/span>\u00a0<em>Bignonia antisyphilitica<\/em> Mart.<\/p>\n<p><strong><span style=\"color: #008000\">Nomes populares:<\/span><\/strong> Ip\u00ea-caroba-da-flor-verde (RNC), caroba-de-flor-verde, ip\u00ea-de flor-verde<\/p>\n<p><span style=\"color: #008000\"><strong>DESCRI\u00c7\u00c3O DA ESP\u00c9CIE<\/strong><\/span><\/p>\n<p>\u00c1rvore dec\u00eddua heli\u00f3fita, xer\u00f3fita e seletiva, esp\u00e9cie pioneira, esp\u00e9cie de rara ocorr\u00eancia, com propriedades medicinais. Sua altura atinge \u00a0at\u00e9 18 m e seu di\u00e2metro at\u00e9 40 cm.<\/p>\n<p><span style=\"color: #008000\"><strong>Origem do Nome:<\/strong><\/span>\u00a0O nome ip\u00ea, vem do Tupi, &#8220;na \u00e1gua&#8221; madeira flutuante usada na constru\u00e7\u00e3o naval. \u00a0Antisyphilitica\u00a0significa \u00a0uso no combate \u00e0 s\u00edfilis.<\/p>\n<p><span style=\"color: #008000\"><strong>Folhas:<\/strong><\/span>\u00a0 opostas compostas\u00a0digitadas, longo-pecioladas, com 5 fol\u00edolos oblongos ou oblanceoalados,pec\u00edolo \u00a0com at\u00e9 \u00a012 cm de comprimento e 4 cm de largura, \u00e1pice acuminado ou agudo, glabros.<\/p>\n<p><span style=\"color: #008000\"><strong>Flores:<\/strong><\/span> verde-claras, em pan\u00edculas terminais.<\/p>\n<p><span style=\"color: #008000\"><strong>Fruto:<\/strong><\/span> c\u00e1psula bipartida seca, el\u00edptica \u00a0alongada, deiscente. \u00a0MARTINS &amp; GIRNOS (2000).<\/p>\n<p><span style=\"color: #008000\"><strong>Flora\u00e7\u00e3o:<\/strong><\/span>\u00a0agosto-setembro, sua flora\u00e7\u00e3o ocorre duas vezes ao \u00a0ano.<\/p>\n<p><span style=\"color: #008000\"><strong>Frutifica\u00e7\u00e3o:<\/strong><\/span>\u00a0outubro-novembro<\/p>\n<p><span style=\"color: #008000\"><strong>Poliniza\u00e7\u00e3o:<\/strong> <\/span>abelhas e pequenos insetos, p\u00e1ssaros e morcegos (ALCANTARA &amp; LOHMANN, 2010).<\/p>\n<p><span style=\"color: #008000\"><strong>Dispers\u00e3o<\/strong><\/span>: anemoc\u00f3rica (pelo vento)<\/p>\n<p><strong><span style=\"color: #008000\">Ocorr\u00eancia:<\/span><\/strong>\u00a0Regi\u00e3o amaz\u00f4nica at\u00e9 o Rio Grande do Sul, Mata Atl\u00e2ntica e at\u00e9 no cerrado.<\/p>\n<p><span style=\"color: #008000\"><strong>Paisag\u00edstico:<\/strong><\/span>\u00a0esp\u00e9cie muito usada na arboriza\u00e7\u00e3o urbana, devido sua forma e flores.<\/p>\n<p><span style=\"color: #008000\"><strong>Utiliza\u00e7\u00e3o:<\/strong><\/span>\u00a0constru\u00e7\u00e3o civil, carpintaria, caixas e pasta celul\u00f3sica.<\/p>\n<p><strong><span style=\"color: #008000\">Bibliografia consultada<\/span><\/strong><\/p>\n<p style=\"text-align: justify\">LORENZI, H. <strong>\u00c1rvores brasileiras: manual de identifica\u00e7\u00e3o e cultivo de plantas arb\u00f3reas nativas do Brasil<\/strong>, vol. 1, 3. Ed. \u00a0Nova Odessa, SP; Instituto Plantarum, 2000. 352 p.<\/p>\n<p>Minist\u00e9rio da Agricultura Pecu\u00e1ria e Abastecimento. <strong>Registro Nacional de Cultivares<\/strong> <strong>RNC<\/strong>. Dispon\u00edvel em: <a href=\"http:\/\/extranet.agricultura.gov.br\/php\/proton\/cultivarweb\/cultivares_registradas.php\">http:\/\/extranet.agricultura.gov.br\/php\/proton\/cultivarweb\/cultivares_registradas.php<\/a> Acesso em: 23\/10\/ 2011.<\/p>\n","protected":false},"excerpt":{"rendered":"<p>Foto 1 &#8211;\u00a0Detalhe das folhas e flores. Foto 2 &#8211;\u00a0Detalhe das folhas e flores. Foto 3 &#8211;\u00a0Detalhe dos frutos,c\u00e1psula, el\u00edptica \u00a0alongada, deiscente. com estrias longitudinais.Foto 4 &#8211;\u00a0Detalhe do tronco com\u00a0casca muito espessa, escura, fendida longitudinalmente.\u00a0Foto 5 &#8211;\u00a0Vista geral da esp\u00e9cie. &hellip; <a href=\"https:\/\/sites.unicentro.br\/wp\/manejoflorestal\/8239-2\/\">Continue lendo <span class=\"meta-nav\">&rarr;<\/span><\/a><\/p>\n","protected":false},"author":25,"featured_media":0,"parent":0,"menu_order":0,"comment_status":"open","ping_status":"open","template":"","meta":{"_exactmetrics_skip_tracking":false,"_exactmetrics_sitenote_active":false,"_exactmetrics_sitenote_note":"","_exactmetrics_sitenote_category":0,"footnotes":""},"class_list":["post-8239","page","type-page","status-publish","hentry"],"_links":{"self":[{"href":"https:\/\/sites.unicentro.br\/wp\/manejoflorestal\/wp-json\/wp\/v2\/pages\/8239","targetHints":{"allow":["GET"]}}],"collection":[{"href":"https:\/\/sites.unicentro.br\/wp\/manejoflorestal\/wp-json\/wp\/v2\/pages"}],"about":[{"href":"https:\/\/sites.unicentro.br\/wp\/manejoflorestal\/wp-json\/wp\/v2\/types\/page"}],"author":[{"embeddable":true,"href":"https:\/\/sites.unicentro.br\/wp\/manejoflorestal\/wp-json\/wp\/v2\/users\/25"}],"replies":[{"embeddable":true,"href":"https:\/\/sites.unicentro.br\/wp\/manejoflorestal\/wp-json\/wp\/v2\/comments?post=8239"}],"version-history":[{"count":21,"href":"https:\/\/sites.unicentro.br\/wp\/manejoflorestal\/wp-json\/wp\/v2\/pages\/8239\/revisions"}],"predecessor-version":[{"id":34858,"href":"https:\/\/sites.unicentro.br\/wp\/manejoflorestal\/wp-json\/wp\/v2\/pages\/8239\/revisions\/34858"}],"wp:attachment":[{"href":"https:\/\/sites.unicentro.br\/wp\/manejoflorestal\/wp-json\/wp\/v2\/media?parent=8239"}],"curies":[{"name":"wp","href":"https:\/\/api.w.org\/{rel}","templated":true}]}}