{"id":8429,"date":"2012-08-30T12:05:02","date_gmt":"2012-08-30T15:05:02","guid":{"rendered":"http:\/\/sites.unicentro.br\/wp\/manejoflorestal\/?page_id=8429"},"modified":"2022-04-03T15:40:27","modified_gmt":"2022-04-03T18:40:27","slug":"8429-2","status":"publish","type":"page","link":"https:\/\/sites.unicentro.br\/wp\/manejoflorestal\/8429-2\/","title":{"rendered":"Weinmannia paulliniifolia Pohl ex Ser. Gramimunha, gramoinha"},"content":{"rendered":"<p><a href=\"http:\/\/sites.unicentro.br\/wp\/manejoflorestal\/8429-2\/attachment\/weimania-2\/\" rel=\"attachment wp-att-29881\"><img loading=\"lazy\" decoding=\"async\" class=\"alignleft size-full wp-image-29881\" src=\"http:\/\/sites.unicentro.br\/wp\/manejoflorestal\/files\/2012\/08\/Weimania-1.jpg\" alt=\"Weimania\" width=\"1220\" height=\"909\" srcset=\"https:\/\/sites.unicentro.br\/wp\/manejoflorestal\/files\/2012\/08\/Weimania-1.jpg 800w, https:\/\/sites.unicentro.br\/wp\/manejoflorestal\/files\/2012\/08\/Weimania-1-300x224.jpg 300w, https:\/\/sites.unicentro.br\/wp\/manejoflorestal\/files\/2012\/08\/Weimania-1-768x572.jpg 768w, https:\/\/sites.unicentro.br\/wp\/manejoflorestal\/files\/2012\/08\/Weimania-1-1024x763.jpg 1024w, https:\/\/sites.unicentro.br\/wp\/manejoflorestal\/files\/2012\/08\/Weimania-1-403x300.jpg 403w\" sizes=\"auto, (max-width: 1220px) 100vw, 1220px\" \/><\/a><\/p>\n<p><span style=\"color: #000000\"><strong>Foto 1 &#8211;<\/strong><\/span>\u00a0Detalhe das folhas, com r\u00e1quis alado.<a href=\"http:\/\/sites.unicentro.br\/wp\/manejoflorestal\/files\/2018\/04\/Weimania-1.jpg\"><img loading=\"lazy\" decoding=\"async\" class=\"alignnone size-full wp-image-33035\" src=\"http:\/\/sites.unicentro.br\/wp\/manejoflorestal\/files\/2018\/04\/Weimania-1.jpg\" alt=\"\" width=\"2480\" height=\"1802\" srcset=\"https:\/\/sites.unicentro.br\/wp\/manejoflorestal\/files\/2018\/04\/Weimania-1.jpg 1651w, https:\/\/sites.unicentro.br\/wp\/manejoflorestal\/files\/2018\/04\/Weimania-1-300x218.jpg 300w, https:\/\/sites.unicentro.br\/wp\/manejoflorestal\/files\/2018\/04\/Weimania-1-768x558.jpg 768w, https:\/\/sites.unicentro.br\/wp\/manejoflorestal\/files\/2018\/04\/Weimania-1-1024x744.jpg 1024w, https:\/\/sites.unicentro.br\/wp\/manejoflorestal\/files\/2018\/04\/Weimania-1-413x300.jpg 413w\" sizes=\"auto, (max-width: 2480px) 100vw, 2480px\" \/><\/a><\/p>\n<p><span style=\"color: #000000\"><strong>Foto 2 &#8211;<\/strong><\/span>\u00a0Detalhes das folhas e flores.<a class=\"lightbox\" title=\"3 - Weinmannia paullinifolia Pohl.docx\" href=\"http:\/\/sites.unicentro.br\/wp\/manejoflorestal\/files\/2012\/03\/3-Weinmannia-paullinifolia-Pohl.docx.jpg\"><img loading=\"lazy\" decoding=\"async\" class=\"aligncenter size-full wp-image-1318\" title=\"3 - Weinmannia paullinifolia Pohl.docx\" src=\"http:\/\/sites.unicentro.br\/wp\/manejoflorestal\/files\/2012\/03\/3-Weinmannia-paullinifolia-Pohl.docx.jpg\" alt=\"\" width=\"1024\" height=\"755\" srcset=\"https:\/\/sites.unicentro.br\/wp\/manejoflorestal\/files\/2012\/03\/3-Weinmannia-paullinifolia-Pohl.docx.jpg 800w, https:\/\/sites.unicentro.br\/wp\/manejoflorestal\/files\/2012\/03\/3-Weinmannia-paullinifolia-Pohl.docx-300x221.jpg 300w, https:\/\/sites.unicentro.br\/wp\/manejoflorestal\/files\/2012\/03\/3-Weinmannia-paullinifolia-Pohl.docx-406x300.jpg 406w\" sizes=\"auto, (max-width: 1024px) 100vw, 1024px\" \/><\/a><span style=\"color: #000000\"><strong><span style=\"color: #000000\">Foto 3 &#8211; <\/span><\/strong>Detalhe das folhas e flores<\/span><a href=\"http:\/\/sites.unicentro.br\/wp\/manejoflorestal\/files\/2018\/04\/WEIMANIA-2.jpg\"><img loading=\"lazy\" decoding=\"async\" class=\"alignnone size-full wp-image-33037\" src=\"http:\/\/sites.unicentro.br\/wp\/manejoflorestal\/files\/2018\/04\/WEIMANIA-2.jpg\" alt=\"\" width=\"2480\" height=\"1811\" srcset=\"https:\/\/sites.unicentro.br\/wp\/manejoflorestal\/files\/2018\/04\/WEIMANIA-2.jpg 1643w, https:\/\/sites.unicentro.br\/wp\/manejoflorestal\/files\/2018\/04\/WEIMANIA-2-300x219.jpg 300w, https:\/\/sites.unicentro.br\/wp\/manejoflorestal\/files\/2018\/04\/WEIMANIA-2-768x561.jpg 768w, https:\/\/sites.unicentro.br\/wp\/manejoflorestal\/files\/2018\/04\/WEIMANIA-2-1024x748.jpg 1024w, https:\/\/sites.unicentro.br\/wp\/manejoflorestal\/files\/2018\/04\/WEIMANIA-2-411x300.jpg 411w\" sizes=\"auto, (max-width: 2480px) 100vw, 2480px\" \/><\/a><\/p>\n<p><span style=\"color: #000000\"><strong>Foto 4 &#8211;<\/strong> Detalhe das folhas e flores<\/span><a href=\"http:\/\/sites.unicentro.br\/wp\/manejoflorestal\/files\/2012\/08\/Weimania.jpg\"><img loading=\"lazy\" decoding=\"async\" class=\"alignleft size-full wp-image-22591\" src=\"http:\/\/sites.unicentro.br\/wp\/manejoflorestal\/files\/2012\/08\/Weimania.jpg\" alt=\"Weimania\" width=\"1124\" height=\"966\" srcset=\"https:\/\/sites.unicentro.br\/wp\/manejoflorestal\/files\/2012\/08\/Weimania.jpg 698w, https:\/\/sites.unicentro.br\/wp\/manejoflorestal\/files\/2012\/08\/Weimania-300x257.jpg 300w, https:\/\/sites.unicentro.br\/wp\/manejoflorestal\/files\/2012\/08\/Weimania-1024x880.jpg 1024w, https:\/\/sites.unicentro.br\/wp\/manejoflorestal\/files\/2012\/08\/Weimania-349x300.jpg 349w\" sizes=\"auto, (max-width: 1124px) 100vw, 1124px\" \/><\/a><\/p>\n<p><strong>Foto 1<\/strong>&#8211; Detalhe do tronco da esp\u00e9cie<\/p>\n<p><span style=\"color: #008000\"><strong>Fam\u00edlia:<\/strong> <\/span>Cunoniaceae.<\/p>\n<p><span style=\"color: #008000\"><strong>Nome cient\u00edfico:\u00a0<\/strong><\/span><em>Weinmannia paulliniifolia<\/em> Pohl ex Ser.<\/p>\n<p><span style=\"color: #008000\"><strong>Nomes populares:<\/strong><\/span>\u00a0gramimunha, gramoinha<\/p>\n<p><span style=\"color: #008000\"><strong>DESCRI\u00c7\u00c3O DA ESP\u00c9CIE<\/strong><\/span><\/p>\n<p>\u00c1rvore perenif\u00f3lia, secund\u00e1ria, heli\u00f3fita. Sua altura atinge at\u00e9 20 m e seu di\u00e2metro 30 cm.<\/p>\n<p><span style=\"color: #008000\"><strong>Folhas:<\/strong><\/span>\u00a0 compostas, com raque alada.<\/p>\n<p><span style=\"color: #008000\"><strong>Flores:<\/strong>\u00a0<\/span>brancas.<\/p>\n<p><span style=\"color: #008000\"><strong>Fruto:<\/strong>\u00a0<\/span>c\u00e1psula.<\/p>\n<p><span style=\"color: #008000\"><strong>Flora\u00e7\u00e3o:<\/strong><\/span>\u00a0Novembro\/Fevereiro.<\/p>\n<p><span style=\"color: #008000\"><strong>Frutifica\u00e7\u00e3o:<\/strong><\/span>\u00a0Janeiro\/Mar\u00e7o.<\/p>\n<p><span style=\"color: #008000\"><strong>Ocorr\u00eancia:<\/strong> <\/span>Floresta Ombr\u00f3fila Mista, Floresta Ombr\u00f3fila Densa, de Minas Gerais ao Rio Grande do Sul.<\/p>\n<p><span style=\"color: #008000\"><strong>Paisag\u00edstico:<\/strong><\/span>\u00a0devido \u00e1 beleza da esp\u00e9cie \u00e9 recomendada para paisagismo.<\/p>\n<p><span style=\"color: #008000\"><strong>Ap\u00edcola:<\/strong>\u00a0<\/span>\u00a0esp\u00e9cie \u00e9 muito visitada por abelhas.<\/p>\n<p><span style=\"color: #008000\"><strong>Utiliza\u00e7\u00e3o:<\/strong><\/span>\u00a0confec\u00e7\u00e3o de embalagens, cabo de ferramentas e utens\u00edlios agr\u00edcolas.<\/p>\n<p><strong><span style=\"color: #008000\">Bibliografia consultada<\/span><\/strong><\/p>\n<p style=\"text-align: justify\">LORENZI, H. <strong>\u00c1rvores Brasileiras: manual de identifica\u00e7\u00e3o e cultivo de plantas arb\u00f3reas nativas do Brasil, <\/strong>vol. 3, 1. Ed. \u00a0Nova Odessa, SP: Instituto Plantarum, 2009. 384 p.<\/p>\n","protected":false},"excerpt":{"rendered":"<p>Foto 1 &#8211;\u00a0Detalhe das folhas, com r\u00e1quis alado. Foto 2 &#8211;\u00a0Detalhes das folhas e flores.Foto 3 &#8211; Detalhe das folhas e flores Foto 4 &#8211; Detalhe das folhas e flores Foto 1&#8211; Detalhe do tronco da esp\u00e9cie Fam\u00edlia: Cunoniaceae. Nome &hellip; <a href=\"https:\/\/sites.unicentro.br\/wp\/manejoflorestal\/8429-2\/\">Continue lendo <span class=\"meta-nav\">&rarr;<\/span><\/a><\/p>\n","protected":false},"author":25,"featured_media":0,"parent":0,"menu_order":0,"comment_status":"open","ping_status":"open","template":"","meta":{"_exactmetrics_skip_tracking":false,"_exactmetrics_sitenote_active":false,"_exactmetrics_sitenote_note":"","_exactmetrics_sitenote_category":0,"footnotes":""},"class_list":["post-8429","page","type-page","status-publish","hentry"],"_links":{"self":[{"href":"https:\/\/sites.unicentro.br\/wp\/manejoflorestal\/wp-json\/wp\/v2\/pages\/8429","targetHints":{"allow":["GET"]}}],"collection":[{"href":"https:\/\/sites.unicentro.br\/wp\/manejoflorestal\/wp-json\/wp\/v2\/pages"}],"about":[{"href":"https:\/\/sites.unicentro.br\/wp\/manejoflorestal\/wp-json\/wp\/v2\/types\/page"}],"author":[{"embeddable":true,"href":"https:\/\/sites.unicentro.br\/wp\/manejoflorestal\/wp-json\/wp\/v2\/users\/25"}],"replies":[{"embeddable":true,"href":"https:\/\/sites.unicentro.br\/wp\/manejoflorestal\/wp-json\/wp\/v2\/comments?post=8429"}],"version-history":[{"count":17,"href":"https:\/\/sites.unicentro.br\/wp\/manejoflorestal\/wp-json\/wp\/v2\/pages\/8429\/revisions"}],"predecessor-version":[{"id":35210,"href":"https:\/\/sites.unicentro.br\/wp\/manejoflorestal\/wp-json\/wp\/v2\/pages\/8429\/revisions\/35210"}],"wp:attachment":[{"href":"https:\/\/sites.unicentro.br\/wp\/manejoflorestal\/wp-json\/wp\/v2\/media?parent=8429"}],"curies":[{"name":"wp","href":"https:\/\/api.w.org\/{rel}","templated":true}]}}