{"id":8608,"date":"2012-08-30T21:39:38","date_gmt":"2012-08-31T00:39:38","guid":{"rendered":"http:\/\/sites.unicentro.br\/wp\/manejoflorestal\/?page_id=8608"},"modified":"2020-07-01T13:15:23","modified_gmt":"2020-07-01T16:15:23","slug":"8608-2","status":"publish","type":"page","link":"https:\/\/sites.unicentro.br\/wp\/manejoflorestal\/8608-2\/","title":{"rendered":"Mimosa scabrella Benth. Bracatinga, bracatinga-branca"},"content":{"rendered":"<p><a class=\"lightbox\" title=\"1 - Mimosa scabrella Benth.\" href=\"http:\/\/sites.unicentro.br\/wp\/manejoflorestal\/files\/2012\/03\/1-Mimosa-scabrella-Benth.1.jpg\"><img loading=\"lazy\" decoding=\"async\" class=\"aligncenter size-full wp-image-1645\" title=\"1 - Mimosa scabrella Benth.\" src=\"http:\/\/sites.unicentro.br\/wp\/manejoflorestal\/files\/2012\/03\/1-Mimosa-scabrella-Benth.1.jpg\" alt=\"\" width=\"1024\" height=\"764\" srcset=\"https:\/\/sites.unicentro.br\/wp\/manejoflorestal\/files\/2012\/03\/1-Mimosa-scabrella-Benth.1.jpg 800w, https:\/\/sites.unicentro.br\/wp\/manejoflorestal\/files\/2012\/03\/1-Mimosa-scabrella-Benth.1-300x223.jpg 300w, https:\/\/sites.unicentro.br\/wp\/manejoflorestal\/files\/2012\/03\/1-Mimosa-scabrella-Benth.1-402x300.jpg 402w\" sizes=\"auto, (max-width: 1024px) 100vw, 1024px\" \/><\/a><span style=\"color: #000000\"><strong>oto 1 &#8211;<\/strong><\/span>\u00a0Detalhe das Folhas e flores.<a href=\"http:\/\/sites.unicentro.br\/wp\/manejoflorestal\/8608-2\/attachment\/bracatinga-2-2\/\" rel=\"attachment wp-att-28649\"><img loading=\"lazy\" decoding=\"async\" class=\"alignleft size-full wp-image-28649\" src=\"http:\/\/sites.unicentro.br\/wp\/manejoflorestal\/files\/2012\/08\/Bracatinga-2-1.jpg\" alt=\"Bracatinga-2\" width=\"1220\" height=\"815\" srcset=\"https:\/\/sites.unicentro.br\/wp\/manejoflorestal\/files\/2012\/08\/Bracatinga-2-1.jpg 800w, https:\/\/sites.unicentro.br\/wp\/manejoflorestal\/files\/2012\/08\/Bracatinga-2-1-300x200.jpg 300w, https:\/\/sites.unicentro.br\/wp\/manejoflorestal\/files\/2012\/08\/Bracatinga-2-1-768x513.jpg 768w, https:\/\/sites.unicentro.br\/wp\/manejoflorestal\/files\/2012\/08\/Bracatinga-2-1-1024x684.jpg 1024w, https:\/\/sites.unicentro.br\/wp\/manejoflorestal\/files\/2012\/08\/Bracatinga-2-1-449x300.jpg 449w\" sizes=\"auto, (max-width: 1220px) 100vw, 1220px\" \/><\/a><\/p>\n<p><span style=\"color: #000000\"><strong>Foto 2 &#8211;<\/strong><\/span>\u00a0Detalhe Da poliniza\u00e7\u00e3o (<em>Apis mellifera<\/em>).<a href=\"http:\/\/sites.unicentro.br\/wp\/manejoflorestal\/files\/2018\/02\/maria-cavaleira-de-rabo-enferrujado-1.jpg\"><img loading=\"lazy\" decoding=\"async\" class=\"size-full wp-image-32935 aligncenter\" src=\"http:\/\/sites.unicentro.br\/wp\/manejoflorestal\/files\/2018\/02\/maria-cavaleira-de-rabo-enferrujado-1.jpg\" alt=\"\" width=\"458\" height=\"600\" srcset=\"https:\/\/sites.unicentro.br\/wp\/manejoflorestal\/files\/2018\/02\/maria-cavaleira-de-rabo-enferrujado-1.jpg 458w, https:\/\/sites.unicentro.br\/wp\/manejoflorestal\/files\/2018\/02\/maria-cavaleira-de-rabo-enferrujado-1-229x300.jpg 229w\" sizes=\"auto, (max-width: 458px) 100vw, 458px\" \/><\/a><\/p>\n<p><strong>Foto 3-<\/strong>\u00a0maria-cavaleira-de-rabo-enferrujado,\u00a0<em>Myiarchus tyrannulus Statius\u00a0<\/em>Muller,1776, come abelhas.<\/p>\n<p><a href=\"http:\/\/sites.unicentro.br\/wp\/manejoflorestal\/8608-2\/attachment\/bracatinga-1-2\/\" rel=\"attachment wp-att-28650\"><img loading=\"lazy\" decoding=\"async\" class=\"alignleft size-full wp-image-28650\" src=\"http:\/\/sites.unicentro.br\/wp\/manejoflorestal\/files\/2012\/08\/Bracatinga-1-1.jpg\" alt=\"Bracatinga-1\" width=\"1220\" height=\"798\" srcset=\"https:\/\/sites.unicentro.br\/wp\/manejoflorestal\/files\/2012\/08\/Bracatinga-1-1.jpg 800w, https:\/\/sites.unicentro.br\/wp\/manejoflorestal\/files\/2012\/08\/Bracatinga-1-1-300x196.jpg 300w, https:\/\/sites.unicentro.br\/wp\/manejoflorestal\/files\/2012\/08\/Bracatinga-1-1-768x502.jpg 768w, https:\/\/sites.unicentro.br\/wp\/manejoflorestal\/files\/2012\/08\/Bracatinga-1-1-1024x670.jpg 1024w, https:\/\/sites.unicentro.br\/wp\/manejoflorestal\/files\/2012\/08\/Bracatinga-1-1-459x300.jpg 459w\" sizes=\"auto, (max-width: 1220px) 100vw, 1220px\" \/><\/a><\/p>\n<p><strong>Foto 4-<\/strong> Borboleta \u00a0(Lepidoptera).<a href=\"http:\/\/sites.unicentro.br\/wp\/manejoflorestal\/files\/2012\/08\/Bracatinga-2.jpg\"><img loading=\"lazy\" decoding=\"async\" class=\"alignleft size-full wp-image-25936\" src=\"http:\/\/sites.unicentro.br\/wp\/manejoflorestal\/files\/2012\/08\/Bracatinga-2.jpg\" alt=\"Bracatinga-2\" width=\"1280\" height=\"856\" srcset=\"https:\/\/sites.unicentro.br\/wp\/manejoflorestal\/files\/2012\/08\/Bracatinga-2.jpg 800w, https:\/\/sites.unicentro.br\/wp\/manejoflorestal\/files\/2012\/08\/Bracatinga-2-300x201.jpg 300w, https:\/\/sites.unicentro.br\/wp\/manejoflorestal\/files\/2012\/08\/Bracatinga-2-1024x685.jpg 1024w, https:\/\/sites.unicentro.br\/wp\/manejoflorestal\/files\/2012\/08\/Bracatinga-2-449x300.jpg 449w\" sizes=\"auto, (max-width: 1280px) 100vw, 1280px\" \/><\/a><\/p>\n<p><span style=\"color: #000000\"><strong>Foto 5 &#8211;<\/strong><\/span>\u00a0Detalhe da flor<a class=\"lightbox\" title=\"4 - Mimosa scabrella Benth.\" href=\"http:\/\/sites.unicentro.br\/wp\/manejoflorestal\/files\/2012\/03\/4-Mimosa-scabrella-Benth.1.jpg\"><img loading=\"lazy\" decoding=\"async\" class=\"aligncenter size-full wp-image-1651\" title=\"4 - Mimosa scabrella Benth.\" src=\"http:\/\/sites.unicentro.br\/wp\/manejoflorestal\/files\/2012\/03\/4-Mimosa-scabrella-Benth.1.jpg\" alt=\"\" width=\"1024\" height=\"689\" srcset=\"https:\/\/sites.unicentro.br\/wp\/manejoflorestal\/files\/2012\/03\/4-Mimosa-scabrella-Benth.1.jpg 800w, https:\/\/sites.unicentro.br\/wp\/manejoflorestal\/files\/2012\/03\/4-Mimosa-scabrella-Benth.1-300x201.jpg 300w, https:\/\/sites.unicentro.br\/wp\/manejoflorestal\/files\/2012\/03\/4-Mimosa-scabrella-Benth.1-445x300.jpg 445w\" sizes=\"auto, (max-width: 1024px) 100vw, 1024px\" \/><\/a><span style=\"color: #000000\"><strong>Foto 6 &#8211;<\/strong><\/span> Tronco reto, casca externa marrom-acastanhada e a casca interna de colora\u00e7\u00e3o rosada.<a class=\"lightbox\" title=\"5 - Mimosa scabrella Benth.\" href=\"http:\/\/sites.unicentro.br\/wp\/manejoflorestal\/files\/2012\/03\/5-Mimosa-scabrella-Benth.1.jpg\"><img loading=\"lazy\" decoding=\"async\" class=\"aligncenter size-full wp-image-1653\" title=\"5 - Mimosa scabrella Benth.\" src=\"http:\/\/sites.unicentro.br\/wp\/manejoflorestal\/files\/2012\/03\/5-Mimosa-scabrella-Benth.1.jpg\" alt=\"\" width=\"1018\" height=\"768\" srcset=\"https:\/\/sites.unicentro.br\/wp\/manejoflorestal\/files\/2012\/03\/5-Mimosa-scabrella-Benth.1.jpg 795w, https:\/\/sites.unicentro.br\/wp\/manejoflorestal\/files\/2012\/03\/5-Mimosa-scabrella-Benth.1-300x226.jpg 300w, https:\/\/sites.unicentro.br\/wp\/manejoflorestal\/files\/2012\/03\/5-Mimosa-scabrella-Benth.1-397x300.jpg 397w\" sizes=\"auto, (max-width: 1018px) 100vw, 1018px\" \/><\/a><span style=\"color: #000000\"><strong>Foto 7<\/strong>\u00a0<\/span>&#8211;\u00a0Vista de um povoamento nativo de bracatinga.<\/p>\n<p><span style=\"color: #008000\"><strong>Fam\u00edlia:<\/strong><\/span> Fabaceae (Leguminosae) Subfam\u00edlia Mimosoideae.<\/p>\n<p><span style=\"color: #008000\"><strong>Nome cient\u00edfico<\/strong><\/span>:\u00a0<em>Mimosa scabrella<\/em> Benth.<\/p>\n<p><span style=\"color: #008000\"><strong>Sinon\u00edmia bot\u00e2nica:<\/strong><\/span><em> Mimosa bracaatinga<\/em> Hoehne<\/p>\n<p><span style=\"color: #008000\"><strong>Nomes populares:<\/strong><\/span>\u00a0bracatinga, bracatinga-branca<\/p>\n<p><span style=\"color: #008000\"><strong>Origem dos nomes \u00a0das esp\u00e9cies:<em>\u00a0<\/em><\/strong><\/span><em>Mimosa<\/em> vem do grego mimein; <em>scabrella<\/em> significa folhas \u00e1speras possuem p\u00ealos curtos e estrelados (Burkart,1979)<\/p>\n<p><span style=\"color: #008000\"><strong>DESCRI\u00c7\u00c3O DA ESP\u00c9CIE<\/strong><\/span><\/p>\n<p>\u00c1rvore perenif\u00f3lia, pioneira. Sua altura atinge at\u00e9 25 m e se di\u00e2metro 35 cm.<\/p>\n<p><span style=\"color: #008000\"><strong>Folhas:<\/strong><\/span>\u00a0compostas, bipinadas, paripinadas, alternas, com at\u00e9 9 pares de pinas.<\/p>\n<p><span style=\"color: #008000\"><strong>Flores:\u00a0<\/strong><\/span>amarelas.<\/p>\n<p><strong><span style=\"color: #008000\">Fruto:<\/span><\/strong>\u00a0crasp\u00e9dio deiscente.<\/p>\n<p><span style=\"color: #008000\"><strong>Flora\u00e7\u00e3o:<\/strong><\/span>\u00a0Junho\/Agosto.<\/p>\n<p><span style=\"color: #008000\"><strong>Frutifica\u00e7\u00e3o:<\/strong><\/span> Outubro\/Fevereiro.<\/p>\n<p><span style=\"color: #008000\"><strong>Sistema sexual<\/strong><\/span>: planta hermafrodita.<\/p>\n<p><span style=\"color: #008000\"><strong>Reprodu\u00e7\u00e3o:<\/strong> <\/span>esp\u00e9cie al\u00f3gama ou fecunda\u00e7\u00e3o cruzada (FONSECA,1982)<\/p>\n<p><span style=\"color: #008000\"><strong>Poliniza\u00e7\u00e3o<\/strong>:<\/span> Abelhas <em>Apis mellifer<\/em>a,(Abelha europ\u00e9ia ou africanizada) <em>Melipoma marginata<\/em> (manduri),<em>Melipoma quadrifasciata<\/em> (manda\u00e7aia), <em>Pleebeia<\/em> spp. (mirins) e <em>Trigona spinipes<\/em> (irapu\u00e1 ou arapu\u00e1) (CATHARINO<em>\u00a0 <\/em>et al<em>.<\/em>, 1982; PIRANI &amp; CORTOPASSI-LAURINO,1993).<\/p>\n<p><span style=\"color: #008000\"><strong>Ocorr\u00eancia:<\/strong><\/span> Floresta Ombr\u00f3fila Mista. S\u00e3o Paulo ao Rio Grande do Sul.<\/p>\n<p><span style=\"color: #008000\"><strong>Dispers\u00e3o:<\/strong><\/span> autoc\u00f3rica, baroc\u00f3rica, por gravidade.<\/p>\n<p><span style=\"color: #008000\"><strong>Ap\u00edcola:<\/strong><\/span>\u00a0importante esp\u00e9cie ap\u00edcola fornece n\u00e9ctar e p\u00f3len no inverno.<\/p>\n<p><span style=\"color: #008000\"><strong>Utiliza\u00e7\u00e3o:<\/strong><\/span>\u00a0vigamentos, escoras de constru\u00e7\u00e3o, caixotaria, embalagens leves, produz lenha de boa qualidade.<\/p>\n<p><span style=\"color: #008000\"><strong>Medicinal :<\/strong><\/span>Os \u00edndios de v\u00e1rias etnias-do Paran\u00e1 e de Santa Catarina- usam a casca do caule para combater coceiras (Marquesini,1995).<\/p>\n<p><span style=\"color: #ff0000\"><strong>Recomenda-se precau\u00e7\u00e3o para o uso da planta para fins medicinais, devido as suas propriedades t\u00f3xicas (Correia,1926)<\/strong><\/span><\/p>\n<p><span style=\"color: #ff0000\"><strong>AS PLANTAS AQUI REFERIDAS S\u00d3 DEVEM SER UTILIZADAS COM ORIENTA\u00c7\u00c3O DE PROFISSIONAIS DA \u00c1REA DE SA\u00daDE!<\/strong><\/span><\/p>\n<p><span style=\"color: #008000\"><strong>Bibliografia consultada<\/strong><\/span><\/p>\n<p style=\"text-align: justify\">CARVALHO, P.E.R. <strong>Esp\u00e9cies Arb\u00f3reas Brasileiras.\u00a0<\/strong>Cole\u00e7\u00e3o Esp\u00e9cies Arb\u00f3reas Brasileiras, vol. 1.<strong>\u00a0<\/strong>Bras\u00edlia: Embrapa Informa\u00e7\u00f5es Tecnol\u00f3gica; Colombo, PR: Embrapa Florestas, 2003. 1.039 p.<\/p>\n<p style=\"text-align: justify\">CARVALHO, P.E.R.;\u00a0ZELAZOWSKI, W.H.;\u00a0LOPES, G.L.\u00a0<strong>Compara\u00e7\u00e3o entre esp\u00e9cies arb\u00f3reas leguminosas e n\u00e3o leguminosas, em arboreto, em Santa Helena, PR.\u00a0<\/strong>Colombo: EMBRAPA-CNPF, 1999.\u00a02 p.\u00a0(EMBRAPA-CNPF. Pesquisa em andamento, 17).\u00a0Biblioteca(s): AI-SEDE (FL 08518-CNPF EMB);\u00a0CNPF (FL PA0017 UMT).<\/p>\n<p style=\"text-align: justify\">CARVALHO, P.E.R;\u00a0ZELAZOWSKI, W.H.;\u00a0\u00a0LOPES, G.L.\u00a0<strong>Compara\u00e7\u00e3o entre esp\u00e9cies florestais nativas e ex\u00f3ticas com &#8220;one-tree-plot&#8221; em Santa Helena, PR.\u00a0C<\/strong>olombo: EMBRAPA-CNPF, 1996.\u00a02 p.\u00a0(EMBRAPA-CNPF. Pesquisa em Andamento, 20).\u00a0Biblioteca(s<strong>): <\/strong>CPAF-AP (FL 05273 EMB).<\/p>\n","protected":false},"excerpt":{"rendered":"<p>oto 1 &#8211;\u00a0Detalhe das Folhas e flores. Foto 2 &#8211;\u00a0Detalhe Da poliniza\u00e7\u00e3o (Apis mellifera). Foto 3-\u00a0maria-cavaleira-de-rabo-enferrujado,\u00a0Myiarchus tyrannulus Statius\u00a0Muller,1776, come abelhas. Foto 4- Borboleta \u00a0(Lepidoptera). Foto 5 &#8211;\u00a0Detalhe da florFoto 6 &#8211; Tronco reto, casca externa marrom-acastanhada e a casca interna &hellip; <a href=\"https:\/\/sites.unicentro.br\/wp\/manejoflorestal\/8608-2\/\">Continue lendo <span class=\"meta-nav\">&rarr;<\/span><\/a><\/p>\n","protected":false},"author":25,"featured_media":0,"parent":0,"menu_order":0,"comment_status":"open","ping_status":"open","template":"","meta":{"_exactmetrics_skip_tracking":false,"_exactmetrics_sitenote_active":false,"_exactmetrics_sitenote_note":"","_exactmetrics_sitenote_category":0,"footnotes":""},"class_list":["post-8608","page","type-page","status-publish","hentry"],"_links":{"self":[{"href":"https:\/\/sites.unicentro.br\/wp\/manejoflorestal\/wp-json\/wp\/v2\/pages\/8608","targetHints":{"allow":["GET"]}}],"collection":[{"href":"https:\/\/sites.unicentro.br\/wp\/manejoflorestal\/wp-json\/wp\/v2\/pages"}],"about":[{"href":"https:\/\/sites.unicentro.br\/wp\/manejoflorestal\/wp-json\/wp\/v2\/types\/page"}],"author":[{"embeddable":true,"href":"https:\/\/sites.unicentro.br\/wp\/manejoflorestal\/wp-json\/wp\/v2\/users\/25"}],"replies":[{"embeddable":true,"href":"https:\/\/sites.unicentro.br\/wp\/manejoflorestal\/wp-json\/wp\/v2\/comments?post=8608"}],"version-history":[{"count":23,"href":"https:\/\/sites.unicentro.br\/wp\/manejoflorestal\/wp-json\/wp\/v2\/pages\/8608\/revisions"}],"predecessor-version":[{"id":34263,"href":"https:\/\/sites.unicentro.br\/wp\/manejoflorestal\/wp-json\/wp\/v2\/pages\/8608\/revisions\/34263"}],"wp:attachment":[{"href":"https:\/\/sites.unicentro.br\/wp\/manejoflorestal\/wp-json\/wp\/v2\/media?parent=8608"}],"curies":[{"name":"wp","href":"https:\/\/api.w.org\/{rel}","templated":true}]}}