{"id":8890,"date":"2012-08-31T21:14:51","date_gmt":"2012-09-01T00:14:51","guid":{"rendered":"http:\/\/sites.unicentro.br\/wp\/manejoflorestal\/?page_id=8890"},"modified":"2020-07-01T15:22:12","modified_gmt":"2020-07-01T18:22:12","slug":"foto-2","status":"publish","type":"page","link":"https:\/\/sites.unicentro.br\/wp\/manejoflorestal\/foto-2\/","title":{"rendered":"Sorocea bonplandii (Baill.) W.C. Burger, Lanj. &amp; wess. Boer Chincho, canxim, capiricica"},"content":{"rendered":"<p><a class=\"lightbox\" title=\"1 - Sorocea bonplandii (Baillon ) WC\" href=\"http:\/\/sites.unicentro.br\/wp\/manejoflorestal\/files\/2012\/03\/1-Sorocea-bonplandii-Baillon-WC.jpg\"><img loading=\"lazy\" decoding=\"async\" class=\"aligncenter size-full wp-image-2156\" title=\"1 - Sorocea bonplandii (Baillon ) WC\" src=\"http:\/\/sites.unicentro.br\/wp\/manejoflorestal\/files\/2012\/03\/1-Sorocea-bonplandii-Baillon-WC.jpg\" alt=\"\" width=\"1015\" height=\"768\" srcset=\"https:\/\/sites.unicentro.br\/wp\/manejoflorestal\/files\/2012\/03\/1-Sorocea-bonplandii-Baillon-WC.jpg 793w, https:\/\/sites.unicentro.br\/wp\/manejoflorestal\/files\/2012\/03\/1-Sorocea-bonplandii-Baillon-WC-300x226.jpg 300w, https:\/\/sites.unicentro.br\/wp\/manejoflorestal\/files\/2012\/03\/1-Sorocea-bonplandii-Baillon-WC-396x300.jpg 396w\" sizes=\"auto, (max-width: 1015px) 100vw, 1015px\" \/><\/a><span style=\"color: #000000\"><strong>Foto 1 &#8211;<\/strong>\u00a0<\/span>Detalhe das folhas com espinhos e flores.<a class=\"lightbox\" title=\"2 - Sorocea bonplandii (Baillon ) WC\" href=\"http:\/\/sites.unicentro.br\/wp\/manejoflorestal\/files\/2012\/03\/2-Sorocea-bonplandii-Baillon-WC.jpg\"><img loading=\"lazy\" decoding=\"async\" class=\"aligncenter size-full wp-image-2157\" title=\"2 - Sorocea bonplandii (Baillon ) WC\" src=\"http:\/\/sites.unicentro.br\/wp\/manejoflorestal\/files\/2012\/03\/2-Sorocea-bonplandii-Baillon-WC.jpg\" alt=\"\" width=\"1024\" height=\"768\" srcset=\"https:\/\/sites.unicentro.br\/wp\/manejoflorestal\/files\/2012\/03\/2-Sorocea-bonplandii-Baillon-WC.jpg 800w, https:\/\/sites.unicentro.br\/wp\/manejoflorestal\/files\/2012\/03\/2-Sorocea-bonplandii-Baillon-WC-300x225.jpg 300w, https:\/\/sites.unicentro.br\/wp\/manejoflorestal\/files\/2012\/03\/2-Sorocea-bonplandii-Baillon-WC-400x300.jpg 400w\" sizes=\"auto, (max-width: 1024px) 100vw, 1024px\" \/><\/a><span style=\"color: #000000\"><strong>Foto 2 &#8211;\u00a0<\/strong><\/span>Detalhe dos bot\u00f5es florais.<a href=\"http:\/\/sites.unicentro.br\/wp\/manejoflorestal\/foto-2\/attachment\/2-aracari-1024x778\/\" rel=\"attachment wp-att-29254\"><img loading=\"lazy\" decoding=\"async\" class=\"alignleft size-full wp-image-29254\" src=\"http:\/\/sites.unicentro.br\/wp\/manejoflorestal\/files\/2012\/08\/2-Aracari-1024x778.jpg\" alt=\"2-Aracari-1024x778\" width=\"1024\" height=\"778\" srcset=\"https:\/\/sites.unicentro.br\/wp\/manejoflorestal\/files\/2012\/08\/2-Aracari-1024x778.jpg 790w, https:\/\/sites.unicentro.br\/wp\/manejoflorestal\/files\/2012\/08\/2-Aracari-1024x778-300x228.jpg 300w, https:\/\/sites.unicentro.br\/wp\/manejoflorestal\/files\/2012\/08\/2-Aracari-1024x778-768x584.jpg 768w, https:\/\/sites.unicentro.br\/wp\/manejoflorestal\/files\/2012\/08\/2-Aracari-1024x778-1024x778.jpg 1024w, https:\/\/sites.unicentro.br\/wp\/manejoflorestal\/files\/2012\/08\/2-Aracari-1024x778-395x300.jpg 395w\" sizes=\"auto, (max-width: 1024px) 100vw, 1024px\" \/><\/a><\/p>\n<p><strong>Foto 3<\/strong>&#8211; Aracari-banana\u00a0<i>Pteroglossus bailloni<\/i> (Vieillot,1819). Consumidor de sementes da esp\u00e9cie.<a class=\"lightbox\" title=\"3 - Sorocea bonplandii (Baillon ) WC\" href=\"http:\/\/sites.unicentro.br\/wp\/manejoflorestal\/files\/2012\/03\/3-Sorocea-bonplandii-Baillon-WC.jpg\"><img loading=\"lazy\" decoding=\"async\" class=\"aligncenter size-full wp-image-2158\" title=\"3 - Sorocea bonplandii (Baillon ) WC\" src=\"http:\/\/sites.unicentro.br\/wp\/manejoflorestal\/files\/2012\/03\/3-Sorocea-bonplandii-Baillon-WC.jpg\" alt=\"\" width=\"995\" height=\"768\" srcset=\"https:\/\/sites.unicentro.br\/wp\/manejoflorestal\/files\/2012\/03\/3-Sorocea-bonplandii-Baillon-WC.jpg 777w, https:\/\/sites.unicentro.br\/wp\/manejoflorestal\/files\/2012\/03\/3-Sorocea-bonplandii-Baillon-WC-300x231.jpg 300w, https:\/\/sites.unicentro.br\/wp\/manejoflorestal\/files\/2012\/03\/3-Sorocea-bonplandii-Baillon-WC-388x300.jpg 388w\" sizes=\"auto, (max-width: 995px) 100vw, 995px\" \/><\/a><\/p>\n<p><span style=\"color: #000000\"><strong>Foto 4 &#8211;<\/strong><\/span>\u00a0Tronco reto, casca externa ou ritidoma \u00e9 lisa cinza clara, quando cortada exsuda um l\u00e1tex\u00a0 t\u00f3xico para contato com a pele ou olhos.<\/p>\n<p><span style=\"color: #008000\"><strong>Fam\u00edlia:<\/strong><\/span> Moraceae.<\/p>\n<p><span style=\"color: #008000\"><strong>Nome cient\u00edfico:<\/strong><\/span>\u00a0<em>Sorocea bonplandii<\/em> (Baill.) W.C. Burger, Lanj. &amp; Wess. \u00a0Boer<\/p>\n<p><span style=\"color: #008000\"><strong>Sinon\u00edmia:<\/strong><\/span> <em>Sorocea ilicifolia<\/em> Hassler, <em>Sorocea sylvicola<\/em> Chodat.<\/p>\n<p><span style=\"color: #008000\"><strong>Nomes populares:<\/strong><\/span> Cincho (RNC), chincho, canxim, capiricica, cancorosa.<\/p>\n<p><span style=\"color: #008000\"><strong>Nomes em outros pa\u00edses<\/strong><\/span>: Argentina, \u00f1andip\u00e1, Paraguai, \u00f1andypa&#8217;i.<\/p>\n<p><span style=\"color: #008000\"><strong>Origem do nome \u00a0da esp\u00e9cie: <\/strong><\/span><em>Sorocea<\/em> vem tupi sor\u00f3ka, <em>bonplandii<\/em> em respeito \u00a0ao bot\u00e2nico franc\u00eas Aim\u00e9e Bonpland-1773-1858 (MARCHIORI,1995)<\/p>\n<p><span style=\"color: #008000\"><strong>DESCRI\u00c7\u00c3O DA ESP\u00c9CIE<\/strong><\/span><\/p>\n<p>\u00c1rvore perenif\u00f3lia, secund\u00e1ria inicial, esp\u00e9cie de sub-bosque (VACCARO) et al.,), secund\u00e1ria inicial (DIAS et al.,1998), \u00a0secund\u00e1ria tardia (IVANAUSKAS ET AL., 1998), cl\u00edmax (AGUIAR et al.,2001), cl\u00edmax tolerante a sombra (CHAGAS et al.,2001) .Sua altura atinge at\u00e9 15 m e seu di\u00e2metro 30 cm.<\/p>\n<p><span style=\"color: #008000\"><strong>Folhas:<\/strong><\/span>\u00a0simples, de filotaxia e consist\u00eancia membran\u00e1cea a cori\u00e1cea, com 8 a 18 pares de nervuras, com presen\u00e7a de pequenos espinhos nas bordas das folhas.<\/p>\n<p><span style=\"color: #008000\"><strong>Flores:<\/strong>\u00a0<\/span>numerosas de amarelo-avermelhadas.<\/p>\n<p><span style=\"color: #008000\"><strong>Fruto<\/strong><\/span>: n\u00facula (BARROSO et al.,1999), oblonga , medindo at\u00e9 1,5 cm comprimento e at\u00e9 0,7 cm de largura, de coe escura quando maduro. de coe vinho-roxo.<\/p>\n<p><span style=\"color: #008000\"><strong>Flora\u00e7\u00e3o:<\/strong><\/span>\u00a0Maio\/Agosto.<\/p>\n<p><span style=\"color: #008000\"><strong>Frutifica\u00e7\u00e3o:<\/strong><\/span> Novembro\/Mar\u00e7o.<\/p>\n<p><span style=\"color: #008000\"><strong>Sistema sexual:<\/strong><\/span> dioica (LOPEZ et al., 1987; ROMANIUC NETO; WANDERLEY,1992).<\/p>\n<p><span style=\"color: #008000\"><strong>Poliniza\u00e7\u00e3o:<\/strong><\/span> abelhas, e diversos insetos.<\/p>\n<p><span style=\"color: #008000\"><strong>Dispers\u00e3o<\/strong><\/span>: gravidade ou \u00a0animais silvestres n\u00e3o descritos pela avifauna sabi\u00e1s, (<em>Turdus<\/em> spp) e ara\u00e7aris (<em>Pteroglossus<\/em> spp)<\/p>\n<p><span style=\"color: #008000\"><strong>Ocorr\u00eancia:<\/strong> <\/span>Floresta Ombr\u00f3fila Densa, Floresta Estacional Semidecidual, de Minas Gerais ao Rio Grande do Sul.<\/p>\n<p><span style=\"color: #008000\"><strong>Paisag\u00edstico:<\/strong> <\/span>apresenta potencial paisag\u00edstico em lugares sombreados.<\/p>\n<p><strong><span style=\"color: #008000\">Utiliza\u00e7\u00e3o:\u00a0<\/span><\/strong>caixotaria e lenha.\u00a0Quando cortada exsuda l\u00e1tex que \u00e9 considerado medicinal.<\/p>\n<p><strong><span style=\"color: #008000\">Medicinal: <\/span><\/strong>O suco leitoso que exsuda do tronco dessa esp\u00e9cie \u00e9 considerado medicinal (LORENZI,1998).<\/p>\n<p><span style=\"color: #ff0000\"><strong>Recomenda-se precau\u00e7\u00e3o para o uso da planta para fins medicinais, devido as suas propriedades t\u00f3xicas (Correia,1926).<\/strong><\/span><\/p>\n<p><span style=\"color: #ff0000\"><strong><span style=\"color: #ff0000\">AS PLANTAS AQUI REFERIDAS S\u00d3 DEVEM SER UTILIZA<\/span>DAS COM ORIENTA\u00c7\u00c3O DE PROFISSIONAIS DA \u00c1REA DE SA\u00daDE!<\/strong><\/span><\/p>\n<p><strong><span style=\"color: #008000\">Bibliografia consultada<\/span><\/strong><\/p>\n<p style=\"text-align: justify\">CARVALHO, P.E.R. <strong>Esp\u00e9cies arb\u00f3reas brasileiras<\/strong>. Cole\u00e7\u00e3o Esp\u00e9cies Arb\u00f3reas Brasileiras, vol. 3.\u00a0Bras\u00edlia, DF; Colombo, PR; Embrapa Florestas 2008. 593 p.<\/p>\n<p style=\"text-align: justify\" align=\"center\">ZELAZOWSKI, V.H.<span style=\"text-decoration: underline\">;\u00a0<\/span>LOPES, G.L.\u00a0<strong>Avalia\u00e7\u00e3o preliminar da competi\u00e7\u00e3o de crescimento entre 39 esp\u00e9cies arb\u00f3reas, em \u00e1rea sombreada com leucena (Leucena leucocephala).\u00a0<\/strong>In: CONGRESSO FLORESTAL PANAMERICANO, 1.; CONGRESSO FLORESTAL BRASILEIRO, 7., 1993, Curitiba. Floresta para o Desenvolvimento: Pol\u00edtica, Ambiente, Tecnologia e Mercado: anais. S\u00e3o Paulo: SBS; [S.l.]: SBEF, 1993. v. 2, p. 754.\u00a0Biblioteca(s): CNPF (PL LV0362 ADD).<\/p>\n<p>Minist\u00e9rio da Agricultura Pecu\u00e1ria e Abastecimento. <strong>Registro Nacional de Cultivares<\/strong> <strong>RNC<\/strong>. Dispon\u00edvel em: <a href=\"http:\/\/extranet.agricultura.gov.br\/php\/proton\/cultivarweb\/cultivares_registradas.php\">http:\/\/extranet.agricultura.gov.br\/php\/proton\/cultivarweb\/cultivares_registradas.php<\/a> Acesso em: 23\/10\/2011.<\/p>\n","protected":false},"excerpt":{"rendered":"<p>Foto 1 &#8211;\u00a0Detalhe das folhas com espinhos e flores.Foto 2 &#8211;\u00a0Detalhe dos bot\u00f5es florais. Foto 3&#8211; Aracari-banana\u00a0Pteroglossus bailloni (Vieillot,1819). Consumidor de sementes da esp\u00e9cie. Foto 4 &#8211;\u00a0Tronco reto, casca externa ou ritidoma \u00e9 lisa cinza clara, quando cortada exsuda um &hellip; <a href=\"https:\/\/sites.unicentro.br\/wp\/manejoflorestal\/foto-2\/\">Continue lendo <span class=\"meta-nav\">&rarr;<\/span><\/a><\/p>\n","protected":false},"author":25,"featured_media":0,"parent":0,"menu_order":0,"comment_status":"open","ping_status":"open","template":"","meta":{"_exactmetrics_skip_tracking":false,"_exactmetrics_sitenote_active":false,"_exactmetrics_sitenote_note":"","_exactmetrics_sitenote_category":0,"footnotes":""},"class_list":["post-8890","page","type-page","status-publish","hentry"],"_links":{"self":[{"href":"https:\/\/sites.unicentro.br\/wp\/manejoflorestal\/wp-json\/wp\/v2\/pages\/8890","targetHints":{"allow":["GET"]}}],"collection":[{"href":"https:\/\/sites.unicentro.br\/wp\/manejoflorestal\/wp-json\/wp\/v2\/pages"}],"about":[{"href":"https:\/\/sites.unicentro.br\/wp\/manejoflorestal\/wp-json\/wp\/v2\/types\/page"}],"author":[{"embeddable":true,"href":"https:\/\/sites.unicentro.br\/wp\/manejoflorestal\/wp-json\/wp\/v2\/users\/25"}],"replies":[{"embeddable":true,"href":"https:\/\/sites.unicentro.br\/wp\/manejoflorestal\/wp-json\/wp\/v2\/comments?post=8890"}],"version-history":[{"count":19,"href":"https:\/\/sites.unicentro.br\/wp\/manejoflorestal\/wp-json\/wp\/v2\/pages\/8890\/revisions"}],"predecessor-version":[{"id":34294,"href":"https:\/\/sites.unicentro.br\/wp\/manejoflorestal\/wp-json\/wp\/v2\/pages\/8890\/revisions\/34294"}],"wp:attachment":[{"href":"https:\/\/sites.unicentro.br\/wp\/manejoflorestal\/wp-json\/wp\/v2\/media?parent=8890"}],"curies":[{"name":"wp","href":"https:\/\/api.w.org\/{rel}","templated":true}]}}