{"id":9120,"date":"2012-09-02T20:25:41","date_gmt":"2012-09-02T23:25:41","guid":{"rendered":"http:\/\/sites.unicentro.br\/wp\/manejoflorestal\/?page_id=9120"},"modified":"2018-11-15T10:05:15","modified_gmt":"2018-11-15T12:05:15","slug":"9120-2","status":"publish","type":"page","link":"https:\/\/sites.unicentro.br\/wp\/manejoflorestal\/9120-2\/","title":{"rendered":"Podocarpus lambertii klotzsch ex Endl. Pinheiro-bravo"},"content":{"rendered":"<p><a class=\"lightbox\" title=\"1 - Podocarpus lambertii klotzsc em Endl.gif\" href=\"http:\/\/sites.unicentro.br\/wp\/manejoflorestal\/files\/2012\/04\/1-Podocarpus-lambertii-klotzsc-em-Endl.gif.jpg\"><img loading=\"lazy\" decoding=\"async\" class=\"aligncenter size-full wp-image-2751\" title=\"1 - Podocarpus lambertii klotzsc em Endl.gif\" src=\"http:\/\/sites.unicentro.br\/wp\/manejoflorestal\/files\/2012\/04\/1-Podocarpus-lambertii-klotzsc-em-Endl.gif.jpg\" alt=\"\" width=\"1024\" height=\"748\" srcset=\"https:\/\/sites.unicentro.br\/wp\/manejoflorestal\/files\/2012\/04\/1-Podocarpus-lambertii-klotzsc-em-Endl.gif.jpg 800w, https:\/\/sites.unicentro.br\/wp\/manejoflorestal\/files\/2012\/04\/1-Podocarpus-lambertii-klotzsc-em-Endl.gif-300x219.jpg 300w, https:\/\/sites.unicentro.br\/wp\/manejoflorestal\/files\/2012\/04\/1-Podocarpus-lambertii-klotzsc-em-Endl.gif-410x300.jpg 410w\" sizes=\"auto, (max-width: 1024px) 100vw, 1024px\" \/><\/a><span style=\"color: #000000\"><strong>Foto 1 &#8211;<\/strong><\/span>\u00a0Detalhe do pseudofruto.<a href=\"http:\/\/sites.unicentro.br\/wp\/manejoflorestal\/9120-2\/attachment\/podocarpus\/\" rel=\"attachment wp-att-32358\"><img loading=\"lazy\" decoding=\"async\" class=\"alignleft size-full wp-image-32358\" src=\"http:\/\/sites.unicentro.br\/wp\/manejoflorestal\/files\/2012\/09\/Podocarpus.jpg\" alt=\"podocarpus\" width=\"1220\" height=\"802\" srcset=\"https:\/\/sites.unicentro.br\/wp\/manejoflorestal\/files\/2012\/09\/Podocarpus.jpg 1220w, https:\/\/sites.unicentro.br\/wp\/manejoflorestal\/files\/2012\/09\/Podocarpus-300x197.jpg 300w, https:\/\/sites.unicentro.br\/wp\/manejoflorestal\/files\/2012\/09\/Podocarpus-768x505.jpg 768w, https:\/\/sites.unicentro.br\/wp\/manejoflorestal\/files\/2012\/09\/Podocarpus-1024x673.jpg 1024w, https:\/\/sites.unicentro.br\/wp\/manejoflorestal\/files\/2012\/09\/Podocarpus-456x300.jpg 456w\" sizes=\"auto, (max-width: 1220px) 100vw, 1220px\" \/><\/a><\/p>\n<p><strong>Foto 2-<\/strong> Inicio de forma\u00e7\u00e3o do pseudofruto.<\/p>\n<p><a href=\"http:\/\/sites.unicentro.br\/wp\/manejoflorestal\/files\/2018\/11\/Podocarpus.jpg\"><img loading=\"lazy\" decoding=\"async\" class=\"alignnone size-full wp-image-33174\" src=\"http:\/\/sites.unicentro.br\/wp\/manejoflorestal\/files\/2018\/11\/Podocarpus.jpg\" alt=\"\" width=\"2480\" height=\"2014\" srcset=\"https:\/\/sites.unicentro.br\/wp\/manejoflorestal\/files\/2018\/11\/Podocarpus.jpg 1478w, https:\/\/sites.unicentro.br\/wp\/manejoflorestal\/files\/2018\/11\/Podocarpus-300x244.jpg 300w, https:\/\/sites.unicentro.br\/wp\/manejoflorestal\/files\/2018\/11\/Podocarpus-768x624.jpg 768w, https:\/\/sites.unicentro.br\/wp\/manejoflorestal\/files\/2018\/11\/Podocarpus-1024x832.jpg 1024w, https:\/\/sites.unicentro.br\/wp\/manejoflorestal\/files\/2018\/11\/Podocarpus-369x300.jpg 369w\" sizes=\"auto, (max-width: 2480px) 100vw, 2480px\" \/><\/a><\/p>\n<p><strong>Foto 3<\/strong>&#8211; Estr\u00f3bilo masculino.<\/p>\n<p><a class=\"lightbox\" title=\"2 - Podocarpus lambertii klotzsc em Endl.gif\" href=\"http:\/\/sites.unicentro.br\/wp\/manejoflorestal\/files\/2012\/04\/2-Podocarpus-lambertii-klotzsc-em-Endl.gif.jpg\"><img loading=\"lazy\" decoding=\"async\" class=\"aligncenter size-full wp-image-2752\" title=\"2 - Podocarpus lambertii klotzsc em Endl.gif\" src=\"http:\/\/sites.unicentro.br\/wp\/manejoflorestal\/files\/2012\/04\/2-Podocarpus-lambertii-klotzsc-em-Endl.gif.jpg\" alt=\"\" width=\"1024\" height=\"754\" srcset=\"https:\/\/sites.unicentro.br\/wp\/manejoflorestal\/files\/2012\/04\/2-Podocarpus-lambertii-klotzsc-em-Endl.gif.jpg 800w, https:\/\/sites.unicentro.br\/wp\/manejoflorestal\/files\/2012\/04\/2-Podocarpus-lambertii-klotzsc-em-Endl.gif-300x220.jpg 300w, https:\/\/sites.unicentro.br\/wp\/manejoflorestal\/files\/2012\/04\/2-Podocarpus-lambertii-klotzsc-em-Endl.gif-407x300.jpg 407w\" sizes=\"auto, (max-width: 1024px) 100vw, 1024px\" \/><\/a><strong>Foto 3 &#8211;<\/strong>\u00a0Detalhe do ramo com pseudofrutos maduros.<a href=\"http:\/\/sites.unicentro.br\/wp\/manejoflorestal\/9120-2\/attachment\/1-lepidocolaptes-squamatus-lichsnstein1822-2\/\" rel=\"attachment wp-att-28605\"><img loading=\"lazy\" decoding=\"async\" class=\"alignleft size-full wp-image-28605\" src=\"http:\/\/sites.unicentro.br\/wp\/manejoflorestal\/files\/2012\/09\/1-Lepidocolaptes-squamatus-Lichsnstein1822.jpg\" alt=\"1-Lepidocolaptes-squamatus-Lichsnstein1822\" width=\"800\" height=\"585\" srcset=\"https:\/\/sites.unicentro.br\/wp\/manejoflorestal\/files\/2012\/09\/1-Lepidocolaptes-squamatus-Lichsnstein1822.jpg 800w, https:\/\/sites.unicentro.br\/wp\/manejoflorestal\/files\/2012\/09\/1-Lepidocolaptes-squamatus-Lichsnstein1822-300x219.jpg 300w, https:\/\/sites.unicentro.br\/wp\/manejoflorestal\/files\/2012\/09\/1-Lepidocolaptes-squamatus-Lichsnstein1822-768x562.jpg 768w, https:\/\/sites.unicentro.br\/wp\/manejoflorestal\/files\/2012\/09\/1-Lepidocolaptes-squamatus-Lichsnstein1822-410x300.jpg 410w\" sizes=\"auto, (max-width: 800px) 100vw, 800px\" \/><\/a><\/p>\n<p><span style=\"color: #000000\"><strong>Foto 4<\/strong>\u00a0&#8211;\u00a0Arapa\u00e7u-escamado <i>Lepidocolaptes squamatus<\/i> (Lichtenstein,1822<b>).<\/b><\/span><a class=\"lightbox\" title=\"4 - Podocarpus lambertii klotzsc em Endl.gif\" href=\"http:\/\/sites.unicentro.br\/wp\/manejoflorestal\/files\/2012\/04\/4-Podocarpus-lambertii-klotzsc-em-Endl.gif.jpg\"><img loading=\"lazy\" decoding=\"async\" class=\"aligncenter size-full wp-image-2754\" title=\"4 - Podocarpus lambertii klotzsc em Endl.gif\" src=\"http:\/\/sites.unicentro.br\/wp\/manejoflorestal\/files\/2012\/04\/4-Podocarpus-lambertii-klotzsc-em-Endl.gif.jpg\" alt=\"\" width=\"983\" height=\"768\" srcset=\"https:\/\/sites.unicentro.br\/wp\/manejoflorestal\/files\/2012\/04\/4-Podocarpus-lambertii-klotzsc-em-Endl.gif.jpg 768w, https:\/\/sites.unicentro.br\/wp\/manejoflorestal\/files\/2012\/04\/4-Podocarpus-lambertii-klotzsc-em-Endl.gif-300x234.jpg 300w, https:\/\/sites.unicentro.br\/wp\/manejoflorestal\/files\/2012\/04\/4-Podocarpus-lambertii-klotzsc-em-Endl.gif-383x300.jpg 383w\" sizes=\"auto, (max-width: 983px) 100vw, 983px\" \/><\/a><span style=\"color: #000000\"><strong>Foto 5 &#8211;<\/strong><\/span>\u00a0O tronco \u00e9 geralmente tortuoso, reto na floresta, casca \u00e9 parda fendilhada, descama-se em l\u00e2minas finas.<a class=\"lightbox\" title=\"5 - Podocarpus lambertii klotzsc em Endl.gif\" href=\"http:\/\/sites.unicentro.br\/wp\/manejoflorestal\/files\/2012\/04\/5-Podocarpus-lambertii-klotzsc-em-Endl.gif.jpg\"><img loading=\"lazy\" decoding=\"async\" class=\"aligncenter size-full wp-image-2755\" title=\"5 - Podocarpus lambertii klotzsc em Endl.gif\" src=\"http:\/\/sites.unicentro.br\/wp\/manejoflorestal\/files\/2012\/04\/5-Podocarpus-lambertii-klotzsc-em-Endl.gif.jpg\" alt=\"\" width=\"1024\" height=\"764\" srcset=\"https:\/\/sites.unicentro.br\/wp\/manejoflorestal\/files\/2012\/04\/5-Podocarpus-lambertii-klotzsc-em-Endl.gif.jpg 800w, https:\/\/sites.unicentro.br\/wp\/manejoflorestal\/files\/2012\/04\/5-Podocarpus-lambertii-klotzsc-em-Endl.gif-300x223.jpg 300w, https:\/\/sites.unicentro.br\/wp\/manejoflorestal\/files\/2012\/04\/5-Podocarpus-lambertii-klotzsc-em-Endl.gif-402x300.jpg 402w\" sizes=\"auto, (max-width: 1024px) 100vw, 1024px\" \/><\/a><span style=\"color: #000000\"><strong>Foto 6 &#8211;\u00a0<\/strong><\/span>Detalhe da madeira onde \u00e9 poss\u00edvel ver os an\u00e9is de crescimento da esp\u00e9cie.<\/p>\n<p><span style=\"color: #008000\"><strong>Fam\u00edlia:<\/strong><\/span> Podocarpaceae.<\/p>\n<p><span style=\"color: #008000\"><strong>Nome cient\u00edfico:\u00a0<\/strong><\/span><em>Podocarpus lambertii<\/em> klotzsch ex Endl.<\/p>\n<p><span style=\"color: #008000\"><strong>Nomes populares<\/strong><\/span>: pinheiro-bravo-de-campos-do-jord\u00e3o (RNC), pinheiro-bravo.<\/p>\n<p><span style=\"color: #008000\"><strong>Origem do nome \u00a0da esp\u00e9cie:<\/strong><\/span> <em>Podocarpus<\/em> \u00a0vem de pous, em grego significa p\u00e9 (podos), pseudo-fruto,<em> lambertii<\/em> homenagem a Aylmer Bourke Lambert ( 1761- 1842) bot\u00e2nico ingl\u00eas que investigou as Con\u00edferas (marchiori,1995).<\/p>\n<p><span style=\"color: #008000\"><strong>DESCRI\u00c7\u00c3O DA ESP\u00c9CIE<\/strong><\/span><\/p>\n<p>\u00c1rvore perenif\u00f3lia, dioica, esp\u00e9cie secund\u00e1ria tardia \u00a0ou cl\u00edmax tolerante \u00e0 sombra. Sua altura atinge at\u00e9 25 m e seu di\u00e2metro 100 cm.<\/p>\n<p><span style=\"color: #008000\"><strong>Folhas:<\/strong><\/span>\u00a0simples, alternas, lineares at\u00e9 5 cm de largura e at\u00e9 5 mm de largura, cori\u00e1cea \u00e1pice agudo acuminado.<\/p>\n<p><span style=\"color: #008000\"><strong>Flores:<\/strong>\u00a0d<\/span>ioica (masculinas e femininas, em indiv\u00edduos separados ).<\/p>\n<p><span style=\"color: #008000\"><strong>Fruto:<\/strong> <\/span>ped\u00fanculo carnoso, comest\u00edvel e suculento,pode fazer geleias, sobre o qual esta a semente. <strong>Foto 2.<\/strong><\/p>\n<p><span style=\"color: #008000\"><strong>Flora\u00e7\u00e3o:<\/strong><\/span> Setembro\/Maio.<\/p>\n<p><span style=\"color: #008000\"><strong>Frutifica\u00e7\u00e3o:<\/strong> <\/span>Janeiro\/Fevereiro.<\/p>\n<p><span style=\"color: #008000\"><strong>Sistema sexual:<\/strong><\/span>\u00a0planta dioica.<\/p>\n<p><span style=\"color: #008000\"><strong>Poliniza\u00e7\u00e3o:<\/strong><\/span> abelhas e diversos insetos.<\/p>\n<p><span style=\"color: #008000\"><strong>Dispers\u00e3o<\/strong><\/span>: zooc\u00f3rica, ornitoc\u00f3rica (KUNIYOSHI,1983), muito visitado por p\u00e1ssaros.<\/p>\n<p><span style=\"color: #008000\"><strong>Ocorr\u00eancia:<\/strong><\/span>\u00a0Rio de Janeiro, Espirito Santo,Minas Gerais, Paran\u00e1, Bahia,Paran\u00e1, Santa Catarina, rio Grande do Sul, S\u00e3o paulo. MARTINEZ- CROVETTO (1963) sita a ocorr\u00eancia da esp\u00e9cie na Argentina.<\/p>\n<p><span style=\"color: #008000\"><strong>Paisag\u00edstico:<\/strong> <\/span>planta bastante ornamental, podendo ser cultivado em parques, jardins e arboriza\u00e7\u00e3o de rodovias (BUSTAMANTE,1948; CORREA, 1978).<\/p>\n<p><span style=\"color: #008000\"><strong>Utiliza\u00e7\u00e3o:<\/strong><\/span>\u00a0produ\u00e7\u00e3o de embalagens, molduras, ripas, carpintaria comum, t\u00e1buas para forros, palitos de f\u00f3sforo, laminados.<\/p>\n<p><strong><span style=\"color: #008000\">Bibliografia consultada<\/span><\/strong><\/p>\n<p style=\"text-align: justify\">CARVALHO, P.E.R. <strong>Esp\u00e9cies Arb\u00f3reas Brasileiras.\u00a0<\/strong>Cole\u00e7\u00e3o Esp\u00e9cies Arb\u00f3reas Brasileiras, vol. 1.\u00a0Bras\u00edlia: Embrapa Informa\u00e7\u00f5es Tecnol\u00f3gica; Colombo, PR: Embrapa Florestas, 2003. 1.039p.<\/p>\n<p style=\"text-align: justify\">CARVALHO, P. E. R.;\u00a0ZELAZOWSKI, W. H.;\u00a0LOPES, G. L.\u00a0<strong>Compara\u00e7\u00e3o entre esp\u00e9cies arb\u00f3reas nativas (arboreto linear), em Foz do Igua\u00e7u, PR.\u00a0Colo<\/strong>mbo: EMBRAPA-CNPF, 1999.\u00a02 p.\u00a0(EMBRAPA-CNPF. Pesquisa em andamento, 22).\u00a0Biblioteca(s): AI-SEDE (FL 08523-CNPF EMB).<\/p>\n<p>Minist\u00e9rio da Agricultura\u00a0 Pecu\u00e1ria e Abastecimento. <strong>Registro Nacional de Cultivares<\/strong> <strong>RNC<\/strong>. Dispon\u00edvel em: <a href=\"http:\/\/extranet.agricultura.gov.br\/php\/proton\/cultivarweb\/cultivares_registradas.php\">http:\/\/extranet.agricultura.gov.br\/php\/proton\/cultivarweb\/cultivares_registradas.php<\/a> Acesso em: 23\/10\/2011.<\/p>\n<p>&nbsp;<\/p>\n","protected":false},"excerpt":{"rendered":"<p>Foto 1 &#8211;\u00a0Detalhe do pseudofruto. Foto 2- Inicio de forma\u00e7\u00e3o do pseudofruto. Foto 3&#8211; Estr\u00f3bilo masculino. Foto 3 &#8211;\u00a0Detalhe do ramo com pseudofrutos maduros. Foto 4\u00a0&#8211;\u00a0Arapa\u00e7u-escamado Lepidocolaptes squamatus (Lichtenstein,1822).Foto 5 &#8211;\u00a0O tronco \u00e9 geralmente tortuoso, reto na floresta, casca \u00e9 &hellip; <a href=\"https:\/\/sites.unicentro.br\/wp\/manejoflorestal\/9120-2\/\">Continue lendo <span class=\"meta-nav\">&rarr;<\/span><\/a><\/p>\n","protected":false},"author":25,"featured_media":0,"parent":0,"menu_order":0,"comment_status":"open","ping_status":"open","template":"","meta":{"_exactmetrics_skip_tracking":false,"_exactmetrics_sitenote_active":false,"_exactmetrics_sitenote_note":"","_exactmetrics_sitenote_category":0,"footnotes":""},"class_list":["post-9120","page","type-page","status-publish","hentry"],"_links":{"self":[{"href":"https:\/\/sites.unicentro.br\/wp\/manejoflorestal\/wp-json\/wp\/v2\/pages\/9120","targetHints":{"allow":["GET"]}}],"collection":[{"href":"https:\/\/sites.unicentro.br\/wp\/manejoflorestal\/wp-json\/wp\/v2\/pages"}],"about":[{"href":"https:\/\/sites.unicentro.br\/wp\/manejoflorestal\/wp-json\/wp\/v2\/types\/page"}],"author":[{"embeddable":true,"href":"https:\/\/sites.unicentro.br\/wp\/manejoflorestal\/wp-json\/wp\/v2\/users\/25"}],"replies":[{"embeddable":true,"href":"https:\/\/sites.unicentro.br\/wp\/manejoflorestal\/wp-json\/wp\/v2\/comments?post=9120"}],"version-history":[{"count":25,"href":"https:\/\/sites.unicentro.br\/wp\/manejoflorestal\/wp-json\/wp\/v2\/pages\/9120\/revisions"}],"predecessor-version":[{"id":33176,"href":"https:\/\/sites.unicentro.br\/wp\/manejoflorestal\/wp-json\/wp\/v2\/pages\/9120\/revisions\/33176"}],"wp:attachment":[{"href":"https:\/\/sites.unicentro.br\/wp\/manejoflorestal\/wp-json\/wp\/v2\/media?parent=9120"}],"curies":[{"name":"wp","href":"https:\/\/api.w.org\/{rel}","templated":true}]}}